{"id":96538,"date":"2024-11-25T09:12:15","date_gmt":"2024-11-25T14:12:15","guid":{"rendered":"https:\/\/shoply.com\/?post_type=product&#038;p=96538"},"modified":"2025-03-01T06:11:43","modified_gmt":"2025-03-01T11:11:43","slug":"24h-lippentinten-fur-nonstop-farbe-auf-ihren-lippen-bloody-mary","status":"publish","type":"product","link":"https:\/\/2024.shoply.com\/ar\/product\/24h-lippentinten-fur-nonstop-farbe-auf-ihren-lippen-bloody-mary\/","title":{"rendered":"24h. Lippentinten f\u00fcr nonstop Farbe auf Ihren Lippen! BLOODY MARY"},"content":{"rendered":"<div class=\"product-details__product-attributes\">\n<p>&nbsp;<\/p>\n<p>&nbsp;<\/p>\n<p>&nbsp;<\/p>\n<div class=\"details-product-attribute\"><span class=\"details-product-attribute__title\"><span style=\"vertical-align: inherit\"><span style=\"vertical-align: inherit\">\u0627\u0644\u0639\u0644\u0627\u0645\u0629 \u0627\u0644\u062a\u062c\u0627\u0631\u064a\u0629:\u00a0 <\/span><\/span><\/span><span class=\"details-product-attribute__value\"><span style=\"vertical-align: inherit\"><span style=\"vertical-align: inherit\">\u0645\u0627\u0631\u062a\u064a\u0646\u0627 \u0623\u0648\u062a\u064a \u0643\u0648\u0632\u0645\u0627\u062a\u064a\u0643\u0633\u00ae<\/span><\/span><\/span><\/div>\n<\/div>\n<div id=\"productDescription\" class=\"product-details__product-description\">\n<div><span style=\"vertical-align: inherit\"><span style=\"vertical-align: inherit\">Entdecken Sie unwiderstehliche Farbintensit\u00e4t mit dem BLOODY MARY Lip Tint aus der neuen LA PASSIONE Collection von Martina Otte Cosmetics\u00ae. Dieser hochwertige Lippentint bietet langanhaltende Farbe und ein geschmeidiges Tragegef\u00fchl, ohne die Lippen auszutrocknen. Perfekt f\u00fcr jeden Anlass, setzt BLOODY MARY ein elegantes Statement und betont Ihre nat\u00fcrliche Sch\u00f6nheit. Stellen Sie sich einen Tag vor, an dem Sie von einem wichtigen Gesch\u00e4ftstreffen direkt zu einer Abendveranstaltung wechseln; BLOODY MARY bleibt Ihr zuverl\u00e4ssiger Begleiter, der nicht verschmiert oder verblasst. Zeigen Sie die Welt Ihrer Einzigartigkeit \u2013 mit einem Hauch von BLOODY MARY auf Ihren Lippen. BLOODY MARY \u2013 weil Sie es verdienen, Ihr Leben in vollen Z\u00fcgen und in Farbe zu leben! Haltbare Lippentinten mit gl\u00e4nzender Funktion. Haltbarkeit und Pflege in Einem mit den Lippentinten von Martina Otte Cosmetics\u00ae Lift up your Lips! Die Lippentinten von Martina Otte Cosmetics\u00ae in tollen Trendfarben zaubern Ihnen tolle Farbkonstraste auf die Lippen. Haltbare Lippentinten, die Ihre Lippen auch pflegen und optisch vergr\u00f6\u00dfern. Die Lippentinten, die 24h. Halten und pflegen Sie auch Ihre Lippen. Die Lippentinten mit Pflegewirkstoffen verj\u00fcngen Ihre Lippenstruktur und zaubern einen wunderbaren samtigen Glanz auf Ihre Lippen.<\/span><\/span><\/div>\n<\/div>\n<div>\n<p><span style=\"font-weight: 400\">\u0645\u0643\u0648\u0646\u0627\u062a:<\/span><\/p>\n<p><span style=\"font-weight: 400\">Mineral Oil, Hydrogenated Polyisobutene, Ozokerite, Micrystle Wax, Euphorbia Cerifera (Candelilla) Wax, May Contain: Red 7 Lake, Red 6, Iron Oxides, Titanium<\/span><\/p>\n<p><span style=\"font-weight: 400\">cruelty free<\/span><\/p>\n<\/div>","protected":false},"excerpt":{"rendered":"<h2><b><span style=\"vertical-align: inherit\"><span style=\"vertical-align: inherit\">Entdecken Sie die unvergleichliche Haltbarkeit von Martina Otte Cosmetics\u00ae Lippentinten<\/span><\/span><\/b><\/h2>\n<p><b><span style=\"vertical-align: inherit\"><span style=\"vertical-align: inherit\">Lippenfarbe, die bleibt.<\/span><\/span><\/b><\/p>\n<p><span style=\"font-weight: 400\"><span style=\"vertical-align: inherit\"><span style=\"vertical-align: inherit\">Tr\u00e4ume von einer Lippfarbe, die den ganzen Tag h\u00e4lt und dich strahlen l\u00e4sst? Mit den Lippentinten von Martina Otte Cosmetics\u00ae wird dieser Traum Wirklichkeit. Unsere innovativen Formulierungen sorgen f\u00fcr eine intensive Farbe, die nicht verschmiert oder verblasst.<\/span><\/span><\/span><\/p>\n<p><b><span style=\"vertical-align: inherit\"><span style=\"vertical-align: inherit\">Warum du unsere Lippentinten lieben wirst:<\/span><\/span><\/b><\/p>\n<ul>\n<li style=\"font-weight: 400\"><b><span style=\"vertical-align: inherit\"><span style=\"vertical-align: inherit\">Intensive Pigmente: <\/span><\/span><\/b><span style=\"font-weight: 400\"><span style=\"vertical-align: inherit\"><span style=\"vertical-align: inherit\">F\u00fcr eine satte Farbe, die sofort auff\u00e4llt.<\/span><\/span><\/span><\/li>\n<li style=\"font-weight: 400\"><b><span style=\"vertical-align: inherit\"><span style=\"vertical-align: inherit\">Langanhaltende Formel: <\/span><\/span><\/b><span style=\"font-weight: 400\"><span style=\"vertical-align: inherit\"><span style=\"vertical-align: inherit\">Genie\u00dfe stundenlangen Tragekomfort ohne Nachschminken.<\/span><\/span><\/span><\/li>\n<li style=\"font-weight: 400\"><b><span style=\"vertical-align: inherit\"><span style=\"vertical-align: inherit\">Vielf\u00e4ltige Farbauswahl: <\/span><\/span><\/b><span style=\"font-weight: 400\"><span style=\"vertical-align: inherit\"><span style=\"vertical-align: inherit\">Finden Sie Ihre perfekte Nuance f\u00fcr jeden Anlass.<\/span><\/span><\/span><\/li>\n<li style=\"font-weight: 400\"><b><span style=\"vertical-align: inherit\"><span style=\"vertical-align: inherit\">Angenehmer Tragekomfort: <\/span><\/span><\/b><span style=\"font-weight: 400\"><span style=\"vertical-align: inherit\"><span style=\"vertical-align: inherit\">Die leichte Textur trocknet deine Lippen nicht aus.<\/span><\/span><\/span><\/li>\n<li style=\"font-weight: 400\"><b><span style=\"vertical-align: inherit\"><span style=\"vertical-align: inherit\">Pr\u00e4zise Anwendung: <\/span><\/span><\/b><span style=\"font-weight: 400\"><span style=\"vertical-align: inherit\"><span style=\"vertical-align: inherit\">Der Applikator erm\u00f6glicht ein einfaches und pr\u00e4zises Auftragen.<\/span><\/span><\/span><\/li>\n<\/ul>\n<p><b><span style=\"vertical-align: inherit\"><span style=\"vertical-align: inherit\">Deine Lippen, dein Statement.<\/span><\/span><\/b><\/p>\n<p><span style=\"font-weight: 400\"><span style=\"vertical-align: inherit\"><span style=\"vertical-align: inherit\">Mit unseren Lippentinten setzt du ein klares Statement. Ob ein nat\u00fcrlicher Nude-Ton f\u00fcr den Alltag oder eine kr\u00e4ftige Farbe f\u00fcr einen besonderen Anlass \u2013 unsere Lippentinten unterstreichen deine individuelle Sch\u00f6nheit.<\/span><\/span><\/span><\/p>\n<h3><b><span style=\"vertical-align: inherit\"><span style=\"vertical-align: inherit\">Unwiderstehlich und langanhaltend<\/span><\/span><\/b><\/h3>\n<p><b><span style=\"vertical-align: inherit\"><span style=\"vertical-align: inherit\">\u201eEin Kuss f\u00fcr die Ewigkeit.\u201c<\/span><\/span><\/b><\/p>\n<p><span style=\"font-weight: 400\"><span style=\"vertical-align: inherit\"><span style=\"vertical-align: inherit\"><span style=\"vertical-align: inherit\"><span style=\"vertical-align: inherit\">Unsere Lippentinten sind mehr als nur Farbe \u2013 sie sind ein Versprechen. Ein Versprechen auf dauerhafte Sch\u00f6nheit, das selbst den leidenschaftlichsten Kuss \u00fcbersteht. Mit intensiven Farben und einem samtigen Gef\u00fchl auf den Lippen verleihen sie deinem Look eine unwiderstehliche Note. Erlebe den Luxus von Farbe, die einfach nicht verblasst.<\/span><\/span><\/span><\/span><\/span><\/p>\n<h3><b><span style=\"vertical-align: inherit\"><span style=\"vertical-align: inherit\"><span style=\"vertical-align: inherit\"><span style=\"vertical-align: inherit\">Deine Farbe, dein Statement<\/span><\/span><\/span><\/span><\/b><\/h3>\n<p><b><span style=\"vertical-align: inherit\"><span style=\"vertical-align: inherit\"><span style=\"vertical-align: inherit\"><span style=\"vertical-align: inherit\"><span style=\"vertical-align: inherit\"><span style=\"vertical-align: inherit\">\u201eSetze ein Zeichen mit Farbe, die bleibt.\u201c<\/span><\/span><\/span><\/span><\/span><\/span><\/b><\/p>\n<p><span style=\"font-weight: 400\"><span style=\"vertical-align: inherit\"><span style=\"vertical-align: inherit\"><span style=\"vertical-align: inherit\"><span style=\"vertical-align: inherit\"><span style=\"vertical-align: inherit\"><span style=\"vertical-align: inherit\">Unsere Lippentinten sind dein pers\u00f6nliches Statement. W\u00e4hlen Sie aus einer Vielzahl von Nuancen und finden Sie Ihre perfekte Farbe. Ob zart und nat\u00fcrlich oder kr\u00e4ftig und ausdrucksstark \u2013 unsere Lippentinten halten, was sie versprechen. Mit ihnen setzt du ein Zeichen und hinterl\u00e4sst einen unvergesslichen Eindruck.<\/span><\/span><\/span><\/span><\/span><\/span><\/span><\/p>\n<h3><b><span style=\"vertical-align: inherit\"><span style=\"vertical-align: inherit\"><span style=\"vertical-align: inherit\"><span style=\"vertical-align: inherit\"><span style=\"vertical-align: inherit\"><span style=\"vertical-align: inherit\">Freiheit f\u00fcr deine Lippen<\/span><\/span><\/span><\/span><\/span><\/span><\/b><\/h3>\n<p><b><span style=\"vertical-align: inherit\"><span style=\"vertical-align: inherit\"><span style=\"vertical-align: inherit\"><span style=\"vertical-align: inherit\"><span style=\"vertical-align: inherit\"><span style=\"vertical-align: inherit\">\u201eSp\u00fcre die Freiheit, du selbst zu sein.\u201c<\/span><\/span><\/span><\/span><\/span><\/span><\/b><\/p>\n<p><span style=\"font-weight: 400\"><span style=\"vertical-align: inherit\"><span style=\"vertical-align: inherit\"><span style=\"vertical-align: inherit\"><span style=\"vertical-align: inherit\"><span style=\"vertical-align: inherit\"><span style=\"vertical-align: inherit\">Mit unseren Lippentinten kannst du den ganzen Tag lang strahlen, ohne dir Gedanken \u00fcber Nachschminken machen zu m\u00fcssen. Die langlebige Formel sorgt daf\u00fcr, dass deine Lippenfarbe den ganzen Tag \u00fcber frisch und intensiv bleibt. Genie\u00dfe die Freiheit, dich selbst auszudr\u00fccken und deinen Tag zu genie\u00dfen.<\/span><\/span><\/span><\/span><\/span><\/span><\/span><\/p>\n<p><b><span style=\"vertical-align: inherit\"><span style=\"vertical-align: inherit\"><span style=\"vertical-align: inherit\"><span style=\"vertical-align: inherit\"><span style=\"vertical-align: inherit\"><span style=\"vertical-align: inherit\">Was macht unsere Lippentinten so besonders?<\/span><\/span><\/span><\/span><\/span><\/span><\/b><\/p>\n<ul>\n<li style=\"font-weight: 400\"><b><span style=\"vertical-align: inherit\"><span style=\"vertical-align: inherit\"><span style=\"vertical-align: inherit\"><span style=\"vertical-align: inherit\"><span style=\"vertical-align: inherit\"><span style=\"vertical-align: inherit\">Intensive Farben: <\/span><\/span><\/span><\/span><\/span><\/span><\/b><span style=\"font-weight: 400\"><span style=\"vertical-align: inherit\"><span style=\"vertical-align: inherit\"><span style=\"vertical-align: inherit\"><span style=\"vertical-align: inherit\"><span style=\"vertical-align: inherit\"><span style=\"vertical-align: inherit\">Eine breite Palette an Nuancen f\u00fcr jeden Geschmack.<\/span><\/span><\/span><\/span><\/span><\/span><\/span><\/li>\n<li style=\"font-weight: 400\"><b><span style=\"vertical-align: inherit\"><span style=\"vertical-align: inherit\"><span style=\"vertical-align: inherit\"><span style=\"vertical-align: inherit\"><span style=\"vertical-align: inherit\"><span style=\"vertical-align: inherit\">Langanhaltende Formel: <\/span><\/span><\/span><\/span><\/span><\/span><\/b><span style=\"font-weight: 400\"><span style=\"vertical-align: inherit\"><span style=\"vertical-align: inherit\"><span style=\"vertical-align: inherit\"><span style=\"vertical-align: inherit\"><span style=\"vertical-align: inherit\"><span style=\"vertical-align: inherit\">\u00dcber Stunden hinweg leuchtende Farbe.<\/span><\/span><\/span><\/span><\/span><\/span><\/span><\/li>\n<li style=\"font-weight: 400\"><b><span style=\"vertical-align: inherit\"><span style=\"vertical-align: inherit\"><span style=\"vertical-align: inherit\"><span style=\"vertical-align: inherit\"><span style=\"vertical-align: inherit\"><span style=\"vertical-align: inherit\">Angenehmer Tragekomfort: <\/span><\/span><\/span><\/span><\/span><\/span><\/b><span style=\"font-weight: 400\"><span style=\"vertical-align: inherit\"><span style=\"vertical-align: inherit\"><span style=\"vertical-align: inherit\"><span style=\"vertical-align: inherit\"><span style=\"vertical-align: inherit\"><span style=\"vertical-align: inherit\">Samtig weich und nicht austrocknend.<\/span><\/span><\/span><\/span><\/span><\/span><\/span><\/li>\n<li style=\"font-weight: 400\"><b><span style=\"vertical-align: inherit\"><span style=\"vertical-align: inherit\"><span style=\"vertical-align: inherit\"><span style=\"vertical-align: inherit\"><span style=\"vertical-align: inherit\"><span style=\"vertical-align: inherit\">Pr\u00e4zise Anwendung: <\/span><\/span><\/span><\/span><\/span><\/span><\/b><span style=\"font-weight: 400\"><span style=\"vertical-align: inherit\"><span style=\"vertical-align: inherit\"><span style=\"vertical-align: inherit\"><span style=\"vertical-align: inherit\"><span style=\"vertical-align: inherit\"><span style=\"vertical-align: inherit\">F\u00fcr einen perfekten Auftrag.<\/span><\/span><\/span><\/span><\/span><\/span><\/span><\/li>\n<\/ul>\n<p><b><span style=\"vertical-align: inherit\"><span style=\"vertical-align: inherit\"><span style=\"vertical-align: inherit\"><span style=\"vertical-align: inherit\"><span style=\"vertical-align: inherit\"><span style=\"vertical-align: inherit\">Erlebe den Unterschied und verliebe dich in unseren Lippentinten.<\/span><\/span><\/span><\/span><\/span><\/span><\/b><\/p>\n<h2><b><span style=\"vertical-align: inherit\"><span style=\"vertical-align: inherit\"><span style=\"vertical-align: inherit\"><span style=\"vertical-align: inherit\"><span style=\"vertical-align: inherit\"><span style=\"vertical-align: inherit\">Bloody Mary \u2013 Ein mutiger Farbtupfer<\/span><\/span><\/span><\/span><\/span><\/span><\/b><\/h2>\n<p><b><span style=\"vertical-align: inherit\"><span style=\"vertical-align: inherit\"><span style=\"vertical-align: inherit\"><span style=\"vertical-align: inherit\"><span style=\"vertical-align: inherit\"><span style=\"vertical-align: inherit\">F\u00fcr alle, die es leidenschaftlich lieben.<\/span><\/span><\/span><\/span><\/span><\/span><\/b><\/p>\n<p><span style=\"font-weight: 400\"><span style=\"vertical-align: inherit\"><span style=\"vertical-align: inherit\"><span style=\"vertical-align: inherit\"><span style=\"vertical-align: inherit\"><span style=\"vertical-align: inherit\"><span style=\"vertical-align: inherit\">Unsere Lippentinte <\/span><\/span><\/span><\/span><\/span><\/span><\/span><b><span style=\"vertical-align: inherit\"><span style=\"vertical-align: inherit\"><span style=\"vertical-align: inherit\"><span style=\"vertical-align: inherit\"><span style=\"vertical-align: inherit\"><span style=\"vertical-align: inherit\">Bloody Mary <\/span><\/span><\/span><\/span><\/span><\/span><\/b><span style=\"font-weight: 400\"><span style=\"vertical-align: inherit\"><span style=\"vertical-align: inherit\"><span style=\"vertical-align: inherit\"><span style=\"vertical-align: inherit\"><span style=\"vertical-align: inherit\"><span style=\"vertical-align: inherit\">ist ein Statement f\u00fcr sich. Ein intensives Rot, das deine Lippen zum absoluten Blickfang macht. Perfekt f\u00fcr alle, die es lieben, aufzufallen und einen bleibenden Eindruck zu hinterlassen.<\/span><\/span><\/span><\/span><\/span><\/span><\/span><\/p>\n<p><b><span style=\"vertical-align: inherit\"><span style=\"vertical-align: inherit\"><span style=\"vertical-align: inherit\"><span style=\"vertical-align: inherit\"><span style=\"vertical-align: inherit\"><span style=\"vertical-align: inherit\">\u0644\u0645\u0627\u0630\u0627 \u062a\u062d\u0628 \u0623\u0646 \u062a\u0641\u0639\u0644:<\/span><\/span><\/span><\/span><\/span><\/span><\/b><\/p>\n<ul>\n<li style=\"font-weight: 400\"><b><span style=\"vertical-align: inherit\"><span style=\"vertical-align: inherit\"><span style=\"vertical-align: inherit\"><span style=\"vertical-align: inherit\"><span style=\"vertical-align: inherit\"><span style=\"vertical-align: inherit\">Intensive Pigmentierung: <\/span><\/span><\/span><\/span><\/span><\/span><\/b><span style=\"font-weight: 400\"><span style=\"vertical-align: inherit\"><span style=\"vertical-align: inherit\"><span style=\"vertical-align: inherit\"><span style=\"vertical-align: inherit\"><span style=\"vertical-align: inherit\"><span style=\"vertical-align: inherit\">Ein klassisches Rot, das sofort auff\u00e4llt.<\/span><\/span><\/span><\/span><\/span><\/span><\/span><\/li>\n<li style=\"font-weight: 400\"><b><span style=\"vertical-align: inherit\"><span style=\"vertical-align: inherit\"><span style=\"vertical-align: inherit\"><span style=\"vertical-align: inherit\"><span style=\"vertical-align: inherit\"><span style=\"vertical-align: inherit\">Leuchtender Glanz: <\/span><\/span><\/span><\/span><\/span><\/span><\/b><span style=\"font-weight: 400\"><span style=\"vertical-align: inherit\"><span style=\"vertical-align: inherit\"><span style=\"vertical-align: inherit\"><span style=\"vertical-align: inherit\"><span style=\"vertical-align: inherit\"><span style=\"vertical-align: inherit\">Ein gl\u00e4nzendes Finish, das deinen Lippen einen Hauch von Glamour verleiht.<\/span><\/span><\/span><\/span><\/span><\/span><\/span><\/li>\n<li style=\"font-weight: 400\"><b><span style=\"vertical-align: inherit\"><span style=\"vertical-align: inherit\"><span style=\"vertical-align: inherit\"><span style=\"vertical-align: inherit\"><span style=\"vertical-align: inherit\"><span style=\"vertical-align: inherit\">Angenehmer Tragekomfort: <\/span><\/span><\/span><\/span><\/span><\/span><\/b><span style=\"font-weight: 400\"><span style=\"vertical-align: inherit\"><span style=\"vertical-align: inherit\"><span style=\"vertical-align: inherit\"><span style=\"vertical-align: inherit\"><span style=\"vertical-align: inherit\"><span style=\"vertical-align: inherit\">Die leichte Formel h\u00e4lt Ihre Lippen geschmeidig und hydratisiert.<\/span><\/span><\/span><\/span><\/span><\/span><\/span><\/li>\n<li style=\"font-weight: 400\"><b><span style=\"vertical-align: inherit\"><span style=\"vertical-align: inherit\"><span style=\"vertical-align: inherit\"><span style=\"vertical-align: inherit\"><span style=\"vertical-align: inherit\"><span style=\"vertical-align: inherit\">Einfache Anwendung: <\/span><\/span><\/span><\/span><\/span><\/span><\/b><span style=\"font-weight: 400\"><span style=\"vertical-align: inherit\"><span style=\"vertical-align: inherit\"><span style=\"vertical-align: inherit\"><span style=\"vertical-align: inherit\"><span style=\"vertical-align: inherit\"><span style=\"vertical-align: inherit\">Der pr\u00e4zise Applikator erm\u00f6glicht ein fehlerfreies Auftragen.<\/span><\/span><\/span><\/span><\/span><\/span><\/span><\/li>\n<\/ul>\n<p><b><span style=\"vertical-align: inherit\"><span style=\"vertical-align: inherit\"><span style=\"vertical-align: inherit\"><span style=\"vertical-align: inherit\"><span style=\"vertical-align: inherit\"><span style=\"vertical-align: inherit\">F\u00fcr jeden Anlass<\/span><\/span><\/span><\/span><\/span><\/span><\/b><\/p>\n<p><span style=\"font-weight: 400\"><span style=\"vertical-align: inherit\"><span style=\"vertical-align: inherit\"><span style=\"vertical-align: inherit\"><span style=\"vertical-align: inherit\"><span style=\"vertical-align: inherit\"><span style=\"vertical-align: inherit\">Ob f\u00fcr einen dramatischen Abendlook oder einen selbstbewussten Auftritt am Tag \u2013 Bloody Mary ist die perfekte Wahl. Sie passt zu einer Vielzahl von Outfits und Make-up-Looks.<\/span><\/span><\/span><\/span><\/span><\/span><\/span><\/p>\n<p><b><span style=\"vertical-align: inherit\"><span style=\"vertical-align: inherit\"><span style=\"vertical-align: inherit\"><span style=\"vertical-align: inherit\"><span style=\"vertical-align: inherit\"><span style=\"vertical-align: inherit\">Entdecke deine innere Vamp<\/span><\/span><\/span><\/span><\/span><\/span><\/b><\/p>\n<p><span style=\"font-weight: 400\"><span style=\"vertical-align: inherit\"><span style=\"vertical-align: inherit\"><span style=\"vertical-align: inherit\"><span style=\"vertical-align: inherit\"><span style=\"vertical-align: inherit\"><span style=\"vertical-align: inherit\">Wage etwas Neues und entdecke deinen inneren Vamp mit unserer Bloody Mary Lippentinte.<\/span><\/span><\/span><\/span><\/span><\/span><\/span><\/p>","protected":false},"featured_media":149304,"template":"","meta":{"footnotes":""},"product_brand":[],"product_cat":[821,80,384],"product_tag":[149,743,111,241,592,825,480,630,525],"class_list":{"0":"post-96538","1":"product","2":"type-product","3":"status-publish","4":"has-post-thumbnail","6":"product_cat-beauty","7":"product_cat-beauty-health-supplements","8":"product_cat-cosmetics","9":"product_tag-anti-aging","10":"product_tag-beauty","11":"product_tag-care","12":"product_tag-cosmetics","13":"product_tag-high-quality","14":"product_tag-la-passione-collection-2024-02-bloody-mary-lip-tint-created-by-martina-otte-cosmetics","15":"product_tag-new-arrivals","16":"product_tag-trendy","17":"product_tag-womens","18":"product_shipping_class-shipping-class-3","19":"has-subscription-plans","21":"first","22":"instock","23":"sale","24":"taxable","25":"shipping-taxable","26":"purchasable","27":"product-type-simple"},"bundled_by":[],"bundle_stock_status":"instock","bundle_stock_quantity":null,"bundle_virtual":false,"bundle_layout":"","bundle_add_to_cart_form_location":"","bundle_editable_in_cart":false,"bundle_sold_individually_context":"","bundle_item_grouping":"","bundle_min_size":"","bundle_max_size":"","bundle_price":[],"bundled_items":[],"bundle_sell_ids":[],"group_of_quantity":0,"min_quantity":0,"max_quantity":"","exclude_order_quantity_value_rules":"no","exclude_category_quantity_rules":"no","combine_variations":"no","_links":{"self":[{"href":"https:\/\/2024.shoply.com\/ar\/wp-json\/wp\/v2\/product\/96538","targetHints":{"allow":["GET"]}}],"collection":[{"href":"https:\/\/2024.shoply.com\/ar\/wp-json\/wp\/v2\/product"}],"about":[{"href":"https:\/\/2024.shoply.com\/ar\/wp-json\/wp\/v2\/types\/product"}],"version-history":[{"count":4,"href":"https:\/\/2024.shoply.com\/ar\/wp-json\/wp\/v2\/product\/96538\/revisions"}],"predecessor-version":[{"id":149305,"href":"https:\/\/2024.shoply.com\/ar\/wp-json\/wp\/v2\/product\/96538\/revisions\/149305"}],"wp:featuredmedia":[{"embeddable":true,"href":"https:\/\/2024.shoply.com\/ar\/wp-json\/wp\/v2\/media\/149304"}],"wp:attachment":[{"href":"https:\/\/2024.shoply.com\/ar\/wp-json\/wp\/v2\/media?parent=96538"}],"wp:term":[{"taxonomy":"product_brand","embeddable":true,"href":"https:\/\/2024.shoply.com\/ar\/wp-json\/wp\/v2\/product_brand?post=96538"},{"taxonomy":"product_cat","embeddable":true,"href":"https:\/\/2024.shoply.com\/ar\/wp-json\/wp\/v2\/product_cat?post=96538"},{"taxonomy":"product_tag","embeddable":true,"href":"https:\/\/2024.shoply.com\/ar\/wp-json\/wp\/v2\/product_tag?post=96538"}],"curies":[{"name":"wp","href":"https:\/\/api.w.org\/{rel}","templated":true}]}}