{"id":106238,"date":"2024-12-12T20:10:36","date_gmt":"2024-12-13T01:10:36","guid":{"rendered":"https:\/\/shoply.com\/?post_type=product&#038;p=106238"},"modified":"2025-02-21T01:31:47","modified_gmt":"2025-02-21T06:31:47","slug":"mayella-amethyst-crystal-therapy-amethyst-gua-sha-is-your-daily-facial-massage-tool-for-smooth-radiant-skin-and-intuitive-connection","status":"publish","type":"product","link":"https:\/\/2024.shoply.com\/de\/produkt\/mayella-amethyst-crystal-therapy-amethyst-gua-sha-is-your-daily-facial-massage-tool-for-smooth-radiant-skin-and-intuitive-connection\/","title":{"rendered":"Mayella Amethyst Crystal therapy &#8211; Amethyst Gua Sha is your daily facial massage tool for smooth radiant skin and Intuitive connection"},"content":{"rendered":"<h3><span style=\"font-size: 1.4em\">Belebt das Lymphsystem und sorgt f\u00fcr einen gesunden Teint<\/span><\/h3>\n<p>Die Anwendung der Gua Sha-Technik auf der Haut hilft, Giftstoffe aus dem Gewebe zu sp\u00fclen, indem das Lymphsystem und der Lymphabfluss stimuliert werden. Die erh\u00f6hte Durchblutung versorgt das Gewebe, die Gesichtsmuskeln und die Nerven mit frischem, sauerstoffreichem Blut und verbessert die Gesundheit, Vitalit\u00e4t und Spannkraft der Gesichtsmuskeln. W\u00e4hrend Sie streicheln, gl\u00e4tten Sie Falten und trainieren Ihr Gesicht sichtbar, was zu mehr Helligkeit, einem besseren Teint, Klarheit und einem gesunden Strahlen f\u00fchrt.<\/p>\n<h3><strong>Vorteile der t\u00e4glichen Anwendung<\/strong><\/h3>\n<ol>\n<li><strong>Entgiftet und reinigt die Haut<\/strong><br \/>\nGua Sha aus Naturkristallen wird eine energetische und entgiftende Wirkung zugeschrieben. In Kombination mit Gua Sha-Techniken wird der Lymphabfluss angeregt, Giftstoffe werden ausgeschieden und der Teint wird reiner und strahlender.<\/li>\n<li><strong>F\u00f6rdert die Blutzirkulation<\/strong><br \/>\nDie t\u00e4gliche Anwendung steigert die Durchblutung und sorgt daf\u00fcr, dass Sauerstoff und N\u00e4hrstoffe zu den Hautzellen gelangen, was zur Verj\u00fcngung und Wiederherstellung der nat\u00fcrlichen Leuchtkraft der Haut beitr\u00e4gt.<\/li>\n<li><strong>Reduziert Schwellungen und Schwellungen<\/strong><br \/>\nDie glatte Textur des Obsidians reduziert effektiv Schwellungen, insbesondere um die Augen herum, und modelliert und konturiert die Gesichtsz\u00fcge.<\/li>\n<li><strong>Minimiert feine Linien und F\u00e4ltchen<\/strong><br \/>\nSanftes Schaben als streichende Bewegung mit dem Ger\u00e4t regt die Kollagenproduktion an, was zur Verbesserung der Hautelastizit\u00e4t beitr\u00e4gt und im Laufe der Zeit das Auftreten feiner Linien und F\u00e4ltchen reduziert.<\/li>\n<li><strong>Lindert Muskelverspannungen<\/strong><br \/>\nBei regelm\u00e4\u00dfiger Anwendung werden Verspannungen der Gesichtsmuskulatur, insbesondere im Kiefer- und Stirnbereich, gelindert, was zu einem entspannten und erfrischten Aussehen f\u00fchrt und gleichzeitig spannungsbedingten Falten vorbeugt.<\/li>\n<li><strong>Kristallwerkzeuge wie Gua Sha<\/strong> bieten einen ganzheitlichen Ansatz f\u00fcr die Hautpflege, der physische Vorteile mit den energetischen Eigenschaften von Kristallen kombiniert. Jedes Werkzeug verbessert das Erscheinungsbild der Haut und harmonisiert gleichzeitig die Energie des K\u00f6rpers f\u00fcr einen strahlenden, gesunden Teint und einen gehobenen Geisteszustand. Der Kristall, den Sie w\u00e4hlen, hat Energien, die Sie in Ihre t\u00e4glichen Rituale zur Selbstpflege der Haut einbeziehen k\u00f6nnen.<\/li>\n<li><strong>Verbessert die Produktabsorption<\/strong><br \/>\nIn Verbindung mit Seren oder \u00d6len hilft das Gua Sha-Werkzeug diesen Produkten, tief in die Haut einzudringen und ihre Wirksamkeit zu maximieren.<\/li>\n<\/ol>\n<h4><em>Bewertungen:<\/em><\/h4>\n<div class=\"jdgm-rev-widg__reviews\">\n<div class=\"jdgm-rev jdgm-divider-top jdgm--done-setup\">\n<div class=\"jdgm-rev__header\"><span class=\"jdgm-rev__author-wrapper\"><span class=\"jdgm-rev__author\"> <span class=\"jdgm-rev__rating\" role=\"img\" aria-label=\"5-Sterne-Bewertung\">\u00a0<\/span><span class=\"jdgm-rev__timestamp\">06\/30\/2022 <\/span>Em<\/span><\/span><\/div>\n<div class=\"jdgm-rev__content\">\n<p><b class=\"jdgm-rev__title\">Sch\u00f6nes und entspannendes Gesichtsbehandlungsger\u00e4t<\/b><\/p>\n<div class=\"jdgm-rev__body\">\n<p>Es war das erste Mal, dass ich ein Gua Sha verwendet habe, und jetzt liebe ich es wirklich, es in meiner Hautroutine zu verwenden. Die Kristalle sind so sch\u00f6n und ich konnte mich nicht f\u00fcr einen entscheiden, also habe ich zwei gekauft! Ich trage zuerst das Rose Repair Serum und danach das Gua Sha auf. Beide Produkte verleihen meiner Haut ein wunderbares Gef\u00fchl und machen meine Hautpflegeroutine zu etwas ganz Besonderem. Definitiv zu empfehlen.<\/p>\n<\/div>\n<div class=\"jdgm-rev__pics\"><\/div>\n<h4 class=\"jdgm-rev__vids\">Wie Sie Ihr Gua Sha anwenden:<\/h4>\n<\/div>\n<\/div>\n<\/div>\n<p>Gua Sha-Herzen sind perfekt geformt, um das Gesicht zu konturieren und zu stimulieren. W\u00e4hlen Sie die kleine Herzkurve des Gua Sha, die flachere Innenkurve oder die abgerundete Au\u00dfenkurve des Kristalls, um die Kurve und die Knochenstruktur Ihres Gesichts am besten zu treffen.<\/p>\n<p>Streichen Sie \u00fcber den Brauenknochen, die Wangenknochen, die Kieferpartie, in und um die Nasenl\u00f6cher herum, nach unten und um die Mundwinkel herum bis zur Mitte des Kinns. Dann von der Mitte des Kinns \u00fcber, quer und unter der Kieferlinie mit der Spitze des Gua Sha-Herzens nach au\u00dfen streichen.<\/p>\n<p>Dr\u00fccken Sie mit der unteren Spitze des Gua Sha-Herzens sanft und fest auf einen Akupressurpunkt in der Mitte der Oberlippe - in der Falte, die sich leicht empfindlich anf\u00fchlt, wenn Sie auf ihr liegen, um den Stoffwechsel anzuregen. Nicht l\u00e4nger als 3 Sekunden ist geeignet.<\/p>\n<p>Schauen Sie sich unser Video oben an und folgen Sie dem langsamen, meditativen Fluss der Anwendung von Gua Sha in Ihrer Hautpflege <em><strong>oder als n\u00e4chtliche Entspannungs- und Entstressungsma\u00dfnahme <\/strong><\/em>wenn Sie ins Bett gehen. Wir wissen, dass Ihr Schlaf gl\u00fccklich sein wird!<\/p>\n<p><strong>Tipp:<\/strong> Wickeln Sie Ihr Gua Sha in ein <em>Mayella Naturfaser-Reinigungstuch<\/em> und f\u00fcr 20-30 Minuten in den K\u00fchlschrank legen, um abzuk\u00fchlen und eine \"Kryo\"-Gesichtsbehandlung durchzuf\u00fchren, die m\u00fcde Haut revitalisiert und belebt. Dieser K\u00fchleffekt kann auch dazu beitragen, dunkle Augenringe und geschwollene Augen effektiv zu reduzieren. Wenn Sie und Ihre Haut sich an die Technik gew\u00f6hnt haben, k\u00f6nnen Sie sie auch in den Gefrierschrank legen.<\/p>\n<p>Wenn Sie Ihr Gua Sha in warmes Wasser legen und dann \u00fcber Ihr bevorzugtes Mayella Olivane Repair Serum rollen, kann das Serum noch tiefer in die Haut eindringen.<\/p>\n<h4>Pflege des Gua Sha:<\/h4>\n<p>Zum Reinigen unter warmem Wasser absp\u00fclen und auf einem weichen Handtuch oder Tuch an einem sicheren Ort an der Luft trocknen lassen.<\/p>\n<p>Sie brauchen keine Seifen oder Reinigungsmittel zu verwenden, aber wenn Sie das Bed\u00fcrfnis haben, ein Produkt von Ihrem Gua Sha mit etwas St\u00e4rkerem als warmem Wasser abzusp\u00fclen, verwenden Sie bitte ein umweltfreundliches, nicht-chemisches, sanftes Reinigungsmittel oder eine Seife.<\/p>\n<p>Wie bei Ihren Kristallen und Edelsteinen sollten Sie Ihr Gua Sha bei Vollmond aufstellen, um Ihren Kristall energetisch zu reinigen.<\/p>\n<div style=\"width: 1000px;\" class=\"wp-video\"><video class=\"wp-video-shortcode\" id=\"video-106238-2\" width=\"1000\" height=\"1500\" preload=\"metadata\" controls=\"controls\"><source type=\"video\/mp4\" src=\"https:\/\/shoply.com\/wp-content\/uploads\/2024\/11\/Mayella-Stop-Motion-1-1.mp4?_=2\" \/><a href=\"https:\/\/shoply.com\/wp-content\/uploads\/2024\/11\/Mayella-Stop-Motion-1-1.mp4\">https:\/\/shoply.com\/wp-content\/uploads\/2024\/11\/Mayella-Stop-Motion-1-1.mp4<\/a><\/video><\/div>\n<h3><span style=\"font-size: 1.4em\">Die Wahl des Gua Sha<\/span><\/h3>\n<p>Kristalle haben Schwingungsfrequenzen, die von tief und erdig bis hoch und kosmisch reichen. Wir f\u00fchlen uns zu einem Stein oder Kristall hingezogen, oft ohne zu wissen warum, aber wir sp\u00fcren eine Resonanz, eine Verbindung. Die Wahl eines bestimmten Gua Sha kann eine intuitive Verbindung sein, einfach weil man sich zu einer Farbe oder Form hingezogen f\u00fchlt, oder vielleicht eine Verbindung zu den Schwingungseigenschaften des Kristalls und der Heilenergie, die man in sein t\u00e4gliches Hautritual einbringen m\u00f6chte.<\/p>\n<p>Durch die Kombination der therapeutischen Wirkung von Massagen mit den metaphysischen Eigenschaften von Kristallen verwandelt Gua Sha Ihre Hautpflege in ein ganzheitliches Ritual, von dem sowohl Ihre physische Haut als auch Ihr energetisches Wohlbefinden profitieren.<\/p>\n<ol>\n<li><strong>Chakren ausbalancieren<\/strong>\n<ul>\n<li>Kristallwerkzeuge helfen, Energieblockaden zu kl\u00e4ren und auszugleichen, insbesondere im Herzchakra (verbunden mit Liebe und Selbstakzeptanz) und im Chakra des dritten Auges (Intuition und Klarheit).<\/li>\n<\/ul>\n<\/li>\n<li><strong>Abbau von Stress und \u00c4ngsten<\/strong>\n<ul>\n<li>Das k\u00fchlende Gef\u00fchl dieser Werkzeuge in Kombination mit der beruhigenden Energie der Kristalle kann den Geist beruhigen, Stress abbauen und das emotionale Gleichgewicht w\u00e4hrend Ihres Pflegerituals f\u00f6rdern.<\/li>\n<\/ul>\n<\/li>\n<li><strong>Verst\u00e4rkt die achtsame Selbstf\u00fcrsorge<\/strong>\n<ul>\n<li>Die Verwendung von Kristallwerkzeugen macht die Hautpflege zu einer meditativen Praxis, die Achtsamkeit f\u00f6rdert und die Verbindung zwischen K\u00f6rper, Geist und Seele verbessert.<\/li>\n<\/ul>\n<\/li>\n<\/ol>\n<h4>Lesen Sie unten eine kraftvolle t\u00e4gliche Affirmation f\u00fcr die Verwendung Ihres handgefertigten Amethyst Gua sha.<\/h4>\n<h3><strong>Amethyst<\/strong><\/h3>\n<p>Amethyst verbessert das Ged\u00e4chtnis, die Motivation und die Entscheidungsfindung. Richtet sich auf die Meditation aus, beruhigt den Geist und wehrt negative Energien ab. Verbessert das dritte Auge und die F\u00e4higkeit, sich mit dem h\u00f6heren Bewusstsein zu verbinden. Der Lieblingsstein des Heiligen Franz von Assissi - der Amethyst wird mit Liebhabern der Liebe und einer g\u00f6ttlichen Verbindung in Verbindung gebracht.<\/p>\n<p>Wird traditionell mit den Zellen, dem Hormon- und Immunsystem und den D\u00e4rmen in Verbindung gebracht.<\/p>\n<p>Amethyst - Drittes Auge, h\u00f6heres Bewusstsein.<\/p>\n<p><strong>Affirmation bei der Anwendung eines Amethyst Gua Sha -<\/strong>\u00a0<em>\"Ich bringe das Geschw\u00e4tz meines gesch\u00e4ftigen Verstandes zum Schweigen und lasse die Stille einkehren. Mit einem liebenden Herzen h\u00f6re ich auf meine innere Stimme und respektiere und vertraue auf die F\u00fchrung meines h\u00f6heren Selbst, um weise und in meinem besten Interesse zu entscheiden. Heute lasse ich alle Kritik und Negativit\u00e4t gegen\u00fcber meinem Selbst los und bewege mich in Liebe vorw\u00e4rts.\"<\/em><\/p>\n<h4><strong>Lies dir die folgenden energetischen Eigenschaften jedes Gua Sha durch und w\u00e4hle das aus, das dir am besten gef\u00e4llt. Vielleicht entscheiden Sie sich f\u00fcr ein, zwei oder mehr Kristalle, je nachdem, wie Sie sich an verschiedenen Tagen f\u00fchlen...<\/strong><\/h4>\n<h3><strong>Rosenquarz<\/strong><\/h3>\n<p>Der mitf\u00fchlende Rosenquarz bringt tiefe emotionale Heilung und Akzeptanz - die K\u00f6nigin der bedingungslosen Liebe. Sich selbst zu \u00f6ffnen und Selbstliebe zu akzeptieren, f\u00f6rdert, dass man sich selbst lieben muss, bevor man Liebe von anderen annimmt. Der Rosenquarz hilft dabei, angemessene Grenzen zu setzen und mit Liebe \"Nein\" zu sagen. Er st\u00e4rkt die Achtung der eigenen Bed\u00fcrfnisse und hilft zu lernen, dass bedingungslose Liebe nicht bedeutet, sich selbst zu opfern.<\/p>\n<p>Wenn sich eine T\u00fcr schlie\u00dft, \u00f6ffnet sich eine andere. Rosenquarz heilt Herzschmerz und Entt\u00e4uschung, da er gegenseitige liebevolle Beziehungen und Akzeptanz innerhalb der F\u00e4higkeit zu empfangen anzieht. Er ruft Selbstvertrauen und Selbstwertgef\u00fchl hervor und st\u00e4rkt Empathie, Sensibilit\u00e4t und Interaktionen mit anderen und findet liebevolle L\u00f6sungen f\u00fcr Konflikte.<\/p>\n<p>Rosenquarz - Herzchakra, h\u00f6heres Herz.<\/p>\n<p>Wird traditionell mit den Nebennieren in Verbindung gebracht.<\/p>\n<p><strong>Affirmation bei der Anwendung eines Rosenquarz Gua Sha -<\/strong>\u00a0<em>\"Ich bin w\u00fcrdig und verdiene Liebe und liebevolle Beziehungen. Ich liebe mich selbst bedingungslos und sch\u00e4tze meine Anwesenheit auf der Welt. Heute heile ich liebevoll jede sch\u00f6ne Zelle in meinem K\u00f6rper und schwinge im Licht der Liebe.\"<\/em><\/p>\n<h3><strong>Schwarzer Obsidian<\/strong><\/h3>\n<p>St\u00e4rkt die Verbindung zu den eigenen Wurzeln, das Gegenw\u00e4rtigsein, das Stehen in der eigenen Kraft. Ein tiefgreifender Reiniger und unterst\u00fctzender energetischer Schutz, der negative Einfl\u00fcsse entfernt. Schwarzer Obsidian zapft unsere Verbindung mit der Quelle an und umarmt unsere wahre Essenz, indem er unseren Geist auf einer K\u00f6rperreise st\u00e4rkt.<\/p>\n<p>Schwarzer Obsidian kl\u00e4rt Verwirrung und hilft, Klarheit zu schaffen, w\u00e4hrend er gleichzeitig erdet. Hilft bei der Entgiftung und Beseitigung von Blockaden in Bezug auf Macht, Machtmissbrauch und das Leben in der eigenen Macht.<\/p>\n<p>Wird traditionell mit Verdauung, Entgiftung, Arterien und Gelenken in Verbindung gebracht.<\/p>\n<p>Schwarzer Obsidian - Basis-Chakra, Sakral-Chakra.<\/p>\n<p><strong>Affirmation bei der Verwendung eines Gua Sha aus schwarzem Obsidian -<\/strong>\u00a0<em>\"Ich stehe in meiner eigenen Kraft. Ich erkenne meine innere Sch\u00f6nheit und St\u00e4rke an und sehe mich meine Ziele erreichen. Heute lasse ich alle Negativit\u00e4t los und nehme mein Licht an.\"<\/em><\/p>\n<p>&nbsp;<\/p>\n<h3><strong>Tigerauge<\/strong><\/h3>\n<p>Das Tigerauge heilt sanft Selbstwertprobleme, Selbstkritik und blockierte Kreativit\u00e4t. Es hilft, das eigene Licht leuchten zu lassen und sch\u00fctzt vor negativer Energie und Mobbing. Tigerauge schafft einen hoch schwingenden, aber geerdeten Zustand des Seins. Hebt schwere und \u00e4ngstliche Stimmungen auf und f\u00f6rdert die Klarheit der Absichten und die Zuversicht, Ver\u00e4nderungen vorzunehmen, in die Zukunft zu vertrauen und realistische Ziele zu erreichen.<\/p>\n<p>Hilft, \u00dcberforderung abzubauen und die F\u00e4higkeit zu aktivieren, das Leben Schritt f\u00fcr Schritt anzugehen, so dass alle Dinge geschehen k\u00f6nnen. Verbessert zielgerichtetes Denken und \u00f6ffnet den Intellekt, w\u00e4hrend man in Kontakt mit Emotionen und Gef\u00fchlen bleibt.<\/p>\n<p>Wird traditionell mit den Augen, der Verdauung, der Kehle und den Knochen in Verbindung gebracht.<\/p>\n<p>Tigerauge - Solarplexus, Drittes Auge.<\/p>\n<p><strong>Affirmation bei der Anwendung eines Tigerauge-Gua Sha -<\/strong>\u00a0<em>\"Ich bin mutig und stark in meiner Wahrheit und umarme das Licht, das in mir ist. Wenn ich meine Gef\u00fchle und Gedanken anerkenne, flie\u00dft meine Kreativit\u00e4t und ich bin erm\u00e4chtigt, ich selbst zu sein. Heute schreite ich in meinem Leben mit Sinn und Licht voran.\"<\/em><\/p>\n<h3><strong>Klarer Quarz<\/strong><\/h3>\n<p>Kl\u00e4rt, reinigt und entstaut die Energiebahnen und vergr\u00f6\u00dfert und reinigt das Energiefeld. Als Meisterheiler arbeitet der klare Quarz in Harmonie mit Ihnen, um das Energiefeld und die Resonanz wieder in den perfektesten Zustand zu bringen. Quarz erzeugt, speichert und strahlt Schwingungsenergie aus, stimuliert das Immunsystem und unterst\u00fctzt die R\u00fcckkehr zum Gleichgewicht. Das angestrebte Gleichgewicht im physischen K\u00f6rper wird Hom\u00f6ostase genannt.<\/p>\n<p>Hilft dabei, Negativit\u00e4t aufzul\u00f6sen und eine Verbindung mit der eigenen Intuition und dem h\u00f6heren Bewusstsein herzustellen, um klarer zu sehen\".<\/p>\n<p>Wird traditionell mit allen Organen und Systemen des K\u00f6rpers in Verbindung gebracht.<\/p>\n<p>Quarz - Alle Chakren.<\/p>\n<p><strong>Affirmationen bei der Anwendung eines Gua Sha mit klarem Quarz -<\/strong>\u00a0<em>\"Ich sehe klar die sch\u00f6ne Seele, die ich bin, und lasse alle negativen Gedanken \u00fcber mich los. Mein K\u00f6rper gedeiht in Harmonie und Gl\u00fcck mit der Liebe und dem Licht, das von meinem Herzen zu jeder Zelle in meinem sch\u00f6nen K\u00f6rper flie\u00dft. Heute bin ich ausgerichtet und energetisiert, vollst\u00e4ndig und ausgeglichen in meinem physischen, mentalen, emotionalen und spirituellen K\u00f6rper.\"<\/em><\/p>\n<p>&nbsp;<\/p>\n<p>&nbsp;<\/p>","protected":false},"excerpt":{"rendered":"<div style=\"width: 1920px;\" class=\"wp-video\"><!--[if lt IE 9]><script>document.createElement('video');<\/script><![endif]--><br \/>\n<video class=\"wp-video-shortcode\" id=\"video-106238-1\" width=\"1920\" height=\"1080\" preload=\"metadata\" controls=\"controls\"><source type=\"video\/mp4\" src=\"https:\/\/shoply.com\/wp-content\/uploads\/2024\/11\/Mayella-Gua-Sha-How-to-Use-Daily-Ritual.mp4?_=1\" \/><a href=\"https:\/\/shoply.com\/wp-content\/uploads\/2024\/11\/Mayella-Gua-Sha-How-to-Use-Daily-Ritual.mp4\">https:\/\/shoply.com\/wp-content\/uploads\/2024\/11\/Mayella-Gua-Sha-How-to-Use-Daily-Ritual.mp4<\/a><\/video><\/div>\n<h3><span style=\"font-size: 1.4em\">Eine wunderbare Art, Ihre Haut zu verj\u00fcngen und zu revitalisieren - <\/span><strong>Vorteile von Amethyst-Kristall Gua Sha f\u00fcr die Hauttherapie;<\/strong><\/h3>\n<p>Naturkristall-Gua Sha bietet einen ganzheitlichen Ansatz f\u00fcr die Hautpflege, der die physischen Vorteile mit den energetischen Eigenschaften von Kristallen kombiniert. Jedes Werkzeug verbessert das Erscheinungsbild der Haut und harmonisiert die Energie des K\u00f6rpers f\u00fcr einen strahlenden, gesunden Teint und einen gehobenen Geisteszustand.<\/p>\n<p>Gua Sha ist eine uralte Heilpraxis in der Kunst der Massage und Druckpunkte f\u00fcr die Gesundheit der Haut, den Hauttonus und die Vitalit\u00e4t der Gesichtsmuskeln, Knochenstruktur und Nerven. Die Stimulierung dieser Gewebe hilft, Schwellungen, Tr\u00e4nens\u00e4cke und Augenringe zu reduzieren, die Durchblutung zu f\u00f6rdern und sicherzustellen, dass Sauerstoff und N\u00e4hrstoffe die Hautzellen erreichen. Dies f\u00f6rdert einen gesunden, strahlenden Teint und hilft der Haut, sich selbst effektiver zu reparieren, Falten und feine Linien zu verbessern und einen strahlenden Teint zu erhalten.<\/p>\n<p>Lies unten eine kraftvolle t\u00e4gliche Affirmation, die du verwenden kannst, wenn du dein g\u00f6ttliches Amethyst Gua Sha genie\u00dft. Jede Gua Sha-Affirmation ist hilfreich, um sich mit deinem Kristall-Gua Sha zu verbinden und es auszuw\u00e4hlen, oder vielleicht eine Sammlung, je nach deiner Stimmung!<\/p>\n<p>&nbsp;<\/p>","protected":false},"featured_media":93019,"template":"","meta":{"footnotes":""},"product_brand":[],"product_cat":[821,382,386],"product_tag":[149,174,743,112,139,138,427,137,267,306,592,430,325,394,140,542],"class_list":{"0":"post-106238","1":"product","2":"type-product","3":"status-publish","4":"has-post-thumbnail","6":"product_cat-beauty","7":"product_cat-health","8":"product_cat-skin-care","9":"product_tag-anti-aging","10":"product_tag-anti-inflammatory","11":"product_tag-beauty","12":"product_tag-cell-renewal","13":"product_tag-detox","14":"product_tag-detoxification","15":"product_tag-essential","16":"product_tag-essentials","17":"product_tag-gifts","18":"product_tag-handcrafted","19":"product_tag-high-quality","20":"product_tag-infused","21":"product_tag-self","22":"product_tag-skin","23":"product_tag-skin-care","24":"product_tag-skin-friendly","25":"has-subscription-plans","27":"first","28":"instock","29":"taxable","30":"shipping-taxable","31":"purchasable","32":"product-type-simple"},"bundled_by":[],"bundle_stock_status":"instock","bundle_stock_quantity":null,"bundle_virtual":false,"bundle_layout":"","bundle_add_to_cart_form_location":"","bundle_editable_in_cart":false,"bundle_sold_individually_context":"","bundle_item_grouping":"","bundle_min_size":"","bundle_max_size":"","bundle_price":[],"bundled_items":[],"bundle_sell_ids":[],"group_of_quantity":0,"min_quantity":0,"max_quantity":"","exclude_order_quantity_value_rules":"no","exclude_category_quantity_rules":"no","combine_variations":"no","_links":{"self":[{"href":"https:\/\/2024.shoply.com\/de\/wp-json\/wp\/v2\/product\/106238","targetHints":{"allow":["GET"]}}],"collection":[{"href":"https:\/\/2024.shoply.com\/de\/wp-json\/wp\/v2\/product"}],"about":[{"href":"https:\/\/2024.shoply.com\/de\/wp-json\/wp\/v2\/types\/product"}],"version-history":[{"count":2,"href":"https:\/\/2024.shoply.com\/de\/wp-json\/wp\/v2\/product\/106238\/revisions"}],"predecessor-version":[{"id":144155,"href":"https:\/\/2024.shoply.com\/de\/wp-json\/wp\/v2\/product\/106238\/revisions\/144155"}],"wp:featuredmedia":[{"embeddable":true,"href":"https:\/\/2024.shoply.com\/de\/wp-json\/wp\/v2\/media\/93019"}],"wp:attachment":[{"href":"https:\/\/2024.shoply.com\/de\/wp-json\/wp\/v2\/media?parent=106238"}],"wp:term":[{"taxonomy":"product_brand","embeddable":true,"href":"https:\/\/2024.shoply.com\/de\/wp-json\/wp\/v2\/product_brand?post=106238"},{"taxonomy":"product_cat","embeddable":true,"href":"https:\/\/2024.shoply.com\/de\/wp-json\/wp\/v2\/product_cat?post=106238"},{"taxonomy":"product_tag","embeddable":true,"href":"https:\/\/2024.shoply.com\/de\/wp-json\/wp\/v2\/product_tag?post=106238"}],"curies":[{"name":"wp","href":"https:\/\/api.w.org\/{rel}","templated":true}]}}