{"id":106323,"date":"2024-12-12T22:01:05","date_gmt":"2024-12-13T03:01:05","guid":{"rendered":"https:\/\/shoply.com\/?post_type=product&#038;p=106323"},"modified":"2025-02-21T01:16:22","modified_gmt":"2025-02-21T06:16:22","slug":"mayella-rose-quartz-facial-defining-roller-essence-of-rose-hydrating-serum-is-facial-therapy-to-rejuvenate-and-revitalise-your-skin","status":"publish","type":"product","link":"https:\/\/2024.shoply.com\/de\/produkt\/mayella-rose-quartz-facial-defining-roller-essence-of-rose-hydrating-serum-is-facial-therapy-to-rejuvenate-and-revitalise-your-skin\/","title":{"rendered":"Mayella Rose Quartz Facial Defining Roller &#8211; Essence of Rose Hydrating Serum is Facial Therapy to rejuvenate and revitalise your skin."},"content":{"rendered":"<h3>Belebt das Lymphsystem und sorgt f\u00fcr einen gesunden Teint<\/h3>\n<p>Das Rollen auf der Haut hilft, Giftstoffe aus dem Gewebe zu sp\u00fclen, indem es das Lymphsystem und die Lymphdrainage stimuliert. Die verst\u00e4rkte Durchblutung bringt auch frisches, sauerstoffreiches Blut in das Gewebe, die Gesichtsmuskeln und die Nerven, was die Gesundheit, Vitalit\u00e4t und Spannkraft der Gesichtsmuskeln verbessert. W\u00e4hrend Sie rollen, gl\u00e4tten Sie Falten und trainieren Ihr Gesicht sichtbar, was zu mehr Helligkeit, einem besseren Teint, Klarheit und einem gesunden Strahlen f\u00fchrt.<\/p>\n<p>Der doppelt facettierte Rollenkopf aus Rosenquarz ist wundersch\u00f6n geformt, um Stirn, Wangen, Hals und Dekollet\u00e9 zu durchbluten und zu stimulieren, und absolut g\u00f6ttlich entlang der Kieferlinie. Die Facetten sorgen f\u00fcr eine zus\u00e4tzliche Stimulierung der Nerven, der Lymphe und des Kreislaufs, um Geist und Emotionen zu entspannen, w\u00e4hrend der Rollvorgang die Dermis strafft.<\/p>\n<h2>Facettierte Doppelkopf-Kristallwalze f\u00fcr intensivere Definition.<\/h2>\n<p>Der doppelt facettierte Rollenkopf aus Rosenquarz ist wundersch\u00f6n geformt, um Stirn, Wangen, Hals und Dekollet\u00e9 zu durchbluten und zu stimulieren, und absolut g\u00f6ttlich entlang der Kieferlinie. Die Facetten sorgen f\u00fcr eine zus\u00e4tzliche Stimulierung der Nerven, der Lymphe und des Kreislaufs, um Geist und Emotionen zu entspannen, w\u00e4hrend der Rollvorgang die Dermis strafft.<\/p>\n<h3>Materialien:<\/h3>\n<p>100% echte Rosenquarzkristalle, die mit einer hochwertigen Zinklegierung zusammengehalten werden und auf einem konturierten Edelstahlgriff sitzen. Leicht, stark und korrosionsbest\u00e4ndig.<\/p>\n<p>Keine Farbstoffe, unechten Steine oder Glas.<\/p>\n<p>Nicht por\u00f6s und kein N\u00e4hrboden f\u00fcr Bakterien.<\/p>\n<p>Unsere Walzen sind von Natur aus - mit Liebe und Handwerkskunst geschnitzt. Die Liebe zum Detail bedeutet, dass die Rolle reibungslos funktioniert und nicht quietscht, h\u00e4ngen bleibt oder bricht (es sei denn, sie wird fallen gelassen oder unsachgem\u00e4\u00df verwendet).<\/p>\n<h3>Wie zu verwenden:<\/h3>\n<p>Tragen Sie Ihr bevorzugtes Mayella Olivane Repair Serum, Rose, Citrus oder Spice, auf - beginnen Sie dann mit dem Rollen der Stirnpartie und arbeiten Sie sich \u00fcber das Gesicht hinunter zu Hals und Dekollet\u00e9, da Sie so den Abfluss von Giftstoffen und die Ansammlung der Lymphfl\u00fcssigkeit an den wichtigsten Sammelpunkten der Lymphe am Halsansatz weiter f\u00f6rdern.<\/p>\n<p>Versuchen Sie, Ihre Bewegungen sanft, fest und mit der Haut verbunden zu halten, w\u00e4hrend Sie mit der Knochenstruktur umherflie\u00dfen.<\/p>\n<p>\u00dcber das Gesicht rollen oder diagonal von oben nach unten und kreisf\u00f6rmig oder kurvenf\u00f6rmig \u00fcber die Wangen und die Augen-\/Brauenknochenstruktur.<\/p>\n<p>Wenn Sie k\u00f6nnen, beenden Sie die Bewegung immer an der Au\u00dfenseite des Gesichts oder mit einer Abw\u00e4rtsbewegung, um den Abfluss der Giftstoffe und der Lymphfl\u00fcssigkeit weiter zu unterst\u00fctzen.<br \/>\nDer kleinere Rollenkopf ist ideal f\u00fcr die Augenpartie und die Augenbrauen.<\/p>\n<p>Der doppelt facettierte Rollenkopf aus Rosenquarz ist wundersch\u00f6n geformt, um Stirn, Wangen, Hals und Dekollet\u00e9 zu durchbluten und zu stimulieren, und absolut g\u00f6ttlich entlang der Kieferlinie. Die Facetten sorgen f\u00fcr eine zus\u00e4tzliche Stimulierung der Nerven, der Lymphe und des Kreislaufs, um Geist und Emotionen zu entspannen, w\u00e4hrend der Rollvorgang die Dermis strafft.<\/p>\n<p>Die Basis aus rostfreiem Stahl ist so gestaltet, dass sie glatt und definiert ist, um die Druckpunkte am Ende der Gesichtsmassage zu bearbeiten.<\/p>\n<p><strong>Tipp:<\/strong>\u00a0Wickeln Sie Ihre Rolle in ein <em><b>Mayella Fasertuch <\/b><\/em>und legen Sie sie zum Abk\u00fchlen f\u00fcr 20-30 Minuten in den K\u00fchlschrank. G\u00f6nnen Sie sich dann eine \"Kryo\"-Gesichtsbehandlung, um m\u00fcde Haut zu revitalisieren und zu beleben. Dieser K\u00fchleffekt kann auch dazu beitragen, dunkle Augenringe und geschwollene Augen effektiv zu reduzieren. Wenn Sie und Ihre Haut sich an die Technik gew\u00f6hnt haben, k\u00f6nnen Sie sie auch in den Gefrierschrank legen.<\/p>\n<h4>This Set: Defining Facial Roller + Olivane Rose 30ml<\/h4>\n<h4 class=\"smart-tabs-navigation-li smart-tabs-navigation-accordion smart-tabs-navigation-li-active\">Skincare Ingredients<span class=\"smart-tabs-accordion-symbol smart-tabs-accordion-minus\">-<\/span><\/h4>\n<div id=\"smart-tabs-content-1\" class=\"smart-tabs-content-block smart-tabs-content-block-clone\">\n<p>Unsere Hautpflege ist 100% rein, glutenfrei, tierversuchsfrei, milchfrei, palm\u00f6lfrei und enth\u00e4lt keine Petrochemikalien, Alkohole, Parabene, Nanopartikel, GMOs, F\u00fcllstoffe oder F\u00fcllstoffe.<\/p>\n<h4><strong>Nat\u00fcrliche und biologische Inhaltsstoffe f\u00fcr die Hautpflege: <\/strong>Mayella Olivane Repair Serum &#8211; Infusion Rose;<\/h4>\n<h6><span style=\"font-size: 1.4em\">Helps to heal the skin with every drop<\/span><\/h6>\n<p>This skin repair serum is infused with the organic essential oil of Damascus Rose, which is both healing and hydrating. It\u2019s the perfect ingredient to boost everyday skincare, to settle breakout skin conditions, and in preparation for and recovery from clinical procedures.<\/p>\n<p>Combined with indigenous botanical extract Australian Kakadu Plum, the world&#8217;s highest natural source of vitamin C, daily use of Mayella \u00ae Olivane \u2122 Repair Serum can provide a visual improvement of your skin tone and brightness while reducing fine lines.<\/p>\n<p><strong>Olivan \u2122 -<\/strong> Assists in cellular hydration, renewal, and restoration of a healthy acid mantle while delivering super antioxidants to the skin.<\/p>\n<p><strong>Camellia sinensis (Green Tea Extract)*<\/strong>\u00a0\u2013 Antioxidants, anti-inflammatory, antibacterial, stimulates blood flow, clears, decongests, energises and brightens skin appearance, repairs UV damage.<\/p>\n<p><strong>Rose Damascena (Pure Essential Oil of Damascus Rose)*<\/strong> \u2013 Properties of hydration, enhances natural hyaluronic acid levels and naturally decongesting and calming to purify and clear the skin&#8217;s tissues.<\/p>\n<p><strong>Terminalia ferdinandiana (Kakadu-Pflaume) -<\/strong>\u00a0Die weltweit h\u00f6chste Vitamin-C-Quelle n\u00e4hrt und sch\u00fctzt die Haut, f\u00f6rdert die Kollagenproduktion und hilft bei der Vorbeugung von Hyperpigmentierung f\u00fcr eine klare, strahlende Haut.<\/p>\n<p>* Organic ingredients. All other ingredients are classified as wild grown and hand harvested or natural plant extracts, naturally organic minerals, vitamins or compounds.<\/p>\n<p>***<\/p>\n<h4><strong>Australian Native Plant Ingredients<\/strong><\/h4>\n<p>Um an einigen der h\u00e4rtesten Orte der Erde zu \u00fcberleben, haben die einheimischen Pflanzen Australiens im Laufe der Zeit eine angeborene Pflanzenintelligenz entwickelt, die sie dazu veranlasst, als Reaktion auf ihre Umwelt hohe Konzentrationen an Antioxidantien und Vitaminen zu speichern. Die traditionellen Besitzer unserer L\u00e4ndereien erkannten die einzigartige F\u00e4higkeit der Pflanzen zu gedeihen und ihren N\u00e4hrwert. Die australischen Ureinwohner waren nahrhaft und gesund und lebten von ihrer Ern\u00e4hrung als Sammler dieser einheimischen Pflanzen. Die Aborigines haben ihr Wissen \u00fcber diese Pflanzen \u00fcber Generationen hinweg weitergegeben, und ihre Eigenschaften sind heute ein Geschenk f\u00fcr unsere Gesundheit und unser Wohlbefinden.<em><br \/>\n<\/em><\/p>\n<p style=\"text-align: center\">***<\/p>\n<p><strong>Quelle und Nachhaltigkeit<\/strong><\/p>\n<p><em>Mayella \u00ae Natural and Botanical Skin foods are 100% pure, clean, vegan skincare made in Australia. We source globally from the optimal geographic destinations, boutique producers and it is our privilege to work with growers of fairtrade and sustainable origins.<\/em><\/p>\n<\/div>","protected":false},"excerpt":{"rendered":"<h4>This Set: Defining Facial Roller + Olivane Rose 30ml to hydrate &amp; renew<\/h4>\n<h2>Die Gesichtstherapie mit unserem funktionell gestalteten Rosenquarzkristall-Roller ist eine wunderbare M\u00f6glichkeit, Ihre Haut zu verj\u00fcngen und zu revitalisieren.<\/h2>\n<p>Crystal rolling is an ancient practice in the art of massage and pressure points for skin health, skin tone and vitality of the facial muscles, bone structure and nerves. Mayella Defining Facial Roller gently sculpts and defines the jawline, cheek bones, the brow and neck. Create the ultimate Skin &amp; Facial therapy &#8211; add our <strong><em>Queen of Serums<\/em><\/strong> &#8211; Mayella \u00ae Olivane \u2122 Repair Serum \u2013 Rose Infusion helps to increase hyaluronic acid levels (that we need for plump, moist skin)\u00a0while working to repair and protect healthy cells.<\/p>\n<h4><\/h4>","protected":false},"featured_media":91978,"template":"","meta":{"footnotes":""},"product_brand":[],"product_cat":[821,80,386],"product_tag":[149,174,132,743,111,112,141,139,138,427,137,798,267,187,278,592,155,163,162,430,283,271,397,603,152,293,431,626,511,790,150,394,140,542,113],"class_list":{"0":"post-106323","1":"product","2":"type-product","3":"status-publish","4":"has-post-thumbnail","6":"product_cat-beauty","7":"product_cat-beauty-health-supplements","8":"product_cat-skin-care","9":"product_tag-anti-aging","10":"product_tag-anti-inflammatory","11":"product_tag-antioxidants","12":"product_tag-beauty","13":"product_tag-care","14":"product_tag-cell-renewal","15":"product_tag-collagen","16":"product_tag-detox","17":"product_tag-detoxification","18":"product_tag-essential","19":"product_tag-essentials","20":"product_tag-ethical","21":"product_tag-gifts","22":"product_tag-gluten-free","23":"product_tag-health","24":"product_tag-high-quality","25":"product_tag-hyaluronic","26":"product_tag-immune","27":"product_tag-immunity","28":"product_tag-infused","29":"product_tag-kind","30":"product_tag-kindness","31":"product_tag-luxury","32":"product_tag-me","33":"product_tag-moisturizer","34":"product_tag-moody","35":"product_tag-oil-2","36":"product_tag-pink","37":"product_tag-relaxed","38":"product_tag-relaxing","39":"product_tag-serum","40":"product_tag-skin","41":"product_tag-skin-care","42":"product_tag-skin-friendly","43":"product_tag-vegan","44":"has-subscription-plans","46":"first","47":"instock","48":"taxable","49":"shipping-taxable","50":"purchasable","51":"product-type-simple"},"bundled_by":[],"bundle_stock_status":"instock","bundle_stock_quantity":100,"bundle_virtual":false,"bundle_layout":"","bundle_add_to_cart_form_location":"","bundle_editable_in_cart":false,"bundle_sold_individually_context":"","bundle_item_grouping":"","bundle_min_size":"","bundle_max_size":"","bundle_price":[],"bundled_items":[],"bundle_sell_ids":[],"group_of_quantity":0,"min_quantity":0,"max_quantity":"","exclude_order_quantity_value_rules":"no","exclude_category_quantity_rules":"no","combine_variations":"no","_links":{"self":[{"href":"https:\/\/2024.shoply.com\/de\/wp-json\/wp\/v2\/product\/106323","targetHints":{"allow":["GET"]}}],"collection":[{"href":"https:\/\/2024.shoply.com\/de\/wp-json\/wp\/v2\/product"}],"about":[{"href":"https:\/\/2024.shoply.com\/de\/wp-json\/wp\/v2\/types\/product"}],"version-history":[{"count":2,"href":"https:\/\/2024.shoply.com\/de\/wp-json\/wp\/v2\/product\/106323\/revisions"}],"predecessor-version":[{"id":144143,"href":"https:\/\/2024.shoply.com\/de\/wp-json\/wp\/v2\/product\/106323\/revisions\/144143"}],"wp:featuredmedia":[{"embeddable":true,"href":"https:\/\/2024.shoply.com\/de\/wp-json\/wp\/v2\/media\/91978"}],"wp:attachment":[{"href":"https:\/\/2024.shoply.com\/de\/wp-json\/wp\/v2\/media?parent=106323"}],"wp:term":[{"taxonomy":"product_brand","embeddable":true,"href":"https:\/\/2024.shoply.com\/de\/wp-json\/wp\/v2\/product_brand?post=106323"},{"taxonomy":"product_cat","embeddable":true,"href":"https:\/\/2024.shoply.com\/de\/wp-json\/wp\/v2\/product_cat?post=106323"},{"taxonomy":"product_tag","embeddable":true,"href":"https:\/\/2024.shoply.com\/de\/wp-json\/wp\/v2\/product_tag?post=106323"}],"curies":[{"name":"wp","href":"https:\/\/api.w.org\/{rel}","templated":true}]}}