{"id":108004,"date":"2024-12-17T17:08:32","date_gmt":"2024-12-17T22:08:32","guid":{"rendered":"https:\/\/shoply.com\/?post_type=product&#038;p=108004"},"modified":"2025-02-28T17:46:32","modified_gmt":"2025-02-28T22:46:32","slug":"sea-salt-spray-crown-ridge-by-regimen","status":"publish","type":"product","link":"https:\/\/2024.shoply.com\/de\/produkt\/sea-salt-spray-crown-ridge-by-regimen\/","title":{"rendered":"Sea Salt Spray &#8211; Crown Ridge by REGIMEN\u00ae"},"content":{"rendered":"<div class=\"page\" title=\"Seite 18\">\n<div class=\"section\">\n<div class=\"layoutArea\">\n<div class=\"column\">\n<div class=\"page\" title=\"Seite 18\">\n<div class=\"section\">\n<div class=\"layoutArea\">\n<div class=\"column\">\n<p>Frei von Parabenen | Frei von Sulfaten | Frei von Grausamkeiten | Verantwortungsvolle Herkunft | Hergestellt in Gro\u00dfbritannien | Vegane Formulierung<\/p>\n<\/div>\n<\/div>\n<\/div>\n<\/div>\n<\/div>\n<\/div>\n<\/div>\n<\/div>","protected":false},"excerpt":{"rendered":"<p>Unser Meersalzspray wurde entwickelt, um raues, strand\u00e4hnliches Haar zu kreieren, verleiht aber auch jeder Frisur Volumen, Textur und Kontrolle. Es ist sehr vielseitig und f\u00fcr alle Haarl\u00e4ngen und Haartypen geeignet.<\/p>\n<p>&nbsp;<\/p>\n<p><strong>Wie zu verwenden:<\/strong> Spr\u00fchen Sie das Spray auf das handtuchtrockene Haar und achten Sie darauf, es gleichm\u00e4\u00dfig zu verteilen. F\u00fcr einen unordentlichen Look lassen Sie das Haar nach dem Auftragen des Sprays nat\u00fcrlich trocknen. Alternativ k\u00f6nnen Sie das Haar f\u00fcr mehr Volumen und Textur f\u00f6hnen.<\/p>\n<p><strong>Sehen Sie:<\/strong> Verleiht dem Haar eine raue, strand\u00e4hnliche Struktur.<\/p>\n<p><strong>Oberfl\u00e4che &amp; Halt:<\/strong> Nat\u00fcrliches Finish | Leichter\/mittlerer Halt<\/p>","protected":false},"featured_media":108006,"template":"","meta":{"footnotes":""},"product_brand":[],"product_cat":[821,80,383],"product_tag":[110,592,638,543,512,113],"class_list":{"0":"post-108004","1":"product","2":"type-product","3":"status-publish","4":"has-post-thumbnail","6":"product_cat-beauty","7":"product_cat-beauty-health-supplements","8":"product_cat-personal-care","9":"product_tag-hair","10":"product_tag-high-quality","11":"product_tag-lightweight-2","12":"product_tag-soft","13":"product_tag-style","14":"product_tag-vegan","15":"product_shipping_class-shipping-class-1","16":"has-subscription-plans","18":"first","19":"instock","20":"sale","21":"taxable","22":"shipping-taxable","23":"purchasable","24":"product-type-simple"},"bundled_by":["119859"],"bundle_stock_status":"instock","bundle_stock_quantity":null,"bundle_virtual":false,"bundle_layout":"","bundle_add_to_cart_form_location":"","bundle_editable_in_cart":false,"bundle_sold_individually_context":"","bundle_item_grouping":"","bundle_min_size":"","bundle_max_size":"","bundle_price":[],"bundled_items":[],"bundle_sell_ids":[],"group_of_quantity":0,"min_quantity":0,"max_quantity":"","exclude_order_quantity_value_rules":"no","exclude_category_quantity_rules":"no","combine_variations":"no","_links":{"self":[{"href":"https:\/\/2024.shoply.com\/de\/wp-json\/wp\/v2\/product\/108004","targetHints":{"allow":["GET"]}}],"collection":[{"href":"https:\/\/2024.shoply.com\/de\/wp-json\/wp\/v2\/product"}],"about":[{"href":"https:\/\/2024.shoply.com\/de\/wp-json\/wp\/v2\/types\/product"}],"version-history":[{"count":3,"href":"https:\/\/2024.shoply.com\/de\/wp-json\/wp\/v2\/product\/108004\/revisions"}],"predecessor-version":[{"id":148573,"href":"https:\/\/2024.shoply.com\/de\/wp-json\/wp\/v2\/product\/108004\/revisions\/148573"}],"wp:featuredmedia":[{"embeddable":true,"href":"https:\/\/2024.shoply.com\/de\/wp-json\/wp\/v2\/media\/108006"}],"wp:attachment":[{"href":"https:\/\/2024.shoply.com\/de\/wp-json\/wp\/v2\/media?parent=108004"}],"wp:term":[{"taxonomy":"product_brand","embeddable":true,"href":"https:\/\/2024.shoply.com\/de\/wp-json\/wp\/v2\/product_brand?post=108004"},{"taxonomy":"product_cat","embeddable":true,"href":"https:\/\/2024.shoply.com\/de\/wp-json\/wp\/v2\/product_cat?post=108004"},{"taxonomy":"product_tag","embeddable":true,"href":"https:\/\/2024.shoply.com\/de\/wp-json\/wp\/v2\/product_tag?post=108004"}],"curies":[{"name":"wp","href":"https:\/\/api.w.org\/{rel}","templated":true}]}}