{"id":117047,"date":"2025-01-06T13:46:17","date_gmt":"2025-01-06T18:46:17","guid":{"rendered":"https:\/\/shoply.com\/?post_type=product&#038;p=117047"},"modified":"2025-02-03T12:59:41","modified_gmt":"2025-02-03T17:59:41","slug":"genius-ai-annual-subscription","status":"publish","type":"product","link":"https:\/\/2024.shoply.com\/de\/produkt\/genius-ai-annual-subscription\/","title":{"rendered":"Genius.AI &#8211; Annual Subscription"},"content":{"rendered":"<h4 class=\"\"><b>Erhalten Sie auf Ihre Marke zugeschnittene Inhalte<\/b><\/h4>\n<p>Entdecke deine Inspiration! Genius.AI macht es einfach\u00a0<b>Ideen f\u00fcr \u00fcberzeugende Inhalte entwickeln<\/b>\u00a0die auf Ihre Produkte zugeschnitten sind und auf erfolgreichen Social-Media-Kampagnen basieren.<\/p>\n<ul>\n<li><b>Machen Sie einen Pers\u00f6nlichkeitstest<\/b>\u00a0damit die KI Ihre Ziele, Werte, Ihren Tonfall und Ihre Marke versteht<\/li>\n<li>Geben Sie einfach Ihre Produktdaten ein, um<b>\u00a0die KI zu trainieren, um authentische Inhalte zu erzeugen<\/b><\/li>\n<li><b>Sie erhalten einen Kalender mit hochwertigen Inhalten<\/b> um Ihre potenziellen Kunden anzusprechen und die Konversionsrate zu erh\u00f6hen - ma\u00dfgeschneidert auf Sie und Ihre Zielgruppe!<\/li>\n<\/ul>\n<p><img fetchpriority=\"high\" decoding=\"async\" class=\"alignnone wp-image-113833\" src=\"https:\/\/shoply.com\/wp-content\/uploads\/2024\/12\/geniusai-1-1-400x225.webp\" alt=\"\" width=\"474\" height=\"267\" srcset=\"https:\/\/2024.shoply.com\/wp-content\/uploads\/2024\/12\/geniusai-1-1-400x225.webp 400w, https:\/\/2024.shoply.com\/wp-content\/uploads\/2024\/12\/geniusai-1-1-768x432.webp 768w, https:\/\/2024.shoply.com\/wp-content\/uploads\/2024\/12\/geniusai-1-1-18x10.webp 18w, https:\/\/2024.shoply.com\/wp-content\/uploads\/2024\/12\/geniusai-1-1-700x394.webp 700w, https:\/\/2024.shoply.com\/wp-content\/uploads\/2024\/12\/geniusai-1-1-150x84.webp 150w, https:\/\/2024.shoply.com\/wp-content\/uploads\/2024\/12\/geniusai-1-1-89x50.webp 89w, https:\/\/2024.shoply.com\/wp-content\/uploads\/2024\/12\/geniusai-1-1.webp 1024w\" sizes=\"(max-width: 474px) 100vw, 474px\" \/><\/p>\n<h4 class=\"\"><b>Erstellen Sie m\u00fchelos ansprechende Videos und Beitr\u00e4ge \u00fcber Ihre Produkte<\/b><\/h4>\n<p>Mit einem einzigen Klick lernt Genius.AI alles \u00fcber Ihre Produkte, indem Sie ihm einfach die Landing Page oder Dokumente zur Verf\u00fcgung stellen.<\/p>\n<p>Sobald das erledigt ist, k\u00f6nnen Sie Posts und Videos erstellen oder den Copiloten alle Einw\u00e4nde rund um Ihre Produkte beantworten lassen!<\/p>\n<p><img decoding=\"async\" class=\"alignnone wp-image-113834\" src=\"https:\/\/shoply.com\/wp-content\/uploads\/2024\/12\/geniusai-2-400x225.webp\" alt=\"\" width=\"452\" height=\"254\" srcset=\"https:\/\/2024.shoply.com\/wp-content\/uploads\/2024\/12\/geniusai-2-400x225.webp 400w, https:\/\/2024.shoply.com\/wp-content\/uploads\/2024\/12\/geniusai-2-768x432.webp 768w, https:\/\/2024.shoply.com\/wp-content\/uploads\/2024\/12\/geniusai-2-18x10.webp 18w, https:\/\/2024.shoply.com\/wp-content\/uploads\/2024\/12\/geniusai-2-700x394.webp 700w, https:\/\/2024.shoply.com\/wp-content\/uploads\/2024\/12\/geniusai-2-150x84.webp 150w, https:\/\/2024.shoply.com\/wp-content\/uploads\/2024\/12\/geniusai-2-89x50.webp 89w, https:\/\/2024.shoply.com\/wp-content\/uploads\/2024\/12\/geniusai-2.webp 1024w\" sizes=\"(max-width: 452px) 100vw, 452px\" \/><\/p>\n<h4 class=\"\"><b>Aktuelle Inhalte, auf Knopfdruck<\/b><\/h4>\n<p>Und das Beste daran: Mit Genius.AI k\u00f6nnen Sie<b>\u00a0die erfolgreichsten Beitr\u00e4ge im Trend zu identifizieren<\/b>\u00a0und gestalten Sie sie so um, dass sie Ihre einzigartige Markenpers\u00f6nlichkeit widerspiegeln.<\/p>\n<ul>\n<li>Verwenden Sie das AI-gesteuerte Spionagetool, um\u00a0<b>virale Inhalte anzeigen, die Ihrer Markenpositionierung \u00e4hneln<\/b><\/li>\n<li><b>Verwandeln Sie die Inhalte Ihrer Konkurrenten sofort in Skripte<\/b>\u00a0f\u00fcr Ihre Produkte<\/li>\n<\/ul>\n<p>&nbsp;<\/p>\n<p><img decoding=\"async\" class=\"alignnone size-medium wp-image-113835\" src=\"https:\/\/shoply.com\/wp-content\/uploads\/2024\/12\/geniusai-3-400x225.webp\" alt=\"\" width=\"400\" height=\"225\" srcset=\"https:\/\/2024.shoply.com\/wp-content\/uploads\/2024\/12\/geniusai-3-400x225.webp 400w, https:\/\/2024.shoply.com\/wp-content\/uploads\/2024\/12\/geniusai-3-768x432.webp 768w, https:\/\/2024.shoply.com\/wp-content\/uploads\/2024\/12\/geniusai-3-18x10.webp 18w, https:\/\/2024.shoply.com\/wp-content\/uploads\/2024\/12\/geniusai-3-700x394.webp 700w, https:\/\/2024.shoply.com\/wp-content\/uploads\/2024\/12\/geniusai-3-150x84.webp 150w, https:\/\/2024.shoply.com\/wp-content\/uploads\/2024\/12\/geniusai-3-89x50.webp 89w, https:\/\/2024.shoply.com\/wp-content\/uploads\/2024\/12\/geniusai-3.webp 1024w\" sizes=\"(max-width: 400px) 100vw, 400px\" \/><\/p>\n<p>&nbsp;<\/p>\n<h4 class=\"\"><b>Verst\u00e4rken Sie Ihre Pr\u00e4senz auf mehreren Plattformen<\/b><\/h4>\n<p>Au\u00dferdem k\u00f6nnen Sie\u00a0<b>Verbinden Sie Ihre Facebook- und Instagram-Konten<\/b>\u00a0zu Genius.AI, um zu erfahren, wie Sie Ihr Publikum kanal\u00fcbergreifend vergr\u00f6\u00dfern k\u00f6nnen.<\/p>\n<ul>\n<li><b>Anpassen und Anpassen von Inhaltsideen<\/b>\u00a0in verschiedenen Formaten, einschlie\u00dflich E-Mails, Blogs, Posts in sozialen Medien und Videos<\/li>\n<li><b>Optimieren Sie Inhalte f\u00fcr bestimmte Plattformen<\/b>\u00a0um das Engagement zu maximieren<\/li>\n<li><strong>Reagieren Sie auf potenzielle Kunden per DM<\/strong>s - mit einem Copiloten, der die Gespr\u00e4che analysiert, um Ihnen zu helfen, Einw\u00e4nde zu \u00fcberwinden und sinnvolle Beziehungen aufzubauen!<\/li>\n<li><b>Reagieren Sie auf Nutzerkommentare<\/b> mit KI-generierten Antworten, die genau wie Sie klingen!<\/li>\n<\/ul>\n<p><img loading=\"lazy\" decoding=\"async\" class=\"alignnone size-medium wp-image-113836\" src=\"https:\/\/shoply.com\/wp-content\/uploads\/2024\/12\/geniusai-4-400x225.webp\" alt=\"\" width=\"400\" height=\"225\" srcset=\"https:\/\/2024.shoply.com\/wp-content\/uploads\/2024\/12\/geniusai-4-400x225.webp 400w, https:\/\/2024.shoply.com\/wp-content\/uploads\/2024\/12\/geniusai-4-768x431.webp 768w, https:\/\/2024.shoply.com\/wp-content\/uploads\/2024\/12\/geniusai-4-18x10.webp 18w, https:\/\/2024.shoply.com\/wp-content\/uploads\/2024\/12\/geniusai-4-700x393.webp 700w, https:\/\/2024.shoply.com\/wp-content\/uploads\/2024\/12\/geniusai-4-150x84.webp 150w, https:\/\/2024.shoply.com\/wp-content\/uploads\/2024\/12\/geniusai-4-89x50.webp 89w, https:\/\/2024.shoply.com\/wp-content\/uploads\/2024\/12\/geniusai-4.webp 935w\" sizes=\"(max-width: 400px) 100vw, 400px\" \/><\/p>\n<p>&nbsp;<\/p>\n<p><strong>KOSTENLOSER ZUGANG ZU BESTANDSBIBLIOTHEKEN INBEGRIFFEN<\/strong><\/p>\n<p><img loading=\"lazy\" decoding=\"async\" class=\"alignnone size-medium wp-image-113839\" src=\"https:\/\/shoply.com\/wp-content\/uploads\/2024\/12\/671ffdf01b9640bd130c1eae_Screenshot-2024-10-28-at-22.10.57-p-1600-400x218.webp\" alt=\"\" width=\"400\" height=\"218\" srcset=\"https:\/\/2024.shoply.com\/wp-content\/uploads\/2024\/12\/671ffdf01b9640bd130c1eae_Screenshot-2024-10-28-at-22.10.57-p-1600-400x218.webp 400w, https:\/\/2024.shoply.com\/wp-content\/uploads\/2024\/12\/671ffdf01b9640bd130c1eae_Screenshot-2024-10-28-at-22.10.57-p-1600-1300x709.webp 1300w, https:\/\/2024.shoply.com\/wp-content\/uploads\/2024\/12\/671ffdf01b9640bd130c1eae_Screenshot-2024-10-28-at-22.10.57-p-1600-768x419.webp 768w, https:\/\/2024.shoply.com\/wp-content\/uploads\/2024\/12\/671ffdf01b9640bd130c1eae_Screenshot-2024-10-28-at-22.10.57-p-1600-1536x837.webp 1536w, https:\/\/2024.shoply.com\/wp-content\/uploads\/2024\/12\/671ffdf01b9640bd130c1eae_Screenshot-2024-10-28-at-22.10.57-p-1600-18x10.webp 18w, https:\/\/2024.shoply.com\/wp-content\/uploads\/2024\/12\/671ffdf01b9640bd130c1eae_Screenshot-2024-10-28-at-22.10.57-p-1600-700x382.webp 700w, https:\/\/2024.shoply.com\/wp-content\/uploads\/2024\/12\/671ffdf01b9640bd130c1eae_Screenshot-2024-10-28-at-22.10.57-p-1600-150x82.webp 150w, https:\/\/2024.shoply.com\/wp-content\/uploads\/2024\/12\/671ffdf01b9640bd130c1eae_Screenshot-2024-10-28-at-22.10.57-p-1600-92x50.webp 92w, https:\/\/2024.shoply.com\/wp-content\/uploads\/2024\/12\/671ffdf01b9640bd130c1eae_Screenshot-2024-10-28-at-22.10.57-p-1600.webp 1600w\" sizes=\"(max-width: 400px) 100vw, 400px\" \/><\/p>\n<p>Erhalten Sie Zugang zu einer Stock Media Library mit mehr als 50.000+ Fotos und Videos, die von echten Fotografen gemacht wurden. Unsere KI schl\u00e4gt Ihnen die besten Bilder und Videos vor, die zu Ihren Beitr\u00e4gen passen!<\/p>\n<p>&nbsp;<\/p>\n<p><strong>Ein Copilot - auf Sie und Ihre Angebote geschult und mit dem Internet verbunden!<\/strong><\/p>\n<p>&nbsp;<\/p>\n<p><img loading=\"lazy\" decoding=\"async\" class=\"alignnone wp-image-113840\" src=\"https:\/\/shoply.com\/wp-content\/uploads\/2024\/12\/Screenshot-2024-12-31-at-12.44.24-400x258.webp\" alt=\"\" width=\"443\" height=\"286\" srcset=\"https:\/\/2024.shoply.com\/wp-content\/uploads\/2024\/12\/Screenshot-2024-12-31-at-12.44.24-400x258.webp 400w, https:\/\/2024.shoply.com\/wp-content\/uploads\/2024\/12\/Screenshot-2024-12-31-at-12.44.24-1239x800.webp 1239w, https:\/\/2024.shoply.com\/wp-content\/uploads\/2024\/12\/Screenshot-2024-12-31-at-12.44.24-768x496.webp 768w, https:\/\/2024.shoply.com\/wp-content\/uploads\/2024\/12\/Screenshot-2024-12-31-at-12.44.24-18x12.webp 18w, https:\/\/2024.shoply.com\/wp-content\/uploads\/2024\/12\/Screenshot-2024-12-31-at-12.44.24-700x452.webp 700w, https:\/\/2024.shoply.com\/wp-content\/uploads\/2024\/12\/Screenshot-2024-12-31-at-12.44.24-150x97.webp 150w, https:\/\/2024.shoply.com\/wp-content\/uploads\/2024\/12\/Screenshot-2024-12-31-at-12.44.24-77x50.webp 77w, https:\/\/2024.shoply.com\/wp-content\/uploads\/2024\/12\/Screenshot-2024-12-31-at-12.44.24.webp 1428w\" sizes=\"(max-width: 443px) 100vw, 443px\" \/><\/p>\n<p>Fragen Sie Ihre pers\u00f6nliche KI - sie lernt alles \u00fcber Sie, wie Sie sprechen und sammelt Informationen aus dem Internet, um Ihnen immer die besten aktuellen Ergebnisse und Techniken zu liefern, um Einw\u00e4nde zu \u00fcberwinden, Inhalte zu erstellen und mehr!<\/p>\n<p>&nbsp;<\/p>\n<p><strong>Genius.AI hilft Ihnen bei der Optimierung Ihres Erstellungsprozesses f\u00fcr Social Media-Inhalte, um das organische Umsatzwachstum zu steigern, ohne dabei ins Schwitzen zu kommen.<\/strong><\/p>\n<p><strong>Steigern Sie Ihr Marketing mit KI.<\/strong><\/p>\n<p>&nbsp;<\/p>","protected":false},"excerpt":{"rendered":"<h4 class=\"\"><b>Genius.AI erstellt Inhalte, um Ihre Social-Media-Pr\u00e4senz zu erweitern und Ihre eigenen Produkte, Dienstleistungen und Angebote mit Ihrer eigenen Pers\u00f6nlichkeit und\/oder Markenstimme zu positionieren<\/b><b>.<\/b><\/h4>\n<p>&nbsp;<\/p>","protected":false},"featured_media":113812,"template":"","meta":{"footnotes":""},"product_brand":[],"product_cat":[87,76],"product_tag":[],"class_list":{"0":"post-117047","1":"product","2":"type-product","3":"status-publish","4":"has-post-thumbnail","6":"product_cat-elearning","7":"product_cat-memberships","9":"first","10":"instock","11":"virtual","12":"taxable","13":"purchasable","14":"product-type-subscription"},"bundled_by":[],"bundle_stock_status":"instock","bundle_stock_quantity":null,"bundle_virtual":false,"bundle_layout":"","bundle_add_to_cart_form_location":"","bundle_editable_in_cart":false,"bundle_sold_individually_context":"","bundle_item_grouping":"","bundle_min_size":"","bundle_max_size":"","bundle_price":[],"bundled_items":[],"bundle_sell_ids":[],"group_of_quantity":0,"min_quantity":0,"max_quantity":"","exclude_order_quantity_value_rules":"no","exclude_category_quantity_rules":"no","combine_variations":"no","_links":{"self":[{"href":"https:\/\/2024.shoply.com\/de\/wp-json\/wp\/v2\/product\/117047","targetHints":{"allow":["GET"]}}],"collection":[{"href":"https:\/\/2024.shoply.com\/de\/wp-json\/wp\/v2\/product"}],"about":[{"href":"https:\/\/2024.shoply.com\/de\/wp-json\/wp\/v2\/types\/product"}],"version-history":[{"count":2,"href":"https:\/\/2024.shoply.com\/de\/wp-json\/wp\/v2\/product\/117047\/revisions"}],"predecessor-version":[{"id":125498,"href":"https:\/\/2024.shoply.com\/de\/wp-json\/wp\/v2\/product\/117047\/revisions\/125498"}],"wp:featuredmedia":[{"embeddable":true,"href":"https:\/\/2024.shoply.com\/de\/wp-json\/wp\/v2\/media\/113812"}],"wp:attachment":[{"href":"https:\/\/2024.shoply.com\/de\/wp-json\/wp\/v2\/media?parent=117047"}],"wp:term":[{"taxonomy":"product_brand","embeddable":true,"href":"https:\/\/2024.shoply.com\/de\/wp-json\/wp\/v2\/product_brand?post=117047"},{"taxonomy":"product_cat","embeddable":true,"href":"https:\/\/2024.shoply.com\/de\/wp-json\/wp\/v2\/product_cat?post=117047"},{"taxonomy":"product_tag","embeddable":true,"href":"https:\/\/2024.shoply.com\/de\/wp-json\/wp\/v2\/product_tag?post=117047"}],"curies":[{"name":"wp","href":"https:\/\/api.w.org\/{rel}","templated":true}]}}