{"id":121283,"date":"2025-01-17T09:38:23","date_gmt":"2025-01-17T14:38:23","guid":{"rendered":"https:\/\/shoply.com\/?post_type=product&#038;p=121283"},"modified":"2025-02-27T18:21:00","modified_gmt":"2025-02-27T23:21:00","slug":"the-collective-annual-founding-membership","status":"publish","type":"product","link":"https:\/\/2024.shoply.com\/de\/produkt\/the-collective-annual-founding-membership\/","title":{"rendered":"Das Kollektiv: J\u00e4hrliche Gr\u00fcndungsmitgliedschaft"},"content":{"rendered":"<h1 class=\"checkout-content-title\">Gr\u00fcndungsmitgliedschaft: J\u00e4hrlich<\/h1>\n<div class=\"checkout-content-body\">\n<div id=\"bulletList-ajl8NDOwKI\" class=\"c-bullet-list c-wrapper\">\n<h3><strong><span class=\"emoji-container\"><span class=\"emoji-outer emoji-sizer\"><span class=\"emoji-inner\">?<\/span><\/span>\u00a0WERDEN SIE NOCH HEUTE AI-ERWEITERT\u00a0<span class=\"emoji-outer emoji-sizer\"><span class=\"emoji-inner\">?<\/span><\/span><\/span><\/strong><\/h3>\n<h4>Ver\u00e4ndern Sie Ihr Leben und Ihr Gesch\u00e4ft mit der The Collective's Membership<\/h4>\n<hr \/>\n<p><strong><span class=\"emoji-container\"><span class=\"emoji-outer emoji-sizer\"><span class=\"emoji-inner\">?<\/span><\/span>\u00a0Warum dem Kollektiv beitreten?<\/span><\/strong><br \/>\nDas Collective ist Ihr Tor zu exponentiellem Wachstum. Schlie\u00dfen Sie sich den Top-Unternehmern, Technologen, Vision\u00e4ren und KI-Enthusiasten an, die ihr Leben und ihre Unternehmen in der transformativsten Community skalieren.<\/p>\n<p><span class=\"emoji-container\"><span class=\"emoji-outer emoji-sizer\"><span class=\"emoji-inner\">?<\/span><\/span>\u00a0<\/span><em>Dies ist mehr als nur eine Mitgliedschaft - es ist eine Startrampe f\u00fcr Ihre Zukunft.<\/em><\/p>\n<hr \/>\n<h3><strong>Was ist in Ihrer Mitgliedschaft f\u00fcr $2,222\/Jahr inbegriffen?<\/strong><\/h3>\n<h4><\/h4>\n<h3><strong>? Ihre All-Inclusive-Mitgliedsvorteile<\/strong><\/h3>\n<p><strong>1\ufe0f\u20e3 AI-Verbesserung &amp; Beherrschung<\/strong><br \/>\n\u2714\u00a0<strong>7-Tage-Herausforderung f\u00fcr AI Mastery<\/strong>\u00a0- Gewinnen Sie sofortigen Schwung und praktische Erfahrung.<br \/>\n\u2714\u00a0<strong>5-stufiges AI-Verbesserungsprogramm<\/strong>\u00a0- Ein selbstgesteuertes System zur Verbesserung der eigenen F\u00e4higkeiten.<br \/>\n\u2714\u00a0<strong>GPT Business-Kurs<\/strong>\u00a0- Ab n\u00e4chsten Monat k\u00f6nnen Sie Ihre Strategien aufwerten.<\/p>\n<p><strong>2\ufe0f\u20e3 KI-Tools und Ressourcen<\/strong><br \/>\n\u2714\u00a0<strong>Exklusive AI-Tools-Datenbank<\/strong>\u00a0- Greifen Sie auf die hei\u00dfesten Tools zu, die die Branche umgestalten.<br \/>\n\u2714\u00a0<strong>50+ AI-Anwendungsf\u00e4lle f\u00fcr Leben und Wirtschaft<\/strong>\u00a0- Praktische Strategien f\u00fcr Wachstum.<\/p>\n<p><strong>3\ufe0f\u20e3 Hochwertige Bildung &amp; Live-Sitzungen<\/strong><br \/>\n\u2714\u00a0<strong>Monatliche Experten-Gastvortr\u00e4ge<\/strong>\u00a0- Lernen Sie von den Besten in den Bereichen KI, Wirtschaft und Marketing.<br \/>\n\u2714\u00a0<strong>30+ Akademie-Sitzungen<\/strong>\u00a0- KI, Denkweise, Gesch\u00e4ftsstrategien, Automatisierungen und mehr.<br \/>\n\u2714\u00a0<strong>W\u00f6chentliche Vortex-Aufrufe<\/strong>\u00a0- Einblicke in Echtzeit und Live-Schulungen.<br \/>\n\u2714\u00a0<strong>Mastermind Live Streams &amp; Digitale Sitzungen<\/strong>\u00a0- Kn\u00fcpfen Sie Kontakte und lernen Sie von f\u00fchrenden K\u00f6pfen.<\/p>\n<p><strong>4\ufe0f\u20e3 Lebendige Gemeinschaft und Netzwerkarbeit<\/strong><br \/>\n\u2714\u00a0<strong>Private WhatsApp-Gruppen<\/strong>\u00a0- Tauschen Sie sich mit Experten f\u00fcr KI, Technologie, Immobilien und Investitionen aus.<br \/>\n\u2714\u00a0<strong>Zugang zu Epic Talks Meetups<\/strong>\u00a0- Im Wert von $150\/Veranstaltung, jetzt enthalten.<br \/>\n\u2714\u00a0<strong>Exklusive Rabatte und Verg\u00fcnstigungen<\/strong>\u00a0- Profitieren Sie von Sonderkonditionen bei Hotels, Dienstleistungen und vielem mehr.<\/p>\n<p><strong>5\ufe0f\u20e3 In-Person &amp; Premium Zugang<\/strong><br \/>\n\u2714\u00a0<strong>Teilweiser Mastermind-Zugang (Tag 1)<\/strong>\u00a0- Zweimal pro Jahr Teilnahme an Networking-Veranstaltungen und Meisterkursen.<br \/>\n\u2714\u00a0<strong>Einladungen zu Hacker-H\u00e4usern und exklusiven Treffen<\/strong>\u00a0- Mit anderen Vision\u00e4ren zusammenarbeiten, innovativ sein und etwas aufbauen.<\/p>\n<hr \/>\n<p><strong><span class=\"emoji-container\"><span class=\"emoji-outer emoji-sizer\"><span class=\"emoji-inner\">?<\/span><\/span>\u00a0BONUSSE NUR F\u00dcR SIE<\/span><\/strong><br \/>\n<span class=\"emoji-container\"><span class=\"emoji-outer emoji-sizer\"><span class=\"emoji-inner\">?<\/span><\/span>\u00a0<\/span><strong>AI Prompt Bibliothek &amp; Spickzettel:<\/strong>\u00a0Gebrauchsfertige Ressourcen.<br \/>\n<span class=\"emoji-container\"><span class=\"emoji-outer emoji-sizer\"><span class=\"emoji-inner\">?<\/span><\/span>\u00a0<\/span><strong>Leitfaden f\u00fcr 100 AI-Gesch\u00e4ftsideen:<\/strong>\u00a0Monetarisieren Sie AI m\u00fchelos.<br \/>\n<span class=\"emoji-container\"><span class=\"emoji-outer emoji-sizer\"><span class=\"emoji-inner\">?<\/span><\/span>\u00a0<strong>50 Wege zur Nutzung von AI<\/strong><\/span><strong>:<\/strong>\u00a0Ideen und M\u00f6glichkeiten zur Nutzung von KI<\/p>\n<hr \/>\n<h3><strong><span class=\"emoji-container\"><span class=\"emoji-outer emoji-sizer\"><span class=\"emoji-inner\">?<\/span><\/span>\u00a0Warum jetzt?<\/span><\/strong><\/h3>\n<p>Die KI ver\u00e4ndert die Welt. Unternehmen, die sich nicht anpassen, geraten ins Hintertreffen. Das Collective ist hier, um Ihre Vision zukunftssicher zu machen und Ihnen zu helfen, schneller als je zuvor zu skalieren.<\/p>\n<\/div>\n<\/div>","protected":false},"excerpt":{"rendered":"<p>Perfekt f\u00fcr alle, die ihr KI-Wissen vertiefen und sich digital vernetzen m\u00f6chten. Diese Mitgliedschaft gew\u00e4hrt Ihnen Zugang zu unserem umfangreichen Netzwerk von Unternehmern, Technologen und Beratern sowie zu unserer digitalen Community. Au\u00dferdem erhalten Sie erm\u00e4\u00dfigten Zugang zu Veranstaltungen und exklusiven Inhalten, die Sie bei Ihrem Wachstum und Ihrer Innovation unterst\u00fctzen.<\/p>","protected":false},"featured_media":122245,"template":"","meta":{"footnotes":""},"product_brand":[],"product_cat":[87],"product_tag":[],"class_list":{"0":"post-121283","1":"product","2":"type-product","3":"status-publish","4":"has-post-thumbnail","6":"product_cat-elearning","7":"has-subscription-plans","9":"first","10":"instock","11":"virtual","12":"purchasable","13":"product-type-simple"},"bundled_by":[],"bundle_stock_status":"instock","bundle_stock_quantity":null,"bundle_virtual":false,"bundle_layout":"","bundle_add_to_cart_form_location":"","bundle_editable_in_cart":false,"bundle_sold_individually_context":"","bundle_item_grouping":"","bundle_min_size":"","bundle_max_size":"","bundle_price":[],"bundled_items":[],"bundle_sell_ids":[],"group_of_quantity":0,"min_quantity":0,"max_quantity":"","exclude_order_quantity_value_rules":"no","exclude_category_quantity_rules":"no","combine_variations":"no","_links":{"self":[{"href":"https:\/\/2024.shoply.com\/de\/wp-json\/wp\/v2\/product\/121283","targetHints":{"allow":["GET"]}}],"collection":[{"href":"https:\/\/2024.shoply.com\/de\/wp-json\/wp\/v2\/product"}],"about":[{"href":"https:\/\/2024.shoply.com\/de\/wp-json\/wp\/v2\/types\/product"}],"version-history":[{"count":3,"href":"https:\/\/2024.shoply.com\/de\/wp-json\/wp\/v2\/product\/121283\/revisions"}],"predecessor-version":[{"id":147740,"href":"https:\/\/2024.shoply.com\/de\/wp-json\/wp\/v2\/product\/121283\/revisions\/147740"}],"wp:featuredmedia":[{"embeddable":true,"href":"https:\/\/2024.shoply.com\/de\/wp-json\/wp\/v2\/media\/122245"}],"wp:attachment":[{"href":"https:\/\/2024.shoply.com\/de\/wp-json\/wp\/v2\/media?parent=121283"}],"wp:term":[{"taxonomy":"product_brand","embeddable":true,"href":"https:\/\/2024.shoply.com\/de\/wp-json\/wp\/v2\/product_brand?post=121283"},{"taxonomy":"product_cat","embeddable":true,"href":"https:\/\/2024.shoply.com\/de\/wp-json\/wp\/v2\/product_cat?post=121283"},{"taxonomy":"product_tag","embeddable":true,"href":"https:\/\/2024.shoply.com\/de\/wp-json\/wp\/v2\/product_tag?post=121283"}],"curies":[{"name":"wp","href":"https:\/\/api.w.org\/{rel}","templated":true}]}}