{"id":122505,"date":"2025-01-22T22:05:53","date_gmt":"2025-01-23T03:05:53","guid":{"rendered":"https:\/\/shoply.com\/product\/open-to-love-paint-by-numbers\/"},"modified":"2025-01-27T16:52:40","modified_gmt":"2025-01-27T21:52:40","slug":"open-to-love-paint-by-numbers","status":"publish","type":"product","link":"https:\/\/2024.shoply.com\/de\/produkt\/open-to-love-paint-by-numbers\/","title":{"rendered":"Offen f\u00fcr Liebe Paint By Numbers"},"content":{"rendered":"<p>Ihr Malen-nach-Zahlen-Motiv ist bereits auf einen stabilen Holzrahmen gespannt und kann sofort bemalt werden.<\/p>\n<p>Erh\u00e4ltlich in zwei Gr\u00f6\u00dfen:<br \/>\n15.7inches x 19.7inches und 19.7inches x 25.6inches (40cm x 50cm und 50cm x 65cm)<br \/>\nIhr Kit enth\u00e4lt: Pinsel, hochwertige Acrylfarben, Montagehaken und Schrauben.<\/p>\n<p>Ihr Gem\u00e4lde wird direkt von unserem Werk an Ihre Adresse versandt, so dass keine zus\u00e4tzlichen Versandkosten f\u00fcr Sie anfallen.<br \/>\nBitte rechnen Sie mit 3 Wochen Lieferfrist.<\/p>","protected":false},"excerpt":{"rendered":"<p>Zeit, kreativ zu werden! Gestalten Sie eines der luxuri\u00f6sen Original-Kunstwerke der international preisgekr\u00f6nten australischen K\u00fcnstlerin Tracie Eaton als Malen-nach-Zahlen-Set in 36 Farben nach. Tracie gibt dir die Vorlage, der du bis zur Zahl folgen kannst, oder als Leitfaden, in den du deine eigene Kreativit\u00e4t einbringen kannst.<\/p>\n<p>Tracie Eaton kreiert sehr begehrte, exklusive Gem\u00e4lde. Und um sicherzustellen, dass Sie nur einer von wenigen sind, die ein Tracie Eaton Paint By Numbers Ihres gew\u00e4hlten Designs besitzen, sind ALLE Paint By Numbers LIMITED EDITION Releases, von denen weltweit nur 200 St\u00fcck erh\u00e4ltlich sind.<\/p>\n<p>Kommen Sie zu Tracie, tauchen Sie ein in den freudigen, beruhigenden Prozess des Malens und lassen Sie Ihre Kreativit\u00e4t erstrahlen.<\/p>","protected":false},"featured_media":122504,"template":"","meta":{"footnotes":""},"product_brand":[],"product_cat":[403,407,100,310,404],"product_tag":[320,267,592,319,397],"class_list":{"0":"post-122505","1":"product","2":"type-product","3":"status-publish","4":"has-post-thumbnail","6":"product_cat-arts-entertainment","7":"product_cat-gift-giving","8":"product_cat-home","9":"product_cat-home-garden","10":"product_cat-party-celebration","11":"product_tag-decor","12":"product_tag-gifts","13":"product_tag-high-quality","14":"product_tag-home","15":"product_tag-luxury","16":"product_shipping_class-shipping-class-1","18":"first","19":"instock","20":"taxable","21":"shipping-taxable","22":"purchasable","23":"product-type-simple"},"bundled_by":[],"bundle_stock_status":"instock","bundle_stock_quantity":null,"bundle_virtual":false,"bundle_layout":"","bundle_add_to_cart_form_location":"","bundle_editable_in_cart":false,"bundle_sold_individually_context":"","bundle_item_grouping":"","bundle_min_size":"","bundle_max_size":"","bundle_price":[],"bundled_items":[],"bundle_sell_ids":[],"group_of_quantity":0,"min_quantity":0,"max_quantity":"","exclude_order_quantity_value_rules":"no","exclude_category_quantity_rules":"no","combine_variations":"no","_links":{"self":[{"href":"https:\/\/2024.shoply.com\/de\/wp-json\/wp\/v2\/product\/122505","targetHints":{"allow":["GET"]}}],"collection":[{"href":"https:\/\/2024.shoply.com\/de\/wp-json\/wp\/v2\/product"}],"about":[{"href":"https:\/\/2024.shoply.com\/de\/wp-json\/wp\/v2\/types\/product"}],"version-history":[{"count":1,"href":"https:\/\/2024.shoply.com\/de\/wp-json\/wp\/v2\/product\/122505\/revisions"}],"predecessor-version":[{"id":125609,"href":"https:\/\/2024.shoply.com\/de\/wp-json\/wp\/v2\/product\/122505\/revisions\/125609"}],"wp:featuredmedia":[{"embeddable":true,"href":"https:\/\/2024.shoply.com\/de\/wp-json\/wp\/v2\/media\/122504"}],"wp:attachment":[{"href":"https:\/\/2024.shoply.com\/de\/wp-json\/wp\/v2\/media?parent=122505"}],"wp:term":[{"taxonomy":"product_brand","embeddable":true,"href":"https:\/\/2024.shoply.com\/de\/wp-json\/wp\/v2\/product_brand?post=122505"},{"taxonomy":"product_cat","embeddable":true,"href":"https:\/\/2024.shoply.com\/de\/wp-json\/wp\/v2\/product_cat?post=122505"},{"taxonomy":"product_tag","embeddable":true,"href":"https:\/\/2024.shoply.com\/de\/wp-json\/wp\/v2\/product_tag?post=122505"}],"curies":[{"name":"wp","href":"https:\/\/api.w.org\/{rel}","templated":true}]}}