{"id":145930,"date":"2025-02-25T11:32:14","date_gmt":"2025-02-25T16:32:14","guid":{"rendered":"https:\/\/shoply.com\/?post_type=product&#038;p=145930"},"modified":"2025-03-07T11:16:46","modified_gmt":"2025-03-07T16:16:46","slug":"perfekt-make-up-in-one-minute-no-2","status":"publish","type":"product","link":"https:\/\/2024.shoply.com\/de\/produkt\/perfekt-make-up-in-one-minute-no-2\/","title":{"rendered":"perfekt make up in one minute! No.2"},"content":{"rendered":"<div class=\"product-details__product-attributes\">\n<p>&nbsp;<\/p>\n<p>&nbsp;<\/p>\n<p>&nbsp;<\/p>\n<div class=\"details-product-attribute\">\n<p><strong>Marke:<\/strong> Martina Otte Kosmetika\u00ae<\/p>\n<p><strong>Transform your look in seconds!<\/strong> Discover the &#8220;All Cover Up Foundation No. 2 Natural Beige&#8221; by Martina Otte Cosmetics\u00ae. This high-coverage, light-reflecting foundation is designed for face and body, impressing with its water resistance and silky finish. A small amount is enough to conceal blemishes, neutralize redness, and gently smooth fine lines. Enjoy the added lifting effect and integrated SPF 50 sun protection. The result? A naturally perfect complexion that looks cared for and radiates long-lasting. Ideal for light skin and for anyone looking for an effective solution for a flawless appearance.<\/p>\n<p>Makeup and care give you a radiant and fresh complexion. Due to the waterproof consistency, the makeup is smudge-proof and lasts for 24 hours without transferring. Thanks to the hybrid makeup that combines care and foundation, you no longer need concealer and powder. High coverage and yield for an extra-class care and makeup highlight. Perfectly primed with high coverage. The breathable hybrid foundation with care gives you a youthful and fresh appearance.<\/p>\n<p><strong>Zutaten:<\/strong><\/p>\n<p>Wasser (Aqua), Cyclopentasiloxan, Bienenwachs (Cera Alba), Stearyl Dimethicone, Isododecan, Cetyl Ethylhexanoat, mikrokristallines Wachs (Crea Microcristal-lina), Ceryl PEG\/PPG-10\/1 Dimethicone, Glyceryl Laurate, Glimmer, Dis-teardimonium, Hectorit , Methylparaben, Ethylparaben, Butylparaben, Tocopherylacetat, Ascorbylpalmitat, Chamomilla Recutita-Extrakt, Natriumhyaluronat, Kann enthalten\/kann enthalten: Eisenoxide (CI 177491, CI 177492, CI 177499), Titandioxid (CI 177891) ohne Tierversuche<\/p>\n<\/div>\n<\/div>","protected":false},"excerpt":{"rendered":"<p>Hybrid Make up No.2 Naturel Beige ist f\u00fcr den nordischen Typ. Wenn Sie einen gelblichen oder hellbeigen Teint mit einem rosafarbenen Unterton in der Haut haben, dann passt diese Foundation perfekt zu Ihnen. Schauen Sie sich die Bilder der Models an, die ich zu jedem Produkt auftrage. Du kannst es mit deinem Gesicht vergleichen!<\/p>\n<ul>\n<li><strong>Erleben Sie die Symbiose aus Pflege und Make-up mit Martina Otte Cosmetics\u00ae.<\/strong>Ihr perfekter Begleiter f\u00fcr jeden Anlass: Wasserfest, langanhaltend und mit Anti-Aging-Effekt.Martina Otte Cosmetics\u00ae bietet hochwertige, wirkstoffreiche Foundations, die Ihre Haut pflegen und gleichzeitig f\u00fcr ein makelloses Aussehen sorgen.Sparen Sie Zeit und Glanz - mit unserem innovativen Hybrid-Makeup, speziell f\u00fcr die moderne Frau entwickelt.<strong>Hybrid Makeup von Martina Otte Cosmetics\u00ae: Die perfekte Mischung aus Pflege und Farbe<\/strong>\n<p><strong>Was ist Hybrid-Makeup?<\/strong><\/p>\n<p>Imagine your skincare and makeup merging into one product. That&#8217;s exactly what hybrid makeup is. It combines the benefits of innovative skincare with the coverage properties of makeup. The result? A radiant complexion that looks cared for while covering imperfections.<\/p>\n<p><strong>Was kann Martina Otte Cosmetics\u00ae Hybrid Makeup leisten?<\/strong><\/p>\n<p>Die Hybridprodukte von Martina Otte Cosmetics\u00ae wurden entwickelt, um Ihrer Haut nicht nur Farbe zu verleihen, sondern sie auch zu pflegen und zu sch\u00fctzen. Hier sind einige Vorteile, die Sie erwarten k\u00f6nnen:<\/p>\n<ul>\n<li><strong>Perfekte Deckung:<\/strong> Ob leichte T\u00f6nung oder volle Abdeckung - unsere Hybridprodukte passen sich Ihren Bed\u00fcrfnissen an und kaschieren Unreinheiten, R\u00f6tungen und Augenringe.<\/li>\n<li><strong>Intensive Pflege:<\/strong> Hochwertige Inhaltsstoffe wie Hyalurons\u00e4ure, Vitamine und Antioxidantien versorgen Ihre Haut mit Feuchtigkeit, sch\u00fctzen sie vor Umwelteinfl\u00fcssen und f\u00f6rdern ihre Regeneration.<\/li>\n<li><strong>Nat\u00fcrliche Oberfl\u00e4che:<\/strong> Our hybrid products leave an even, natural finish as if you weren&#8217;t wearing makeup.<\/li>\n<li><strong>Langanhaltende Wirkung:<\/strong> Genie\u00dfen Sie den ganzen Tag lang einen frischen und strahlenden Teint.<\/li>\n<li><strong>Multifunktionale Anwendung:<\/strong> Viele unserer Hybridprodukte k\u00f6nnen als Foundation, Concealer und leichte Tagescreme verwendet werden.<\/li>\n<\/ul>\n<p><strong>Warum Hybrid Makeup von Martina Otte Cosmetics\u00ae?<\/strong><\/p>\n<ul>\n<li><strong>Individuelle L\u00f6sungen:<\/strong> Wir bieten eine Vielzahl von Hybridprodukten f\u00fcr jeden Hauttyp und jedes Bed\u00fcrfnis.<\/li>\n<li><strong>H\u00f6chste Qualit\u00e4t:<\/strong> Unsere Produkte werden aus hochwertigen, sorgf\u00e4ltig ausgew\u00e4hlten Zutaten hergestellt.<\/li>\n<\/ul>\n<p>\u00dcberzeugen Sie sich selbst und definieren Sie Ihre eigene Sch\u00f6nheit mit dem Hybrid Make-up von Martina Otte Cosmetics\u00ae.<\/li>\n<\/ul>","protected":false},"featured_media":151232,"template":"","meta":{"footnotes":""},"product_brand":[],"product_cat":[77],"product_tag":[149,174,743,140],"class_list":{"0":"post-145930","1":"product","2":"type-product","3":"status-publish","4":"has-post-thumbnail","6":"product_cat-uncategorized","7":"product_tag-anti-aging","8":"product_tag-anti-inflammatory","9":"product_tag-beauty","10":"product_tag-skin-care","11":"has-subscription-plans","13":"first","14":"instock","15":"sale","16":"taxable","17":"shipping-taxable","18":"purchasable","19":"product-type-simple"},"bundled_by":["97314","151262"],"bundle_stock_status":"instock","bundle_stock_quantity":null,"bundle_virtual":false,"bundle_layout":"","bundle_add_to_cart_form_location":"","bundle_editable_in_cart":false,"bundle_sold_individually_context":"","bundle_item_grouping":"","bundle_min_size":"","bundle_max_size":"","bundle_price":[],"bundled_items":[],"bundle_sell_ids":[],"group_of_quantity":0,"min_quantity":0,"max_quantity":"","exclude_order_quantity_value_rules":"no","exclude_category_quantity_rules":"no","combine_variations":"no","_links":{"self":[{"href":"https:\/\/2024.shoply.com\/de\/wp-json\/wp\/v2\/product\/145930","targetHints":{"allow":["GET"]}}],"collection":[{"href":"https:\/\/2024.shoply.com\/de\/wp-json\/wp\/v2\/product"}],"about":[{"href":"https:\/\/2024.shoply.com\/de\/wp-json\/wp\/v2\/types\/product"}],"version-history":[{"count":10,"href":"https:\/\/2024.shoply.com\/de\/wp-json\/wp\/v2\/product\/145930\/revisions"}],"predecessor-version":[{"id":151235,"href":"https:\/\/2024.shoply.com\/de\/wp-json\/wp\/v2\/product\/145930\/revisions\/151235"}],"wp:featuredmedia":[{"embeddable":true,"href":"https:\/\/2024.shoply.com\/de\/wp-json\/wp\/v2\/media\/151232"}],"wp:attachment":[{"href":"https:\/\/2024.shoply.com\/de\/wp-json\/wp\/v2\/media?parent=145930"}],"wp:term":[{"taxonomy":"product_brand","embeddable":true,"href":"https:\/\/2024.shoply.com\/de\/wp-json\/wp\/v2\/product_brand?post=145930"},{"taxonomy":"product_cat","embeddable":true,"href":"https:\/\/2024.shoply.com\/de\/wp-json\/wp\/v2\/product_cat?post=145930"},{"taxonomy":"product_tag","embeddable":true,"href":"https:\/\/2024.shoply.com\/de\/wp-json\/wp\/v2\/product_tag?post=145930"}],"curies":[{"name":"wp","href":"https:\/\/api.w.org\/{rel}","templated":true}]}}