{"id":147001,"date":"2025-02-26T10:39:35","date_gmt":"2025-02-26T15:39:35","guid":{"rendered":"https:\/\/shoply.com\/?post_type=product&#038;p=147001"},"modified":"2025-03-14T11:15:12","modified_gmt":"2025-03-14T16:15:12","slug":"the-level-up-academy-for-social-sellers","status":"publish","type":"product","link":"https:\/\/2024.shoply.com\/de\/produkt\/the-level-up-academy-for-social-sellers\/","title":{"rendered":"Die Level Up Academy | f\u00fcr Social Sellers"},"content":{"rendered":"<p><iframe title=\"Das Info-Video der Level Up Academy (Website September 2024)\" width=\"500\" height=\"375\" src=\"https:\/\/www.youtube.com\/embed\/-iFR0puh5oU?feature=oembed\" frameborder=\"0\" allow=\"accelerometer; autoplay; clipboard-write; encrypted-media; gyroscope; picture-in-picture; web-share\" referrerpolicy=\"strict-origin-when-cross-origin\" allowfullscreen><\/iframe><\/p>\n<h1 style=\"text-align: left;\"><span style=\"font-weight: 400;\">Was w\u00e4re, wenn...<\/span><\/h1>\n<p>&nbsp;<\/p>\n<p style=\"text-align: left;\"><span style=\"font-weight: 400;\">Sie sind morgens aufgewacht und haben\u00a0<strong>Verk\u00e4ufe in Ihrem Posteingang.<\/strong>\u00a0Sie\u00a0<strong>Ich habe es geliebt, in den sozialen Medien zu posten, weil es mir Spa\u00df gemacht hat.<\/strong>. Sie hatten tats\u00e4chlich Frauen\u00a0<strong>SIE \u00fcber das Gesch\u00e4ft zu befragen.<\/strong><\/span><\/p>\n<p>&nbsp;<\/p>\n<p style=\"text-align: left;\"><span style=\"font-weight: 400;\">Schreist du etwa -\u00a0<strong>\"Ja, ja, ja\"<\/strong>\u00a0aber insgeheim bezweifeln Sie, dass dies m\u00f6glich ist?<\/span><\/p>\n<h1><\/h1>\n<h1 style=\"text-align: left;\"><span style=\"font-weight: 400;\">Glauben Sie mir - es ist m\u00f6glich.<\/span><\/h1>\n<p>&nbsp;<\/p>\n<p style=\"text-align: left;\"><strong><span style=\"color: #d2a399;\">Es ist auch m\u00f6glich, sein Leben zu leben und gleichzeitig sein Unternehmen aufzubauen.\u00a0<\/span><\/strong><\/p>\n<p>&nbsp;<\/p>\n<p style=\"text-align: left;\">Mit den Kindern ins Bett zu gehen, ohne das Telefon in der Hand zu haben.<\/p>\n<p style=\"text-align: left;\">Eine Nacht mit dem Ehepartner verbringen, ohne sich Sorgen zu machen, etwas zu verpassen.<\/p>\n<p><span style=\"font-weight: 400;\">Um ein gro\u00dfes Team aufzubauen, ohne jeden Tag Stunden im DM zu verbringen.\u00a0<\/span><\/p>\n<p style=\"text-align: left;\"><span style=\"font-weight: 400;\">\u00a0<\/span><\/p>\n<p style=\"text-align: left;\"><strong><span style=\"color: #d2a399;\">Das ist es, was ich aufgebaut habe, und das ist es, was ich meinen Kunden beim Aufbau helfe.\u00a0<\/span><\/strong><\/p>\n<p>&nbsp;<\/p>\n<h2>Wir stellen vor - die Level Up Academy.<\/h2>\n<p>Ihr One-Stop-Shop f\u00fcr den Aufbau Ihres Social-Selling-Gesch\u00e4fts, w\u00e4hrend Sie gleichzeitig ein Leben f\u00fchren, das Sie lieben.<\/p>\n<p>&nbsp;<\/p>\n<h1 style=\"text-align: left;\"><span style=\"font-weight: 400;\">Die Akademie wird Ihnen helfen,<\/span><span style=\"font-weight: 400;\">\u00a0<\/span><\/h1>\n<ul id=\"arrow-pink\">\n<li><span style=\"font-weight: 400;\">Bauen Sie Systeme in Ihr Unternehmen ein, damit Sie nicht das Gef\u00fchl haben, 24\/7 zu arbeiten.<\/span><\/li>\n<li><span style=\"font-weight: 400;\">Entdecken Sie die Strategien, die f\u00fcr Sie tats\u00e4chlich funktionieren - sowohl f\u00fcr den Verkauf als auch f\u00fcr das Wachstum Ihres Teams<\/span><\/li>\n<li><span style=\"font-weight: 400;\">Erstaunliche Kunden und Teammitglieder anziehen, ohne eine Million Nachrichten zu versenden<\/span><\/li>\n<li><span style=\"font-weight: 400;\">Fangen Sie an, best\u00e4ndig Geld zu verdienen, ohne die Zeit mit Ihrer Familie zu opfern<\/span><\/li>\n<li><span style=\"font-weight: 400;\">Bauen Sie eine engagierte und aktive FB-Kundengruppe auf, die zu einem best\u00e4ndigen Umsatzstrom wird<\/span><\/li>\n<li><span style=\"font-weight: 400;\">Ein Publikum auf Instagram aufbauen, das Spa\u00df macht und spannend ist<\/span><\/li>\n<li><span style=\"font-weight: 400;\">Lernen Sie verschiedene Verkaufsstrategien kennen, die Sie in Ihrem eigenen Unternehmen anwenden k\u00f6nnen.<\/span><\/li>\n<li><span style=\"font-weight: 400;\">Sie haben die richtigen Worte, um Partys zu buchen, Ihr Team zu vergr\u00f6\u00dfern usw.\u00a0<\/span><\/li>\n<\/ul>\n<p>&nbsp;<\/p>\n<h1 style=\"text-align: left;\"><span style=\"font-weight: 400;\">Mein Ziel ist es, Ihr Gesch\u00e4ft einfach zu machen.<\/span><\/h1>\n<p>&nbsp;<\/p>\n<p style=\"text-align: left;\"><span style=\"font-weight: 400;\">Als vielbesch\u00e4ftigte Mutter wei\u00df ich genau, wie es ist, einen Vollzeitjob zu haben, drei Kinder aufzuziehen und gleichzeitig zu versuchen, mein eigenes Unternehmen zu gr\u00fcnden.\u00a0<\/span><\/p>\n<p>&nbsp;<\/p>\n<p style=\"text-align: left;\"><span style=\"font-weight: 400;\"><span style=\"color: #d2a399;\"><strong>Ich werde Ihnen sowohl die Systeme als auch die Strategien an die Hand geben, die Sie anwenden k\u00f6nnen, um in Ihrem Unternehmen auf die von Ihnen gew\u00fcnschte Ebene zu gelangen.<\/strong><\/span>\u00a0<\/span><\/p>\n<p>&nbsp;<\/p>\n<p style=\"text-align: left;\">Ob Sie nun $500\/Monat zus\u00e4tzlich verdienen wollen oder Ihr Vollzeiteinkommen ersetzen m\u00f6chten - alles ist m\u00f6glich. <span style=\"color: #d2a399;\"><strong>Die Level Up Akademie<\/strong><\/span>\u00a0gibt Ihnen alles, was Sie brauchen, um dorthin zu gelangen.<\/p>\n<p>&nbsp;<\/p>\n<p style=\"text-align: left;\"><span style=\"font-weight: 400;\">Es ist an der Zeit, dass wir uns beim Aufbau unserer Unternehmen nicht mehr auf die Familie verlassen.\u00a0<\/span><\/p>\n<p style=\"text-align: left;\">Verzichten Sie auf das Versenden von Spamming-Nachrichten.<\/p>\n<p style=\"text-align: left;\"><span style=\"font-weight: 400;\">Durchbrechen Sie die \u00dcberforderung und beseitigen Sie das Burnout.\u00a0<\/span><\/p>\n<h1 style=\"text-align: left;\"><\/h1>\n<p>&nbsp;<\/p>\n<h1 style=\"text-align: left;\"><span style=\"font-weight: 400;\">Es gibt einen besseren Weg.\u00a0<\/span><\/h1>\n<p>&nbsp;<\/p>\n<p style=\"text-align: left;\">Ich zeige Ihnen, wie Sie eine Power Hour aufbauen k\u00f6nnen, die in Ihr Leben passt und es Ihnen erm\u00f6glicht, die Grundlage f\u00fcr Ihr 6-stelliges Gesch\u00e4ft zu schaffen, indem Sie einfach konsequent und begeistert in Ihrem Gesch\u00e4ft sind.<\/p>\n<h1 style=\"text-align: left;\"><\/h1>\n<p>&nbsp;<\/p>\n<h1 style=\"text-align: left;\"><span style=\"font-weight: 400;\">Sind Sie bereit?<\/span><\/h1>\n<p>&nbsp;<\/p>\n<h2>In der Akademie eingeschlossen:<\/h2>\n<ul>\n<li><strong>Die Level Up Akademie<\/strong> - 10 vertiefende Kurse, die Sie durch jeden Aspekt des Aufbaus Ihres Unternehmens f\u00fchren<\/li>\n<li><strong>Der Level Up Content Hub<\/strong> - Mitglieder erhalten sofortigen Zugang zu einer Bibliothek voller Inhalte und Vorlagen, die sie f\u00fcr ihr Unternehmen nutzen k\u00f6nnen<\/li>\n<li><strong>Monatliche Meisterkurse &amp; Workshops<\/strong> - Vertiefungsschulung in vielen Aspekten Ihres Unternehmens<\/li>\n<li><strong>Eine exklusive Gemeinschaft<\/strong> - Wir haben eine private Peer-to-Peer-FB-Gruppe f\u00fcr unsere Mitglieder. Mit monatlichen Herausforderungen, allen Ank\u00fcndigungen an einem Ort und einem Ort, an dem Sie andere Frauen treffen und Ihre Fragen beantwortet bekommen.<\/li>\n<\/ul>\n<p>&nbsp;<\/p>\n<p>Alles, was Sie brauchen, um Ihr Unternehmen zu starten, aufzubauen und zu vergr\u00f6\u00dfern.<\/p>","protected":false},"excerpt":{"rendered":"<h3><\/h3>\n<h3>Sind Sie bereit zu lernen, wie man ein 6-stelliges Social Selling-Gesch\u00e4ft aufbaut, ohne 24\/7 an Ihr Telefon gebunden zu sein? Um in Systeme, die nicht nur machen den Aufbau eines Unternehmens einfach zu erschlie\u00dfen - aber Spa\u00df?<\/h3>\n<p>&nbsp;<\/p>\n<p><strong>Glauben Sie mir, ich verstehe das.<\/strong>\u00a0Es gibt so viele verr\u00fcckte Elemente beim Aufbau eines Online-Gesch\u00e4fts, dass man sich ausgebrannt und uninspiriert f\u00fchlt.<\/p>\n<p>&nbsp;<\/p>\n<p>Es gibt so viele Strategien, die so aussehen, als w\u00fcrden sie bei allen anderen funktionieren - aber bei Ihnen scheint es einfach nicht zu klappen.<\/p>\n<p>&nbsp;<\/p>\n<p>Nun, dann sind Sie hier richtig. In der Level Up Academy lernen Sie alles \u00fcber den Aufbau eines 6-stelligen Social Selling (Network Marketing) Gesch\u00e4fts. Die Schritt-f\u00fcr-Schritt-Kurse, gepaart mit der Unterst\u00fctzung einer unglaublichen Community und Live-Masterclasses, sind alles, was Sie brauchen, um Ihr Gesch\u00e4ft auf die n\u00e4chste Stufe zu heben.<\/p>","protected":false},"featured_media":147011,"template":"","meta":{"footnotes":""},"product_brand":[],"product_cat":[87,76],"product_tag":[],"class_list":{"0":"post-147001","1":"product","2":"type-product","3":"status-publish","4":"has-post-thumbnail","6":"product_cat-elearning","7":"product_cat-memberships","9":"first","10":"instock","11":"virtual","12":"taxable","13":"purchasable","14":"product-type-subscription"},"bundled_by":[],"bundle_stock_status":"instock","bundle_stock_quantity":null,"bundle_virtual":false,"bundle_layout":"","bundle_add_to_cart_form_location":"","bundle_editable_in_cart":false,"bundle_sold_individually_context":"","bundle_item_grouping":"","bundle_min_size":"","bundle_max_size":"","bundle_price":[],"bundled_items":[],"bundle_sell_ids":[],"group_of_quantity":0,"min_quantity":0,"max_quantity":"","exclude_order_quantity_value_rules":"no","exclude_category_quantity_rules":"no","combine_variations":"no","_links":{"self":[{"href":"https:\/\/2024.shoply.com\/de\/wp-json\/wp\/v2\/product\/147001","targetHints":{"allow":["GET"]}}],"collection":[{"href":"https:\/\/2024.shoply.com\/de\/wp-json\/wp\/v2\/product"}],"about":[{"href":"https:\/\/2024.shoply.com\/de\/wp-json\/wp\/v2\/types\/product"}],"version-history":[{"count":10,"href":"https:\/\/2024.shoply.com\/de\/wp-json\/wp\/v2\/product\/147001\/revisions"}],"predecessor-version":[{"id":147896,"href":"https:\/\/2024.shoply.com\/de\/wp-json\/wp\/v2\/product\/147001\/revisions\/147896"}],"wp:featuredmedia":[{"embeddable":true,"href":"https:\/\/2024.shoply.com\/de\/wp-json\/wp\/v2\/media\/147011"}],"wp:attachment":[{"href":"https:\/\/2024.shoply.com\/de\/wp-json\/wp\/v2\/media?parent=147001"}],"wp:term":[{"taxonomy":"product_brand","embeddable":true,"href":"https:\/\/2024.shoply.com\/de\/wp-json\/wp\/v2\/product_brand?post=147001"},{"taxonomy":"product_cat","embeddable":true,"href":"https:\/\/2024.shoply.com\/de\/wp-json\/wp\/v2\/product_cat?post=147001"},{"taxonomy":"product_tag","embeddable":true,"href":"https:\/\/2024.shoply.com\/de\/wp-json\/wp\/v2\/product_tag?post=147001"}],"curies":[{"name":"wp","href":"https:\/\/api.w.org\/{rel}","templated":true}]}}