{"id":29617,"date":"2024-08-19T21:58:53","date_gmt":"2024-08-19T21:58:53","guid":{"rendered":"https:\/\/shoply.com\/?post_type=product&#038;p=29617"},"modified":"2025-02-19T19:10:05","modified_gmt":"2025-02-20T00:10:05","slug":"banana-bread-electrolyte-lift-mix-in","status":"publish","type":"product","link":"https:\/\/2024.shoply.com\/de\/produkt\/banana-bread-electrolyte-lift-mix-in\/","title":{"rendered":"Bananenbrot Elektrolyt Lift Mix In"},"content":{"rendered":"<p>Erh\u00f6hen Sie die Fl\u00fcssigkeitszufuhr und Energie mit unserem Banana Bread Electrolyte Lift Mix-In. Mit lebenswichtigen Mineralien und dem k\u00f6stlichen Geschmack von Bananenbrot ist es eine schuldfreie M\u00f6glichkeit, ausgeglichen und gest\u00e4rkt zu bleiben. Perfekt f\u00fcr das Training oder jeden Tag, an dem Sie einen leckeren, regenerierenden Energieschub brauchen.<\/p>\n<p><em><strong>Diese Aussagen wurden von der Food and Drug Administration nicht bewertet.\u00a0<\/strong><\/em><em><strong>Dieses Produkt ist nicht dazu bestimmt, Krankheiten zu diagnostizieren, zu behandeln, zu heilen oder zu verhindern.<\/strong><\/em><\/p>","protected":false},"excerpt":{"rendered":"<p>Bananenbrot-Mix-In - 15 verpackte Portionen<\/p>\n<p>9 QV \/ 3.80 DB \/ 2 CV<\/p>\n<p>9 QV \/ 1 DB \/ 7 CV<\/p>","protected":false},"featured_media":29618,"template":"","meta":{"footnotes":""},"product_brand":[],"product_cat":[80],"product_tag":[],"class_list":{"0":"post-29617","1":"product","2":"type-product","3":"status-publish","4":"has-post-thumbnail","6":"product_cat-beauty-health-supplements","7":"product_shipping_class-shipping-class-1","8":"has-subscription-plans","10":"first","11":"instock","12":"taxable","13":"shipping-taxable","14":"purchasable","15":"product-type-simple"},"bundled_by":["29633"],"bundle_stock_status":"instock","bundle_stock_quantity":null,"bundle_virtual":false,"bundle_layout":"","bundle_add_to_cart_form_location":"","bundle_editable_in_cart":false,"bundle_sold_individually_context":"","bundle_item_grouping":"","bundle_min_size":"","bundle_max_size":"","bundle_price":[],"bundled_items":[],"bundle_sell_ids":[],"group_of_quantity":0,"min_quantity":0,"max_quantity":"","exclude_order_quantity_value_rules":"no","exclude_category_quantity_rules":"no","combine_variations":"no","_links":{"self":[{"href":"https:\/\/2024.shoply.com\/de\/wp-json\/wp\/v2\/product\/29617","targetHints":{"allow":["GET"]}}],"collection":[{"href":"https:\/\/2024.shoply.com\/de\/wp-json\/wp\/v2\/product"}],"about":[{"href":"https:\/\/2024.shoply.com\/de\/wp-json\/wp\/v2\/types\/product"}],"version-history":[{"count":1,"href":"https:\/\/2024.shoply.com\/de\/wp-json\/wp\/v2\/product\/29617\/revisions"}],"predecessor-version":[{"id":125993,"href":"https:\/\/2024.shoply.com\/de\/wp-json\/wp\/v2\/product\/29617\/revisions\/125993"}],"wp:featuredmedia":[{"embeddable":true,"href":"https:\/\/2024.shoply.com\/de\/wp-json\/wp\/v2\/media\/29618"}],"wp:attachment":[{"href":"https:\/\/2024.shoply.com\/de\/wp-json\/wp\/v2\/media?parent=29617"}],"wp:term":[{"taxonomy":"product_brand","embeddable":true,"href":"https:\/\/2024.shoply.com\/de\/wp-json\/wp\/v2\/product_brand?post=29617"},{"taxonomy":"product_cat","embeddable":true,"href":"https:\/\/2024.shoply.com\/de\/wp-json\/wp\/v2\/product_cat?post=29617"},{"taxonomy":"product_tag","embeddable":true,"href":"https:\/\/2024.shoply.com\/de\/wp-json\/wp\/v2\/product_tag?post=29617"}],"curies":[{"name":"wp","href":"https:\/\/api.w.org\/{rel}","templated":true}]}}