{"id":45950,"date":"2025-01-28T14:11:27","date_gmt":"2025-01-28T19:11:27","guid":{"rendered":"https:\/\/shoply.com\/?post_type=product&#038;p=45950"},"modified":"2025-01-28T14:11:27","modified_gmt":"2025-01-28T19:11:27","slug":"lip-in-the-buff-lipstick","status":"publish","type":"product","link":"https:\/\/2024.shoply.com\/de\/produkt\/lip-in-the-buff-lipstick\/","title":{"rendered":"Lip-In The Buff Lippenstift"},"content":{"rendered":"<p>G\u00f6nnen Sie sich die revolution\u00e4re Kraft von \"Infinite Kisses\" - eine Lippenfarbe, die alle Erwartungen \u00fcbertrifft. Diese au\u00dfergew\u00f6hnliche Formel geht \u00fcber das Gew\u00f6hnliche hinaus und bietet eine lebendige, matte Farbe, die stundenlang h\u00e4lt, w\u00e4hrend Ihre Lippen mit der nat\u00fcrlichen G\u00fcte von Sheabutter angenehm mit Feuchtigkeit versorgt werden. Verabschieden Sie sich von trockenen Lippen mit dem nicht austrocknenden, matten Finish von Infinite Kisses. Seine lang anhaltende, hochpigmentierte Formel sorgt daf\u00fcr, dass Sie stundenlang sch\u00f6n bleiben. Mit sechs bezaubernden Farben, die sorgf\u00e4ltig f\u00fcr jeden Hautton entwickelt wurden, finden Sie den perfekten Farbton, der Ihre nat\u00fcrliche Sch\u00f6nheit unterstreicht. Erleben Sie das ultimative Lippenfarbenerlebnis mit Infinite Kisses\".<\/p>","protected":false},"excerpt":{"rendered":"<p>7 QV \/ 2.50 DB \/ 2 CV<\/p>\n<p>6 QV \/ 1 DB \/ 4 CV<\/p>","protected":false},"featured_media":46133,"template":"","meta":{"footnotes":""},"product_brand":[],"product_cat":[80],"product_tag":[],"class_list":{"0":"post-45950","1":"product","2":"type-product","3":"status-publish","4":"has-post-thumbnail","6":"product_cat-beauty-health-supplements","7":"product_shipping_class-shipping-class-1","8":"has-subscription-plans","10":"first","11":"instock","12":"taxable","13":"shipping-taxable","14":"purchasable","15":"product-type-simple"},"bundled_by":[],"bundle_stock_status":"instock","bundle_stock_quantity":null,"bundle_virtual":false,"bundle_layout":"","bundle_add_to_cart_form_location":"","bundle_editable_in_cart":false,"bundle_sold_individually_context":"","bundle_item_grouping":"","bundle_min_size":"","bundle_max_size":"","bundle_price":[],"bundled_items":[],"bundle_sell_ids":[],"group_of_quantity":0,"min_quantity":0,"max_quantity":"","exclude_order_quantity_value_rules":"no","exclude_category_quantity_rules":"no","combine_variations":"no","_links":{"self":[{"href":"https:\/\/2024.shoply.com\/de\/wp-json\/wp\/v2\/product\/45950","targetHints":{"allow":["GET"]}}],"collection":[{"href":"https:\/\/2024.shoply.com\/de\/wp-json\/wp\/v2\/product"}],"about":[{"href":"https:\/\/2024.shoply.com\/de\/wp-json\/wp\/v2\/types\/product"}],"version-history":[{"count":1,"href":"https:\/\/2024.shoply.com\/de\/wp-json\/wp\/v2\/product\/45950\/revisions"}],"predecessor-version":[{"id":126131,"href":"https:\/\/2024.shoply.com\/de\/wp-json\/wp\/v2\/product\/45950\/revisions\/126131"}],"wp:featuredmedia":[{"embeddable":true,"href":"https:\/\/2024.shoply.com\/de\/wp-json\/wp\/v2\/media\/46133"}],"wp:attachment":[{"href":"https:\/\/2024.shoply.com\/de\/wp-json\/wp\/v2\/media?parent=45950"}],"wp:term":[{"taxonomy":"product_brand","embeddable":true,"href":"https:\/\/2024.shoply.com\/de\/wp-json\/wp\/v2\/product_brand?post=45950"},{"taxonomy":"product_cat","embeddable":true,"href":"https:\/\/2024.shoply.com\/de\/wp-json\/wp\/v2\/product_cat?post=45950"},{"taxonomy":"product_tag","embeddable":true,"href":"https:\/\/2024.shoply.com\/de\/wp-json\/wp\/v2\/product_tag?post=45950"}],"curies":[{"name":"wp","href":"https:\/\/api.w.org\/{rel}","templated":true}]}}