{"id":60472,"date":"2024-09-17T16:17:09","date_gmt":"2024-09-17T21:17:09","guid":{"rendered":"https:\/\/shoply.com\/?post_type=product&#038;p=60472"},"modified":"2025-02-20T17:38:07","modified_gmt":"2025-02-20T22:38:07","slug":"step-5-elevate-root-amplifier","status":"publish","type":"product","link":"https:\/\/2024.shoply.com\/de\/produkt\/step-5-elevate-root-amplifier\/","title":{"rendered":"SCHRITT 5 | Wurzelverst\u00e4rker anheben"},"content":{"rendered":"<p class=\"\">Elevate Root Amplifier ist der 5. Schritt in unserer markenrechtlich gesch\u00fctzten Bo Stegall | The Collection\u2122 Zellerneuerungstechnologie.<\/p>\n<p class=\"\"><strong>BEVOR<\/strong> Wenn Sie Ihren Elevate Root Amplifier verwenden, stellen Sie sicher, dass STEP 4 Hydrovital Mist auf das handtuchtrockene Haar aufgetragen wurde.<\/p>\n<p id=\"yui_3_17_2_1_1726607744593_507\" class=\"\"><strong>SHAKE <\/strong>Dose vor jedem Gebrauch gut aus.<\/p>\n<p class=\"\"><strong>DISPENSE <\/strong>eine zehn- bis viertelstundengro\u00dfe Menge STEP 5 Elevate Root Amplifier in die Handfl\u00e4che geben und die Dose 5-6 Zentimeter weit weg halten. Massieren Sie, bis die H\u00e4nde warm sind, um die organischen Inhaltsstoffe zu aktivieren.<\/p>\n<p class=\"\"><strong>APPLY<\/strong> das Produkt auf die Bereiche der Kopfhaut auftragen, die Sie sich Volumen und Auftrieb w\u00fcnschen. Arbeiten Sie durch die mittleren Str\u00e4hnen und Spitzen, um Volumen oder Textur im gesamten Haar zu schaffen.<\/p>\n<p class=\"\"><strong>WEITERGEHEN<\/strong> mit STEP 6 Silk Amino Peptide Therapy.<\/p>\n<p><strong>MEIN HAAR WIRD D\u00dcNNER ODER ES F\u00c4LLT AUS!<\/strong><\/p>\n<p><iframe title=\"2) Mein Haar wird d\u00fcnner! Was soll ich tun?\" width=\"500\" height=\"281\" src=\"https:\/\/www.youtube.com\/embed\/z3gqRLaXzhs?feature=oembed\" frameborder=\"0\" allow=\"accelerometer; autoplay; clipboard-write; encrypted-media; gyroscope; picture-in-picture; web-share\" referrerpolicy=\"strict-origin-when-cross-origin\" allowfullscreen><\/iframe><\/p>\n<p>&nbsp;<\/p>\n<p><strong>MEIN HAAR IST TROCKEN UND BESCH\u00c4DIGT!<\/strong><\/p>\n<p><iframe title=\"3) Mein Haar ist trocken und gesch\u00e4digt! Was soll ich tun?\" width=\"500\" height=\"281\" src=\"https:\/\/www.youtube.com\/embed\/-7EXsI1sX7Q?feature=oembed\" frameborder=\"0\" allow=\"accelerometer; autoplay; clipboard-write; encrypted-media; gyroscope; picture-in-picture; web-share\" referrerpolicy=\"strict-origin-when-cross-origin\" allowfullscreen><\/iframe><\/p>\n<p>&nbsp;<\/p>\n<p><strong>ICH HABE SPLISS!<\/strong><\/p>\n<p><iframe title=\"8) Ich habe gespaltene Haarspitzen, was kann ich tun?\" width=\"500\" height=\"281\" src=\"https:\/\/www.youtube.com\/embed\/ZJk95Thr6p8?feature=oembed\" frameborder=\"0\" allow=\"accelerometer; autoplay; clipboard-write; encrypted-media; gyroscope; picture-in-picture; web-share\" referrerpolicy=\"strict-origin-when-cross-origin\" allowfullscreen><\/iframe><\/p>\n<p>&nbsp;<\/p>\n<p><strong>MEIN HAAR UND MEINE KOPFHAUT SIND FETTIG!<\/strong><\/p>\n<p><iframe title=\"6) Ich habe eine fettige Kopfhaut, was kann ich tun?\" width=\"500\" height=\"281\" src=\"https:\/\/www.youtube.com\/embed\/_z6gpZyDNRc?feature=oembed\" frameborder=\"0\" allow=\"accelerometer; autoplay; clipboard-write; encrypted-media; gyroscope; picture-in-picture; web-share\" referrerpolicy=\"strict-origin-when-cross-origin\" allowfullscreen><\/iframe><\/p>\n<p>&nbsp;<\/p>\n<p><strong>MEIN HAAR IST LOCKIG ODER GEWELLT!<\/strong><\/p>\n<p><iframe title=\"4) Mein Haar ist lockig, was soll ich tun?\" width=\"500\" height=\"281\" src=\"https:\/\/www.youtube.com\/embed\/_2RLR4ekVVE?feature=oembed\" frameborder=\"0\" allow=\"accelerometer; autoplay; clipboard-write; encrypted-media; gyroscope; picture-in-picture; web-share\" referrerpolicy=\"strict-origin-when-cross-origin\" allowfullscreen><\/iframe><\/p>","protected":false},"excerpt":{"rendered":"<p>Elevate Root Amplifier ist der 5. Schritt in unserer markenrechtlich gesch\u00fctzten Bo Stegall | The Collection\u2122 Zellerneuerungstechnologie.<\/p>\n<p><strong>WO SOLL ICH BEI BO STEGALL ANFANGEN?<\/strong><\/p>\n<p>https:\/\/youtu.be\/P4oB0ALtszw?si=uIDmd4gWvDVM7cmJ<\/p>\n<p><strong>MEIN HAAR HAT KEIN VOLUMEN!<\/strong><\/p>\n<p>https:\/\/youtu.be\/Iax6R0fgGIA?si=Uauc2vLFf-Nt2LbB<\/p>","protected":false},"featured_media":63562,"template":"","meta":{"footnotes":""},"product_brand":[],"product_cat":[80],"product_tag":[112,141,110,185,131],"class_list":{"0":"post-60472","1":"product","2":"type-product","3":"status-publish","4":"has-post-thumbnail","6":"product_cat-beauty-health-supplements","7":"product_tag-cell-renewal","8":"product_tag-collagen","9":"product_tag-hair","10":"product_tag-organic","11":"product_tag-stem-cells","12":"product_shipping_class-shipping-class-1","13":"has-subscription-plans","15":"first","16":"instock","17":"taxable","18":"shipping-taxable","19":"purchasable","20":"product-type-simple"},"bundled_by":[],"bundle_stock_status":"instock","bundle_stock_quantity":null,"bundle_virtual":false,"bundle_layout":"","bundle_add_to_cart_form_location":"","bundle_editable_in_cart":false,"bundle_sold_individually_context":"","bundle_item_grouping":"","bundle_min_size":"","bundle_max_size":"","bundle_price":[],"bundled_items":[],"bundle_sell_ids":[],"group_of_quantity":0,"min_quantity":0,"max_quantity":"","exclude_order_quantity_value_rules":"no","exclude_category_quantity_rules":"no","combine_variations":"no","_links":{"self":[{"href":"https:\/\/2024.shoply.com\/de\/wp-json\/wp\/v2\/product\/60472","targetHints":{"allow":["GET"]}}],"collection":[{"href":"https:\/\/2024.shoply.com\/de\/wp-json\/wp\/v2\/product"}],"about":[{"href":"https:\/\/2024.shoply.com\/de\/wp-json\/wp\/v2\/types\/product"}],"version-history":[{"count":2,"href":"https:\/\/2024.shoply.com\/de\/wp-json\/wp\/v2\/product\/60472\/revisions"}],"predecessor-version":[{"id":139470,"href":"https:\/\/2024.shoply.com\/de\/wp-json\/wp\/v2\/product\/60472\/revisions\/139470"}],"wp:featuredmedia":[{"embeddable":true,"href":"https:\/\/2024.shoply.com\/de\/wp-json\/wp\/v2\/media\/63562"}],"wp:attachment":[{"href":"https:\/\/2024.shoply.com\/de\/wp-json\/wp\/v2\/media?parent=60472"}],"wp:term":[{"taxonomy":"product_brand","embeddable":true,"href":"https:\/\/2024.shoply.com\/de\/wp-json\/wp\/v2\/product_brand?post=60472"},{"taxonomy":"product_cat","embeddable":true,"href":"https:\/\/2024.shoply.com\/de\/wp-json\/wp\/v2\/product_cat?post=60472"},{"taxonomy":"product_tag","embeddable":true,"href":"https:\/\/2024.shoply.com\/de\/wp-json\/wp\/v2\/product_tag?post=60472"}],"curies":[{"name":"wp","href":"https:\/\/api.w.org\/{rel}","templated":true}]}}