{"id":69340,"date":"2024-09-28T19:43:09","date_gmt":"2024-09-29T00:43:09","guid":{"rendered":"https:\/\/shoply.com\/?post_type=product&#038;p=69340"},"modified":"2025-03-16T16:21:42","modified_gmt":"2025-03-16T21:21:42","slug":"lavender-sleep-mask","status":"publish","type":"product","link":"https:\/\/2024.shoply.com\/de\/produkt\/lavender-sleep-mask\/","title":{"rendered":"Lavendel-Schlafmaske"},"content":{"rendered":"<p><img fetchpriority=\"high\" decoding=\"async\" class=\"alignnone size-full wp-image-2113\" src=\"https:\/\/belleandcapri.com\/wp-content\/uploads\/2022\/11\/All_LavenderIcons.png\" alt=\"\" width=\"7584\" height=\"954\" \/><\/p>\n<h5>Zutaten:<br \/>\nWater, Cyclopentasiloxane, Propanediol, Sodium Acrylates Crosspolymer-2, Glycerin, C12-15 Alkyl Benzoate, Laury! Laurate, Jojoba Esters, Polyglyceryl-3 Methylglucose Distearate, Mangifera lndica (Mango) Seed Butter, Dimethicone\/Vinyl Dimethicone Crosspolymer, Sodium Hyaluronate (Hyaluronic Acid), Lavandula Angustifolia (Lavender) Oil, Melia Azadirachta Leaf Extract, Melia Azadirachta Flower Extract, Corallina Officinalis Extract, Coccinia lndica Fruit Extract, Solanum Melongena (Eggplant) Fruit Extract, Aloe Barbadensis Flower Extract, Simmondsia Chinensis (Jojoba) Seed Oil, Ocimum Sanctum Leaf Extract, Ocimum Basilicum (Basil) Flower\/Leaf Extract, Curcuma Longa (Turmeric) Root Extract, Phenoxyethanol, Xanthan Gum, Ethylhexylglycerin.<\/h5>","protected":false},"excerpt":{"rendered":"<h3><strong><i>ENTSPANNENDE &amp; FEUCHTIGKEITSSPENDENDE NACHTMASKE<\/i><\/strong><\/h3>\n<h5>Die Nacht ist die richtige Zeit f\u00fcr die Lavendel-Schlafmaske, die mit feuchtigkeitsspendenden und entspannenden Pflanzenstoffen angereichert ist, um Ihre m\u00fcde Haut wieder aufzuladen. Lassen Sie die Maske die ganze Nacht hindurch wirken, um Trockenheit zu vertreiben (schuppige, ausgetrocknete Haut wird Ihnen wie ein b\u00f6ser Traum vorkommen), und wachen Sie mit strahlender, hydratisierter und frischer Haut auf. Profitieren Sie au\u00dferdem von ultra-n\u00e4hrstoffreichem Aloe-, Jojoba- und Mangosamen\u00f6l - eine traumhafte N\u00e4hrstoffmischung, die im Schlaf die Zeichen der Hautalterung mindert.<\/h5>\n<h5><img decoding=\"async\" class=\"alignnone size-full wp-image-1790\" src=\"https:\/\/belleandcapri.com\/wp-content\/uploads\/2022\/10\/Features-pink-line.jpg\" alt=\"\" width=\"1600\" height=\"134\" \/>- Verbessert das Erscheinungsbild von R\u00f6tungen und Trockenheit<br \/>\n- Hinterl\u00e4sst ein weiches, seidiges und glattes Hautgef\u00fchl<br \/>\n- Hilft, die Zeichen der Hautalterung zu mindern und das Aussehen der Elastizit\u00e4t zu verbessern<\/h5>\n<p><img decoding=\"async\" class=\"alignnone size-full wp-image-1792\" src=\"https:\/\/belleandcapri.com\/wp-content\/uploads\/2022\/10\/Key-Acitves-pink-line.jpg\" alt=\"\" width=\"1600\" height=\"120\" \/><\/p>\n<p><img loading=\"lazy\" decoding=\"async\" class=\"alignnone size-full wp-image-2727\" src=\"https:\/\/belleandcapri.com\/wp-content\/uploads\/2023\/03\/Lavender-Sleep-Mask-key-actives.jpg\" alt=\"\" width=\"2048\" height=\"387\" \/><\/p>\n<h5><img loading=\"lazy\" decoding=\"async\" class=\"alignnone size-full wp-image-1791\" src=\"https:\/\/belleandcapri.com\/wp-content\/uploads\/2022\/10\/How-to-benefit-pink-line.jpg\" alt=\"\" width=\"1600\" height=\"105\" \/><br \/>\nAbends auf die gew\u00fcnschte Stelle auftragen, um der Haut Feuchtigkeit zu spenden und sie zu beruhigen. Reinigen Sie die Haut am Morgen. Nachts oder je nach Bedarf anwenden. Kann auch nach der Sonnenexposition verwendet werden, um die Haut zu beruhigen.<\/h5>","protected":false},"featured_media":69344,"template":"","meta":{"footnotes":""},"product_brand":[],"product_cat":[821,80,382,383,386],"product_tag":[149,111,137,187,158,152,140,113],"class_list":{"0":"post-69340","1":"product","2":"type-product","3":"status-publish","4":"has-post-thumbnail","6":"product_cat-beauty","7":"product_cat-beauty-health-supplements","8":"product_cat-health","9":"product_cat-personal-care","10":"product_cat-skin-care","11":"product_tag-anti-aging","12":"product_tag-care","13":"product_tag-essentials","14":"product_tag-gluten-free","15":"product_tag-mask","16":"product_tag-moisturizer","17":"product_tag-skin-care","18":"product_tag-vegan","19":"product_shipping_class-shipping-class-2","20":"has-subscription-plans","22":"first","23":"instock","24":"sale","25":"taxable","26":"shipping-taxable","27":"purchasable","28":"product-type-simple"},"bundled_by":[],"bundle_stock_status":"instock","bundle_stock_quantity":null,"bundle_virtual":false,"bundle_layout":"","bundle_add_to_cart_form_location":"","bundle_editable_in_cart":false,"bundle_sold_individually_context":"","bundle_item_grouping":"","bundle_min_size":"","bundle_max_size":"","bundle_price":[],"bundled_items":[],"bundle_sell_ids":[],"group_of_quantity":0,"min_quantity":0,"max_quantity":"","exclude_order_quantity_value_rules":"no","exclude_category_quantity_rules":"no","combine_variations":"no","_links":{"self":[{"href":"https:\/\/2024.shoply.com\/de\/wp-json\/wp\/v2\/product\/69340","targetHints":{"allow":["GET"]}}],"collection":[{"href":"https:\/\/2024.shoply.com\/de\/wp-json\/wp\/v2\/product"}],"about":[{"href":"https:\/\/2024.shoply.com\/de\/wp-json\/wp\/v2\/types\/product"}],"version-history":[{"count":1,"href":"https:\/\/2024.shoply.com\/de\/wp-json\/wp\/v2\/product\/69340\/revisions"}],"predecessor-version":[{"id":126176,"href":"https:\/\/2024.shoply.com\/de\/wp-json\/wp\/v2\/product\/69340\/revisions\/126176"}],"wp:featuredmedia":[{"embeddable":true,"href":"https:\/\/2024.shoply.com\/de\/wp-json\/wp\/v2\/media\/69344"}],"wp:attachment":[{"href":"https:\/\/2024.shoply.com\/de\/wp-json\/wp\/v2\/media?parent=69340"}],"wp:term":[{"taxonomy":"product_brand","embeddable":true,"href":"https:\/\/2024.shoply.com\/de\/wp-json\/wp\/v2\/product_brand?post=69340"},{"taxonomy":"product_cat","embeddable":true,"href":"https:\/\/2024.shoply.com\/de\/wp-json\/wp\/v2\/product_cat?post=69340"},{"taxonomy":"product_tag","embeddable":true,"href":"https:\/\/2024.shoply.com\/de\/wp-json\/wp\/v2\/product_tag?post=69340"}],"curies":[{"name":"wp","href":"https:\/\/api.w.org\/{rel}","templated":true}]}}