{"id":69363,"date":"2024-09-28T19:54:15","date_gmt":"2024-09-29T00:54:15","guid":{"rendered":"https:\/\/shoply.com\/?post_type=product&#038;p=69363"},"modified":"2025-03-16T16:26:19","modified_gmt":"2025-03-16T21:26:19","slug":"silky-lip-plumper","status":"publish","type":"product","link":"https:\/\/2024.shoply.com\/de\/produkt\/silky-lip-plumper\/","title":{"rendered":"Silky Lip Plumper"},"content":{"rendered":"<h5><img fetchpriority=\"high\" decoding=\"async\" class=\"alignnone wp-image-73813 size-full\" src=\"https:\/\/shoply.com\/wp-content\/uploads\/2024\/10\/All_LavenderIcons-Edited.webp\" alt=\"\" width=\"1600\" height=\"201\" srcset=\"https:\/\/2024.shoply.com\/wp-content\/uploads\/2024\/10\/All_LavenderIcons-Edited.webp 1600w, https:\/\/2024.shoply.com\/wp-content\/uploads\/2024\/10\/All_LavenderIcons-Edited-400x50.webp 400w, https:\/\/2024.shoply.com\/wp-content\/uploads\/2024\/10\/All_LavenderIcons-Edited-1300x163.webp 1300w, https:\/\/2024.shoply.com\/wp-content\/uploads\/2024\/10\/All_LavenderIcons-Edited-768x96.webp 768w, https:\/\/2024.shoply.com\/wp-content\/uploads\/2024\/10\/All_LavenderIcons-Edited-1536x193.webp 1536w, https:\/\/2024.shoply.com\/wp-content\/uploads\/2024\/10\/All_LavenderIcons-Edited-18x2.webp 18w, https:\/\/2024.shoply.com\/wp-content\/uploads\/2024\/10\/All_LavenderIcons-Edited-700x88.webp 700w, https:\/\/2024.shoply.com\/wp-content\/uploads\/2024\/10\/All_LavenderIcons-Edited-150x19.webp 150w, https:\/\/2024.shoply.com\/wp-content\/uploads\/2024\/10\/All_LavenderIcons-Edited-220x28.webp 220w\" sizes=\"(max-width: 1600px) 100vw, 1600px\" \/><\/h5>\n<h5>Zutaten:<\/h5>\n<h5>Water, Glycerin, Prunus Amygdalus Dulcis (Sweet Almond) Oil, Tocopheryl Acetate (Vitamin E), Palmitoyl Tripeptide-5, Ergothioneine, Portulaca Pilosa Extract, Sucrose Cocoate, Palmitoyl Tripeptide-38, Cetearyl Ethylhexanoate, Sorbitan Isostearate, Mentha Piperita (Peppermint) Oil, Phenoxyethanol, Ethylhexylglycerin, Acesulfame K, Acrylamide\/Sodium Acrylate Copolymer, Mineral Oil, Trideceth-6, Tetrasodium EDTA, Potassium Sorbate.<\/h5>","protected":false},"excerpt":{"rendered":"<h3><strong><i>SEIDIGER BALSAM, DER DIE LIPPEN PFLEGT UND IHNEN EIN VOLLERES AUSSEHEN VERLEIHT<\/i><\/strong><\/h3>\n<h5>K\u00fcssbare Lippen beginnen mit unserem Silky Lip Plumper, einem geschmeidigen und seidigen Lippenbalsam, der f\u00fcr ein volleres Aussehen sorgt. Er l\u00e4sst sich leicht auftragen und pflegt die Lippen auf die s\u00fc\u00dfeste Art und Weise. Daf\u00fcr sorgen das Pfefferminz\u00f6l und das s\u00fc\u00dfe Mandel\u00f6l in der Formel. Au\u00dferdem spendet sie Feuchtigkeit und macht Ihre Lippen mit Vitamin E und Extrakten aus dem bl\u00fchenden Portulak zart und weich.<\/h5>\n<h5><img decoding=\"async\" class=\"alignnone size-full wp-image-1790\" src=\"https:\/\/belleandcapri.com\/wp-content\/uploads\/2022\/10\/Features-pink-line.jpg\" alt=\"\" width=\"1600\" height=\"134\" \/>- Seidiger, nicht klebender Lippenbalsam<br \/>\n- Erweicht und befeuchtet trockene Lippen<br \/>\n- Unterst\u00fctzt das Aussehen vollerer Lippen<\/h5>\n<p><img decoding=\"async\" class=\"alignnone size-full wp-image-1792\" src=\"https:\/\/belleandcapri.com\/wp-content\/uploads\/2022\/10\/Key-Acitves-pink-line.jpg\" alt=\"\" width=\"1600\" height=\"120\" \/><\/p>\n<p><img loading=\"lazy\" decoding=\"async\" class=\"alignnone size-full wp-image-2730\" src=\"https:\/\/belleandcapri.com\/wp-content\/uploads\/2023\/03\/SLP-Key-Actives.jpg\" alt=\"\" width=\"2048\" height=\"468\" \/><\/p>\n<p><img loading=\"lazy\" decoding=\"async\" class=\"alignnone size-full wp-image-1791\" src=\"https:\/\/belleandcapri.com\/wp-content\/uploads\/2022\/10\/How-to-benefit-pink-line.jpg\" alt=\"\" width=\"1600\" height=\"105\" \/><\/p>\n<h5>Je nach Bedarf den ganzen Tag \u00fcber mit dem Applikator direkt auf die Lippen auftragen. Trocknen lassen. Leichtes Kribbeln und s\u00fc\u00dfer Geschmack sind normal.<\/h5>","protected":false},"featured_media":69364,"template":"","meta":{"footnotes":""},"product_brand":[],"product_cat":[821,80,382,383,386],"product_tag":[149,111,137,187,152,140,113],"class_list":{"0":"post-69363","1":"product","2":"type-product","3":"status-publish","4":"has-post-thumbnail","6":"product_cat-beauty","7":"product_cat-beauty-health-supplements","8":"product_cat-health","9":"product_cat-personal-care","10":"product_cat-skin-care","11":"product_tag-anti-aging","12":"product_tag-care","13":"product_tag-essentials","14":"product_tag-gluten-free","15":"product_tag-moisturizer","16":"product_tag-skin-care","17":"product_tag-vegan","18":"product_shipping_class-shipping-class-1","19":"has-subscription-plans","21":"first","22":"instock","23":"sale","24":"taxable","25":"shipping-taxable","26":"purchasable","27":"product-type-simple"},"bundled_by":[],"bundle_stock_status":"instock","bundle_stock_quantity":null,"bundle_virtual":false,"bundle_layout":"","bundle_add_to_cart_form_location":"","bundle_editable_in_cart":false,"bundle_sold_individually_context":"","bundle_item_grouping":"","bundle_min_size":"","bundle_max_size":"","bundle_price":[],"bundled_items":[],"bundle_sell_ids":[],"group_of_quantity":0,"min_quantity":0,"max_quantity":"","exclude_order_quantity_value_rules":"no","exclude_category_quantity_rules":"no","combine_variations":"no","_links":{"self":[{"href":"https:\/\/2024.shoply.com\/de\/wp-json\/wp\/v2\/product\/69363","targetHints":{"allow":["GET"]}}],"collection":[{"href":"https:\/\/2024.shoply.com\/de\/wp-json\/wp\/v2\/product"}],"about":[{"href":"https:\/\/2024.shoply.com\/de\/wp-json\/wp\/v2\/types\/product"}],"version-history":[{"count":2,"href":"https:\/\/2024.shoply.com\/de\/wp-json\/wp\/v2\/product\/69363\/revisions"}],"predecessor-version":[{"id":139543,"href":"https:\/\/2024.shoply.com\/de\/wp-json\/wp\/v2\/product\/69363\/revisions\/139543"}],"wp:featuredmedia":[{"embeddable":true,"href":"https:\/\/2024.shoply.com\/de\/wp-json\/wp\/v2\/media\/69364"}],"wp:attachment":[{"href":"https:\/\/2024.shoply.com\/de\/wp-json\/wp\/v2\/media?parent=69363"}],"wp:term":[{"taxonomy":"product_brand","embeddable":true,"href":"https:\/\/2024.shoply.com\/de\/wp-json\/wp\/v2\/product_brand?post=69363"},{"taxonomy":"product_cat","embeddable":true,"href":"https:\/\/2024.shoply.com\/de\/wp-json\/wp\/v2\/product_cat?post=69363"},{"taxonomy":"product_tag","embeddable":true,"href":"https:\/\/2024.shoply.com\/de\/wp-json\/wp\/v2\/product_tag?post=69363"}],"curies":[{"name":"wp","href":"https:\/\/api.w.org\/{rel}","templated":true}]}}