{"id":69762,"date":"2024-09-29T08:19:25","date_gmt":"2024-09-29T13:19:25","guid":{"rendered":"https:\/\/shoply.com\/?post_type=product&#038;p=69762"},"modified":"2025-03-16T16:19:02","modified_gmt":"2025-03-16T21:19:02","slug":"spa-hair-mask","status":"publish","type":"product","link":"https:\/\/2024.shoply.com\/de\/produkt\/spa-hair-mask\/","title":{"rendered":"Spa-Haarmaske"},"content":{"rendered":"<h5>Zutaten:<br \/>\nWater (Aqua), Persea Gratissima (Avocado) Oil, Glycerin, Cetearyl Alcohol, Cetyl Alcohol, Lauryl Laurate, Dimethicone, Polyglyceryl-2 Caprate, Behentrimonium Methosulfate, Stearyl Alcohol, Propanediol, Distearoylethyl Dimonium Chloride, Caprylyl Glycol, Guar Hydroxypropyltrimonium Chloride, Panthenol, 1,2-Hexanediol, Fragrance (Parfum), Glyceryl Laurate, Glyceryl Undecylenate, Xanthan Gum, Caprylhydroxamic Acid, Fumaric Acid, Citric Acid.<\/h5>","protected":false},"excerpt":{"rendered":"<h5>Erh\u00f6hen Sie Ihr Haarpflegeritual zu einer Kunstform mit der Belle &amp; Capri Spa Hair Mask. Diese Spa-\u00e4hnliche Behandlung geht \u00fcber die normale Pflege hinaus und bietet tiefenwirksame Feuchtigkeit, Schutz vor Kr\u00e4useln und einen weichen Griff f\u00fcr widerspenstige Str\u00e4hnen. Angereichert mit feuchtigkeitsbindendem Glycerin, Panthenol zur Gl\u00e4ttung von Spliss und glanzgebendem Avocado-\u00d6l, verwandelt sie selbst trockenes, stumpfes Haar in eine seidige, leicht zu b\u00e4ndigende M\u00e4hne.<br \/>\n<img fetchpriority=\"high\" decoding=\"async\" class=\"alignnone size-full wp-image-1790\" src=\"https:\/\/belleandcapri.com\/wp-content\/uploads\/2022\/10\/Features-pink-line.jpg\" alt=\"\" width=\"1600\" height=\"134\" \/><br \/>\n- Spendet Feuchtigkeit und macht das Haar geschmeidig, minimiert Frizz<br \/>\n- Spendet Feuchtigkeit f\u00fcr gesund aussehendes Haar<br \/>\n- Entwirrt das Haar und verbessert die K\u00e4mmbarkeit und Handhabbarkeit<br \/>\n- F\u00fcr alle Haartypen geeignet<br \/>\n- Sicher f\u00fcr farbbehandeltes Haar<\/h5>\n<h5><img decoding=\"async\" class=\"alignnone size-full wp-image-1791\" src=\"https:\/\/belleandcapri.com\/wp-content\/uploads\/2022\/10\/How-to-benefit-pink-line.jpg\" alt=\"\" width=\"1600\" height=\"105\" \/><br \/>\nEine gro\u00dfz\u00fcgige Schicht auf das feuchte Haar und die Kopfhaut auftragen. 10-15 Minuten einwirken lassen, dann aussp\u00fclen. Die besten Ergebnisse erzielen Sie, wenn Sie die Maske zweimal pro Woche als Teil Ihrer regelm\u00e4\u00dfigen Haarpflege verwenden.<\/h5>\n<p><img decoding=\"async\" class=\"alignnone size-full wp-image-3773\" src=\"https:\/\/belleandcapri.com\/wp-content\/uploads\/2023\/10\/SpaIcons.png\" alt=\"\" width=\"4298\" height=\"859\" \/><\/p>\n<p>&nbsp;<\/p>","protected":false},"featured_media":69765,"template":"","meta":{"footnotes":""},"product_brand":[],"product_cat":[385,821,80,382,383],"product_tag":[108,111,137,110,158,152,113],"class_list":{"0":"post-69762","1":"product","2":"type-product","3":"status-publish","4":"has-post-thumbnail","6":"product_cat-bath-body","7":"product_cat-beauty","8":"product_cat-beauty-health-supplements","9":"product_cat-health","10":"product_cat-personal-care","11":"product_tag-bath","12":"product_tag-care","13":"product_tag-essentials","14":"product_tag-hair","15":"product_tag-mask","16":"product_tag-moisturizer","17":"product_tag-vegan","18":"product_shipping_class-shipping-class-2","19":"has-subscription-plans","21":"first","22":"instock","23":"sale","24":"taxable","25":"shipping-taxable","26":"purchasable","27":"product-type-simple"},"bundled_by":[],"bundle_stock_status":"instock","bundle_stock_quantity":null,"bundle_virtual":false,"bundle_layout":"","bundle_add_to_cart_form_location":"","bundle_editable_in_cart":false,"bundle_sold_individually_context":"","bundle_item_grouping":"","bundle_min_size":"","bundle_max_size":"","bundle_price":[],"bundled_items":[],"bundle_sell_ids":[],"group_of_quantity":0,"min_quantity":0,"max_quantity":"","exclude_order_quantity_value_rules":"no","exclude_category_quantity_rules":"no","combine_variations":"no","_links":{"self":[{"href":"https:\/\/2024.shoply.com\/de\/wp-json\/wp\/v2\/product\/69762","targetHints":{"allow":["GET"]}}],"collection":[{"href":"https:\/\/2024.shoply.com\/de\/wp-json\/wp\/v2\/product"}],"about":[{"href":"https:\/\/2024.shoply.com\/de\/wp-json\/wp\/v2\/types\/product"}],"version-history":[{"count":1,"href":"https:\/\/2024.shoply.com\/de\/wp-json\/wp\/v2\/product\/69762\/revisions"}],"predecessor-version":[{"id":126144,"href":"https:\/\/2024.shoply.com\/de\/wp-json\/wp\/v2\/product\/69762\/revisions\/126144"}],"wp:featuredmedia":[{"embeddable":true,"href":"https:\/\/2024.shoply.com\/de\/wp-json\/wp\/v2\/media\/69765"}],"wp:attachment":[{"href":"https:\/\/2024.shoply.com\/de\/wp-json\/wp\/v2\/media?parent=69762"}],"wp:term":[{"taxonomy":"product_brand","embeddable":true,"href":"https:\/\/2024.shoply.com\/de\/wp-json\/wp\/v2\/product_brand?post=69762"},{"taxonomy":"product_cat","embeddable":true,"href":"https:\/\/2024.shoply.com\/de\/wp-json\/wp\/v2\/product_cat?post=69762"},{"taxonomy":"product_tag","embeddable":true,"href":"https:\/\/2024.shoply.com\/de\/wp-json\/wp\/v2\/product_tag?post=69762"}],"curies":[{"name":"wp","href":"https:\/\/api.w.org\/{rel}","templated":true}]}}