{"id":69770,"date":"2024-09-29T08:24:40","date_gmt":"2024-09-29T13:24:40","guid":{"rendered":"https:\/\/shoply.com\/?post_type=product&#038;p=69770"},"modified":"2025-03-16T16:18:18","modified_gmt":"2025-03-16T21:18:18","slug":"spa-conditioner","status":"publish","type":"product","link":"https:\/\/2024.shoply.com\/de\/produkt\/spa-conditioner\/","title":{"rendered":"Spa-Conditioner"},"content":{"rendered":"<h5>Zutaten:<br \/>\nWater (Aqua), Glycerin, Fragrance (Parfum), Cetyl Alcohol, Aloe Barbadensis Leaf Juice, Stearyl Alcohol, C15-19 Alkane, Simmondsia Chinensis (Jojoba) Seed Oil, Persea Gratissima (Avocado) Oil, Distearoylethyl Dimonium Chloride, Argania Spinosa Kernel Oil, Bis(C13-15 Alkoxy) PG-Amodimethicone, Bis-(Isostearoyl\/Oleoyl Isopropyl) Dimonium Methosulfate, Cetyl Esters, Dimethicone, Phenoxyethanol, Cocos Nucifera (Coconut) Oil, Mangifera Indica (Mango) Seed Butter, Cetearyl Alcohol, Guar Hydroxypropyltrimonium Chloride, Hydrolyzed Vegetable Protein, Polyquaternium-10, Benzyl Benzoate, Ethylhexylglycerin, Panthenol, Tilia Tomentosa Bud Extract, Tocopherol, Tetrasodium Glutamate Diacetate, Limonene, Citric Acid, Polyquaternium-7, Fumaric Acid, Sodium Benzoate, Potassium Sorbate, Sodium Acetate, Sodium Chloride, Isopropyl Alcohol, Sodium Hydroxide.<\/h5>","protected":false},"excerpt":{"rendered":"<h5>Machen Sie jeden Tag zu einem Spa-Tag mit Belle &amp; Capri Spa Conditioner, einer Wohltat f\u00fcr alle Haartypen. Diese parabenfreie Formel ist angereichert mit Aloe Vera, hydrolisiertem Pflanzenprotein, pflanzlichen \u00d6len und Mangobutter, die harmonisch zusammenwirken und ein luxuri\u00f6ses Haarpflegeerlebnis bieten. Diese regenerierenden Inhaltsstoffe beheben Sch\u00e4den an der Wurzel, versorgen die gesamte Haarstr\u00e4hne mit Feuchtigkeit und verst\u00e4rken den nat\u00fcrlichen Glanz Ihres Haares - und das alles, w\u00e4hrend sie das Haar entwirren und vor den Belastungen des Alltags sch\u00fctzen.<br \/>\n<img fetchpriority=\"high\" decoding=\"async\" class=\"alignnone size-full wp-image-1790\" src=\"https:\/\/belleandcapri.com\/wp-content\/uploads\/2022\/10\/Features-pink-line.jpg\" alt=\"\" width=\"1600\" height=\"134\" \/><br \/>\n- Spendet intensiv Feuchtigkeit und verbessert das Feuchthalteverm\u00f6gen<br \/>\n- Hilft beim Hitzeschutz und reduziert Frizz<br \/>\n- F\u00fcllt Antioxidantien auf und macht das Haar geschmeidiger<br \/>\n- F\u00fcr alle Haartypen geeignet<br \/>\n- Sicher f\u00fcr farbbehandeltes Haar<\/h5>\n<p><img decoding=\"async\" class=\"alignnone size-full wp-image-1791\" src=\"https:\/\/belleandcapri.com\/wp-content\/uploads\/2022\/10\/How-to-benefit-pink-line.jpg\" alt=\"\" width=\"1600\" height=\"105\" \/><\/p>\n<h5>F\u00fcr beste Ergebnisse, t\u00e4glich nach dem Belle &amp; Capri Spa Shampoo anwenden. Die gew\u00fcnschte Menge in den Handfl\u00e4chen verteilen, von den Spitzen zum Ansatz hin auftragen, aussp\u00fclen, mit dem Handtuch trocknen und mit dem Belle &amp; Capri Spa Serum f\u00fcr die perfekte Haarpflege fortfahren.<\/h5>\n<p><img decoding=\"async\" class=\"alignnone size-full wp-image-3773\" src=\"https:\/\/belleandcapri.com\/wp-content\/uploads\/2023\/10\/SpaIcons.png\" alt=\"\" width=\"4298\" height=\"859\" \/><\/p>\n<p>&nbsp;<\/p>","protected":false},"featured_media":69771,"template":"","meta":{"footnotes":""},"product_brand":[],"product_cat":[385,821,80,382,383],"product_tag":[108,111,137,154,110,152,113],"class_list":{"0":"post-69770","1":"product","2":"type-product","3":"status-publish","4":"has-post-thumbnail","6":"product_cat-bath-body","7":"product_cat-beauty","8":"product_cat-beauty-health-supplements","9":"product_cat-health","10":"product_cat-personal-care","11":"product_tag-bath","12":"product_tag-care","13":"product_tag-essentials","14":"product_tag-gel","15":"product_tag-hair","16":"product_tag-moisturizer","17":"product_tag-vegan","18":"product_shipping_class-shipping-class-2","19":"has-subscription-plans","21":"first","22":"instock","23":"sale","24":"taxable","25":"shipping-taxable","26":"purchasable","27":"product-type-simple"},"bundled_by":[],"bundle_stock_status":"instock","bundle_stock_quantity":null,"bundle_virtual":false,"bundle_layout":"","bundle_add_to_cart_form_location":"","bundle_editable_in_cart":false,"bundle_sold_individually_context":"","bundle_item_grouping":"","bundle_min_size":"","bundle_max_size":"","bundle_price":[],"bundled_items":[],"bundle_sell_ids":[],"group_of_quantity":0,"min_quantity":0,"max_quantity":"","exclude_order_quantity_value_rules":"no","exclude_category_quantity_rules":"no","combine_variations":"no","_links":{"self":[{"href":"https:\/\/2024.shoply.com\/de\/wp-json\/wp\/v2\/product\/69770","targetHints":{"allow":["GET"]}}],"collection":[{"href":"https:\/\/2024.shoply.com\/de\/wp-json\/wp\/v2\/product"}],"about":[{"href":"https:\/\/2024.shoply.com\/de\/wp-json\/wp\/v2\/types\/product"}],"version-history":[{"count":1,"href":"https:\/\/2024.shoply.com\/de\/wp-json\/wp\/v2\/product\/69770\/revisions"}],"predecessor-version":[{"id":126143,"href":"https:\/\/2024.shoply.com\/de\/wp-json\/wp\/v2\/product\/69770\/revisions\/126143"}],"wp:featuredmedia":[{"embeddable":true,"href":"https:\/\/2024.shoply.com\/de\/wp-json\/wp\/v2\/media\/69771"}],"wp:attachment":[{"href":"https:\/\/2024.shoply.com\/de\/wp-json\/wp\/v2\/media?parent=69770"}],"wp:term":[{"taxonomy":"product_brand","embeddable":true,"href":"https:\/\/2024.shoply.com\/de\/wp-json\/wp\/v2\/product_brand?post=69770"},{"taxonomy":"product_cat","embeddable":true,"href":"https:\/\/2024.shoply.com\/de\/wp-json\/wp\/v2\/product_cat?post=69770"},{"taxonomy":"product_tag","embeddable":true,"href":"https:\/\/2024.shoply.com\/de\/wp-json\/wp\/v2\/product_tag?post=69770"}],"curies":[{"name":"wp","href":"https:\/\/api.w.org\/{rel}","templated":true}]}}