{"id":74573,"date":"2024-10-08T13:41:30","date_gmt":"2024-10-08T18:41:30","guid":{"rendered":"https:\/\/shoply.com\/?post_type=product&#038;p=74573"},"modified":"2024-10-09T15:30:07","modified_gmt":"2024-10-09T20:30:07","slug":"cellular-nrg","status":"publish","type":"product","link":"https:\/\/2024.shoply.com\/de\/produkt\/cellular-nrg\/","title":{"rendered":"Zellul\u00e4res NRG"},"content":{"rendered":"<div>Zellul\u00e4res NRG<br \/>\nUnterst\u00fctzt...<\/div>\n<ul>\n<li>Zellerneuerung<\/li>\n<li>Gesundes Altern<\/li>\n<li>Geist, Kardio, Darm<\/li>\n<li>Gesundes funktionierendes Immunsystem<\/li>\n<li>Vegan und GVO-frei<\/li>\n<\/ul>","protected":false},"excerpt":{"rendered":"<p>Hergestellt mit reinem Spermidin-Pulver<\/p>\n<p>Unser einzigartiger CelVio\u00ae-Komplex besteht aus konzentriertem Spermidin aus Weizenkeimextrakt. Wir w\u00e4hlen unsere Weizenkeime sorgf\u00e4ltig aus mitteleurop\u00e4ischen Nicht-GVO-Quellen von h\u00f6chster Qualit\u00e4t aus.<\/p>\n<p>QV\/DB\/CV<\/p>\n<p>30\/11\/6<\/p>\n<p>30\/3\/22<\/p>","protected":false},"featured_media":74575,"template":"","meta":{"footnotes":""},"product_brand":[],"product_cat":[77],"product_tag":[],"class_list":{"0":"post-74573","1":"product","2":"type-product","3":"status-publish","4":"has-post-thumbnail","6":"product_cat-uncategorized","7":"has-subscription-plans","9":"first","10":"instock","11":"sale","12":"taxable","13":"shipping-taxable","14":"purchasable","15":"product-type-simple"},"bundled_by":[],"bundle_stock_status":"instock","bundle_stock_quantity":null,"bundle_virtual":false,"bundle_layout":"","bundle_add_to_cart_form_location":"","bundle_editable_in_cart":false,"bundle_sold_individually_context":"","bundle_item_grouping":"","bundle_min_size":"","bundle_max_size":"","bundle_price":[],"bundled_items":[],"bundle_sell_ids":[],"group_of_quantity":0,"min_quantity":0,"max_quantity":"","exclude_order_quantity_value_rules":"no","exclude_category_quantity_rules":"no","combine_variations":"no","_links":{"self":[{"href":"https:\/\/2024.shoply.com\/de\/wp-json\/wp\/v2\/product\/74573","targetHints":{"allow":["GET"]}}],"collection":[{"href":"https:\/\/2024.shoply.com\/de\/wp-json\/wp\/v2\/product"}],"about":[{"href":"https:\/\/2024.shoply.com\/de\/wp-json\/wp\/v2\/types\/product"}],"version-history":[{"count":0,"href":"https:\/\/2024.shoply.com\/de\/wp-json\/wp\/v2\/product\/74573\/revisions"}],"wp:featuredmedia":[{"embeddable":true,"href":"https:\/\/2024.shoply.com\/de\/wp-json\/wp\/v2\/media\/74575"}],"wp:attachment":[{"href":"https:\/\/2024.shoply.com\/de\/wp-json\/wp\/v2\/media?parent=74573"}],"wp:term":[{"taxonomy":"product_brand","embeddable":true,"href":"https:\/\/2024.shoply.com\/de\/wp-json\/wp\/v2\/product_brand?post=74573"},{"taxonomy":"product_cat","embeddable":true,"href":"https:\/\/2024.shoply.com\/de\/wp-json\/wp\/v2\/product_cat?post=74573"},{"taxonomy":"product_tag","embeddable":true,"href":"https:\/\/2024.shoply.com\/de\/wp-json\/wp\/v2\/product_tag?post=74573"}],"curies":[{"name":"wp","href":"https:\/\/api.w.org\/{rel}","templated":true}]}}