{"id":75459,"date":"2024-10-10T12:41:24","date_gmt":"2024-10-10T17:41:24","guid":{"rendered":"https:\/\/shoply.com\/?post_type=product&#038;p=75459"},"modified":"2025-02-03T03:16:59","modified_gmt":"2025-02-03T08:16:59","slug":"performlyte","status":"publish","type":"product","link":"https:\/\/2024.shoply.com\/de\/produkt\/performlyte\/","title":{"rendered":"PerformLyte"},"content":{"rendered":"<p><strong><span class=\"TextRun MacChromeBold SCXW86616799 BCX0\" lang=\"EN-US\" xml:lang=\"EN-US\"><span class=\"NormalTextRun SCXW86616799 BCX0\">PerformLyte<\/span><span class=\"NormalTextRun SCXW86616799 BCX0\">\u2122<\/span><\/span><\/strong><span class=\"TextRun SCXW86616799 BCX0\" lang=\"EN-US\" xml:lang=\"EN-US\"><span class=\"NormalTextRun SCXW86616799 BCX0\"> ist eine fortschrittliche Elektrolytformulierung, die nicht nur f\u00fcr Spitzensportler, sondern f\u00fcr alle Menschen entwickelt wurde <\/span><span class=\"NormalTextRun SCXW86616799 BCX0\">sucht<\/span><span class=\"NormalTextRun SCXW86616799 BCX0\"> um ihre allgemeine Gesundheit und ihr Energieniveau zu unterst\u00fctzen. Entwickelt mit bahnbrechenden <\/span><span class=\"NormalTextRun SCXW86616799 BCX0\">Prodosom<\/span><span class=\"NormalTextRun SCXW86616799 BCX0\">\u00ae Technologie verbindet dieses einzigartige Nahrungserg\u00e4nzungsmittel lebenswichtige Elektrolyte mit einer Vielzahl von Phyton\u00e4hrstoffen, um das t\u00e4gliche Funktionieren und die k\u00f6rperliche Leistungsf\u00e4higkeit zu verbessern, egal ob <\/span><span class=\"NormalTextRun SCXW86616799 BCX0\">Sie sind<\/span><span class=\"NormalTextRun SCXW86616799 BCX0\"> im Fitnessstudio, auf der Tanzfl\u00e4che oder einfach bei der Bew\u00e4ltigung des Alltagsstresses.<\/span><\/span><span class=\"EOP SCXW86616799 BCX0\">\u00a0<\/span><\/p>\n<p><b>Gesundheitliche Vorteile<\/b><\/p>\n<ul>\n<li><b>Vielseitige Leistungsunterst\u00fctzung<\/b>: Egal, ob Sie Profisportler, Fitness-Enthusiast oder jemand sind, der seinen aktiven Lebensstil unterst\u00fctzen m\u00f6chte, PerformLyte\u2122 liefert wichtige N\u00e4hrstoffe, die zur Optimierung der k\u00f6rperlichen Leistung und Erholung beitragen.<\/li>\n<\/ul>\n<ul>\n<li><b>T\u00e4gliches Wohlbefinden und Energie<\/b>: Verbessert das t\u00e4gliche Energieniveau und die allgemeine Vitalit\u00e4t und ist damit ideal f\u00fcr Menschen jeden Alters und jeden Fitnessgrades.<\/li>\n<\/ul>\n<ul>\n<li><b>Immunsystem und zellul\u00e4re Gesundheit<\/b>: Die n\u00e4hrstoffreiche Formel unterst\u00fctzt eine robuste Immunfunktion und f\u00f6rdert gesunde Zellfunktionen, die f\u00fcr die Erhaltung der allgemeinen Gesundheit unerl\u00e4sslich sind.<\/li>\n<li><b>Fl\u00fcssigkeitszufuhr und Elektrolytgleichgewicht<\/b>: Besonders vorteilhaft f\u00fcr die Aufrechterhaltung der Fl\u00fcssigkeitszufuhr und zur Vorbeugung von Elektrolyt-Ungleichgewichten w\u00e4hrend intensiver Trainingseinheiten oder bei allt\u00e4glichen Aktivit\u00e4ten.<\/li>\n<\/ul>\n<p><b>Wer kann davon profitieren?<\/b><\/p>\n<p>PerformLyte\u2122 ist ideal f\u00fcr ein breites Spektrum von Personen, von denen, die Hochleistungssportarten betreiben, bis hin zu denen, die an eher lockeren k\u00f6rperlichen Aktivit\u00e4ten wie Tanzen, Yoga oder Golf teilnehmen. Es ist auch eine gute Wahl f\u00fcr alle, die ihre t\u00e4gliche N\u00e4hrstoffzufuhr verbessern m\u00f6chten, um ihre allgemeine Gesundheit und Vitalit\u00e4t zu unterst\u00fctzen.<\/p>\n<p><b>Empfohlene Verwendung<\/b><\/p>\n<p>PerformLyte\u2122 ist in einer 30er-Packung mit Einzelportionen erh\u00e4ltlich. Als Pulver l\u00e4sst es sich leicht mit Wasser mischen und die Einzelportionen sind ideal f\u00fcr unterwegs.  Mischen Sie eine Portion PerformLyte\u2122 mit 12-16 Unzen Wasser. Verzehren Sie es vor, w\u00e4hrend oder nach Ihrer Aktivit\u00e4t oder als Teil Ihrer Morgenroutine, um Ihren Tag mit mehr Energie und Feuchtigkeit zu beginnen.<\/p>\n<p><img fetchpriority=\"high\" decoding=\"async\" class=\"alignnone size-full wp-image-83686\" src=\"https:\/\/shoply.com\/wp-content\/uploads\/2024\/10\/PerformLyte-Supplement-Facts.webp\" alt=\"\" width=\"612\" height=\"792\" srcset=\"https:\/\/2024.shoply.com\/wp-content\/uploads\/2024\/10\/PerformLyte-Supplement-Facts.webp 612w, https:\/\/2024.shoply.com\/wp-content\/uploads\/2024\/10\/PerformLyte-Supplement-Facts-232x300.webp 232w, https:\/\/2024.shoply.com\/wp-content\/uploads\/2024\/10\/PerformLyte-Supplement-Facts-9x12.webp 9w, https:\/\/2024.shoply.com\/wp-content\/uploads\/2024\/10\/PerformLyte-Supplement-Facts-150x194.webp 150w, https:\/\/2024.shoply.com\/wp-content\/uploads\/2024\/10\/PerformLyte-Supplement-Facts-39x50.webp 39w\" sizes=\"(max-width: 612px) 100vw, 612px\" \/><\/p>\n<p><em>Diese Aussagen wurden nicht von der Food and Drug Administration bewertet. Dieses Produkt ist nicht dazu bestimmt, Krankheiten zu diagnostizieren, zu behandeln, zu heilen oder zu verhindern.<\/em><\/p>","protected":false},"excerpt":{"rendered":"<h2><span class=\"headline ng-star-inserted\">HYDRATION<\/span><\/h2>\n<div>\n<p><strong>Elektrolyt + Phyton\u00e4hrstoff-Komplex<\/strong><br \/>\n<strong>ANGETRIEBEN DURCH DIE PRODOSOM-TECHNOLOGIE<\/strong><br \/>\n(30 Portionen im Beutel)<\/p>\n<p><strong>Es ist dein Leben, genie\u00dfe es!<\/strong><br \/>\nEnergie, Fl\u00fcssigkeitszufuhr, pH-Balance, Ausdauer und Erholung... einfach Wasser hinzuf\u00fcgen.<\/p>\n<p><strong>Energie f\u00fcr Ihr Wasser. Energetisieren Sie Ihr Leben.<\/strong><\/p>\n<p style=\"font-weight: 400\">57 QV \/ 22 DB \/ 13 CV<\/p>\n<p style=\"font-weight: 400\">57 QV \/ 14 DB \/ 29 CV<\/p>\n<\/div>","protected":false},"featured_media":76222,"template":"","meta":{"footnotes":""},"product_brand":[],"product_cat":[80],"product_tag":[240,151,135,115],"class_list":{"0":"post-75459","1":"product","2":"type-product","3":"status-publish","4":"has-post-thumbnail","6":"product_cat-beauty-health-supplements","7":"product_tag-core-nutrition","8":"product_tag-energy","9":"product_tag-recovery","10":"product_tag-supplement","11":"product_shipping_class-shipping-class-1","12":"has-subscription-plans","14":"first","15":"instock","16":"sale","17":"taxable","18":"shipping-taxable","19":"purchasable","20":"product-type-simple"},"bundled_by":["120242"],"bundle_stock_status":"instock","bundle_stock_quantity":950,"bundle_virtual":false,"bundle_layout":"","bundle_add_to_cart_form_location":"","bundle_editable_in_cart":false,"bundle_sold_individually_context":"","bundle_item_grouping":"","bundle_min_size":"","bundle_max_size":"","bundle_price":[],"bundled_items":[],"bundle_sell_ids":[],"group_of_quantity":0,"min_quantity":0,"max_quantity":"","exclude_order_quantity_value_rules":"no","exclude_category_quantity_rules":"no","combine_variations":"no","_links":{"self":[{"href":"https:\/\/2024.shoply.com\/de\/wp-json\/wp\/v2\/product\/75459","targetHints":{"allow":["GET"]}}],"collection":[{"href":"https:\/\/2024.shoply.com\/de\/wp-json\/wp\/v2\/product"}],"about":[{"href":"https:\/\/2024.shoply.com\/de\/wp-json\/wp\/v2\/types\/product"}],"version-history":[{"count":3,"href":"https:\/\/2024.shoply.com\/de\/wp-json\/wp\/v2\/product\/75459\/revisions"}],"predecessor-version":[{"id":140620,"href":"https:\/\/2024.shoply.com\/de\/wp-json\/wp\/v2\/product\/75459\/revisions\/140620"}],"wp:featuredmedia":[{"embeddable":true,"href":"https:\/\/2024.shoply.com\/de\/wp-json\/wp\/v2\/media\/76222"}],"wp:attachment":[{"href":"https:\/\/2024.shoply.com\/de\/wp-json\/wp\/v2\/media?parent=75459"}],"wp:term":[{"taxonomy":"product_brand","embeddable":true,"href":"https:\/\/2024.shoply.com\/de\/wp-json\/wp\/v2\/product_brand?post=75459"},{"taxonomy":"product_cat","embeddable":true,"href":"https:\/\/2024.shoply.com\/de\/wp-json\/wp\/v2\/product_cat?post=75459"},{"taxonomy":"product_tag","embeddable":true,"href":"https:\/\/2024.shoply.com\/de\/wp-json\/wp\/v2\/product_tag?post=75459"}],"curies":[{"name":"wp","href":"https:\/\/api.w.org\/{rel}","templated":true}]}}