{"id":78754,"date":"2024-10-20T21:33:26","date_gmt":"2024-10-21T02:33:26","guid":{"rendered":"https:\/\/shoply.com\/?post_type=product&#038;p=78754"},"modified":"2025-01-31T14:14:31","modified_gmt":"2025-01-31T19:14:31","slug":"icing-on-the-cake","status":"publish","type":"product","link":"https:\/\/2024.shoply.com\/de\/produkt\/icing-on-the-cake\/","title":{"rendered":"Icing on the Cake"},"content":{"rendered":"<p><strong>\u00dcber Just For Toenails\u00ae<\/strong><\/p>\n<p><strong>Seit 1998 ist Just For Toenails\u00ae (JFT) ein Pionier in der Nagelpflegeindustrie.<\/strong> Unsere von Dr. Robert Spalding entwickelte und von Podologen wie Dr. David Velarde empfohlene fortschrittliche Nagellackformulierung zeichnet sich durch O2-Durchl\u00e4ssigkeit aus und verbessert das Aussehen von Fu\u00df- und Fingern\u00e4geln, w\u00e4hrend sie gleichzeitig deren Gesundheit f\u00f6rdert. Als erster verbesserter Nagellack mit Teebaum\u00f6l haben wir das Wohlbefinden Ihrer N\u00e4gel konsequent in den Mittelpunkt gestellt. Unsere \"21-free\"-Formel ist frei von sch\u00e4dlichen Chemikalien wie Formaldehyd, Toluol und <strong>Dibutyl\u00a0<\/strong>Phthalat (DBP), ist ein Beispiel f\u00fcr unser Engagement f\u00fcr eine sichere und wirksame Nagelpflege. Heute ist JFT nach wie vor das preisg\u00fcnstigste Produkt f\u00fcr die Fu\u00dfpflege auf dem Markt und macht gesunde Nagelpflege f\u00fcr alle zug\u00e4nglich.<\/p>\n<p><strong>Erweitert &amp; Durchl\u00e4ssig<\/strong><\/p>\n<p>Wir von Just For Toenails\u00ae sind der Meinung, dass sch\u00f6ne N\u00e4gel nicht auf Kosten ihrer Gesundheit gehen sollten. Unsere Philosophie konzentriert sich auf die Schaffung\u00a0<strong>verbessert und durchl\u00e4ssig<\/strong> Nagellack, der nicht nur leuchtende, lang anhaltende Farben liefert, sondern Ihre N\u00e4gel auch atmen l\u00e4sst. Wir sind stolz darauf, die beste Erfolgsbilanz bei der Patientenzufriedenheit zu haben - ein Beweis f\u00fcr unser Engagement, seit 1998 effektive und sichere Nagelpflegel\u00f6sungen anzubieten. Dar\u00fcber hinaus haben wir uns dem Ziel verschrieben, den preisg\u00fcnstigsten verbesserten Nagellack auf dem Markt anzubieten, damit jeder Zugang zu hochwertiger Nagelpflege hat. Unsere Produkte sind frei von Tierversuchen und 21 Giftstoffen, was unser Engagement f\u00fcr Ihr Wohlbefinden und die Umwelt unterstreicht.<\/p>","protected":false},"excerpt":{"rendered":"<p>A L<strong>uxurious Proprietary Nagellack in brillanten Farben<\/strong> das ist <strong>21 Frei von Giftstoffen<\/strong>. <strong>JustforToenails<\/strong><strong>\u00ae<\/strong> ist die <em>allererste<\/em> <strong>Teebaum infundiert<\/strong> <strong>Erweitert<\/strong> Nagellack zur Verbesserung von Aussehen, Glanz und Schutz f\u00fcr normale und Problemn\u00e4gel. JFT sch\u00fctzt die Nagelplatte mit einem propriet\u00e4ren pigmentierten Farblack, der identisch oder besser ist als ein professioneller Nagelservice im Salon und gleichzeitig einen toxinfreien Schutz f\u00fcr nat\u00fcrliche N\u00e4gel bietet. <em>Wir empfehlen die Verwendung mit unserem speziellen Unterlack mit Teebaum-Infusion, um den nat\u00fcrlichen Nagellack besser vor direkt aufgetragenen Pigmenten zu sch\u00fctzen und die Farbreflexion zu verbessern.<\/em><\/p>","protected":false},"featured_media":78571,"template":"","meta":{"footnotes":""},"product_brand":[],"product_cat":[384],"product_tag":[272,109,342],"class_list":{"0":"post-78754","1":"product","2":"type-product","3":"status-publish","4":"has-post-thumbnail","6":"product_cat-cosmetics","7":"product_tag-awareness","8":"product_tag-body","9":"product_tag-pretty","10":"has-subscription-plans","12":"first","13":"instock","14":"taxable","15":"shipping-taxable","16":"purchasable","17":"product-type-simple"},"bundled_by":[],"bundle_stock_status":"instock","bundle_stock_quantity":100,"bundle_virtual":false,"bundle_layout":"","bundle_add_to_cart_form_location":"","bundle_editable_in_cart":false,"bundle_sold_individually_context":"","bundle_item_grouping":"","bundle_min_size":"","bundle_max_size":"","bundle_price":[],"bundled_items":[],"bundle_sell_ids":[],"group_of_quantity":0,"min_quantity":0,"max_quantity":"","exclude_order_quantity_value_rules":"no","exclude_category_quantity_rules":"no","combine_variations":"no","_links":{"self":[{"href":"https:\/\/2024.shoply.com\/de\/wp-json\/wp\/v2\/product\/78754","targetHints":{"allow":["GET"]}}],"collection":[{"href":"https:\/\/2024.shoply.com\/de\/wp-json\/wp\/v2\/product"}],"about":[{"href":"https:\/\/2024.shoply.com\/de\/wp-json\/wp\/v2\/types\/product"}],"version-history":[{"count":1,"href":"https:\/\/2024.shoply.com\/de\/wp-json\/wp\/v2\/product\/78754\/revisions"}],"predecessor-version":[{"id":128887,"href":"https:\/\/2024.shoply.com\/de\/wp-json\/wp\/v2\/product\/78754\/revisions\/128887"}],"wp:featuredmedia":[{"embeddable":true,"href":"https:\/\/2024.shoply.com\/de\/wp-json\/wp\/v2\/media\/78571"}],"wp:attachment":[{"href":"https:\/\/2024.shoply.com\/de\/wp-json\/wp\/v2\/media?parent=78754"}],"wp:term":[{"taxonomy":"product_brand","embeddable":true,"href":"https:\/\/2024.shoply.com\/de\/wp-json\/wp\/v2\/product_brand?post=78754"},{"taxonomy":"product_cat","embeddable":true,"href":"https:\/\/2024.shoply.com\/de\/wp-json\/wp\/v2\/product_cat?post=78754"},{"taxonomy":"product_tag","embeddable":true,"href":"https:\/\/2024.shoply.com\/de\/wp-json\/wp\/v2\/product_tag?post=78754"}],"curies":[{"name":"wp","href":"https:\/\/api.w.org\/{rel}","templated":true}]}}