{"id":85438,"date":"2024-11-01T16:29:48","date_gmt":"2024-11-01T21:29:48","guid":{"rendered":"https:\/\/shoply.com\/product\/5-pillars-of-purpose-with-tony-lucero-course\/"},"modified":"2025-01-29T16:12:09","modified_gmt":"2025-01-29T21:12:09","slug":"5-pillars-of-purpose-with-tony-lucero-course","status":"publish","type":"product","link":"https:\/\/2024.shoply.com\/de\/produkt\/5-pillars-of-purpose-with-tony-lucero-course\/","title":{"rendered":"5 S\u00e4ulen der Zielsetzung mit Tony Lucero Kurs"},"content":{"rendered":"<ul>\n<li><strong><em>Message from Tony<\/em><\/strong><\/li>\n<li>Seit 35 Jahren befinde ich mich auf einer aufregenden Reise, um zusammen mit gro\u00dfartigen Lehrern herauszufinden, wie ich ein Leben in F\u00fclle in allen Bereichen f\u00fchren kann. Es gibt keine Angst, keine entmachtenden Glaubenss\u00e4tze, keinen Stress und keinen Mangel an Motivation, wenn Sie die beste Version von sich selbst anzapfen! Entfache dein Mojo!<\/li>\n<li>From successful combined with not-so-successful experiences and travels all over the world, I have been designed a simple process to create your &#8220;desired&#8221; life. This 5-week course is the foundation of what&#8217;s possible in your life. It is the blueprint and exact &#8220;how-to&#8221; for eliminating all that no longer serves you&#8230;and activating your inner power to happiness, joy, courage, confidence and health that improves with age. If you found this course, it contains the answers you seek. Now is your time!<\/li>\n<\/ul>","protected":false},"excerpt":{"rendered":"<div id=\"row-J4M9UZF56T\" class=\"radius0 noBorder row-align-center c-row c-wrapper row-J4M9UZF56T\">\n<div class=\"inner\">\n<div id=\"col-9XM821VVWR\" class=\"c-column c-wrapper col-9XM821VVWR\">\n<div class=\"radius0 noBorder bg bgCover vertical inner\">\n<div id=\"heading-15DDTPA50U\" class=\"c-heading c-wrapper\">\n<div id=\"row-J4M9UZF56T\" class=\"radius0 noBorder row-align-center c-row c-wrapper row-J4M9UZF56T\">\n<div class=\"inner\">\n<div id=\"col-9XM821VVWR\" class=\"c-column c-wrapper col-9XM821VVWR\">\n<div class=\"radius0 noBorder bg bgCover vertical inner\">\n<div id=\"heading-15DDTPA50U\" class=\"c-heading c-wrapper\">\n<div class=\"heading-15DDTPA50U text-output cheading-15DDTPA50U radius0 noBorder\">\n<div>\n<pre><\/pre>\n<h1><strong>In diesem 5-Wochen-Programm lernen Sie einige der unten genannten Themen und noch viel mehr!<\/strong><\/h1>\n<div style=\"width: 1920px;\" class=\"wp-video\"><!--[if lt IE 9]><script>document.createElement('video');<\/script><![endif]--><br \/>\n<video class=\"wp-video-shortcode\" id=\"video-85438-1\" width=\"1920\" height=\"1080\" preload=\"metadata\" controls=\"controls\"><source type=\"video\/mp4\" src=\"https:\/\/shoply.com\/wp-content\/uploads\/2024\/10\/What-is-the-5-Pillars-of-Purpose.mp4?_=1\" \/><a href=\"https:\/\/shoply.com\/wp-content\/uploads\/2024\/10\/What-is-the-5-Pillars-of-Purpose.mp4\">https:\/\/shoply.com\/wp-content\/uploads\/2024\/10\/What-is-the-5-Pillars-of-Purpose.mp4<\/a><\/video><\/div>\n<p>&nbsp;<\/p>\n<\/div>\n<\/div>\n<\/div>\n<\/div>\n<\/div>\n<\/div>\n<\/div>\n<div id=\"row-49H15410UO\" class=\"radius0 noBorder row-align-center c-row c-wrapper row-49H15410UO\">\n<div class=\"inner\">\n<div id=\"col-J0N74FY2DS\" class=\"c-column c-wrapper col-J0N74FY2DS\">\n<div class=\"radius0 noBorder bg bgCover horizontal inner\">\n<div id=\"image-feature-XY8IA21FYL\" class=\"c-image-feature c-wrapper image-feature-XY8IA21FYL\">\n<div class=\"img-feature-container feature-img-left feature-cols-80-20 cimage-feature-XY8IA21FYL radius0 feature-cols-80-20 noBorder feature-img-left\">\n<div class=\"img-container\">\n<div class=\"image-container\">\n<div>*Honoring your temple<\/div>\n<\/div>\n<\/div>\n<div class=\"txt-container\">\n<div class=\"image-feature-XY8IA21FYL-text text-output featureText\">\n<div>\n<p>*Removing Stress and anxiety<\/p>\n<\/div>\n<\/div>\n<\/div>\n<\/div>\n<\/div>\n<div id=\"image-feature-WH5IOPTTDT\" class=\"c-image-feature c-wrapper image-feature-WH5IOPTTDT\">\n<div class=\"img-feature-container feature-img-left feature-cols-80-20 cimage-feature-WH5IOPTTDT radius0 feature-cols-80-20 noBorder feature-img-left\">\n<div class=\"txt-container\">\n<div class=\"image-feature-WH5IOPTTDT-text text-output featureText\">\n<div>\n<p>*Removing doubt and fear<\/p>\n<\/div>\n<\/div>\n<\/div>\n<\/div>\n<\/div>\n<\/div>\n<\/div>\n<\/div>\n<\/div>\n<div id=\"row-ao5lacoJrS\" class=\"radius0 noBorder row-align-center c-row c-wrapper row-ao5lacoJrS\">\n<div class=\"inner\">\n<div id=\"col-Es_f2Wy2I-\" class=\"c-column c-wrapper col-Es_f2Wy2I-\">\n<div class=\"radius0 noBorder bg bgCover horizontal inner\">\n<div id=\"image-feature-dZLz-2JVnh\" class=\"c-image-feature c-wrapper image-feature-dZLz-2JVnh\">\n<div class=\"img-feature-container feature-img-left feature-cols-80-20 cimage-feature-dZLz-2JVnh radius0 feature-cols-80-20 noBorder feature-img-left\">\n<div class=\"txt-container\">\n<div class=\"image-feature-dZLz-2JVnh-text text-output featureText\">\n<div>\n<p>*Creating momentum through gratitude<\/p>\n<\/div>\n<\/div>\n<\/div>\n<\/div>\n<\/div>\n<div id=\"image-feature-9-XZSNIJ9V\" class=\"c-image-feature c-wrapper image-feature-9-XZSNIJ9V\">\n<div class=\"img-feature-container feature-img-left feature-cols-80-20 cimage-feature-9-XZSNIJ9V radius0 feature-cols-80-20 noBorder feature-img-left\">\n<div class=\"txt-container\">\n<div class=\"image-feature-9-XZSNIJ9V-text text-output featureText\">\n<div>\n<p>*Relationships, love, professional and personal balance<\/p>\n<\/div>\n<\/div>\n<\/div>\n<\/div>\n<\/div>\n<\/div>\n<\/div>\n<\/div>\n<\/div>\n<div id=\"row-8Ss1D1gD0o\" class=\"radius0 noBorder row-align-center c-row c-wrapper row-8Ss1D1gD0o\">\n<div class=\"inner\">\n<div id=\"col-NEctn4oRB4\" class=\"c-column c-wrapper col-NEctn4oRB4\">\n<div class=\"radius0 noBorder bg bgCover horizontal inner\">\n<div id=\"image-feature-e5bNQd2LP7\" class=\"c-image-feature c-wrapper image-feature-e5bNQd2LP7\">\n<div class=\"img-feature-container feature-img-left feature-cols-80-20 cimage-feature-e5bNQd2LP7 radius0 feature-cols-80-20 noBorder feature-img-left\">\n<div class=\"txt-container\">\n<div class=\"image-feature-e5bNQd2LP7-text text-output featureText\">\n<div>\n<p>*Your superhero tools<\/p>\n<\/div>\n<\/div>\n<\/div>\n<\/div>\n<\/div>\n<div id=\"image-feature-1KrB3Bl9pR\" class=\"c-image-feature c-wrapper image-feature-1KrB3Bl9pR\">\n<div class=\"img-feature-container feature-img-left feature-cols-80-20 cimage-feature-1KrB3Bl9pR radius0 feature-cols-80-20 noBorder feature-img-left\">\n<div class=\"txt-container\">\n<div class=\"image-feature-1KrB3Bl9pR-text text-output featureText\">\n<div>\n<p>*Taking out &#8220;the&#8221; trash<\/p>\n<\/div>\n<\/div>\n<\/div>\n<\/div>\n<\/div>\n<\/div>\n<\/div>\n<\/div>\n<\/div>\n<div id=\"row-CPpOGI12A1\" class=\"radius0 noBorder row-align-center c-row c-wrapper row-CPpOGI12A1\">\n<div class=\"inner\">\n<div id=\"col-vtV4tqTEZW\" class=\"c-column c-wrapper col-vtV4tqTEZW\">\n<div class=\"radius0 noBorder bg bgCover horizontal inner\">\n<div id=\"image-feature-xnNf1rkmoo\" class=\"c-image-feature c-wrapper image-feature-xnNf1rkmoo\">\n<div class=\"img-feature-container feature-img-left feature-cols-80-20 cimage-feature-xnNf1rkmoo radius0 feature-cols-80-20 noBorder feature-img-left\">\n<div class=\"txt-container\">\n<div class=\"image-feature-xnNf1rkmoo-text text-output featureText\">\n<div>\n<p>*Meditation &amp; breath work<\/p>\n<p>*Daily regime for flow<\/p>\n<\/div>\n<\/div>\n<\/div>\n<\/div>\n<\/div>\n<\/div>\n<\/div>\n<\/div>\n<\/div>\n<div id=\"row-ej45XEdjIO\" class=\"radius0 noBorder row-align-center c-row c-wrapper row-ej45XEdjIO\">\n<div class=\"inner\">\n<div id=\"col-M-g2OpTzGi\" class=\"c-column c-wrapper col-M-g2OpTzGi\">\n<div class=\"radius0 noBorder bg bgCover horizontal inner\">\n<div id=\"image-feature-tl4__c1pOM\" class=\"c-image-feature c-wrapper image-feature-tl4__c1pOM\">\n<div class=\"img-feature-container feature-img-left feature-cols-80-20 cimage-feature-tl4__c1pOM radius0 feature-cols-80-20 noBorder feature-img-left\">\n<div class=\"txt-container\">\n<div class=\"image-feature-tl4__c1pOM-text text-output featureText\">\n<div>\n<p>*Tuning into higher frequencies<\/p>\n<\/div>\n<\/div>\n<\/div>\n<\/div>\n<\/div>\n<div id=\"image-feature-j5DeXUB3wp\" class=\"c-image-feature c-wrapper image-feature-j5DeXUB3wp\">\n<div class=\"img-feature-container feature-img-left feature-cols-80-20 cimage-feature-j5DeXUB3wp radius0 feature-cols-80-20 noBorder feature-img-left\">\n<div class=\"txt-container\">\n<div class=\"image-feature-j5DeXUB3wp-text text-output featureText\">\n<div>\n<p>*Activating your Mojo<\/p>\n<p><strong>And so much more..<\/strong>.<\/p>\n<\/div>\n<\/div>\n<\/div>\n<\/div>\n<\/div>\n<\/div>\n<\/div>\n<\/div>\n<\/div>\n<div id=\"row-a8FzvJ3m8w\" class=\"radius0 noBorder row-align-center c-row c-wrapper row-a8FzvJ3m8w\">\n<div class=\"inner\">\n<div id=\"col-ZfHrhl85Fq\" class=\"c-column c-wrapper col-ZfHrhl85Fq\">\n<div class=\"radius0 noBorder bg bgCover horizontal inner\">\n<div id=\"image-feature-SXhdsCVQ0h\" class=\"c-image-feature c-wrapper image-feature-SXhdsCVQ0h\">\n<div class=\"img-feature-container feature-img-left feature-cols-80-20 cimage-feature-SXhdsCVQ0h radius0 feature-cols-80-20 noBorder feature-img-left\">\n<div class=\"txt-container\">\n<div class=\"image-feature-SXhdsCVQ0h-text text-output featureText\">\n<div id=\"paragraph-YEMY8UTJZ4\" class=\"c-paragraph c-wrapper\">\n<div class=\"paragraph-YEMY8UTJZ4 text-output cparagraph-YEMY8UTJZ4 radius0 noBorder\">\n<div><\/div>\n<\/div>\n<\/div>\n<\/div>\n<\/div>\n<\/div>\n<\/div>\n<\/div>\n<\/div>\n<\/div>\n<\/div>\n<\/div>\n<\/div>\n<\/div>\n<\/div>\n<\/div>\n<div id=\"row-a8FzvJ3m8w\" class=\"radius0 noBorder row-align-center c-row c-wrapper row-a8FzvJ3m8w\">\n<div class=\"inner\">\n<div id=\"col-ZfHrhl85Fq\" class=\"c-column c-wrapper col-ZfHrhl85Fq\">\n<div class=\"radius0 noBorder bg bgCover horizontal inner\">\n<div id=\"image-feature-gbkLapy9RJ\" class=\"c-image-feature c-wrapper image-feature-gbkLapy9RJ\">\n<div class=\"img-feature-container feature-img-left feature-cols-80-20 cimage-feature-gbkLapy9RJ radius0 feature-cols-80-20 noBorder feature-img-left\">\n<div class=\"txt-container\"><\/div>\n<\/div>\n<\/div>\n<\/div>\n<\/div>\n<\/div>\n<\/div>\n<p>&nbsp;<\/p>","protected":false},"featured_media":79522,"template":"","meta":{"footnotes":""},"product_brand":[],"product_cat":[87],"product_tag":[],"class_list":{"0":"post-85438","1":"product","2":"type-product","3":"status-publish","4":"has-post-thumbnail","6":"product_cat-elearning","8":"first","9":"instock","10":"sale","11":"virtual","12":"sold-individually","13":"taxable","14":"purchasable","15":"product-type-simple"},"bundled_by":[],"bundle_stock_status":"instock","bundle_stock_quantity":null,"bundle_virtual":false,"bundle_layout":"","bundle_add_to_cart_form_location":"","bundle_editable_in_cart":false,"bundle_sold_individually_context":"","bundle_item_grouping":"","bundle_min_size":"","bundle_max_size":"","bundle_price":[],"bundled_items":[],"bundle_sell_ids":[],"group_of_quantity":0,"min_quantity":0,"max_quantity":"","exclude_order_quantity_value_rules":"no","exclude_category_quantity_rules":"no","combine_variations":"no","_links":{"self":[{"href":"https:\/\/2024.shoply.com\/de\/wp-json\/wp\/v2\/product\/85438","targetHints":{"allow":["GET"]}}],"collection":[{"href":"https:\/\/2024.shoply.com\/de\/wp-json\/wp\/v2\/product"}],"about":[{"href":"https:\/\/2024.shoply.com\/de\/wp-json\/wp\/v2\/types\/product"}],"version-history":[{"count":1,"href":"https:\/\/2024.shoply.com\/de\/wp-json\/wp\/v2\/product\/85438\/revisions"}],"predecessor-version":[{"id":126945,"href":"https:\/\/2024.shoply.com\/de\/wp-json\/wp\/v2\/product\/85438\/revisions\/126945"}],"wp:featuredmedia":[{"embeddable":true,"href":"https:\/\/2024.shoply.com\/de\/wp-json\/wp\/v2\/media\/79522"}],"wp:attachment":[{"href":"https:\/\/2024.shoply.com\/de\/wp-json\/wp\/v2\/media?parent=85438"}],"wp:term":[{"taxonomy":"product_brand","embeddable":true,"href":"https:\/\/2024.shoply.com\/de\/wp-json\/wp\/v2\/product_brand?post=85438"},{"taxonomy":"product_cat","embeddable":true,"href":"https:\/\/2024.shoply.com\/de\/wp-json\/wp\/v2\/product_cat?post=85438"},{"taxonomy":"product_tag","embeddable":true,"href":"https:\/\/2024.shoply.com\/de\/wp-json\/wp\/v2\/product_tag?post=85438"}],"curies":[{"name":"wp","href":"https:\/\/api.w.org\/{rel}","templated":true}]}}