{"id":91156,"date":"2024-12-11T18:00:48","date_gmt":"2024-12-11T23:00:48","guid":{"rendered":"https:\/\/shoply.com\/?post_type=product&#038;p=91156"},"modified":"2025-02-15T03:02:05","modified_gmt":"2025-02-15T08:02:05","slug":"hydrate-shine-trio","status":"publish","type":"product","link":"https:\/\/2024.shoply.com\/de\/produkt\/hydrate-shine-trio\/","title":{"rendered":"Hydratisieren &amp; Gl\u00e4nzen Trio"},"content":{"rendered":"","protected":false},"excerpt":{"rendered":"<h4><i><span style=\"font-weight: 400\">Verbessern Sie Ihre Selbstpflege mit dem Hydrate &amp; Shine Trio - einem luxuri\u00f6sen dreiteiligen Set, das Sie n\u00e4hrt, verw\u00f6hnt und Ihnen ein strahlendes Selbstbewusstsein verleiht.<\/span><\/i><\/h4>\n<h4><span style=\"color: #db9d21\"><b>Perfekt zum Verschenken:<br \/>\n<\/b><\/span><span style=\"font-weight: 400;color: #db9d21\">Ob als Weihnachts\u00fcberraschung, Geburtstagsgeschenk oder als besondere Freude f\u00fcr Sie selbst - das Hydrate &amp; Shine Trio ist das ultimative Verw\u00f6hnprogramm. Durchdacht verpackt und sofort einsatzbereit, ist es ein Geschenk, das sicher beeindruckt.<\/span><\/h4>\n<h4><b>Was enthalten ist:<\/b><\/h4>\n<ol>\n<li style=\"font-weight: 400\"><b>Spa-Stirnband &amp; Handgelenkwickel-Set<\/b>\n<ul>\n<li style=\"font-weight: 400\"><span style=\"font-weight: 400\">Schaffen Sie sich mit diesem praktischen und luxuri\u00f6sen Duo das ultimative Wellness-Erlebnis f\u00fcr zu Hause. Halten Sie Ihr Haar sicher und Ihre Handgelenke trocken, w\u00e4hrend Sie Ihre Beauty-Routine genie\u00dfen.<\/span><\/li>\n<\/ul>\n<\/li>\n<li style=\"font-weight: 400\"><b>Spa-Haarmaske<\/b>\n<ul>\n<li style=\"font-weight: 400\"><span style=\"font-weight: 400\">Verw\u00f6hnen Sie Ihr Haar mit dieser Spa-Haarmaske, die es intensiv mit Feuchtigkeit und N\u00e4hrstoffen versorgt. Sie ist f\u00fcr alle Haartypen geeignet und hinterl\u00e4sst Ihre Locken weich, seidig und mit strahlendem Glanz.<\/span><\/li>\n<\/ul>\n<\/li>\n<li style=\"font-weight: 400\"><b>Seidiger Lipgloss<\/b>\n<ul>\n<li style=\"font-weight: 400\"><span style=\"font-weight: 400\">Vervollst\u00e4ndigen Sie Ihren Look mit diesem feuchtigkeitsspendenden, nicht klebenden Lipgloss. Der Lipgloss enth\u00e4lt hautfreundliche Inhaltsstoffe, die die Haut mit Feuchtigkeit versorgen und f\u00fcr ein wundersch\u00f6nes, transparentes Finish sorgen.<\/span><\/li>\n<\/ul>\n<\/li>\n<\/ol>\n<h4><b>Warum Sie es lieben werden:<\/b><\/h4>\n<ul>\n<li style=\"font-weight: 400\"><span style=\"font-weight: 400\">Bringt Komfort, Sch\u00f6nheit und Entspannung in Spa-Qualit\u00e4t in Ihren Alltag.<\/span><\/li>\n<li style=\"font-weight: 400\"><span style=\"font-weight: 400\">Perfekt zusammengestellt f\u00fcr ein umfassendes Verw\u00f6hnerlebnis.<\/span><\/li>\n<li style=\"font-weight: 400\"><b>Eingebaute Einsparungen:<\/b><span style=\"font-weight: 400\"> Dieses exklusive Trio bietet ein au\u00dfergew\u00f6hnliches Preis-Leistungs-Verh\u00e4ltnis, bei dem Sie mehr sparen, als wenn Sie jeden Artikel einzeln kaufen w\u00fcrden.<\/span><\/li>\n<li style=\"font-weight: 400\"><span style=\"font-weight: 400\">Vegan, tierversuchsfrei und mit hochwertigen Inhaltsstoffen f\u00fcr einen luxuri\u00f6sen Touch hergestellt.<\/span><\/li>\n<\/ul>\n<h4><b>Wie zu verwenden:<\/b><\/h4>\n<ol>\n<li style=\"font-weight: 400\"><span style=\"font-weight: 400\">Schl\u00fcpfen Sie in die <\/span><b>Spa-Stirnband<\/b><span style=\"font-weight: 400\"> und <\/span><b>Handgelenkbandagen<\/b><span style=\"font-weight: 400\"> um das Haar an Ort und Stelle und die Handgelenke w\u00e4hrend der Sch\u00f6nheitspflege trocken zu halten.<\/span><\/li>\n<li style=\"font-weight: 400\"><span style=\"font-weight: 400\">Anwenden der <\/span><b>Spa-Haarmaske<\/b><span style=\"font-weight: 400\"> auf das saubere, feuchte Haar auftragen. Lassen Sie es 10-15 Minuten einwirken, bevor Sie es gr\u00fcndlich aussp\u00fclen.<\/span><\/li>\n<li style=\"font-weight: 400\"><span style=\"font-weight: 400\">Wischen Sie auf dem <\/span><b>Seidiger Lipgloss<\/b><span style=\"font-weight: 400\"> spendet Feuchtigkeit und verleiht Glanz f\u00fcr ein strahlendes Finish.<\/span><\/li>\n<\/ol>","protected":false},"featured_media":105739,"template":"","meta":{"footnotes":""},"product_brand":[],"product_cat":[385,821,80,835,298,384,407,383,386],"product_tag":[108,743,241,137,152,140,113],"class_list":{"0":"post-91156","1":"product","2":"type-product","3":"status-publish","4":"has-post-thumbnail","6":"product_cat-bath-body","7":"product_cat-beauty","8":"product_cat-beauty-health-supplements","9":"product_cat-bundles","10":"product_cat-christmas","11":"product_cat-cosmetics","12":"product_cat-gift-giving","13":"product_cat-personal-care","14":"product_cat-skin-care","15":"product_tag-bath","16":"product_tag-beauty","17":"product_tag-cosmetics","18":"product_tag-essentials","19":"product_tag-moisturizer","20":"product_tag-skin-care","21":"product_tag-vegan","22":"has-subscription-plans","24":"first","25":"instock","26":"sale","27":"taxable","28":"shipping-taxable","29":"purchasable","30":"product-type-variable"},"bundled_by":[],"bundle_stock_status":"instock","bundle_stock_quantity":null,"bundle_virtual":false,"bundle_layout":"","bundle_add_to_cart_form_location":"","bundle_editable_in_cart":false,"bundle_sold_individually_context":"","bundle_item_grouping":"","bundle_min_size":"","bundle_max_size":"","bundle_price":[],"bundled_items":[],"bundle_sell_ids":[],"group_of_quantity":0,"min_quantity":0,"max_quantity":"","exclude_order_quantity_value_rules":"no","exclude_category_quantity_rules":"no","combine_variations":"no","_links":{"self":[{"href":"https:\/\/2024.shoply.com\/de\/wp-json\/wp\/v2\/product\/91156","targetHints":{"allow":["GET"]}}],"collection":[{"href":"https:\/\/2024.shoply.com\/de\/wp-json\/wp\/v2\/product"}],"about":[{"href":"https:\/\/2024.shoply.com\/de\/wp-json\/wp\/v2\/types\/product"}],"version-history":[{"count":3,"href":"https:\/\/2024.shoply.com\/de\/wp-json\/wp\/v2\/product\/91156\/revisions"}],"predecessor-version":[{"id":142082,"href":"https:\/\/2024.shoply.com\/de\/wp-json\/wp\/v2\/product\/91156\/revisions\/142082"}],"wp:featuredmedia":[{"embeddable":true,"href":"https:\/\/2024.shoply.com\/de\/wp-json\/wp\/v2\/media\/105739"}],"wp:attachment":[{"href":"https:\/\/2024.shoply.com\/de\/wp-json\/wp\/v2\/media?parent=91156"}],"wp:term":[{"taxonomy":"product_brand","embeddable":true,"href":"https:\/\/2024.shoply.com\/de\/wp-json\/wp\/v2\/product_brand?post=91156"},{"taxonomy":"product_cat","embeddable":true,"href":"https:\/\/2024.shoply.com\/de\/wp-json\/wp\/v2\/product_cat?post=91156"},{"taxonomy":"product_tag","embeddable":true,"href":"https:\/\/2024.shoply.com\/de\/wp-json\/wp\/v2\/product_tag?post=91156"}],"curies":[{"name":"wp","href":"https:\/\/api.w.org\/{rel}","templated":true}]}}