{"id":97580,"date":"2024-11-26T14:23:34","date_gmt":"2024-11-26T19:23:34","guid":{"rendered":"https:\/\/shoply.com\/?post_type=product&#038;p=97580"},"modified":"2025-01-31T13:55:13","modified_gmt":"2025-01-31T18:55:13","slug":"staywell-copper-medium-phone-patch-1-5-x-2-5","status":"publish","type":"product","link":"https:\/\/2024.shoply.com\/de\/produkt\/staywell-copper-medium-phone-patch-1-5-x-2-5\/","title":{"rendered":"StayWell Copper Medium Phone Patch 1,5\u2033 x 2,5\u2033"},"content":{"rendered":"<h2 class=\"heading heading--small\">StayWell\u00ae Copper Medium Phone Patch\u00a0 1.5&#8243; x 2.5&#8243;<\/h2>\n<h3 class=\"heading h3\"><span style=\"font-size: 16px\">\u2714 T\u00f6tet 99,9% der sch\u00e4dlichen Keime, Bakterien und Viren ~ zus\u00e4tzlich zum H\u00e4ndewaschen verwenden<\/span><\/h3>\n<div class=\"image-with-text-block__text-container\">\n<h5>\u2714 Selbstdesinfizierend<\/h5>\n<h5>\u2714G\u00fcnstig<\/h5>\n<h5>\u2714 Wirtschaftlich ~ Einmaliger Kauf, funktioniert ein Leben lang<\/h5>\n<h5>\u2714 Kein Nachf\u00fcllen, keine Batterien, keine Unordnung, kein Abfall<\/h5>\n<h5>\u2714 Ganz nat\u00fcrlich und chemiefrei<\/h5>\n<h5>\u2714\u00a0<strong>Mit Stolz in den USA hergestellt<\/strong>\u00a0aus 99,94% endlos wiederverwertbarem, EPA-registriertem antimikrobiellem amerikanischem Kupfer. EPA-Reg.-Nr. 85341-3-99000<\/h5>\n<div id=\"shopify-section-template--14720060031081__product-content\" class=\"shopify-section shopify-section--product-content\">\n<section class=\"container\">\n<div id=\"product-7114297213033-content\" class=\"product-content anchor\">\n<div id=\"product-7114297213033-tabs\" class=\"product-content__tabs anchor\">\n<div class=\"product-tabs\">\n<div class=\"product-tabs__content\">\n<div id=\"block-template--14720060031081__product-content-description\" class=\"product-tabs__tab-item-wrapper\">\n<div class=\"product-tabs__tab-item-content rte\">\n<p>Labortests haben gezeigt, dass diese Oberfl\u00e4che bei regelm\u00e4\u00dfiger Reinigung:<\/p>\n<ul>\n<li>Reduziert kontinuierlich die Kontamination mit Bakterien* und erreicht eine Reduktion von 99,9% innerhalb von 2 Stunden nach der Exposition.<\/li>\n<li>T\u00f6tet mehr als 99,9% der gramnegativen und grampositiven Bakterien* innerhalb von 2 Stunden nach der Exposition ab.<\/li>\n<li>Bietet eine kontinuierliche und anhaltende antibakterielle* Wirkung und t\u00f6tet innerhalb von 2 Stunden mehr als 99,9% der Bakterien* ab.<\/li>\n<li>T\u00f6tet mehr als 99,9% Bakterien* innerhalb von zwei Stunden ab und t\u00f6tet auch nach wiederholten Kontaminationen noch 99% Bakterien*.<\/li>\n<li>Hilft, die Ansammlung und das Wachstum von Bakterien* innerhalb von 2 Stunden nach der Exposition zwischen den routinem\u00e4\u00dfigen Reinigungs- und Desinfektionsschritten zu verhindern.<\/li>\n<li>StayWell\u00ae Copper besteht aus einer Kupferoberfl\u00e4che, die Bakterien*, die von schmutzigen H\u00e4nden auf der Oberfl\u00e4che zur\u00fcckbleiben, kontinuierlich abt\u00f6tet und mehr als 99,9% der Bakterien* innerhalb von 2 Stunden abt\u00f6tet.<\/li>\n<\/ul>\n<p>* Staphylococcus aureus, Enterobacter aerogenes, Methicillin-resistenter Staphylococcus aureus (MRSA), Escherichia coli O157:H7, Pseudomonas aeruginosa und Vancomycin-resistenter Enterococcus faecalis (VRE).<\/p>\n<p><strong>Ihre H\u00e4nde verbreiten 80% aller Bakterien. StayWell\u00ae Copper h\u00e4lt \u00fcber Jahre hinweg<\/strong><\/p>\n<p>STAYWELL\u00ae KUPFER<\/p>\n<p>\u2714Praktisch - immer in der N\u00e4he oder auf den Dingen, die man am h\u00e4ufigsten ber\u00fchrt<\/p>\n<p>\u2714StayWell\u00ae Kupfer Inhaltsstoffliste:  Reines unlackiertes festes antimikrobielles Kupfer<\/p>\n<p>\u2714 Ewig benutzen. H\u00f6rt nie auf, Bakterien abzut\u00f6ten. Kein Nachf\u00fcllen, keine Batterien, keine Unordnung, kein Abfall<\/p>\n<p>\u2714 Haftet \u00fcberall an den Dingen, die Sie am meisten ber\u00fchren<\/p>\n<p>\u2714 Hergestellt in den USA aus 99,94% antimikrobiellem, recyceltem, EPA-registriertem amerikanischem Kupfer<\/p>\n<p><img fetchpriority=\"high\" decoding=\"async\" class=\"image-overlay__image\" src=\"https:\/\/staywellcopper.com\/cdn\/shop\/files\/Untitled_2000_x_500_px.jpg?v=1677644349&amp;width=2000\" alt=\"\" width=\"2000\" height=\"500\" \/><\/p>\n<\/div>\n<\/div>\n<\/div>\n<\/div>\n<\/div>\n<\/div>\n<\/section>\n<\/div>\n<div id=\"shopify-section-template--14720060031081__d59f4bef-dd36-4571-b6e5-bef3e83cedaf\" class=\"shopify-section shopify-section--image-with-text-overlay\">\n<section class=\"section section--flush\">\n<div class=\"container\">\n<div class=\"image-overlay__content-wrapper\">\n<div class=\"image-overlay__content content-box content-box--medium content-box--text-center content-box--center text-container\">\u2714 Garantiert hohe Qualit\u00e4tsstandards durch die Beschaffung und Herstellung unserer Produkte in hochmodernen, von der EPA genehmigten Anlagen in den USA<\/div>\n<div class=\"image-overlay__content content-box content-box--medium content-box--text-center content-box--center text-container\">\u2714 <strong>Unternehmen im Besitz von Frauen\u00a0<\/strong>Herstellung der bestm\u00f6glichen Produkte unter Verwendung der besten nat\u00fcrlichen amerikanischen Zutaten<\/div>\n<\/div>\n<\/div>\n<\/section>\n<\/div>\n<\/div>","protected":false},"excerpt":{"rendered":"<p>Your Phone is the germiest thing we touch all day, all night, all the time &#8211; we even take it to the toilet with us.<\/p>\n<p>Ihre H\u00e4nde verbreiten 80% aller Bakterien und Viren.<\/p>\n<p>StayWell\u00ae Copper wird aus feinstem amerikanischem antimikrobiellem Kupfer hergestellt und t\u00f6tet kontinuierlich Keime, Bakterien und Viren ab, die jedes Mal zur\u00fcckbleiben, wenn Sie Ihr Telefon, Ihr Tablet, Ihre TV-Fernbedienung, Ihre Brieftasche ... Sie verstehen schon - die keimigen Dinge, die wir st\u00e4ndig anfassen, aber nie richtig reinigen.<\/p>\n<p>Mit dem Gebrauch oxidiert Kupfer und l\u00e4uft auf nat\u00fcrliche Weise an und ver\u00e4ndert seine Farbe. Diese <strong>NICHT<\/strong> seine antimikrobiellen Eigenschaften zur Abt\u00f6tung von Keimen hemmen. Es ist wichtig, dass Sie Ihre StayWell\u00ae-Kupferprodukte frei von \u00d6len, Sonnenschutzmitteln, Lotionen und Handcreme halten. Waschen Sie Ihr Kupfer mit Wasser und Seife, um die Kupferoberfl\u00e4che sauber zu halten, so dass sie dauerhaft Keime abt\u00f6ten kann. Sie k\u00f6nnen einen handels\u00fcblichen Kupferreiniger wie Tarnx verwenden, wenn Sie wollen, dass Ihr Kupfer hell und gl\u00e4nzend ist.<\/p>","protected":false},"featured_media":97588,"template":"","meta":{"footnotes":""},"product_brand":[],"product_cat":[80,197,382,820],"product_tag":[],"class_list":{"0":"post-97580","1":"product","2":"type-product","3":"status-publish","4":"has-post-thumbnail","6":"product_cat-beauty-health-supplements","7":"product_cat-electronics-accessories","8":"product_cat-health","9":"product_cat-wellness","10":"product_shipping_class-shipping-class-3","11":"has-subscription-plans","13":"first","14":"instock","15":"taxable","16":"shipping-taxable","17":"purchasable","18":"product-type-simple"},"bundled_by":[],"bundle_stock_status":"instock","bundle_stock_quantity":500,"bundle_virtual":false,"bundle_layout":"","bundle_add_to_cart_form_location":"","bundle_editable_in_cart":false,"bundle_sold_individually_context":"","bundle_item_grouping":"","bundle_min_size":"","bundle_max_size":"","bundle_price":[],"bundled_items":[],"bundle_sell_ids":[],"group_of_quantity":0,"min_quantity":0,"max_quantity":"","exclude_order_quantity_value_rules":"no","exclude_category_quantity_rules":"no","combine_variations":"no","_links":{"self":[{"href":"https:\/\/2024.shoply.com\/de\/wp-json\/wp\/v2\/product\/97580","targetHints":{"allow":["GET"]}}],"collection":[{"href":"https:\/\/2024.shoply.com\/de\/wp-json\/wp\/v2\/product"}],"about":[{"href":"https:\/\/2024.shoply.com\/de\/wp-json\/wp\/v2\/types\/product"}],"version-history":[{"count":1,"href":"https:\/\/2024.shoply.com\/de\/wp-json\/wp\/v2\/product\/97580\/revisions"}],"predecessor-version":[{"id":128847,"href":"https:\/\/2024.shoply.com\/de\/wp-json\/wp\/v2\/product\/97580\/revisions\/128847"}],"wp:featuredmedia":[{"embeddable":true,"href":"https:\/\/2024.shoply.com\/de\/wp-json\/wp\/v2\/media\/97588"}],"wp:attachment":[{"href":"https:\/\/2024.shoply.com\/de\/wp-json\/wp\/v2\/media?parent=97580"}],"wp:term":[{"taxonomy":"product_brand","embeddable":true,"href":"https:\/\/2024.shoply.com\/de\/wp-json\/wp\/v2\/product_brand?post=97580"},{"taxonomy":"product_cat","embeddable":true,"href":"https:\/\/2024.shoply.com\/de\/wp-json\/wp\/v2\/product_cat?post=97580"},{"taxonomy":"product_tag","embeddable":true,"href":"https:\/\/2024.shoply.com\/de\/wp-json\/wp\/v2\/product_tag?post=97580"}],"curies":[{"name":"wp","href":"https:\/\/api.w.org\/{rel}","templated":true}]}}