{"id":96370,"date":"2024-11-25T04:11:08","date_gmt":"2024-11-25T09:11:08","guid":{"rendered":"https:\/\/shoply.com\/?post_type=product&#038;p=96370"},"modified":"2025-02-26T13:07:12","modified_gmt":"2025-02-26T18:07:12","slug":"perfektes-make-up-in-einer-minute-no-5","status":"publish","type":"product","link":"https:\/\/2024.shoply.com\/el\/product\/perfektes-make-up-in-einer-minute-no-5\/","title":{"rendered":"\u03a4\u03ad\u03bb\u03b5\u03b9\u03bf \u03bc\u03b1\u03ba\u03b9\u03b3\u03b9\u03ac\u03b6 \u03c3\u03b5 \u03ad\u03bd\u03b1 \u03bb\u03b5\u03c0\u03c4\u03cc! No.5"},"content":{"rendered":"<div class=\"product-details__product-attributes\"><span style=\"display: inline-block;width: 0px;overflow: hidden;line-height: 0\" class=\"mce_SELRES_start\"><\/span><\/p>\n<p>&nbsp;<\/p>\n<p>&nbsp;<\/p>\n<p>&nbsp;<\/p>\n<div class=\"details-product-attribute\"><span class=\"details-product-attribute__title\"><span style=\"vertical-align: inherit\"><span style=\"vertical-align: inherit\"><span style=\"vertical-align: inherit\"><span style=\"vertical-align: inherit\"><span style=\"vertical-align: inherit\"><span style=\"vertical-align: inherit\">\u039c\u03ac\u03c1\u03ba\u03b1:\u00a0 <\/span><\/span><\/span><\/span><\/span><\/span><\/span><span class=\"details-product-attribute__value\"><span style=\"vertical-align: inherit\"><span style=\"vertical-align: inherit\"><span style=\"vertical-align: inherit\"><span style=\"vertical-align: inherit\"><span style=\"vertical-align: inherit\"><span style=\"vertical-align: inherit\">Martina Otte Cosmetics\u00ae<\/span><\/span><\/span><\/span><\/span><\/span><\/span><\/div>\n<\/div>\n<div id=\"productDescription\" class=\"product-details__product-description\">\n<div><span style=\"vertical-align: inherit\"><span style=\"vertical-align: inherit\"><span style=\"vertical-align: inherit\"><span style=\"vertical-align: inherit\"><span style=\"vertical-align: inherit\"><span style=\"vertical-align: inherit\">Entdecken Sie das Geheimnis makelloser Haut! Die All Cover Up Foundation No.5 Brown Sugar von Martina Otte Cosmetics\u00ae schafft es, Ihr Hautbild in nur einer Minute zu perfektionieren. Diese speziell entwickelte, lichtreflektierende Foundation eignet sich sowohl f\u00fcr Ihr Gesicht als auch f\u00fcr Ihren K\u00f6rper. Die wasserfeste Formel bietet eine au\u00dfergew\u00f6hnliche Deckkraft, w\u00e4hrend sie \u03c4\u03b1\u03c5\u03c4\u03cc\u03c7\u03c1\u03bf\u03bd\u03b1 feine Linien gl\u00e4ttet und R\u00f6tungen kaschiert. Dank ihrer intensiven Pflegewirkung ben\u00f6tigen Sie kein zus\u00e4tzliches Puder. Die fundierte 4-in-1-Wirkung vereint die Vorteile von Concealer, Neutralizer und einer Camouflagetextur, welche Unregelm\u00e4\u00dfigkeiten sofort ausgleicht, ohne die Haut zu beschweren. Ein samtiges Finish und der integrierte Sonnenschutz LSF50 runden dieses Must-have ab. \u0399\u03b4\u03b1\u03bd\u03b9\u03ba\u03cc \u03b3\u03b9\u03b1 den dunkleren Hauttyp. Ihr neuer Begleiter f\u00fcr ein nat\u00fcrlich perfektes Erscheinungsbild! Make-up und Pflege verleihen Ihnen einen strahlenden und frischen Teint. Durch die wasserfeste Konsistenz ist das Make-up wischfest und h\u00e4lt 24h, ohne abzuf\u00e4rben. Durch das Hybrid Make up, das Pflege und Grundierung vereint, brauchen Sie keinen Concealer und Puder mehr. Hohe Deckkraft und Ergiebigkeit f\u00fcr ein Pflege- und Make-up-Highlight der Extraklasse. Perfekt grundiert durch hohe Deckkraft. Die atmungsaktive Hybrid Foundation mit Pflege verleiht Ihnen ein junges und frisches Aussehen.<\/span><\/span><\/span><\/span><\/span><\/span><\/div>\n<\/div>\n<div>\n<p><span style=\"font-weight: 400\">\u03a3\u03c5\u03c3\u03c4\u03b1\u03c4\u03b9\u03ba\u03ac:<\/span><\/p>\n<p><span style=\"font-weight: 400\">\u039d\u03b5\u03c1\u03cc (Aqua), \u03ba\u03c5\u03ba\u03bb\u03bf\u03c0\u03b5\u03bd\u03c4\u03b1\u03c3\u03b9\u03bb\u03bf\u03be\u03ac\u03bd\u03b7, \u03ba\u03b5\u03c1\u03af Beewax (Cera Alba), \u03c3\u03c4\u03b5\u03b1\u03c1\u03c5\u03bb\u03b9\u03ba\u03ae \u03b4\u03b9\u03bc\u03b5\u03b8\u03b9\u03ba\u03cc\u03bd\u03b7, \u03b9\u03c3\u03bf\u03b4\u03c9\u03b4\u03b5\u03ba\u03ac\u03bd\u03b9\u03bf, \u03b1\u03b9\u03b8\u03c5\u03bb\u03b5\u03be\u03b1\u03bd\u03b9\u03ba\u03cc \u03ba\u03b5\u03c1\u03af Cetyl, \u03bc\u03b9\u03ba\u03c1\u03bf\u03ba\u03c1\u03c5\u03c3\u03c4\u03b1\u03bb\u03bb\u03b9\u03ba\u03cc \u03ba\u03b5\u03c1\u03af (Crea Microcristal-lina), Ceryl PEG\/PPG-10\/1 Dimethicone, \u03bb\u03b1\u03c5\u03c1\u03b9\u03ba\u03cc \u03b3\u03bb\u03c5\u03ba\u03b5\u03c1\u03cd\u03bb\u03b9\u03bf, Mica, Dis-teardimonium, Hectorite, Methylparaben, Ethylparaben, Butylparaben, Tocopheryl Acetate, Ascorbyl Palmitate, Chamomilla Recutita Extract, Sodium Hyaluronte, May Contain\/peut Contenir: \u039f\u03be\u03b5\u03af\u03b4\u03b9\u03b1 \u03c4\u03bf\u03c5 \u03c3\u03b9\u03b4\u03ae\u03c1\u03bf\u03c5 (CI 177491, CI 177492, CI 177499), \u03b4\u03b9\u03bf\u03be\u03b5\u03af\u03b4\u03b9\u03bf \u03c4\u03bf\u03c5 \u03c4\u03b9\u03c4\u03b1\u03bd\u03af\u03bf\u03c5 (CI 177891) cruelty free<\/span><\/p>\n<\/div>","protected":false},"excerpt":{"rendered":"<p><span style=\"display: inline-block;width: 0px;overflow: hidden;line-height: 0\" class=\"mce_SELRES_start\"><\/span>&nbsp;<\/p>\n<ul>\n<li style=\"font-weight: 400\"><span style=\"font-weight: 400\"><span style=\"vertical-align: inherit\"><span style=\"vertical-align: inherit\"><span style=\"vertical-align: inherit\"><span style=\"vertical-align: inherit\"><span style=\"vertical-align: inherit\"><span style=\"vertical-align: inherit\">Erleben Sie \u03c4\u03b7 \u03c3\u03c5\u03bc\u03b2\u03af\u03c9\u03c3\u03b7 Pflege \u03ba\u03b1\u03b9 Make-up \u03bc\u03b5 \u03c4\u03b1 Martina Otte Cosmetics\u00ae.<\/span><\/span><\/span><\/span><\/span><\/span><\/span><\/li>\n<li style=\"font-weight: 400\"><span style=\"font-weight: 400\"><span style=\"vertical-align: inherit\"><span style=\"vertical-align: inherit\"><span style=\"vertical-align: inherit\"><span style=\"vertical-align: inherit\"><span style=\"vertical-align: inherit\"><span style=\"vertical-align: inherit\">Dein perfekter Begleiter f\u00fcr jeden Anlass: Wasserfest, langanhaltend und mit Anti-Aging-Effekt.<\/span><\/span><\/span><\/span><\/span><\/span><\/span><\/li>\n<li style=\"font-weight: 400\"><span style=\"font-weight: 400\"><span style=\"vertical-align: inherit\"><span style=\"vertical-align: inherit\"><span style=\"vertical-align: inherit\"><span style=\"vertical-align: inherit\"><span style=\"vertical-align: inherit\"><span style=\"vertical-align: inherit\">\u0397 Martina Otte Cosmetics\u00ae \u03c0\u03c1\u03bf\u03c3\u03c6\u03ad\u03c1\u03b5\u03b9 hochwertige, wirkstoffreiche Foundations, die Ihre Haut pflegen und \u03c4\u03b1\u03c5\u03c4\u03cc\u03c7\u03c1\u03bf\u03bd\u03b1 f\u00fcr einen makellosen Look sorgen.<\/span><\/span><\/span><\/span><\/span><\/span><\/span><\/li>\n<li style=\"font-weight: 400\"><span style=\"font-weight: 400\"><span style=\"vertical-align: inherit\"><span style=\"vertical-align: inherit\"><span style=\"vertical-align: inherit\"><span style=\"vertical-align: inherit\"><span style=\"vertical-align: inherit\"><span style=\"vertical-align: inherit\">Zeit sparen und strahlen - mit unserem innovativen Hybrid Make-up, speziell entwickelt f\u00fcr die moderne Frau.<\/span><\/span><\/span><\/span><\/span><\/span><\/span><\/li>\n<li>\n<h2><b><span style=\"vertical-align: inherit\"><span style=\"vertical-align: inherit\"><span style=\"vertical-align: inherit\"><span style=\"vertical-align: inherit\">\u03a5\u03b2\u03c1\u03b9\u03b4\u03b9\u03ba\u03cc \u03bc\u03b1\u03ba\u03b9\u03b3\u03b9\u03ac\u03b6 \u03c4\u03b7\u03c2 Martina Otte Cosmetics\u00ae: Die perfekte Verbindung von Pflege und Farbe<\/span><\/span><\/span><\/span><\/b><\/h2>\n<p><b><span style=\"vertical-align: inherit\"><span style=\"vertical-align: inherit\"><span style=\"vertical-align: inherit\"><span style=\"vertical-align: inherit\">\u03a4\u03b9 \u03b5\u03af\u03bd\u03b1\u03b9 \u03c4\u03bf Hybrid-Make-up;<\/span><\/span><\/span><\/span><\/b><\/p>\n<p><span style=\"font-weight: 400\"><span style=\"vertical-align: inherit\"><span style=\"vertical-align: inherit\"><span style=\"vertical-align: inherit\"><span style=\"vertical-align: inherit\">Stell dir vor, deine Hautpflege und dein Make-up verschmelzen zu einem Produkt. Genau das ist Hybrid-Make-up. \u03a3\u03c5\u03bd\u03b4\u03c5\u03ac\u03b6\u03b5\u03b9 \u03c4\u03b1 \u03c0\u03bb\u03b5\u03bf\u03bd\u03b5\u03ba\u03c4\u03ae\u03bc\u03b1\u03c4\u03b1 \u03c4\u03b7\u03c2 \u03ba\u03b1\u03b9\u03bd\u03bf\u03c4\u03cc\u03bc\u03bf\u03c5 \u03c6\u03c1\u03bf\u03bd\u03c4\u03af\u03b4\u03b1\u03c2 \u03bc\u03b5 \u03c4\u03b9\u03c2 \u03b9\u03b4\u03b9\u03b1\u03af\u03c4\u03b5\u03c1\u03b5\u03c2 \u03b9\u03b4\u03b9\u03cc\u03c4\u03b7\u03c4\u03b5\u03c2 \u03b5\u03bd\u03cc\u03c2 \u03bc\u03b1\u03ba\u03b9\u03b3\u03b9\u03ac\u03b6. \u03a4\u03bf \u03b1\u03c0\u03bf\u03c4\u03ad\u03bb\u03b5\u03c3\u03bc\u03b1; Ein strahlender Teint, der gepflegt aussieht und \u03c4\u03b1\u03c5\u03c4\u03cc\u03c7\u03c1\u03bf\u03bd\u03b1 Unreinheiten abdeckt.<\/span><\/span><\/span><\/span><\/span><\/p>\n<p><b><span style=\"vertical-align: inherit\"><span style=\"vertical-align: inherit\"><span style=\"vertical-align: inherit\"><span style=\"vertical-align: inherit\">Was kann Hybrid-Make-up von Martina Otte Cosmetics\u00ae sein?<\/span><\/span><\/span><\/span><\/b><\/p>\n<p><span style=\"font-weight: 400\"><span style=\"vertical-align: inherit\"><span style=\"vertical-align: inherit\"><span style=\"vertical-align: inherit\"><span style=\"vertical-align: inherit\"><span style=\"vertical-align: inherit\"><span style=\"vertical-align: inherit\"><span style=\"vertical-align: inherit\"><span style=\"vertical-align: inherit\">Die Hybrid-Produkte von Martina Otte Cosmetics\u00ae sind so konzipiert, dass sie Ihrer Haut nicht nur Farbe verleihen, sondern sie auch pflegen und sch\u00fctzen. Hier sind einige Vorteile, die du erwarten kannst:<\/span><\/span><\/span><\/span><\/span><\/span><\/span><\/span><\/span><\/p>\n<ul>\n<li style=\"font-weight: 400\"><b><span style=\"vertical-align: inherit\"><span style=\"vertical-align: inherit\"><span style=\"vertical-align: inherit\"><span style=\"vertical-align: inherit\"><span style=\"vertical-align: inherit\"><span style=\"vertical-align: inherit\"><span style=\"vertical-align: inherit\"><span style=\"vertical-align: inherit\">Perfekte Deckkraft: <\/span><\/span><\/span><\/span><\/span><\/span><\/span><\/span><\/b><span style=\"font-weight: 400\"><span style=\"vertical-align: inherit\"><span style=\"vertical-align: inherit\"><span style=\"vertical-align: inherit\"><span style=\"vertical-align: inherit\"><span style=\"vertical-align: inherit\"><span style=\"vertical-align: inherit\"><span style=\"vertical-align: inherit\"><span style=\"vertical-align: inherit\">Ob leichte T\u00f6nung oder vollst\u00e4ndige Abdeckung - unsere Hybrid-Produkte passen sich deinen Bed\u00fcrfnissen an und kaschieren Unreinheiten, R\u00f6tungen und Augenringe.<\/span><\/span><\/span><\/span><\/span><\/span><\/span><\/span><\/span><\/li>\n<li style=\"font-weight: 400\"><b><span style=\"vertical-align: inherit\"><span style=\"vertical-align: inherit\"><span style=\"vertical-align: inherit\"><span style=\"vertical-align: inherit\"><span style=\"vertical-align: inherit\"><span style=\"vertical-align: inherit\"><span style=\"vertical-align: inherit\"><span style=\"vertical-align: inherit\">Intensive Pflege: <\/span><\/span><\/span><\/span><\/span><\/span><\/span><\/span><\/b><span style=\"font-weight: 400\"><span style=\"vertical-align: inherit\"><span style=\"vertical-align: inherit\"><span style=\"vertical-align: inherit\"><span style=\"vertical-align: inherit\"><span style=\"vertical-align: inherit\"><span style=\"vertical-align: inherit\"><span style=\"vertical-align: inherit\"><span style=\"vertical-align: inherit\">Hochwertige Inhaltsstoffe wie Hyalurons\u00e4ure, Vitamine und Antioxidantien versorgen Ihre Haut mit Feuchtigkeit, sch\u00fctzen sie vor Umwelteinfl\u00fcssen und f\u00f6rdern ihre Regeneration.<\/span><\/span><\/span><\/span><\/span><\/span><\/span><\/span><\/span><\/li>\n<li style=\"font-weight: 400\"><b><span style=\"vertical-align: inherit\"><span style=\"vertical-align: inherit\"><span style=\"vertical-align: inherit\"><span style=\"vertical-align: inherit\"><span style=\"vertical-align: inherit\"><span style=\"vertical-align: inherit\"><span style=\"vertical-align: inherit\"><span style=\"vertical-align: inherit\"><span style=\"vertical-align: inherit\"><span style=\"vertical-align: inherit\">Nat\u00fcrliches \u03a6\u03b9\u03bd\u03af\u03c1\u03b9\u03c3\u03bc\u03b1: <\/span><\/span><\/span><\/span><\/span><\/span><\/span><\/span><\/span><\/span><\/b><span style=\"font-weight: 400\"><span style=\"vertical-align: inherit\"><span style=\"vertical-align: inherit\"><span style=\"vertical-align: inherit\"><span style=\"vertical-align: inherit\"><span style=\"vertical-align: inherit\"><span style=\"vertical-align: inherit\"><span style=\"vertical-align: inherit\"><span style=\"vertical-align: inherit\"><span style=\"vertical-align: inherit\"><span style=\"vertical-align: inherit\">Unsere Hybrid-Produkte hinterlassen ein ebenm\u00e4\u00dfiges, nat\u00fcrliches Finish, als du kein Make-up aufgetragen hast.<\/span><\/span><\/span><\/span><\/span><\/span><\/span><\/span><\/span><\/span><\/span><\/li>\n<li style=\"font-weight: 400\"><b><span style=\"vertical-align: inherit\"><span style=\"vertical-align: inherit\"><span style=\"vertical-align: inherit\"><span style=\"vertical-align: inherit\"><span style=\"vertical-align: inherit\"><span style=\"vertical-align: inherit\"><span style=\"vertical-align: inherit\"><span style=\"vertical-align: inherit\"><span style=\"vertical-align: inherit\"><span style=\"vertical-align: inherit\">Langanhaltende Wirkung: <\/span><\/span><\/span><\/span><\/span><\/span><\/span><\/span><\/span><\/span><\/b><span style=\"font-weight: 400\"><span style=\"vertical-align: inherit\"><span style=\"vertical-align: inherit\"><span style=\"vertical-align: inherit\"><span style=\"vertical-align: inherit\"><span style=\"vertical-align: inherit\"><span style=\"vertical-align: inherit\"><span style=\"vertical-align: inherit\"><span style=\"vertical-align: inherit\"><span style=\"vertical-align: inherit\"><span style=\"vertical-align: inherit\">Genie\u00dfen Sie den ganzen Tag \u00fcber einen frischen und strahlenden Teint.<\/span><\/span><\/span><\/span><\/span><\/span><\/span><\/span><\/span><\/span><\/span><\/li>\n<li style=\"font-weight: 400\"><b><span style=\"vertical-align: inherit\"><span style=\"vertical-align: inherit\"><span style=\"vertical-align: inherit\"><span style=\"vertical-align: inherit\"><span style=\"vertical-align: inherit\"><span style=\"vertical-align: inherit\"><span style=\"vertical-align: inherit\"><span style=\"vertical-align: inherit\"><span style=\"vertical-align: inherit\"><span style=\"vertical-align: inherit\">\u03a0\u03bf\u03bb\u03c5\u03bb\u03b5\u03b9\u03c4\u03bf\u03c5\u03c1\u03b3\u03b9\u03ba\u03ae \u03b5\u03c6\u03b1\u03c1\u03bc\u03bf\u03b3\u03ae: <\/span><\/span><\/span><\/span><\/span><\/span><\/span><\/span><\/span><\/span><\/b><span style=\"font-weight: 400\"><span style=\"vertical-align: inherit\"><span style=\"vertical-align: inherit\"><span style=\"vertical-align: inherit\"><span style=\"vertical-align: inherit\"><span style=\"vertical-align: inherit\"><span style=\"vertical-align: inherit\"><span style=\"vertical-align: inherit\"><span style=\"vertical-align: inherit\"><span style=\"vertical-align: inherit\"><span style=\"vertical-align: inherit\">Viele unserer Hybrid-Produkte k\u00f6nnen sowohl als Foundation, Concealer als auch als leichte Tagescreme \u03c7\u03c1\u03b7\u03c3\u03b9\u03bc\u03bf\u03c0\u03bf\u03b9\u03b7\u03b8\u03bf\u03cd\u03bd werden.<\/span><\/span><\/span><\/span><\/span><\/span><\/span><\/span><\/span><\/span><\/span><\/li>\n<\/ul>\n<p><b><span style=\"vertical-align: inherit\"><span style=\"vertical-align: inherit\"><span style=\"vertical-align: inherit\"><span style=\"vertical-align: inherit\"><span style=\"vertical-align: inherit\"><span style=\"vertical-align: inherit\"><span style=\"vertical-align: inherit\"><span style=\"vertical-align: inherit\"><span style=\"vertical-align: inherit\"><span style=\"vertical-align: inherit\">Warum Hybrid-Make-up von Martina Otte Cosmetics\u00ae?<\/span><\/span><\/span><\/span><\/span><\/span><\/span><\/span><\/span><\/span><\/b><\/p>\n<ul>\n<li style=\"font-weight: 400\"><b><span style=\"vertical-align: inherit\"><span style=\"vertical-align: inherit\"><span style=\"vertical-align: inherit\"><span style=\"vertical-align: inherit\"><span style=\"vertical-align: inherit\"><span style=\"vertical-align: inherit\"><span style=\"vertical-align: inherit\"><span style=\"vertical-align: inherit\"><span style=\"vertical-align: inherit\"><span style=\"vertical-align: inherit\">\u0391\u03c4\u03bf\u03bc\u03b9\u03ba\u03ad\u03c2 \u03bb\u03cd\u03c3\u03b5\u03b9\u03c2: <\/span><\/span><\/span><\/span><\/span><\/span><\/span><\/span><\/span><\/span><\/b><span style=\"font-weight: 400\"><span style=\"vertical-align: inherit\"><span style=\"vertical-align: inherit\"><span style=\"vertical-align: inherit\"><span style=\"vertical-align: inherit\"><span style=\"vertical-align: inherit\"><span style=\"vertical-align: inherit\"><span style=\"vertical-align: inherit\"><span style=\"vertical-align: inherit\"><span style=\"vertical-align: inherit\"><span style=\"vertical-align: inherit\">Wir \u03c0\u03c1\u03bf\u03c3\u03c6\u03ad\u03c1\u03bf\u03c5\u03bd eine Vielzahl von Hybrid-Produkten \u03b3\u03b9\u03b1 jeden Hauttyp und jede Anforderung.<\/span><\/span><\/span><\/span><\/span><\/span><\/span><\/span><\/span><\/span><\/span><\/li>\n<li style=\"font-weight: 400\"><b><span style=\"vertical-align: inherit\"><span style=\"vertical-align: inherit\"><span style=\"vertical-align: inherit\"><span style=\"vertical-align: inherit\"><span style=\"vertical-align: inherit\"><span style=\"vertical-align: inherit\"><span style=\"vertical-align: inherit\"><span style=\"vertical-align: inherit\"><span style=\"vertical-align: inherit\"><span style=\"vertical-align: inherit\">H\u00f6chste Qualit\u00e4t: <\/span><\/span><\/span><\/span><\/span><\/span><\/span><\/span><\/span><\/span><\/b><span style=\"font-weight: 400\"><span style=\"vertical-align: inherit\"><span style=\"vertical-align: inherit\"><span style=\"vertical-align: inherit\"><span style=\"vertical-align: inherit\"><span style=\"vertical-align: inherit\"><span style=\"vertical-align: inherit\"><span style=\"vertical-align: inherit\"><span style=\"vertical-align: inherit\"><span style=\"vertical-align: inherit\"><span style=\"vertical-align: inherit\">Unsere Produkte werden aus hochwertigen, sorgf\u00e4ltig ausgew\u00e4hlten Inhaltsstoffen hergestellt.<\/span><\/span><\/span><\/span><\/span><\/span><\/span><\/span><\/span><\/span><\/span><\/li>\n<\/ul>\n<p><span style=\"font-weight: 400\"><span style=\"vertical-align: inherit\"><span style=\"vertical-align: inherit\"><span style=\"vertical-align: inherit\"><span style=\"vertical-align: inherit\"><span style=\"vertical-align: inherit\"><span style=\"vertical-align: inherit\"><span style=\"vertical-align: inherit\"><span style=\"vertical-align: inherit\"><span style=\"vertical-align: inherit\"><span style=\"vertical-align: inherit\">\u00dcberzeuge ich Dich selbst und definiere Deine eigene Sch\u00f6nheit mit dem Hybrid Make up von Martina Otte Cosmetics\u00ae<\/span><\/span><\/span><\/span><\/span><\/span><\/span><\/span><\/span><\/span><\/span><\/li>\n<\/ul>","protected":false},"featured_media":147111,"template":"","meta":{"footnotes":""},"product_brand":[],"product_cat":[77],"product_tag":[895,149,174,743,529,111,592,155,140],"class_list":{"0":"post-96370","1":"product","2":"type-product","3":"status-publish","4":"has-post-thumbnail","6":"product_cat-uncategorized","7":"product_tag-all-cover-up-foundation-no-5-brown-sugar-created-by-martina-otte-cosmetics","8":"product_tag-anti-aging","9":"product_tag-anti-inflammatory","10":"product_tag-beauty","11":"product_tag-breathable","12":"product_tag-care","13":"product_tag-high-quality","14":"product_tag-hyaluronic","15":"product_tag-skin-care","16":"product_shipping_class-shipping-class-2","17":"has-subscription-plans","19":"first","20":"instock","21":"sale","22":"taxable","23":"shipping-taxable","24":"purchasable","25":"product-type-simple"},"bundled_by":[],"bundle_stock_status":"instock","bundle_stock_quantity":null,"bundle_virtual":false,"bundle_layout":"","bundle_add_to_cart_form_location":"","bundle_editable_in_cart":false,"bundle_sold_individually_context":"","bundle_item_grouping":"","bundle_min_size":"","bundle_max_size":"","bundle_price":[],"bundled_items":[],"bundle_sell_ids":[],"group_of_quantity":0,"min_quantity":0,"max_quantity":"","exclude_order_quantity_value_rules":"no","exclude_category_quantity_rules":"no","combine_variations":"no","_links":{"self":[{"href":"https:\/\/2024.shoply.com\/el\/wp-json\/wp\/v2\/product\/96370","targetHints":{"allow":["GET"]}}],"collection":[{"href":"https:\/\/2024.shoply.com\/el\/wp-json\/wp\/v2\/product"}],"about":[{"href":"https:\/\/2024.shoply.com\/el\/wp-json\/wp\/v2\/types\/product"}],"version-history":[{"count":7,"href":"https:\/\/2024.shoply.com\/el\/wp-json\/wp\/v2\/product\/96370\/revisions"}],"predecessor-version":[{"id":147119,"href":"https:\/\/2024.shoply.com\/el\/wp-json\/wp\/v2\/product\/96370\/revisions\/147119"}],"wp:featuredmedia":[{"embeddable":true,"href":"https:\/\/2024.shoply.com\/el\/wp-json\/wp\/v2\/media\/147111"}],"wp:attachment":[{"href":"https:\/\/2024.shoply.com\/el\/wp-json\/wp\/v2\/media?parent=96370"}],"wp:term":[{"taxonomy":"product_brand","embeddable":true,"href":"https:\/\/2024.shoply.com\/el\/wp-json\/wp\/v2\/product_brand?post=96370"},{"taxonomy":"product_cat","embeddable":true,"href":"https:\/\/2024.shoply.com\/el\/wp-json\/wp\/v2\/product_cat?post=96370"},{"taxonomy":"product_tag","embeddable":true,"href":"https:\/\/2024.shoply.com\/el\/wp-json\/wp\/v2\/product_tag?post=96370"}],"curies":[{"name":"wp","href":"https:\/\/api.w.org\/{rel}","templated":true}]}}