{"id":102798,"date":"2024-12-05T15:07:20","date_gmt":"2024-12-05T20:07:20","guid":{"rendered":"https:\/\/shoply.com\/?post_type=product&#038;p=102798"},"modified":"2025-02-05T13:25:40","modified_gmt":"2025-02-05T18:25:40","slug":"honey-dont-worry-round-here-we-leave-the-judging-to-jesus-crew-neck","status":"publish","type":"product","link":"https:\/\/2024.shoply.com\/es\/producto\/honey-dont-worry-round-here-we-leave-the-judging-to-jesus-crew-neck\/","title":{"rendered":"Honey Don't Worry Round Here We Leave The Judging To Jesus Cuello redondo"},"content":{"rendered":"<p>Honey Don't Worry Round Here We Leave The Judging To Jesus Cuello redondo<\/p>\n<ul id=\"product-features\" class=\"product-details-features__list\">\n<li class=\"product-details-features__feature\"><span class=\"product-details-features__text\">8 oz., algod\u00f3n 50%, poli\u00e9ster 50%<\/span><\/li>\n<li class=\"product-details-features__feature\"><span class=\"product-details-features__text\">Colores Heather Sport: poli\u00e9ster 60%, algod\u00f3n 40%<\/span><\/li>\n<li class=\"product-details-features__feature\"><span class=\"product-details-features__text\">El naranja de seguridad cumple las normas de alta visibilidad ANSI - ISEA 107<\/span><\/li>\n<li class=\"product-details-features__feature\"><span class=\"product-details-features__text\">Cuello, pu\u00f1os y cintura de canal\u00e9 1\u00d71 con elastano<\/span><\/li>\n<li class=\"product-details-features__feature\"><span class=\"product-details-features__text\">Puntadas a doble aguja en toda la pieza<\/span><\/li>\n<li class=\"product-details-features__feature\"><span class=\"product-details-features__text\">Hilo de chorro de aire resistente a las bolas<\/span><\/li>\n<li class=\"product-details-features__feature\">Transferencia serigr\u00e1fica<\/li>\n<\/ul>\n<p>Instrucciones de cuidado: Poner la prenda del rev\u00e9s, lavar a m\u00e1quina en agua fr\u00eda con colores similares. No usar lej\u00eda y secar a baja temperatura. No planchar sobre transfer.<\/p>","protected":false},"excerpt":{"rendered":"<p>Honey Don't Worry Round Here We Leave The Judging To Jesus Cuello redondo<\/p>\n<p>&nbsp;<\/p>","protected":false},"featured_media":102807,"template":"","meta":{"footnotes":""},"product_brand":[],"product_cat":[255,250,103],"product_tag":[263,264,120,374,258,305,259],"class_list":{"0":"post-102798","1":"product","2":"type-product","3":"status-publish","4":"has-post-thumbnail","6":"product_cat-apparel","7":"product_cat-apparel-accessories","8":"product_cat-clothing-and-accessories","9":"product_tag-apparel","10":"product_tag-christian","11":"product_tag-clothing","12":"product_tag-crewneck-2","13":"product_tag-fall","14":"product_tag-graphic","15":"product_tag-shirts","16":"product_shipping_class-shipping-class-1","18":"first","19":"instock","20":"taxable","21":"shipping-taxable","22":"purchasable","23":"product-type-variable"},"bundled_by":[],"bundle_stock_status":"instock","bundle_stock_quantity":50,"bundle_virtual":false,"bundle_layout":"","bundle_add_to_cart_form_location":"","bundle_editable_in_cart":false,"bundle_sold_individually_context":"","bundle_item_grouping":"","bundle_min_size":"","bundle_max_size":"","bundle_price":[],"bundled_items":[],"bundle_sell_ids":[],"group_of_quantity":0,"min_quantity":0,"max_quantity":"","exclude_order_quantity_value_rules":"no","exclude_category_quantity_rules":"no","combine_variations":"no","_links":{"self":[{"href":"https:\/\/2024.shoply.com\/es\/wp-json\/wp\/v2\/product\/102798","targetHints":{"allow":["GET"]}}],"collection":[{"href":"https:\/\/2024.shoply.com\/es\/wp-json\/wp\/v2\/product"}],"about":[{"href":"https:\/\/2024.shoply.com\/es\/wp-json\/wp\/v2\/types\/product"}],"version-history":[{"count":1,"href":"https:\/\/2024.shoply.com\/es\/wp-json\/wp\/v2\/product\/102798\/revisions"}],"predecessor-version":[{"id":126266,"href":"https:\/\/2024.shoply.com\/es\/wp-json\/wp\/v2\/product\/102798\/revisions\/126266"}],"wp:featuredmedia":[{"embeddable":true,"href":"https:\/\/2024.shoply.com\/es\/wp-json\/wp\/v2\/media\/102807"}],"wp:attachment":[{"href":"https:\/\/2024.shoply.com\/es\/wp-json\/wp\/v2\/media?parent=102798"}],"wp:term":[{"taxonomy":"product_brand","embeddable":true,"href":"https:\/\/2024.shoply.com\/es\/wp-json\/wp\/v2\/product_brand?post=102798"},{"taxonomy":"product_cat","embeddable":true,"href":"https:\/\/2024.shoply.com\/es\/wp-json\/wp\/v2\/product_cat?post=102798"},{"taxonomy":"product_tag","embeddable":true,"href":"https:\/\/2024.shoply.com\/es\/wp-json\/wp\/v2\/product_tag?post=102798"}],"curies":[{"name":"wp","href":"https:\/\/api.w.org\/{rel}","templated":true}]}}