{"id":104373,"date":"2024-12-11T21:58:18","date_gmt":"2024-12-12T02:58:18","guid":{"rendered":"https:\/\/shoply.com\/product\/mana\/"},"modified":"2025-02-03T18:21:50","modified_gmt":"2025-02-03T23:21:50","slug":"mana-candle","status":"publish","type":"product","link":"https:\/\/2024.shoply.com\/es\/producto\/mana-candle\/","title":{"rendered":"Vela de man\u00e1"},"content":{"rendered":"<h3><strong>Mana Candle \u2013 Luxury Home Collection<\/strong><\/h3>\n<p><strong>Hecho a mano en Canad\u00e1 | Cera de soja de combusti\u00f3n limpia | Sin ftalatos ni parabenos<\/strong><\/p>\n<p>Experience the invigorating and exotic blend of the <strong>Vela de man\u00e1<\/strong>, part of our <strong>Luxury Home Collection<\/strong>. This 9 oz candle combines fresh, citrusy top notes with a bold, spicy kick and soft floral undertones, creating a fragrance that\u2019s both energizing and calming\u2014a perfect way to elevate your space.<\/p>\n<p><strong>\u2728 Caracter\u00edsticas y ventajas:<\/strong><\/p>\n<ul>\n<li><strong>Hecho a mano en Canad\u00e1<\/strong>: Meticulosamente elaborado en peque\u00f1os lotes para un toque personal.<\/li>\n<li><strong>Ecol\u00f3gico<\/strong>: Fabricada con cera de soja y mechas de algod\u00f3n sin blanquear para una combusti\u00f3n limpia y duradera.<\/li>\n<li><strong>Sin ftalatos ni parabenos<\/strong>: Seguro para su hogar y el medio ambiente.<\/li>\n<li><strong>Timeless Elegance<\/strong>: Poured into a classic jar that complements any home d\u00e9cor.<\/li>\n<\/ul>\n<p><strong>? Composici\u00f3n de la fragancia:<\/strong><\/p>\n<ul>\n<li><strong>Notas altas<\/strong>: Yuzu, Bergamot \u2013 Crisp and zesty, offering an energizing citrus burst.<\/li>\n<li><strong>Notas de coraz\u00f3n<\/strong>: Black Peppercorn \u2013 Warm and spicy, adding bold complexity.<\/li>\n<li><strong>Notas de fondo<\/strong>: Jasmine \u2013 Soft and floral, balancing the fragrance with a delicate sweetness.<\/li>\n<\/ul>\n<p><strong>? Lo que se siente:<\/strong><br \/>\nImagine walking through a serene citrus grove at sunrise, where the air carries the crisp tang of yuzu and bergamot with a hint of jasmine\u2019s soft floral aroma. The subtle warmth of black peppercorn adds depth and intrigue, creating a scent that feels vibrant, refreshing, and grounding all at once. <strong>Mana<\/strong> is your ultimate mood-lifting companion.<\/p>\n<p><strong>Si te gusta...<\/strong><\/p>\n<ul>\n<li>Fresh, citrusy fragrances with a spicy edge<\/li>\n<li>Bright and uplifting scents that add energy to your space<br \/>\n...te encantar\u00e1 el <strong>Vela de man\u00e1<\/strong>!<\/li>\n<\/ul>\n<p><strong>\u26a0\ufe0f Cuidado y seguridad de las velas:<\/strong><\/p>\n<ul>\n<li>Recorte siempre la mecha a \u00bc de pulgada antes de cada combusti\u00f3n para evitar el holl\u00edn y una combusti\u00f3n desigual.<\/li>\n<li>Retire las flores secas, hierbas o cristales antes de encender.<\/li>\n<li>Quemar en una superficie resistente al calor, lejos de corrientes de aire, animales dom\u00e9sticos y objetos inflamables.<\/li>\n<li>No quemar durante m\u00e1s de 4 horas seguidas.<\/li>\n<li>No deje nunca una vela encendida sin vigilancia.<\/li>\n<\/ul>\n<p><strong>Detalles del producto:<\/strong><\/p>\n<ul>\n<li><strong>Talla<\/strong>: 9 oz<\/li>\n<li><strong>Cera<\/strong>: Cera de soja de combusti\u00f3n limpia<\/li>\n<li><strong>Mecha<\/strong>: Algod\u00f3n crudo<\/li>\n<\/ul>","protected":false},"excerpt":{"rendered":"<p><strong>Mana<\/strong><\/p>\n<p>Alchimia Signature home collection features 4 expertly crafted fragrances to bring serenity and bliss into your space. Each\u00a09 oz candle features\u00a0an unbleached cotton wick, providing a nurturing ambiance for your home.<\/p>\n<p>Fragrance composition<\/p>\n<p><span class=\"S1PPyQ\">Yuzu, black peppercorn, jasmine, bergamot\u00a0<\/span><\/p>","protected":false},"featured_media":105847,"template":"","meta":{"footnotes":""},"product_brand":[],"product_cat":[314,380],"product_tag":[],"class_list":{"0":"post-104373","1":"product","2":"type-product","3":"status-publish","4":"has-post-thumbnail","6":"product_cat-candles","7":"product_cat-home-fragrances","8":"has-subscription-plans","10":"first","11":"instock","12":"taxable","13":"shipping-taxable","14":"purchasable","15":"product-type-simple"},"bundled_by":[],"bundle_stock_status":"instock","bundle_stock_quantity":null,"bundle_virtual":false,"bundle_layout":"","bundle_add_to_cart_form_location":"","bundle_editable_in_cart":false,"bundle_sold_individually_context":"","bundle_item_grouping":"","bundle_min_size":"","bundle_max_size":"","bundle_price":[],"bundled_items":[],"bundle_sell_ids":[],"group_of_quantity":0,"min_quantity":0,"max_quantity":"","exclude_order_quantity_value_rules":"no","exclude_category_quantity_rules":"no","combine_variations":"no","_links":{"self":[{"href":"https:\/\/2024.shoply.com\/es\/wp-json\/wp\/v2\/product\/104373","targetHints":{"allow":["GET"]}}],"collection":[{"href":"https:\/\/2024.shoply.com\/es\/wp-json\/wp\/v2\/product"}],"about":[{"href":"https:\/\/2024.shoply.com\/es\/wp-json\/wp\/v2\/types\/product"}],"version-history":[{"count":1,"href":"https:\/\/2024.shoply.com\/es\/wp-json\/wp\/v2\/product\/104373\/revisions"}],"predecessor-version":[{"id":137883,"href":"https:\/\/2024.shoply.com\/es\/wp-json\/wp\/v2\/product\/104373\/revisions\/137883"}],"wp:featuredmedia":[{"embeddable":true,"href":"https:\/\/2024.shoply.com\/es\/wp-json\/wp\/v2\/media\/105847"}],"wp:attachment":[{"href":"https:\/\/2024.shoply.com\/es\/wp-json\/wp\/v2\/media?parent=104373"}],"wp:term":[{"taxonomy":"product_brand","embeddable":true,"href":"https:\/\/2024.shoply.com\/es\/wp-json\/wp\/v2\/product_brand?post=104373"},{"taxonomy":"product_cat","embeddable":true,"href":"https:\/\/2024.shoply.com\/es\/wp-json\/wp\/v2\/product_cat?post=104373"},{"taxonomy":"product_tag","embeddable":true,"href":"https:\/\/2024.shoply.com\/es\/wp-json\/wp\/v2\/product_tag?post=104373"}],"curies":[{"name":"wp","href":"https:\/\/api.w.org\/{rel}","templated":true}]}}