{"id":121756,"date":"2025-01-20T18:33:27","date_gmt":"2025-01-20T23:33:27","guid":{"rendered":"https:\/\/shoply.com\/?post_type=product&#038;p=121756"},"modified":"2025-02-06T13:42:31","modified_gmt":"2025-02-06T18:42:31","slug":"affiliate-bundle-2-the-wow-mix","status":"publish","type":"product","link":"https:\/\/2024.shoply.com\/es\/producto\/affiliate-bundle-2-the-wow-mix\/","title":{"rendered":"Affiliate Bundle 2 - LA MEZCLA WOW"},"content":{"rendered":"<h4>MAKE A DIFFERENCE TO YOURSELF, YOUR FAMILY, YOUR COMMUNITY, THE PLANET WITH WOW ORGANIC SURFACE &amp; SKIN CLEANING PRODUCTS<\/h4>\n<p>Your Community will love WOW organic cleaning products.<\/p>\n<p>It is hard to imagine a watery spray could work so well on almost every surface, though it does.\u00a0 It is one of those products that has to be tried to believe.\u00a0 Then you will be sold.\u00a0 This WOW Affiliate Bundle Combination allows a variety to try and to gift.<\/p>\n<p>WOW Cleaning products are a unique and new class of ultra natural, upcycled, safe on anything, anywhere sort of product.\u00a0 <u>WOW\u2019s cleaning &amp; natural disinfecting power is remarkable<\/u>.<\/p>\n<ul>\n<li>All organic, and the whole Wild Organic Wash natural cleaning product range only contains between 2 and 4 natural ingredient<\/li>\n<li>The range and scope of what Wild Organic Wash natural cleaning products will clean is remarkable. That means you can clear your cupboard of most other cleaners as you no longer need a cupboard full of cleaners to tackle most household cleaning tasks.<\/li>\n<li>Septic safe, grey water safe , safe to use anywhere<\/li>\n<li>Any overspray will not harm you, your family, the surfaces you that get the overspray or the environment. Perfectly safe for you, the whole family and the planet.<\/li>\n<li>Just one or two of the Wild Organic Wash natural cleaning product range saving you money and doing your bit to reduce pollution and chemical damage.<\/li>\n<li>Refills available too, so that you can reduce your rubbish. The sturdy spray bottle will last and last.<\/li>\n<li>No nasty chemicals.<\/li>\n<li>Gloves are not needed for WOW use. It is non toxic, 100% natural.\u00a0 In fact it is has natural healing properties.<\/li>\n<li>Fully Australian made using local materials from the Byron Bay and Northen Rivers area of NSW, Australia.<\/li>\n<\/ul>\n<p>Try them for yourself and become a believer that a natural cleaning product can out-perform and out do most other natural cleaners and chemical laden ones too.<\/p>\n<p><strong>Included in this Bundle:<\/strong><\/p>\n<p><strong><em><u>500ml Spray bottles of each of the 6 core WOW cleaning products:<\/u><\/em><\/strong><\/p>\n<p><strong>WOW Multipurpose Cleaner<\/strong><\/p>\n<ul>\n<li>A truly natural surface Cleaner &#8211; Highly effective on most household surfaces. Eco friendly Multipurpose cleaner &#8211; cleans almost anything with astonishing results.<\/li>\n<li>No dry skin or damaged surfaces with this 100% natural cleaner. Surprise yourself as to what it cleans and see your surfaces become cleaner than you thought possible.<\/li>\n<li>Perfectly safe to use on benchtops to clean and disinfect for food preparation. No need to rinse.<\/li>\n<li>Wild Organic Wash Multipurpose Natural Cleaner is an all-round household surface cleaner, with remarkable cleaning and disinfecting power. With only 2 ingredients, you won\u2019t find a more natural or effective household surface cleaner.<\/li>\n<li>Naturally and remarkably lifts dirt and grime on most surfaces, often giving the appearance of what the surface originally looked like<\/li>\n<li>Naturally anti-bacterial and antifungal &#8211; no need to rinse<\/li>\n<li>Organic and natural ingredients only, with no harsh chemicals<\/li>\n<\/ul>\n<p>Safe &amp; effective to use on 99% of household surfaces, including:<\/p>\n<ul>\n<li>&#8211; Benchtops \u2013 Stone, Laminex, wood;<\/li>\n<li>&#8211; Tiles \u2013 wall and floor<\/li>\n<li>&#8211; Glass \u2013 windows, splash-backs, oven doors, shower doors, mirrors, wood heater glass, ornaments<\/li>\n<li>&#8211; Appliances &#8211; stainless steel and enamel<\/li>\n<li>&#8211; Bathrooms \u2013 tiles, sinks, showers, shower doors<\/li>\n<li>&#8211; Laundry \u2013 sinks, appliances, tiles<\/li>\n<li>&#8211; Barbeques<\/li>\n<li>&#8211; Wooden furniture<\/li>\n<li>&#8211; Leather \u2013 works like a restorer<\/li>\n<\/ul>\n<p>And a multitude of other surfaces<\/p>\n<p><strong>WOW GLASS CLEANER<\/strong><\/p>\n<ul>\n<li>A Truly Natural Glass Cleaner &#8211; Highly effective on glass-based surfaces. Eco friendly Glass cleaner &#8211; cleans almost any glass-based surface \u2013 mirrors, windows, shower screens, picture glass, splash backs, tiles, ornaments, vases and ceramics with astonishing results.<\/li>\n<li>The Wild Organic Wash Glass Cleaner will make the thankless job of cleaning windows and shower screens much easier and more rewarding. No need to rinse either.\u00a0 Just wipe the dirt and grime away and feel good about your hard work.<\/li>\n<li>No dry skin or damaged surfaces with overspray when you use this 100% natural glass cleaner. Surprise yourself as to what it cleans and see your glass-based surfaces become cleaner than you thought possible as well as streak free and no need to rinse.<\/li>\n<li>Wild Organic Wash Glass Cleaner is a highly effective glass and mirror cleaner, providing a remarkable streak fee and crystal clear result. Made without harsh chemicals and boasting only 2 very natural ingredients, non-toxic and 100% natural.<\/li>\n<li>Leaves a streak free, crystal clear finish on glass &amp; mirrors<\/li>\n<li>Amazingly, continued use may keep surfaces clean for longer with our dust repellent, natural formula<\/li>\n<li>Local, Organic and Natural ingredients only<\/li>\n<li>Effectively cleans any glass based surfaces with ease, including:\n<ul>\n<li>&#8211; Shower screens<\/li>\n<li>&#8211; Windows<\/li>\n<li>&#8211; Mirrors<\/li>\n<li>&#8211; Tiles<\/li>\n<li>&#8211; Basins<\/li>\n<li>&#8211; Ornaments and vases<\/li>\n<li>&#8211; Splash-backs<\/li>\n<li>\u00a0And a multitude of other surfaces<\/li>\n<\/ul>\n<\/li>\n<\/ul>\n<p><strong>AUTO &amp; MARINE CLEANER<\/strong><\/p>\n<p>Wild Organic Wash Auto &amp; Marine Cleaner is a \u2018WATERLESS\u2019 cleaner (no need for additional water to be effective), which has remarkable cleaning power for car &amp; boat surfaces.<\/p>\n<p>No additional water other than half a bucket to rinse your cloth or none if you use disposable cloths or paper, for a sparkling clean vehicle.<\/p>\n<p>Magically lifts the dirt from the surface so you can just wipe away the dirt and grime.\u00a0 Even the difficult jobs like dried on bird droppings.\u00a0 No scratching or scouring required, so your vehicles surfaces are not damaged.<\/p>\n<p>No product residues left behind on your vehicles surface.<\/p>\n<p>Use inside or out for an effective and efficient clean for 99% of surfaces:<\/p>\n<p>Cleans, shines &amp; protects most car &amp; boat surfaces, inside and out<\/p>\n<p><u>The more you buff, the shinier the surface gets<\/u><\/p>\n<p>Minimal or no need of water, so ideal to use when water is scarce or there are restrictions, or you are travelling<\/p>\n<p>Great for on the move car, boat or caravan clean refresher<\/p>\n<p>Astonishing natural, environmentally friendly car cleaner<\/p>\n<p>Perfectly safe for your skin<\/p>\n<p>Perfect for car enthusiasts and owners of classic cars to keep them looking great at all times, even while you are at the car show as no water needed<\/p>\n<p>Organic &amp; natural ingredients only, with no harsh chemicals<\/p>\n<p>Keeps your car and boat sparkling clean &amp; contains only 2 natural ingredients<\/p>\n<ul>\n<li>Seguro en la mayor\u00eda de las superficies, incluyendo:\n<ul>\n<li>Cromo<\/li>\n<li>Aluminium<\/li>\n<li>Acero inoxidable<\/li>\n<li>Pintura<\/li>\n<li>Pl\u00e1stico<\/li>\n<li>Vidrio<\/li>\n<li>Piel<\/li>\n<li>Goma<\/li>\n<li>Metal<\/li>\n<\/ul>\n<\/li>\n<\/ul>\n<p>And a multitude of other surfaces<\/p>\n<p>**Not effective on petroleum based products<\/p>\n<p><strong>ANTIBACTERIAL CLEANER &#8211; <\/strong><strong>Blitz your dirt, germs and mould naturally <\/strong><\/p>\n<p>Discover a revolutionary approach to antibacterial and antifungal cleaning with our surface-specific solution. Say goodbye to chemical-laden products and embrace the natural power of camphor hydrosol, which is both naturally antibacterial and antifungal.<\/p>\n<p>Wild Organic Ways Antibacterial Cleaner is a natural disinfectant.<\/p>\n<p><strong>HIGHLY EFFECTIVE ON MOULD &#8211; Gets rid of mould and spores.\u00a0 WOW Antibacterial cleaner stops the mould outbreak cycle to ensure your home environment is healthy.<\/strong><\/p>\n<p><strong>Key Features:<\/strong><\/p>\n<ul>\n<li><strong>Natural Ingredients:<\/strong>\u00a0With just two ingredients, our cleaner is as natural and eco-friendly as it gets.<\/li>\n<li><strong>Effective Cleaning:<\/strong> Clinically proven to eliminate 99.9% of bacteria within 20 seconds.<\/li>\n<li><strong>Family and Pet Safe:<\/strong>\u00a0Safe for use around the entire family, including pets.<\/li>\n<li><strong>No Rinse Needed:<\/strong>\u00a0Simply spray on the surface, wipe off, or let it self-dry.\u00a0 Food safe<\/li>\n<\/ul>\n<p><strong>Suitable for Most Surfaces, including:<\/strong><\/p>\n<ul>\n<li>Bench tops of all materials<\/li>\n<li>Floors<\/li>\n<li>Basins<\/li>\n<li>Toilets<\/li>\n<li>Bins<\/li>\n<li>Sports equipment<\/li>\n<li>Toys<\/li>\n<li>Tiles<\/li>\n<li>Vidrio<\/li>\n<li>Stone<\/li>\n<li>Wood<\/li>\n<li>Laminates<\/li>\n<li>Stainless steel<\/li>\n<li>Ceramics<\/li>\n<li>Enamel<\/li>\n<\/ul>\n<p>Safely cleans almost any other surface<\/p>\n<p>WOW Antibacterial cleaner ensures a deep clean for all your dirty, grimy and mouldy surfaces. Enjoy a squeaky clean, germ-free result every time!<\/p>\n<p><strong>Ingredientes:<\/strong><\/p>\n<ul>\n<li>Hidrosol de alcanfor<\/li>\n<li>Mineral Rich H2O sourced from the Byron Hinterland<\/li>\n<li>Plant based alcohol &#8211; 10%<\/li>\n<\/ul>\n<p><strong>ANTIBACTERIAL HAND WASH &#8211; Naturally Antibacterial &amp; Antifungal<\/strong><\/p>\n<p>Wild Organic Ways Antibacterial Hand Wash is a unique and powerful germ killer, while being gentle on your skin with a pleasant scent of the great outdoors.<\/p>\n<ul>\n<li>Gentle and soothing, yet naturally powerful and effective on germs, with a very low alcohol content<\/li>\n<li>Does not dry your skin or leave chemical residues<\/li>\n<li>Only 4 natural and organic ingredients, all sourced from the Byron Bay area so no harsh chemicals<\/li>\n<li>Conditions your skin too, with organic Aloe Vera \u2013 no more dry hands after cleaning<\/li>\n<li>No need to rinse, simply air dry or wipe<\/li>\n<li>Safe &amp; gentle for the whole family, including pets<\/li>\n<li>Will not harm any surface<\/li>\n<\/ul>\n<p><strong>Ingredientes:<\/strong><\/p>\n<ul>\n<li>Hidrosol de alcanfor<\/li>\n<li>Mineral rich H2O sourced from the Byron Hinterlands<\/li>\n<li>Aloe Vera<\/li>\n<li>Plant based Alcohol 10%<\/li>\n<\/ul>\n<p>&nbsp;<\/p>\n<p><strong><em><u>WOW SAMPLER PACK<\/u><\/em><\/strong><\/p>\n<p>Wow\u2019s 6 favourite home surface and skin cleansing products in a smaller bottle, coupled with a reusable &amp; compostable, eco-friendly jute pouch.<\/p>\n<p><strong>Included in the Sampler Pack:<\/strong><\/p>\n<p>You will find 6, 100ml handy sized spray bottles containing 3 personal care products and 3 home surface cleaning products to try.<\/p>\n<p><strong>Hand &amp; Body &#8211; Instant invigoration and revitalisation<\/strong><\/p>\n<ul>\n<li><strong>Rub Me All Over &#8211;<\/strong> all over body wash for the whole family.<\/li>\n<li><strong>Jab\u00f3n de manos antibacteriano<\/strong> &#8211; kills 99.9% of germs within 20 seconds &#8211; will not dry your skin<\/li>\n<li><strong>Ll\u00e9vame a donde quieras<\/strong> &#8211; A unique and very effective waterless skin cleansing product<\/li>\n<\/ul>\n<p><strong>Home Surface Cleaners \u2013 Incredible plant based effectiveness<\/strong><\/p>\n<ul>\n<li><strong>Limpiador de lentes y pantallas <\/strong>&#8211; keep your glasses, sunglasses and device screens crystal clear and streak free.<\/li>\n<li><strong>Multipurpose Cleaner<\/strong> &#8211; an all-round household surface cleaner, with remarkable cleaning and disinfecting power.<\/li>\n<li><strong>Antibacterial Cleaner<\/strong> &#8211; A versatile and effective disinfectant cleaner that&#8217;s scientifically proven to kill 99.9% of bacteria in 20 seconds.<\/li>\n<\/ul>\n<p>Your Sampler Pack comes with a wholly natural and perfectly eco-friendly <strong>jute drawstring pouch<\/strong>, that can be used over and over and when it is worn out, you can pop it into the compost, being 100% biodegradable.<\/p>\n<p>Libere el extraordinario poder del hidrosol de alcanfor y observe c\u00f3mo la suciedad se desprende m\u00e1gicamente de la superficie sobre la que se pulveriza.<\/p>\n<p>Pleasant scent of the great outdoors.<\/p>\n<p><strong><em><u>WOW TRAVEL PACK<\/u><\/em><\/strong><\/p>\n<p>Clean &amp; Confident Travel &amp; Gift Pack &#8211; Renew &amp; Refresh Kit x 3, 50 ml spray bottles<\/p>\n<p><strong>Unique, All Natural Personal Care products in a handy travel sized pack<\/strong><\/p>\n<p>Un peque\u00f1o detalle especial para su pr\u00f3ximo viaje, al que llegar\u00e1 sinti\u00e9ndose limpia, segura y fresca despu\u00e9s de utilizar el \"imprescindible\" Pack de Viaje Wild Organic Ways.<\/p>\n<p>Tambi\u00e9n puede utilizarse como <strong><u>paquete de regalo<\/u><\/strong> para algo diferente y muy \u00fatil para los que viajan y los amantes de los productos naturales y ecol\u00f3gicos.<\/p>\n<p>Al tratarse de un hidrosol de alcanfor, el poder antibacteriano y antif\u00fangico natural del alcanfor se aprovecha de forma segura para toda la familia.<\/p>\n<p>An ancient and proven super power for cleanliness with a spiritual ancestry.<\/p>\n<p>D\u00e9jese sorprender por la eficacia y versatilidad de estos productos de limpieza naturales y ecol\u00f3gicos fabricados en Australia.<\/p>\n<p>Recuerde que todos los productos Wild Organic Ways son naturales, ecol\u00f3gicos y no contienen m\u00e1s de 4 ingredientes en toda la gama de limpieza de la superficie y la piel.<\/p>\n<p>Perfect for your vehicle glove box for on the move cleansers.<\/p>\n<p><strong>Incluido en el paquete de viaje:<\/strong><\/p>\n<p>Encontrar\u00e1 3 pr\u00e1cticos frascos de 50 ml con productos de cuidado personal, que le proporcionar\u00e1n el tan deseado kit de limpieza para los que se desplazan:<\/p>\n<ul>\n<li><strong>Ll\u00e9vame a donde quieras<\/strong> - Un producto \u00fanico y muy eficaz para la limpieza de la piel de todo el cuerpo, perfecto para esos momentos en los que el agua escasea, o simplemente como refrescante pulverizador cuando hace calor o la piel est\u00e1 seca.  Take Me Anywhere puede utilizarse en toda la familia para dejar la piel fresca, con una sensaci\u00f3n de vitalidad y sin olores.  Basta con pulverizar y retirar, sin necesidad de aclarado.  S\u00f3lo contiene 3 ingredientes naturales y ecol\u00f3gicos.<\/li>\n<li><strong>Jab\u00f3n de manos antibacteriano<\/strong> - elimina el 99,9% de los g\u00e9rmenes en 20 segundos - perfecto para mantener las manos y otras partes que puedan necesitar una limpieza profunda, limpias y frescas.  WOW Hand Wash no reseca la piel, ya que tiene un bajo contenido de alcohol y aloe vera org\u00e1nico para acondicionar la piel.  Basta con pulverizar y dejar secar al aire o con un pa\u00f1o.  Contiene s\u00f3lo 4 ingredientes naturales y ecol\u00f3gicos.<\/li>\n<li><strong>Limpiador de lentes y pantallas<\/strong> - Mantenga sus gafas, gafas de sol y pantallas de sus dispositivos cristalinas y sin rayas con el limpiador de lentes WOW.  Notablemente, despu\u00e9s de su uso regular, sus lentes y pantallas parecen casi repeler la suciedad. Basta con pulverizar y limpiar.  S\u00f3lo contiene 2 ingredientes.<\/li>\n<\/ul>\n<p>La bolsa de viaje viene con una bolsa de yute con cord\u00f3n totalmente natural y perfectamente ecol\u00f3gica, que se puede utilizar una y otra vez y, cuando se gaste, se puede tirar al compost, ya que es 100% biodegradable.<\/p>\n<p>S\u00f3lo se utilizan ingredientes puros, naturales, org\u00e1nicos y ecol\u00f3gicos.<\/p>\n<p><strong>Todos los productos WOW se fabrican con orgullo en Australia, a partir de ingredientes locales, incluida la botella.<\/strong><\/p>\n<p>&nbsp;<\/p>","protected":false},"excerpt":{"rendered":"<p><strong>EVERYTHING YOU NEED FOR A SPARKLING CLEAN HOME &amp; VEHICLE<\/strong><\/p>\n<p>This WOW Affiliate Bundle 2 &#8211; The WOW Mix is perfect for creating a germ, mould &amp; dirt free home and for promoting to your Community.<\/p>\n<p>WOW organic cleaning products are unique, ultra eco friendly and amazingly effective.<\/p>\n<p>All of WOW Organic Cleaning Products are safe for the whole family, including pets.<\/p>\n<p>Unleash the remarkable power of camphor hydrosol contained in all WOW products and watch the dirt magically lift from the surface it is sprayed on.<\/p>\n<p>This Affiliate Bundle 2 has the lot:<\/p>\n<p><strong><span style=\"text-decoration: underline;\">500ml Spray bottles of each of the 6 core WOW cleaning products<\/span>:<\/strong><\/p>\n<ul>\n<li style=\"list-style-type: none;\">\n<ul>\n<li><em>4 Surface Cleaners<\/em><\/li>\n<li><em>2 Skin Cleansers<\/em><\/li>\n<\/ul>\n<\/li>\n<\/ul>\n<p><span style=\"text-decoration: underline;\"><strong>WOW SAMPLE PACKS<\/strong><\/span><\/p>\n<p>WOW\u2019s favourite 6, home surface and skin cleansing products in a smaller spray bottle, coupled with a reusable, eco-friendly jute pouch.<\/p>\n<ul>\n<li>3 x Hand &amp; Body &#8211; instant invigoration and revitalisation<\/li>\n<li>3 x Home Surface Cleaners &#8211; plant based effectiveness<\/li>\n<\/ul>\n<p><span style=\"text-decoration: underline;\"><strong>WOW TRAVEL PACKS<\/strong><\/span><\/p>\n<p><strong>Llegue a su destino fresco y confiado<\/strong><\/p>\n<p>You will find 3, 50ml handy sized bottles containing personal care products, that will provide a much-wanted cleanser kit for those on the move, enclosed in a perfectly eco jute pouch.<\/p>\n<p>M\u00e1s informaci\u00f3n<\/p>\n<p><img fetchpriority=\"high\" decoding=\"async\" class=\"alignnone wp-image-121587\" src=\"https:\/\/shoply.com\/wp-content\/uploads\/2025\/01\/horiz-icons-white-out-of-black-400x62.png\" alt=\"\" width=\"626\" height=\"97\" \/><\/p>","protected":false},"featured_media":126295,"template":"","meta":{"footnotes":""},"product_brand":[],"product_cat":[1053,191,385,100,310,204,470,383],"product_tag":[108,319,185,113],"class_list":{"0":"post-121756","1":"product","2":"type-product","3":"status-publish","4":"has-post-thumbnail","6":"product_cat-affiliate-bundle","7":"product_cat-automotive","8":"product_cat-bath-body","9":"product_cat-home","10":"product_cat-home-garden","11":"product_cat-home-and-kitchen","12":"product_cat-household-cleaning","13":"product_cat-personal-care","14":"product_tag-bath","15":"product_tag-home","16":"product_tag-organic","17":"product_tag-vegan","18":"product_shipping_class-shipping-class-6","19":"has-subscription-plans","21":"first","22":"instock","23":"sale","24":"purchasable","25":"product-type-bundle"},"bundled_by":[],"bundle_stock_status":"instock","bundle_stock_quantity":"","bundle_virtual":false,"bundle_layout":"default","bundle_add_to_cart_form_location":"default","bundle_editable_in_cart":false,"bundle_sold_individually_context":"product","bundle_item_grouping":"parent","bundle_min_size":"","bundle_max_size":"","bundle_price":{"price":{"min":{"incl_tax":"199","excl_tax":"199"},"max":{"incl_tax":"199","excl_tax":"199"}},"regular_price":{"min":{"incl_tax":"221","excl_tax":"221"},"max":{"incl_tax":"221","excl_tax":"221"}}},"bundled_items":[{"bundled_item_id":141,"product_id":124393,"menu_order":0,"quantity_min":1,"quantity_max":1,"quantity_default":1,"priced_individually":false,"shipped_individually":false,"override_title":false,"title":"MAGIC BY NATURE - ALL 6 WOW CLEANING MIRACLES FOR YOU & YOUR HOME","override_description":false,"description":"","optional":false,"hide_thumbnail":false,"discount":"","override_variations":false,"allowed_variations":[],"override_default_variation_attributes":false,"default_variation_attributes":[],"single_product_visibility":"visible","cart_visibility":"visible","order_visibility":"visible","single_product_price_visibility":"visible","cart_price_visibility":"visible","order_price_visibility":"visible","stock_status":"in_stock"},{"bundled_item_id":142,"product_id":88102,"menu_order":1,"quantity_min":3,"quantity_max":3,"quantity_default":3,"priced_individually":false,"shipped_individually":false,"override_title":false,"title":"All Natural Home & Personal Care Cleansers - WOW Sampler Bag","override_description":false,"description":"","optional":false,"hide_thumbnail":false,"discount":"","override_variations":false,"allowed_variations":[],"override_default_variation_attributes":false,"default_variation_attributes":[],"single_product_visibility":"visible","cart_visibility":"visible","order_visibility":"visible","single_product_price_visibility":"visible","cart_price_visibility":"visible","order_price_visibility":"visible","stock_status":"in_stock"},{"bundled_item_id":143,"product_id":88120,"menu_order":2,"quantity_min":3,"quantity_max":3,"quantity_default":3,"priced_individually":false,"shipped_individually":false,"override_title":false,"title":"Clean & Confident Travel & Gift Pack - Renew & Refresh Kit","override_description":false,"description":"","optional":false,"hide_thumbnail":false,"discount":"","override_variations":false,"allowed_variations":[],"override_default_variation_attributes":false,"default_variation_attributes":[],"single_product_visibility":"visible","cart_visibility":"visible","order_visibility":"visible","single_product_price_visibility":"visible","cart_price_visibility":"visible","order_price_visibility":"visible","stock_status":"in_stock"}],"bundle_sell_ids":[],"group_of_quantity":0,"min_quantity":0,"max_quantity":"","exclude_order_quantity_value_rules":"no","exclude_category_quantity_rules":"no","combine_variations":"no","_links":{"self":[{"href":"https:\/\/2024.shoply.com\/es\/wp-json\/wp\/v2\/product\/121756","targetHints":{"allow":["GET"]}}],"collection":[{"href":"https:\/\/2024.shoply.com\/es\/wp-json\/wp\/v2\/product"}],"about":[{"href":"https:\/\/2024.shoply.com\/es\/wp-json\/wp\/v2\/types\/product"}],"version-history":[{"count":10,"href":"https:\/\/2024.shoply.com\/es\/wp-json\/wp\/v2\/product\/121756\/revisions"}],"predecessor-version":[{"id":139149,"href":"https:\/\/2024.shoply.com\/es\/wp-json\/wp\/v2\/product\/121756\/revisions\/139149"}],"wp:featuredmedia":[{"embeddable":true,"href":"https:\/\/2024.shoply.com\/es\/wp-json\/wp\/v2\/media\/126295"}],"wp:attachment":[{"href":"https:\/\/2024.shoply.com\/es\/wp-json\/wp\/v2\/media?parent=121756"}],"wp:term":[{"taxonomy":"product_brand","embeddable":true,"href":"https:\/\/2024.shoply.com\/es\/wp-json\/wp\/v2\/product_brand?post=121756"},{"taxonomy":"product_cat","embeddable":true,"href":"https:\/\/2024.shoply.com\/es\/wp-json\/wp\/v2\/product_cat?post=121756"},{"taxonomy":"product_tag","embeddable":true,"href":"https:\/\/2024.shoply.com\/es\/wp-json\/wp\/v2\/product_tag?post=121756"}],"curies":[{"name":"wp","href":"https:\/\/api.w.org\/{rel}","templated":true}]}}