{"id":122444,"date":"2025-01-23T01:16:01","date_gmt":"2025-01-23T06:16:01","guid":{"rendered":"https:\/\/shoply.com\/product\/feeling-of-freedom\/"},"modified":"2025-01-27T16:49:46","modified_gmt":"2025-01-27T21:49:46","slug":"feeling-of-freedom-original-artwork","status":"publish","type":"product","link":"https:\/\/2024.shoply.com\/es\/producto\/feeling-of-freedom-original-artwork\/","title":{"rendered":"&#8216;Feeling of Freedom&#8217; Original Artwork"},"content":{"rendered":"<p>&#8220;<i>Feeling of Freedom&#8217;<\/i> is part of the body of work &#8216;Emergence&#8217; by Tracie Eaton.<\/p>\n<p>Emergence\" es una celebraci\u00f3n de la forma femenina y un viaje de autorreflexi\u00f3n.  Es un reconocimiento de todo lo que hace bellas a las mujeres.  Es un recordatorio de que las mujeres somos fuertes, vulnerables, poderosas, sexys, inteligentes y que debemos poseer y amar TODOS los aspectos de lo que somos.<\/p>\n<p>Para crear estas obras, Tracie utiliz\u00f3 su propio cuerpo como lienzo. En la fase inicial de la creaci\u00f3n, Tracie se pint\u00f3 a s\u00ed misma en un espejo.  Despu\u00e9s se fotografi\u00f3 en la naturaleza en localizaciones de la Costa Dorada (Australia).  Tras ajustar digitalmente el color y la luz, Tracie decor\u00f3 a mano estas fotograf\u00edas para crear una obra de arte \u00fanica e impactante.<\/p>\n<p>Tama\u00f1o: 31.5inches(w) x 47.2inches(h) | 800mm(w) x 1200mm(h)<br \/>\nObra de arte en acr\u00edlico, resina y t\u00e9cnica mixta presentada en lienzo tensado sobre bastidor de pino.<\/p>\n<p>Todas las obras de arte originales se protegen con una capa de papel de seda sin \u00e1cido, se envuelven y se env\u00edan en una caja hecha a medida.  Las obras originales se entregan con un Certificado de Autenticidad y una Declaraci\u00f3n de Valoraci\u00f3n.<\/p>","protected":false},"excerpt":{"rendered":"<p><em>&#8220;There is so much empowerment, sensuality and self-belief that shines through when you sense the complete integration of vulnerability and strength.\u00a0 The two create the very balance that helps us to shine&#8221;.<\/em><\/p>\n<p>Significado de los colores:<\/p>\n<ul>\n<li>Negro - poder, fuerza, voluntad fuerte, al mando, confianza<\/li>\n<li>Blanco - apertura, todo es posible<\/li>\n<li>Plata: fuerza interior, equilibrio, madurez<\/li>\n<\/ul>","protected":false},"featured_media":122443,"template":"","meta":{"footnotes":""},"product_brand":[],"product_cat":[403,199,407,100,310],"product_tag":[320,267,319,397],"class_list":{"0":"post-122444","1":"product","2":"type-product","3":"status-publish","4":"has-post-thumbnail","6":"product_cat-arts-entertainment","7":"product_cat-fine-art","8":"product_cat-gift-giving","9":"product_cat-home","10":"product_cat-home-garden","11":"product_tag-decor","12":"product_tag-gifts","13":"product_tag-home","14":"product_tag-luxury","15":"product_shipping_class-shipping-class-1","17":"first","18":"instock","19":"taxable","20":"shipping-taxable","21":"purchasable","22":"product-type-simple"},"bundled_by":[],"bundle_stock_status":"instock","bundle_stock_quantity":null,"bundle_virtual":false,"bundle_layout":"","bundle_add_to_cart_form_location":"","bundle_editable_in_cart":false,"bundle_sold_individually_context":"","bundle_item_grouping":"","bundle_min_size":"","bundle_max_size":"","bundle_price":[],"bundled_items":[],"bundle_sell_ids":[],"group_of_quantity":0,"min_quantity":0,"max_quantity":"","exclude_order_quantity_value_rules":"no","exclude_category_quantity_rules":"no","combine_variations":"no","_links":{"self":[{"href":"https:\/\/2024.shoply.com\/es\/wp-json\/wp\/v2\/product\/122444","targetHints":{"allow":["GET"]}}],"collection":[{"href":"https:\/\/2024.shoply.com\/es\/wp-json\/wp\/v2\/product"}],"about":[{"href":"https:\/\/2024.shoply.com\/es\/wp-json\/wp\/v2\/types\/product"}],"version-history":[{"count":1,"href":"https:\/\/2024.shoply.com\/es\/wp-json\/wp\/v2\/product\/122444\/revisions"}],"predecessor-version":[{"id":125603,"href":"https:\/\/2024.shoply.com\/es\/wp-json\/wp\/v2\/product\/122444\/revisions\/125603"}],"wp:featuredmedia":[{"embeddable":true,"href":"https:\/\/2024.shoply.com\/es\/wp-json\/wp\/v2\/media\/122443"}],"wp:attachment":[{"href":"https:\/\/2024.shoply.com\/es\/wp-json\/wp\/v2\/media?parent=122444"}],"wp:term":[{"taxonomy":"product_brand","embeddable":true,"href":"https:\/\/2024.shoply.com\/es\/wp-json\/wp\/v2\/product_brand?post=122444"},{"taxonomy":"product_cat","embeddable":true,"href":"https:\/\/2024.shoply.com\/es\/wp-json\/wp\/v2\/product_cat?post=122444"},{"taxonomy":"product_tag","embeddable":true,"href":"https:\/\/2024.shoply.com\/es\/wp-json\/wp\/v2\/product_tag?post=122444"}],"curies":[{"name":"wp","href":"https:\/\/api.w.org\/{rel}","templated":true}]}}