{"id":122500,"date":"2025-01-22T22:17:54","date_gmt":"2025-01-23T03:17:54","guid":{"rendered":"https:\/\/shoply.com\/product\/the-power-of-she-paint-by-numbers\/"},"modified":"2025-01-27T16:52:07","modified_gmt":"2025-01-27T21:52:07","slug":"the-power-of-she-paint-by-numbers","status":"publish","type":"product","link":"https:\/\/2024.shoply.com\/es\/producto\/the-power-of-she-paint-by-numbers\/","title":{"rendered":"El poder de She Paint By Numbers"},"content":{"rendered":"<p>Tu dise\u00f1o Paint by Numbers viene ya estirado en un robusto marco de madera, listo para pintar.<\/p>\n<p>Disponible en dos tama\u00f1os:<br \/>\n15,7 pulgadas x 19,7 pulgadas y 19,7 pulgadas x 25,6 pulgadas (40 cm x 50 cm y 50 cm x 65 cm)<\/p>\n<p>Su kit incluye: pinceles, pinturas acr\u00edlicas de calidad, ganchos de instalaci\u00f3n y tornillos.<\/p>\n<p>Su cuadro se env\u00eda directamente de nuestra f\u00e1brica a su direcci\u00f3n, evitando la costosa log\u00edstica de transporte, por lo que no tendr\u00e1 que pagar gastos de env\u00edo adicionales.<br \/>\nEl plazo de entrega es de 3 semanas.<\/p>","protected":false},"excerpt":{"rendered":"<p>Time to get creative! Recreate one of multiple National and International Award-Winning Australian Artist Tracie Eaton&#8217;s original, luxurious artworks as a Paint by Numbers 36-colour paint set. Tracie gives you the template to follow to the number, or as guide for you to add your own creativity into.<\/p>\n<p>Tracie Eaton crea cuadros exclusivos muy codiciados. Y para asegurarte de que eres uno de los pocos que poseen un Paint By Numbers de Tracie Eaton del dise\u00f1o que hayas elegido, TODOS los Paint By Numbers son ediciones limitadas, de las que solo hay 200 disponibles en todo el mundo.<\/p>\n<p>Tanto si pintas solo como en grupo, \u00fanete a Tracie y sum\u00e9rgete en el alegre y relajante proceso de pintar. \u00a1Deja que brille tu creatividad!<\/p>","protected":false},"featured_media":122499,"template":"","meta":{"footnotes":""},"product_brand":[],"product_cat":[403,407,100,310,404],"product_tag":[320,267,592,319,397],"class_list":{"0":"post-122500","1":"product","2":"type-product","3":"status-publish","4":"has-post-thumbnail","6":"product_cat-arts-entertainment","7":"product_cat-gift-giving","8":"product_cat-home","9":"product_cat-home-garden","10":"product_cat-party-celebration","11":"product_tag-decor","12":"product_tag-gifts","13":"product_tag-high-quality","14":"product_tag-home","15":"product_tag-luxury","16":"product_shipping_class-shipping-class-1","18":"first","19":"instock","20":"taxable","21":"shipping-taxable","22":"purchasable","23":"product-type-simple"},"bundled_by":[],"bundle_stock_status":"instock","bundle_stock_quantity":null,"bundle_virtual":false,"bundle_layout":"","bundle_add_to_cart_form_location":"","bundle_editable_in_cart":false,"bundle_sold_individually_context":"","bundle_item_grouping":"","bundle_min_size":"","bundle_max_size":"","bundle_price":[],"bundled_items":[],"bundle_sell_ids":[],"group_of_quantity":0,"min_quantity":0,"max_quantity":"","exclude_order_quantity_value_rules":"no","exclude_category_quantity_rules":"no","combine_variations":"no","_links":{"self":[{"href":"https:\/\/2024.shoply.com\/es\/wp-json\/wp\/v2\/product\/122500","targetHints":{"allow":["GET"]}}],"collection":[{"href":"https:\/\/2024.shoply.com\/es\/wp-json\/wp\/v2\/product"}],"about":[{"href":"https:\/\/2024.shoply.com\/es\/wp-json\/wp\/v2\/types\/product"}],"version-history":[{"count":1,"href":"https:\/\/2024.shoply.com\/es\/wp-json\/wp\/v2\/product\/122500\/revisions"}],"predecessor-version":[{"id":125608,"href":"https:\/\/2024.shoply.com\/es\/wp-json\/wp\/v2\/product\/122500\/revisions\/125608"}],"wp:featuredmedia":[{"embeddable":true,"href":"https:\/\/2024.shoply.com\/es\/wp-json\/wp\/v2\/media\/122499"}],"wp:attachment":[{"href":"https:\/\/2024.shoply.com\/es\/wp-json\/wp\/v2\/media?parent=122500"}],"wp:term":[{"taxonomy":"product_brand","embeddable":true,"href":"https:\/\/2024.shoply.com\/es\/wp-json\/wp\/v2\/product_brand?post=122500"},{"taxonomy":"product_cat","embeddable":true,"href":"https:\/\/2024.shoply.com\/es\/wp-json\/wp\/v2\/product_cat?post=122500"},{"taxonomy":"product_tag","embeddable":true,"href":"https:\/\/2024.shoply.com\/es\/wp-json\/wp\/v2\/product_tag?post=122500"}],"curies":[{"name":"wp","href":"https:\/\/api.w.org\/{rel}","templated":true}]}}