{"id":122541,"date":"2025-01-22T19:40:38","date_gmt":"2025-01-23T00:40:38","guid":{"rendered":"https:\/\/shoply.com\/product\/i-had-a-feeling\/"},"modified":"2025-02-19T18:11:48","modified_gmt":"2025-02-19T23:11:48","slug":"i-had-a-feeling-original-artwork","status":"publish","type":"product","link":"https:\/\/2024.shoply.com\/es\/producto\/i-had-a-feeling-original-artwork\/","title":{"rendered":"Obra de arte original \"I had a Feeling"},"content":{"rendered":"<p>&#8216;<em>I Had a Feeling<\/em>forma parte del conjunto de obras \"The Journey\", realizadas para el proyecto Art for Rescue.<\/p>\n<p>The Journey was a road trip of 14 towns around Queensland, Australia in 28 days, whereby Tracie Eaton painted live in plein air.<\/p>\n<p>El Viaje se complet\u00f3 para concienciar y recaudar fondos para apoyar el trabajo que Destiny Rescue realiza para erradicar el tr\u00e1fico sexual y la explotaci\u00f3n sexual de menores.<\/p>\n<p>Este cuadro es una obra de arte acr\u00edlica, pintada sobre papel art\u00edstico de calidad y presentada enmarcada lista para colgar.<\/p>\n<p>Please allow 21 business days from date of order for delivery of your new artwork.\u00a0 Dimensions include the frame.<\/p>","protected":false},"excerpt":{"rendered":"<p><i>\u201cThe one constant, the one thing that is forever on your side.\u00a0 Your intuition.\u00a0 You don\u2019t need to understand it, but you do need to hear it.\u00a0 And act on <\/i><i>it\u2019s<\/i><i> voice\u201d.<\/i><\/p>\n<p>Inspiraci\u00f3n crom\u00e1tica:<\/p>\n<ul>\n<li>Lime Green: feminine leadership, passion expressed from the heart, peace, integrity<\/li>\n<li>Brown: master of own destiny, trust gut instinct, protects against trauma<\/li>\n<li>Blanco: apertura, todo es posible, claridad, pureza<\/li>\n<li>Grey\/Charcoal: balance, stable, composed, solid<\/li>\n<li>Purple: transformation, acting for greater good, self-assured<\/li>\n<li>Magenta: self love, universal love, moving forward, kind<\/li>\n<\/ul>\n<p>Acrylic &amp; mixed media artwork presented on paper<\/p>","protected":false},"featured_media":122540,"template":"","meta":{"footnotes":""},"product_brand":[],"product_cat":[403,199,407,100,310],"product_tag":[320,267,592,319,397],"class_list":{"0":"post-122541","1":"product","2":"type-product","3":"status-publish","4":"has-post-thumbnail","6":"product_cat-arts-entertainment","7":"product_cat-fine-art","8":"product_cat-gift-giving","9":"product_cat-home","10":"product_cat-home-garden","11":"product_tag-decor","12":"product_tag-gifts","13":"product_tag-high-quality","14":"product_tag-home","15":"product_tag-luxury","16":"product_shipping_class-shipping-class-1","18":"first","19":"instock","20":"taxable","21":"shipping-taxable","22":"purchasable","23":"product-type-simple"},"bundled_by":[],"bundle_stock_status":"instock","bundle_stock_quantity":null,"bundle_virtual":false,"bundle_layout":"","bundle_add_to_cart_form_location":"","bundle_editable_in_cart":false,"bundle_sold_individually_context":"","bundle_item_grouping":"","bundle_min_size":"","bundle_max_size":"","bundle_price":[],"bundled_items":[],"bundle_sell_ids":[],"group_of_quantity":0,"min_quantity":0,"max_quantity":"","exclude_order_quantity_value_rules":"no","exclude_category_quantity_rules":"no","combine_variations":"no","_links":{"self":[{"href":"https:\/\/2024.shoply.com\/es\/wp-json\/wp\/v2\/product\/122541","targetHints":{"allow":["GET"]}}],"collection":[{"href":"https:\/\/2024.shoply.com\/es\/wp-json\/wp\/v2\/product"}],"about":[{"href":"https:\/\/2024.shoply.com\/es\/wp-json\/wp\/v2\/types\/product"}],"version-history":[{"count":2,"href":"https:\/\/2024.shoply.com\/es\/wp-json\/wp\/v2\/product\/122541\/revisions"}],"predecessor-version":[{"id":143854,"href":"https:\/\/2024.shoply.com\/es\/wp-json\/wp\/v2\/product\/122541\/revisions\/143854"}],"wp:featuredmedia":[{"embeddable":true,"href":"https:\/\/2024.shoply.com\/es\/wp-json\/wp\/v2\/media\/122540"}],"wp:attachment":[{"href":"https:\/\/2024.shoply.com\/es\/wp-json\/wp\/v2\/media?parent=122541"}],"wp:term":[{"taxonomy":"product_brand","embeddable":true,"href":"https:\/\/2024.shoply.com\/es\/wp-json\/wp\/v2\/product_brand?post=122541"},{"taxonomy":"product_cat","embeddable":true,"href":"https:\/\/2024.shoply.com\/es\/wp-json\/wp\/v2\/product_cat?post=122541"},{"taxonomy":"product_tag","embeddable":true,"href":"https:\/\/2024.shoply.com\/es\/wp-json\/wp\/v2\/product_tag?post=122541"}],"curies":[{"name":"wp","href":"https:\/\/api.w.org\/{rel}","templated":true}]}}