{"id":124116,"date":"2025-01-24T15:50:17","date_gmt":"2025-01-24T20:50:17","guid":{"rendered":"https:\/\/shoply.com\/?post_type=product&#038;p=124116"},"modified":"2025-02-19T20:44:02","modified_gmt":"2025-02-20T01:44:02","slug":"liter-32-oz-cell-renewal-conditioner","status":"publish","type":"product","link":"https:\/\/2024.shoply.com\/es\/producto\/liter-32-oz-cell-renewal-conditioner\/","title":{"rendered":"LITRO (32 OZ) | ACONDICIONADOR RENOVADOR CELULAR"},"content":{"rendered":"<div id=\"block-3942094a498c90bb74fa\" class=\"sqs-block html-block sqs-block-html\">\n<div class=\"sqs-block-content\">\n<div class=\"sqs-html-content\">\n<p class=\"\">LITER SIZED Cell Renewal Conditioner is the 3rd\u00a0 step in our trademarked Bo Stegall | The Collection\u2122 Cell Renewal Technology.<\/p>\n<\/div>\n<\/div>\n<\/div>\n<div id=\"block-yui_3_17_2_1_1725857835011_134952\" class=\"sqs-block html-block sqs-block-html\">\n<div id=\"yui_3_17_2_1_1726607261247_509\" class=\"sqs-block-content\">\n<div id=\"yui_3_17_2_1_1726607261247_508\" class=\"sqs-html-content\">\n<p class=\"\"><strong>BOMBA<\/strong> 3-5 pumps of STEP 3 Cell Renewal Conditioner into your palms.<\/p>\n<p class=\"\"><strong>SOLICITE <\/strong>conditioner\u00a0starting with the hair ends, working up through mid- strands to the scalp. Leave on your hair for 60 seconds or longer before rinsing thoroughly with warm or cool water.<\/p>\n<p class=\"\"><strong>CONTIN\u00daE<\/strong> with STEP 4 Hydrovital Mist.<\/p>\n<\/div>\n<\/div>\n<\/div>\n<p><strong>MI CABELLO SE EST\u00c1 DEBILITANDO O CAYENDO.<\/strong><\/p>\n<p><iframe title=\"2) \u00a1Se me cae el pelo! \u00bfQu\u00e9 puedo hacer?\" width=\"500\" height=\"281\" src=\"https:\/\/www.youtube.com\/embed\/z3gqRLaXzhs?feature=oembed\" frameborder=\"0\" allow=\"accelerometer; autoplay; clipboard-write; encrypted-media; gyroscope; picture-in-picture; web-share\" referrerpolicy=\"strict-origin-when-cross-origin\" allowfullscreen><\/iframe><\/p>\n<p>&nbsp;<\/p>\n<p><strong>TENGO EL PELO SECO Y DA\u00d1ADO<\/strong><\/p>\n<p><iframe title=\"3) \u00a1Tengo el pelo seco y da\u00f1ado! \u00bfQu\u00e9 debo hacer?\" width=\"500\" height=\"281\" src=\"https:\/\/www.youtube.com\/embed\/-7EXsI1sX7Q?feature=oembed\" frameborder=\"0\" allow=\"accelerometer; autoplay; clipboard-write; encrypted-media; gyroscope; picture-in-picture; web-share\" referrerpolicy=\"strict-origin-when-cross-origin\" allowfullscreen><\/iframe><\/p>\n<p>&nbsp;<\/p>\n<p><strong>\u00a1MI PELO NO TIENE VOLUMEN!<\/strong><\/p>\n<p><iframe title=\"5) \u00a1Mi pelo no tiene volumen! \u00bfQu\u00e9 puedo hacer?\" width=\"500\" height=\"281\" src=\"https:\/\/www.youtube.com\/embed\/Iax6R0fgGIA?feature=oembed\" frameborder=\"0\" allow=\"accelerometer; autoplay; clipboard-write; encrypted-media; gyroscope; picture-in-picture; web-share\" referrerpolicy=\"strict-origin-when-cross-origin\" allowfullscreen><\/iframe><\/p>\n<p>&nbsp;<\/p>\n<p><strong>\u00a1TENGO LAS PUNTAS ABIERTAS!<\/strong><\/p>\n<p><iframe title=\"8) Tengo las puntas abiertas, \u00bfqu\u00e9 hago?\" width=\"500\" height=\"281\" src=\"https:\/\/www.youtube.com\/embed\/ZJk95Thr6p8?feature=oembed\" frameborder=\"0\" allow=\"accelerometer; autoplay; clipboard-write; encrypted-media; gyroscope; picture-in-picture; web-share\" referrerpolicy=\"strict-origin-when-cross-origin\" allowfullscreen><\/iframe><\/p>\n<p>&nbsp;<\/p>\n<p><strong>TENGO EL PELO Y EL CUERO CABELLUDO GRASO<\/strong><\/p>\n<p><iframe title=\"6) Tengo el cuero cabelludo graso \u00bfQu\u00e9 hago?\" width=\"500\" height=\"281\" src=\"https:\/\/www.youtube.com\/embed\/_z6gpZyDNRc?feature=oembed\" frameborder=\"0\" allow=\"accelerometer; autoplay; clipboard-write; encrypted-media; gyroscope; picture-in-picture; web-share\" referrerpolicy=\"strict-origin-when-cross-origin\" allowfullscreen><\/iframe><\/p>\n<p>&nbsp;<\/p>\n<p><strong>MI PELO ES RIZADO U ONDULADO<\/strong><\/p>\n<p><iframe title=\"4) Tengo el pelo rizado, \u00bfqu\u00e9 hago?\" width=\"500\" height=\"281\" src=\"https:\/\/www.youtube.com\/embed\/_2RLR4ekVVE?feature=oembed\" frameborder=\"0\" allow=\"accelerometer; autoplay; clipboard-write; encrypted-media; gyroscope; picture-in-picture; web-share\" referrerpolicy=\"strict-origin-when-cross-origin\" allowfullscreen><\/iframe><\/p>","protected":false},"excerpt":{"rendered":"<p class=\"\">Cell Renewal Conditioner is the 3rd\u00a0 step in our trademarked Bo Stegall | The Collection\u2122 Cell Renewal Technology.<\/p>\n<p class=\"\"><strong>1. EMBALAJE LLAVE\/MEJORA DE LA BOTELLA:<\/strong><\/p>\n<ul>\n<li>\n<p class=\"\">Se presenta en una bomba para facilitar su uso.<\/p>\n<\/li>\n<\/ul>\n<p class=\"\"><strong>2. CLAVE CIENCIA\/MEJORA F\u00d3RMULA:<\/strong><\/p>\n<ul>\n<li>\n<p class=\"\">Nuestros avanzados ingredientes ayudan al cuero cabelludo y al cabello a producir su propio col\u00e1geno a trav\u00e9s de la S\u00edntesis de Col\u00e1geno.<\/p>\n<\/li>\n<\/ul>\n<p><strong>\u00bfPOR D\u00d3NDE EMPIEZO CON BO STEGALL?<\/strong><\/p>\n<p>https:\/\/youtu.be\/P4oB0ALtszw?si=uIDmd4gWvDVM7cmJ<\/p>","protected":false},"featured_media":124125,"template":"","meta":{"footnotes":""},"product_brand":[],"product_cat":[385,821,80,384,382,76,820],"product_tag":[149,174,132,1111,617,112,110,131],"class_list":{"0":"post-124116","1":"product","2":"type-product","3":"status-publish","4":"has-post-thumbnail","6":"product_cat-bath-body","7":"product_cat-beauty","8":"product_cat-beauty-health-supplements","9":"product_cat-cosmetics","10":"product_cat-health","11":"product_cat-memberships","12":"product_cat-wellness","13":"product_tag-anti-aging","14":"product_tag-anti-inflammatory","15":"product_tag-antioxidants","16":"product_tag-beauty-2","17":"product_tag-best","18":"product_tag-cell-renewal","19":"product_tag-hair","20":"product_tag-stem-cells","21":"has-subscription-plans","23":"first","24":"instock","25":"taxable","26":"shipping-taxable","27":"purchasable","28":"product-type-simple"},"bundled_by":[],"bundle_stock_status":"instock","bundle_stock_quantity":null,"bundle_virtual":false,"bundle_layout":"","bundle_add_to_cart_form_location":"","bundle_editable_in_cart":false,"bundle_sold_individually_context":"","bundle_item_grouping":"","bundle_min_size":"","bundle_max_size":"","bundle_price":[],"bundled_items":[],"bundle_sell_ids":[],"group_of_quantity":0,"min_quantity":0,"max_quantity":"","exclude_order_quantity_value_rules":"no","exclude_category_quantity_rules":"no","combine_variations":"no","_links":{"self":[{"href":"https:\/\/2024.shoply.com\/es\/wp-json\/wp\/v2\/product\/124116","targetHints":{"allow":["GET"]}}],"collection":[{"href":"https:\/\/2024.shoply.com\/es\/wp-json\/wp\/v2\/product"}],"about":[{"href":"https:\/\/2024.shoply.com\/es\/wp-json\/wp\/v2\/types\/product"}],"version-history":[{"count":3,"href":"https:\/\/2024.shoply.com\/es\/wp-json\/wp\/v2\/product\/124116\/revisions"}],"predecessor-version":[{"id":139478,"href":"https:\/\/2024.shoply.com\/es\/wp-json\/wp\/v2\/product\/124116\/revisions\/139478"}],"wp:featuredmedia":[{"embeddable":true,"href":"https:\/\/2024.shoply.com\/es\/wp-json\/wp\/v2\/media\/124125"}],"wp:attachment":[{"href":"https:\/\/2024.shoply.com\/es\/wp-json\/wp\/v2\/media?parent=124116"}],"wp:term":[{"taxonomy":"product_brand","embeddable":true,"href":"https:\/\/2024.shoply.com\/es\/wp-json\/wp\/v2\/product_brand?post=124116"},{"taxonomy":"product_cat","embeddable":true,"href":"https:\/\/2024.shoply.com\/es\/wp-json\/wp\/v2\/product_cat?post=124116"},{"taxonomy":"product_tag","embeddable":true,"href":"https:\/\/2024.shoply.com\/es\/wp-json\/wp\/v2\/product_tag?post=124116"}],"curies":[{"name":"wp","href":"https:\/\/api.w.org\/{rel}","templated":true}]}}