{"id":141141,"date":"2025-03-03T17:12:24","date_gmt":"2025-03-03T22:12:24","guid":{"rendered":"https:\/\/shoply.com\/product\/cocomero-watermelon-glow-serum-with-hyaluronic-acid\/"},"modified":"2025-03-03T17:34:34","modified_gmt":"2025-03-03T22:34:34","slug":"cocomero-watermelon-glow-serum-with-hyaluronic-acid","status":"publish","type":"product","link":"https:\/\/2024.shoply.com\/es\/producto\/cocomero-watermelon-glow-serum-with-hyaluronic-acid\/","title":{"rendered":"Serum Luminosidad Sand\u00eda Cocomero con \u00c1cido Hialur\u00f3nico"},"content":{"rendered":"<p><code><\/code><\/p>\n<p><strong>Ganador del 2024 Beauty Shortlist Editor's Choice Award y del Vegan Beauty Award.<\/strong><\/p>\n<p>El S\u00e9rum Brillo de Sand\u00eda Cocomero con \u00c1cido Hialur\u00f3nico es la mejor opci\u00f3n para conseguir el codiciado efecto \"piel de cristal\". Con su ingrediente clave, la sand\u00eda (tambi\u00e9n conocida como cocomero en italiano), este s\u00e9rum aporta vitaminas esenciales y ayuda a reducir la pigmentaci\u00f3n oscura para conseguir un cutis suave, flexible y radiante.<\/p>\n<p>Formulado con niacinamida (vitamina B3) y glicerina vegana, este ligero suero en gel es adecuado para todo tipo de pieles y puede utilizarse de d\u00eda o de noche. Su color rosa claro totalmente natural y su refrescante aroma a sand\u00eda y extracto de frambuesa contribuyen a su efecto hidratante y rellenador. Disfrute de una piel hidratada, rellena y luminosa.<\/p>\n<p><strong>Ingredientes de lujo:<\/strong><\/p>\n<p><strong>4 pesos de \u00e1cido hialur\u00f3nico<\/strong>\u00a0para hidratar la piel en profundidad y reducir la p\u00e9rdida transepid\u00e9rmica de agua de la piel. A medida que envejecemos, la producci\u00f3n natural de col\u00e1geno y \u00e1cido hialur\u00f3nico de nuestra piel disminuye, por lo que es crucial incorporar estos ingredientes a nuestra rutina de cuidado de la piel.<\/p>\n<p>- High MW hidrata la piel, mejora la funci\u00f3n de barrera de la piel y deja la piel seca con una sensaci\u00f3n de suavidad e hidrataci\u00f3n.<br \/>\n- Mid MW penetra m\u00e1s profundamente en el estrato c\u00f3rneo y favorece la protecci\u00f3n del factor hidratante natural de la piel, lo que lo convierte en el MW que restaura la hidrataci\u00f3n donde m\u00e1s se necesita<br \/>\n- Low MW penetra m\u00e1s profundamente en la epidermis para inducir la producci\u00f3n del \u00e1cido hialur\u00f3nico propio de la piel y ayudar a la renovaci\u00f3n celular de la piel.<\/p>\n<p>-El \u00c1cido Hialur\u00f3nico SLMW (60.000 Daltons) penetra m\u00e1s profundamente en las capas superiores de la piel para proporcionar una hidrataci\u00f3n duradera y fijarla a la piel.<\/p>\n<p><strong>Niacinamida PC (Vitamina B3)<\/strong>\u00a0ayuda a reducir el aspecto de los poros y a equilibrar la producci\u00f3n de grasa<\/p>\n<p><strong>Aceite de semillas de sand\u00eda silvestre Kalahari Melon<\/strong>\u00a0Muy rico en \u00e1cidos grasos Omega para rellenar e hidratar la piel sin obstruir los poros.<\/p>\n<p><strong>Extracto de sand\u00eda y frambuesa<\/strong>\u00a0est\u00e1 repleto de nutrientes, vitaminas y antioxidantes. Ayuda a reducir la pigmentaci\u00f3n oscura y las manchas de la edad.<\/p>\n<p><strong>Glicerina vegana<\/strong>\u00a0es un humectante maravilloso que ayuda a extraer la humedad del aire para hidratar la piel<\/p>\n<p><span style=\"font-size: 0.875rem\">Fabricado y envasado en EE.UU.<\/span><\/p>\n<p><span style=\"font-size: 0.875rem\">en nuestra oficina de 1543 Covington Avenue, Westlake Village, CA<\/span><\/p>\n<p>&nbsp;<\/p>","protected":false},"excerpt":{"rendered":"<p>Winner of 2024 Beauty Shortlist Editor&#8217;s Choice Award and Vegan Beauty Award! The Cocomero Watermelon Glow Serum with Hyaluronic Acid<\/p>","protected":false},"featured_media":150166,"template":"","meta":{"footnotes":""},"product_brand":[],"product_cat":[1096],"product_tag":[1214,1207,1215,1217,1127,1098,1100,1125,1263,1233,149,1102,132,1104,751,1109,1110,1231,1260,1111,1117,617,1132,1478,1133,1234,1235,1129,1135,1136,1137,1228,1300,1139,1142,1144,111,1244,753,1494,1145,153,1148,141,241,417,1311,1179,1152,1154,807,1157,1305,1288,1158,1159,1161,1301,1163,1114,133,1164,1306,1165,798,1176,1257,1310,1312,1166,258,1180,644,1167,1153,1271,1172,147,1175,1177,1169,267,1183,1193,1195,1196,1197,292,1200,1201,536,1185,1203,155,1218,1221,1222,1223,740,1099,1224,1225,1226,623,1173,1202,1230,1274,1211,1232,288,397,584,1313,1280,1187,1237,1279,1238,152,1188,1239,1533,1126,1015,1249,1250,1270,534,431,1370,1253,602,185,1251,1155,1272,1530,1147,1315,1245,1171,1256,1289,1314,1243,1259,1262,1266,1281,1178,1267,1121,1269,1273,1204,1264,150,1216,1146,1182,1276,1278,1113,394,1246,1268,1143,1240,1283,1294,1406,1156,1509,1510,774,1190,1191,1192,586,1287,595,1277,1422,1292,1236,522,113,1119,1124,1296,1108,1302,1242,1304,1208,1229,599,1105,1106,1170,1209,1186,157,1205,1212,1213,631,1241],"class_list":{"0":"post-141141","1":"product","2":"type-product","3":"status-publish","4":"has-post-thumbnail","6":"product_cat-skin-serums","7":"product_tag-50s","8":"product_tag-a","9":"product_tag-acid-2","10":"product_tag-acids","11":"product_tag-acne","12":"product_tag-afterpay-2","13":"product_tag-afterpayusa","14":"product_tag-all","15":"product_tag-alternative","16":"product_tag-angeles","17":"product_tag-anti-aging","18":"product_tag-antiaging","19":"product_tag-antioxidants","20":"product_tag-award","21":"product_tag-b","22":"product_tag-b2","23":"product_tag-b3","24":"product_tag-barbara-2","25":"product_tag-barrier","26":"product_tag-beauty-2","27":"product_tag-bella-2","28":"product_tag-best","29":"product_tag-biodegradeable","30":"product_tag-botox-2","31":"product_tag-bouncy","32":"product_tag-box","33":"product_tag-boxes","34":"product_tag-brand","35":"product_tag-bright","36":"product_tag-brighten","37":"product_tag-brightener","38":"product_tag-bunny-2","39":"product_tag-c-2","40":"product_tag-cali-2","41":"product_tag-california-2","42":"product_tag-californialove","43":"product_tag-care","44":"product_tag-care-3","45":"product_tag-certified","46":"product_tag-choice-2","47":"product_tag-clean","48":"product_tag-cleanser","49":"product_tag-clear","50":"product_tag-collagen","51":"product_tag-cosmetics","52":"product_tag-cream","53":"product_tag-creams","54":"product_tag-crows","55":"product_tag-cruelty","56":"product_tag-cruelty-free","57":"product_tag-dark","58":"product_tag-dehydrated","59":"product_tag-dew","60":"product_tag-dirty","61":"product_tag-downtown","62":"product_tag-dry","63":"product_tag-dye","64":"product_tag-e","65":"product_tag-eco-friendly","66":"product_tag-editors","67":"product_tag-enzymes","68":"product_tag-essence","69":"product_tag-essences","70":"product_tag-esthetician","71":"product_tag-ethical","72":"product_tag-exfoliator","73":"product_tag-extract","74":"product_tag-eye","75":"product_tag-face-2","76":"product_tag-facial","77":"product_tag-fall","78":"product_tag-feet","79":"product_tag-for","80":"product_tag-freckles","81":"product_tag-free","82":"product_tag-from","83":"product_tag-frown","84":"product_tag-fruit","85":"product_tag-gentle","86":"product_tag-get","87":"product_tag-gift-2","88":"product_tag-gifts","89":"product_tag-girl","90":"product_tag-glass","91":"product_tag-glowing-2","92":"product_tag-gluten","93":"product_tag-grapeseed","94":"product_tag-green","95":"product_tag-hanukkah","96":"product_tag-healthy","97":"product_tag-holiday","98":"product_tag-holidays-2","99":"product_tag-how","100":"product_tag-hyaluronic","101":"product_tag-hydrating","102":"product_tag-hydration-2","103":"product_tag-hylauronic","104":"product_tag-hyperpigmentation","105":"product_tag-in","106":"product_tag-it","107":"product_tag-k","108":"product_tag-korean","109":"product_tag-leaping","110":"product_tag-light","111":"product_tag-lines","112":"product_tag-living","113":"product_tag-local","114":"product_tag-locals","115":"product_tag-look","116":"product_tag-los","117":"product_tag-love","118":"product_tag-luxury","119":"product_tag-made","120":"product_tag-masks","121":"product_tag-mature","122":"product_tag-men","123":"product_tag-mermaid","124":"product_tag-method","125":"product_tag-moisturize","126":"product_tag-moisturizer","127":"product_tag-mom","128":"product_tag-montecito","129":"product_tag-mushroom-2","130":"product_tag-natural","131":"product_tag-new","132":"product_tag-niacinamide-2","133":"product_tag-no","134":"product_tag-oceans","135":"product_tag-of","136":"product_tag-oil-2","137":"product_tag-oils-2","138":"product_tag-oily-2","139":"product_tag-on","140":"product_tag-organic","141":"product_tag-parabens","142":"product_tag-pigmentation","143":"product_tag-plastic","144":"product_tag-product-2","145":"product_tag-products","146":"product_tag-program","147":"product_tag-prone","148":"product_tag-purchase","149":"product_tag-raspberry-2","150":"product_tag-rated","151":"product_tag-refill-2","152":"product_tag-refills","153":"product_tag-repair","154":"product_tag-retinol-2","155":"product_tag-retinols","156":"product_tag-reviews","157":"product_tag-rid","158":"product_tag-sale","159":"product_tag-santa","160":"product_tag-save","161":"product_tag-sb-2","162":"product_tag-scars","163":"product_tag-sensitive","164":"product_tag-serum","165":"product_tag-serums","166":"product_tag-set","167":"product_tag-sets","168":"product_tag-seven","169":"product_tag-seven-skin","170":"product_tag-shortlist-2","171":"product_tag-skin","172":"product_tag-skin-3","173":"product_tag-skinc","174":"product_tag-skincare-2","175":"product_tag-skincare-3","176":"product_tag-slugging-2","177":"product_tag-snow","178":"product_tag-spa-2","179":"product_tag-spots","180":"product_tag-substitute-2","181":"product_tag-sunlight-2","182":"product_tag-sustainable","183":"product_tag-teenager-2","184":"product_tag-teenagers","185":"product_tag-teens","186":"product_tag-the","187":"product_tag-think","188":"product_tag-to","189":"product_tag-toner","190":"product_tag-treatment-2","191":"product_tag-tremella-2","192":"product_tag-us","193":"product_tag-usa","194":"product_tag-vegan","195":"product_tag-vida-2","196":"product_tag-vita","197":"product_tag-vitamin","198":"product_tag-vitamins","199":"product_tag-vogue","200":"product_tag-waste","201":"product_tag-watermelon-2","202":"product_tag-week","203":"product_tag-weight","204":"product_tag-wife","205":"product_tag-winner","206":"product_tag-winning","207":"product_tag-with","208":"product_tag-without","209":"product_tag-women","210":"product_tag-wrinkle","211":"product_tag-wrinkles-2","212":"product_tag-younger","213":"product_tag-your","214":"product_tag-youth","215":"product_tag-zero","216":"has-subscription-plans","218":"first","219":"instock","220":"taxable","221":"shipping-taxable","222":"purchasable","223":"product-type-simple"},"bundled_by":[],"bundle_stock_status":"instock","bundle_stock_quantity":8,"bundle_virtual":false,"bundle_layout":"","bundle_add_to_cart_form_location":"","bundle_editable_in_cart":false,"bundle_sold_individually_context":"","bundle_item_grouping":"","bundle_min_size":"","bundle_max_size":"","bundle_price":[],"bundled_items":[],"bundle_sell_ids":[],"group_of_quantity":0,"min_quantity":0,"max_quantity":"","exclude_order_quantity_value_rules":"no","exclude_category_quantity_rules":"no","combine_variations":"no","_links":{"self":[{"href":"https:\/\/2024.shoply.com\/es\/wp-json\/wp\/v2\/product\/141141","targetHints":{"allow":["GET"]}}],"collection":[{"href":"https:\/\/2024.shoply.com\/es\/wp-json\/wp\/v2\/product"}],"about":[{"href":"https:\/\/2024.shoply.com\/es\/wp-json\/wp\/v2\/types\/product"}],"version-history":[{"count":2,"href":"https:\/\/2024.shoply.com\/es\/wp-json\/wp\/v2\/product\/141141\/revisions"}],"predecessor-version":[{"id":150190,"href":"https:\/\/2024.shoply.com\/es\/wp-json\/wp\/v2\/product\/141141\/revisions\/150190"}],"wp:featuredmedia":[{"embeddable":true,"href":"https:\/\/2024.shoply.com\/es\/wp-json\/wp\/v2\/media\/150166"}],"wp:attachment":[{"href":"https:\/\/2024.shoply.com\/es\/wp-json\/wp\/v2\/media?parent=141141"}],"wp:term":[{"taxonomy":"product_brand","embeddable":true,"href":"https:\/\/2024.shoply.com\/es\/wp-json\/wp\/v2\/product_brand?post=141141"},{"taxonomy":"product_cat","embeddable":true,"href":"https:\/\/2024.shoply.com\/es\/wp-json\/wp\/v2\/product_cat?post=141141"},{"taxonomy":"product_tag","embeddable":true,"href":"https:\/\/2024.shoply.com\/es\/wp-json\/wp\/v2\/product_tag?post=141141"}],"curies":[{"name":"wp","href":"https:\/\/api.w.org\/{rel}","templated":true}]}}