{"id":144244,"date":"2025-02-21T09:54:05","date_gmt":"2025-02-21T14:54:05","guid":{"rendered":"https:\/\/shoply.com\/?post_type=product&#038;p=144244"},"modified":"2025-02-21T13:37:00","modified_gmt":"2025-02-21T18:37:00","slug":"np-superior-care-dry-cat-food-grain-free-red-cat","status":"publish","type":"product","link":"https:\/\/2024.shoply.com\/es\/producto\/np-superior-care-dry-cat-food-grain-free-red-cat\/","title":{"rendered":"NP Superior Care alimento seco CAT, Grain free [Gato rojo]."},"content":{"rendered":"<p><strong>Nature&#8217;s Protection Superior Care Grain-Free Cat Food with Herring<\/strong>\u00a0is specially formulated for\u00a0<strong>adult cats of all breeds with red and light-colored coats<\/strong>. This\u00a0<strong>hypoallergenic, highly digestible<\/strong>\u00a0formula helps\u00a0<strong>enhance natural red coat pigmentation<\/strong>, promotes\u00a0<strong>healthy skin and coat<\/strong>, and supports overall\u00a0<strong>immune and urinary health<\/strong>.<\/p>\n<p><strong>Key Benefits:<\/strong><br \/>\n\u2714\u00a0<strong>Premium Herring Meal Protein<\/strong>\u00a0\u2013 Lean, easily digestible, and rich in Omega-3 and vitamin D for\u00a0<strong>skin and coat health<\/strong>.<br \/>\n\u2714\u00a0<strong>RCE Complex<\/strong>\u00a0\u2013 A balanced amino acid complex that\u00a0<strong>enhances and protects natural red coat pigment<\/strong>.<br \/>\n\u2714\u00a0<strong>MicroZeoGen<\/strong>\u00a0\u2013 Natural volcanic mineral that\u00a0<strong>detoxifies the body<\/strong>\u00a0and enhances nutrient absorption.<br \/>\n\u2714\u00a0<strong>Balanced Amino Acids<\/strong>\u00a0\u2013 Helps maintain\u00a0<strong>vibrant coat color<\/strong>\u00a0y\u00a0<strong>skin health<\/strong>.<br \/>\n\u2714\u00a0<strong>DL-Methionine<\/strong>\u00a0\u2013 Reduces\u00a0<strong>urine pH<\/strong>\u00a0and may help prevent\u00a0<strong>struvite crystal and stone formation<\/strong>.<br \/>\n\u2714\u00a0<strong>Organic Marigold &amp; Green Tea Extract<\/strong>\u00a0\u2013 Supports\u00a0<strong>vision and provides antioxidant benefits<\/strong>.<\/p>\n<p>&nbsp;<\/p>\n<ul>\n<li>Tear stains off formula<\/li>\n<li>RCE Complex<\/li>\n<li>Hipoalerg\u00e9nico<\/li>\n<li>Highly digestible<\/li>\n<li>No Hairball Formula<\/li>\n<li>Highest quality ingredients<\/li>\n<li>Natural antioxidants<\/li>\n<li>Grain free<\/li>\n<\/ul>\n<p>&nbsp;<\/p>\n<p><strong>No Artificial Additives:<\/strong><br \/>\n\u274c No artificial colors or flavorings<br \/>\n\u274c No preservatives<\/p>\n<p>Crafted with\u00a0<strong>high-quality ingredients<\/strong>, this super-premium dry food ensures\u00a0<strong>optimal nutrition<\/strong>\u00a0for your cat\u2019s well-being.<\/p>\n<p><strong>Nature\u2019s Protection Superior Care \u2013 Where Innovation Meets Premium Pet Nutrition!<\/strong><\/p>\n<p><strong>Composition:\u00a0<\/strong>herring 45 % (dried and finely ground), dried potato pulp, poultry fat, pea protein, peas, sugar beet pulp, potato protein, linseed, salmon oil, dynamic micronized clinoptilolite (1%), dried carrots, brewer\u2018s yeast, dried eggs, mannan-oligosaccharides (MOS), chicory extract, mojave yucca, green tea (0,05 %), marigold meal (0,02 %).<\/p>\n<p><strong>Ingredientes:<\/strong>\u00a0Herring meal, Dried Potato, Poultry Fat, Pea Protein, Peas, Dried Plain Beet Pulp, Potato Protein, Flaxseed, Salmon Oil, Sodium Aluminosilicate, Dried Carrots, Brewer&#8217;s Dried Yeast, Dried Eggs, Yeast Extract, Dried Chicory Root, Yucca Schidigera Extract, Vitamins [Vitamin A Supplement, Vitamin D<sub>3<\/sub>\u00a0Supplement, Vitamin E Supplement, Folic Acid (Source Of Vitamin B), Biotin (Source Of Vitamin B)], Taurine, Minerals (Iron Sulfate, Calcium Iodate, Copper Sulfate, Manganese Sulfate, Zinc Sulfate, Sodium Selenite), DL-methionine, L-tyrosine, L-cysteine, L-tryptophan, Organic Green Tea Extract, Organic Pot Marigold, Mixed Tocopherols (A Preservative), Rosemary Extract.<\/p>\n<p>&nbsp;<\/p>\n<p><strong>Additives\/1 kg:\u00a0<\/strong>nutritional additives: vitamin A (3a672a) \u2013 25000 IU, vitamin D<sub>3<\/sub>\u00a0(3a671)* \u2013 1875 IU, vitamin E (3a700) \u2013 688 mg, iron (II) sulphate monohydrate (3b103) \u2013 62,5 mg, calcium iodate anhydrous (3b202) \u2013 1,9 mg, copper (II) sulphate pentahydrate (3b405) \u2013 6,3 mg, manganous sulphate monohydrate (3b503) \u2013 25 mg, zinc sulphate monohydrate (3b605) \u2013 143,75 mg, sodium selenite (3b801) \u2013 0,125 mg, taurine (3a370) \u2013 1250 mg, DL-methionine, technically pure (3c301) \u2013 5 g, L-tyrosine (3c401) \u2013 500 mg, L-cystine (3c391) \u2013 1 g, L-tryptophan (3c440) \u2013 500 mg. Technological additives: antioxidants: rosemary extract, tocopherol extracts from vegetable oils (1b306(i)).<br \/>\n*Simultaneous use with Vitamin D<sub>2<\/sub>\u00a0is not allowed.<\/p>\n<p><strong>Analytical constituents:\u00a0<\/strong>crude protein \u2013 32 %, crude fibre \u2013 2,2 %, crude fat \u2013 15,5 %, crude ash \u2013 7 %, calcium \u2013 1,2 %, phosphorus \u2013 0,9 %, potassium \u2013 0,6 %, sodium \u2013 0,4 %, Omega-3 fatty acids \u2013 0,65 %, Omega-6 fatty acids \u2013 3,42 %.<\/p>\n<p>&nbsp;<\/p>\n<p class=\"m-auto\"><b class=\"text-uppercase\">Vitaminas y minerales:<\/b><\/p>\n<ul>\n<li>Vitamina A: importante para mantener una piel sana, favorecer una buena visi\u00f3n y reforzar el sistema inmunitario.<\/li>\n<li>Vitamina D<sub>3<\/sub>\u00a0- Favorece la regulaci\u00f3n de los niveles de calcio y f\u00f3sforo en el organismo y contribuye al crecimiento y desarrollo de huesos sanos.<\/li>\n<li>Vitamina E: act\u00faa como antioxidante en el organismo, ayuda a proteger las c\u00e9lulas del da\u00f1o causado por los radicales libres, es importante para la funci\u00f3n inmunitaria y la salud de la piel.<\/li>\n<li>Sulfato de hierro (II) monohidratado: fuente de hierro, importante para la formaci\u00f3n de hemoglobina en los gl\u00f3bulos rojos, que transporta ox\u00edgeno por todo el cuerpo. La carencia de hierro puede provocar anemia, fatiga y debilidad en los animales de compa\u00f1\u00eda.<\/li>\n<li>Yodato c\u00e1lcico anhidro: fuente de yodo, importante para la producci\u00f3n de hormonas tiroideas, que regulan el metabolismo y otras funciones corporales. Una deficiencia de yodo puede provocar problemas de tiroides, aumento de peso y otros problemas de salud en las mascotas.<\/li>\n<li>Sulfato de cobre (II) pentahidratado: fuente de cobre, importante para la formaci\u00f3n de gl\u00f3bulos rojos, tejido conjuntivo y otras funciones corporales. Una deficiencia de cobre puede provocar anemia, problemas \u00f3seos y articulares y otros problemas de salud en los animales de compa\u00f1\u00eda.<\/li>\n<li>Sulfato manganoso monohidratado: fuente de manganeso, importante para la formaci\u00f3n de huesos, cart\u00edlagos y otros tejidos conjuntivos. Tambi\u00e9n interviene en el metabolismo de los hidratos de carbono y las grasas. Una deficiencia de manganeso puede provocar deformidades esquel\u00e9ticas, un crecimiento deficiente y otros problemas de salud en los animales de compa\u00f1\u00eda.<\/li>\n<li>Sulfato de zinc monohidratado: fuente de zinc, importante para el sistema inmunitario, la cicatrizaci\u00f3n de heridas, la salud de la piel y otras funciones corporales. Una deficiencia de zinc puede provocar un crecimiento deficiente, lesiones cut\u00e1neas y otros problemas de salud en los animales de compa\u00f1\u00eda.<\/li>\n<li>Selenito s\u00f3dico: fuente de selenio, que es importante para el sistema inmunitario, la funci\u00f3n tiroidea y otras funciones corporales. Una deficiencia de selenio puede provocar debilidad muscular, problemas reproductivos y otros problemas de salud en las mascotas.<\/li>\n<li>Taurine &#8211; helps to support a healthy heart by promoting normal heart function and maintain healthy eyesight.<\/li>\n<li>DL-methionine &#8211; helps to maintain the pH balance in the urine, which can be important for pets that are prone to urinary tract issues.<\/li>\n<\/ul>\n<p><strong>Feeding instructions:\u00a0<\/strong>serve the food dry. Clean, fresh water should be available at all times.<\/p>\n<p>Nature\u2019s Protection Superior Care Red Cats Grain Free with Herring Meal Adult All Breeds is formulated to meet the nutritional levels established by the AAFCO Cat Food Nutrient profiles for adult maintenance.<\/p>","protected":false},"excerpt":{"rendered":"<p>Super Premium dry food for adult cats. Formulated to\u00a0<strong>prevent brown stains<\/strong>, support\u00a0<strong>urinary health<\/strong>, and ensure\u00a0<strong>optimal digestion<\/strong>.<\/p>","protected":false},"featured_media":144249,"template":"","meta":{"footnotes":""},"product_brand":[],"product_cat":[212,218],"product_tag":[242],"class_list":{"0":"post-144244","1":"product","2":"type-product","3":"status-publish","4":"has-post-thumbnail","6":"product_cat-pet-supplies","7":"product_cat-veterinary-foods","8":"product_tag-pets","9":"has-subscription-plans","11":"first","12":"instock","13":"sale","14":"taxable","15":"shipping-taxable","16":"purchasable","17":"product-type-variable","18":"has-default-attributes"},"bundled_by":[],"bundle_stock_status":"instock","bundle_stock_quantity":null,"bundle_virtual":false,"bundle_layout":"","bundle_add_to_cart_form_location":"","bundle_editable_in_cart":false,"bundle_sold_individually_context":"","bundle_item_grouping":"","bundle_min_size":"","bundle_max_size":"","bundle_price":[],"bundled_items":[],"bundle_sell_ids":[],"group_of_quantity":0,"min_quantity":0,"max_quantity":"","exclude_order_quantity_value_rules":"no","exclude_category_quantity_rules":"no","combine_variations":"no","_links":{"self":[{"href":"https:\/\/2024.shoply.com\/es\/wp-json\/wp\/v2\/product\/144244","targetHints":{"allow":["GET"]}}],"collection":[{"href":"https:\/\/2024.shoply.com\/es\/wp-json\/wp\/v2\/product"}],"about":[{"href":"https:\/\/2024.shoply.com\/es\/wp-json\/wp\/v2\/types\/product"}],"version-history":[{"count":3,"href":"https:\/\/2024.shoply.com\/es\/wp-json\/wp\/v2\/product\/144244\/revisions"}],"predecessor-version":[{"id":144315,"href":"https:\/\/2024.shoply.com\/es\/wp-json\/wp\/v2\/product\/144244\/revisions\/144315"}],"wp:featuredmedia":[{"embeddable":true,"href":"https:\/\/2024.shoply.com\/es\/wp-json\/wp\/v2\/media\/144249"}],"wp:attachment":[{"href":"https:\/\/2024.shoply.com\/es\/wp-json\/wp\/v2\/media?parent=144244"}],"wp:term":[{"taxonomy":"product_brand","embeddable":true,"href":"https:\/\/2024.shoply.com\/es\/wp-json\/wp\/v2\/product_brand?post=144244"},{"taxonomy":"product_cat","embeddable":true,"href":"https:\/\/2024.shoply.com\/es\/wp-json\/wp\/v2\/product_cat?post=144244"},{"taxonomy":"product_tag","embeddable":true,"href":"https:\/\/2024.shoply.com\/es\/wp-json\/wp\/v2\/product_tag?post=144244"}],"curies":[{"name":"wp","href":"https:\/\/api.w.org\/{rel}","templated":true}]}}