{"id":144961,"date":"2025-02-26T19:04:38","date_gmt":"2025-02-27T00:04:38","guid":{"rendered":"https:\/\/shoply.com\/?post_type=product&#038;p=144961"},"modified":"2025-03-05T23:39:41","modified_gmt":"2025-03-06T04:39:41","slug":"hamsas-bracelet","status":"publish","type":"product","link":"https:\/\/2024.shoply.com\/es\/producto\/hamsas-bracelet\/","title":{"rendered":"Pulsera Hamsa"},"content":{"rendered":"<p>Eleve su juego de accesorios con nuestra impresionante pulsera de mano hamsa de plata. Esta pieza de dise\u00f1o intrincado simboliza la protecci\u00f3n y la buena fortuna, por lo que es una adici\u00f3n significativa a cualquier colecci\u00f3n de joyas. Fabricada con materiales de alta calidad, ofrece durabilidad y elegancia, y es perfecta para llevar a diario o en ocasiones especiales. Abrace el estilo y la espiritualidad con esta hermosa pulsera que complementa cualquier atuendo sin esfuerzo.<\/p>\n<p>El don de la protecci\u00f3n<\/p>\n<p>La principal intenci\u00f3n del hamsa es proteger y defender a su portador del mal y la negatividad. Inicialmente se cre\u00f3 para repeler la maldici\u00f3n del mal de ojo, generalmente provocada por la envidia o el odio.<\/p>","protected":false},"excerpt":{"rendered":"<p>Abrace el estilo y la espiritualidad con esta hermosa pulsera que complementa cualquier atuendo sin esfuerzo.<\/p>\n<p>&nbsp;<\/p>","protected":false},"featured_media":147287,"template":"","meta":{"footnotes":""},"product_brand":[],"product_cat":[408,1590,407,205],"product_tag":[],"class_list":{"0":"post-144961","1":"product","2":"type-product","3":"status-publish","4":"has-post-thumbnail","6":"product_cat-birthday","7":"product_cat-bracelet","8":"product_cat-gift-giving","9":"product_cat-jewelry-250-or-less","11":"first","12":"instock","13":"taxable","14":"shipping-taxable","15":"purchasable","16":"product-type-simple"},"bundled_by":[],"bundle_stock_status":"instock","bundle_stock_quantity":6,"bundle_virtual":false,"bundle_layout":"","bundle_add_to_cart_form_location":"","bundle_editable_in_cart":false,"bundle_sold_individually_context":"","bundle_item_grouping":"","bundle_min_size":"","bundle_max_size":"","bundle_price":[],"bundled_items":[],"bundle_sell_ids":[],"group_of_quantity":0,"min_quantity":0,"max_quantity":"","exclude_order_quantity_value_rules":"no","exclude_category_quantity_rules":"no","combine_variations":"no","_links":{"self":[{"href":"https:\/\/2024.shoply.com\/es\/wp-json\/wp\/v2\/product\/144961","targetHints":{"allow":["GET"]}}],"collection":[{"href":"https:\/\/2024.shoply.com\/es\/wp-json\/wp\/v2\/product"}],"about":[{"href":"https:\/\/2024.shoply.com\/es\/wp-json\/wp\/v2\/types\/product"}],"version-history":[{"count":1,"href":"https:\/\/2024.shoply.com\/es\/wp-json\/wp\/v2\/product\/144961\/revisions"}],"predecessor-version":[{"id":147299,"href":"https:\/\/2024.shoply.com\/es\/wp-json\/wp\/v2\/product\/144961\/revisions\/147299"}],"wp:featuredmedia":[{"embeddable":true,"href":"https:\/\/2024.shoply.com\/es\/wp-json\/wp\/v2\/media\/147287"}],"wp:attachment":[{"href":"https:\/\/2024.shoply.com\/es\/wp-json\/wp\/v2\/media?parent=144961"}],"wp:term":[{"taxonomy":"product_brand","embeddable":true,"href":"https:\/\/2024.shoply.com\/es\/wp-json\/wp\/v2\/product_brand?post=144961"},{"taxonomy":"product_cat","embeddable":true,"href":"https:\/\/2024.shoply.com\/es\/wp-json\/wp\/v2\/product_cat?post=144961"},{"taxonomy":"product_tag","embeddable":true,"href":"https:\/\/2024.shoply.com\/es\/wp-json\/wp\/v2\/product_tag?post=144961"}],"curies":[{"name":"wp","href":"https:\/\/api.w.org\/{rel}","templated":true}]}}