{"id":145930,"date":"2025-02-25T11:32:14","date_gmt":"2025-02-25T16:32:14","guid":{"rendered":"https:\/\/shoply.com\/?post_type=product&#038;p=145930"},"modified":"2025-03-07T11:16:46","modified_gmt":"2025-03-07T16:16:46","slug":"perfekt-make-up-in-one-minute-no-2","status":"publish","type":"product","link":"https:\/\/2024.shoply.com\/es\/producto\/perfekt-make-up-in-one-minute-no-2\/","title":{"rendered":"perfekt make up in one minute! No.2"},"content":{"rendered":"<div class=\"product-details__product-attributes\">\n<p>&nbsp;<\/p>\n<p>&nbsp;<\/p>\n<p>&nbsp;<\/p>\n<div class=\"details-product-attribute\">\n<p><strong>Marca:<\/strong> Martina Otte Cosmetics<\/p>\n<p><strong>Transform your look in seconds!<\/strong> Discover the &#8220;All Cover Up Foundation No. 2 Natural Beige&#8221; by Martina Otte Cosmetics\u00ae. This high-coverage, light-reflecting foundation is designed for face and body, impressing with its water resistance and silky finish. A small amount is enough to conceal blemishes, neutralize redness, and gently smooth fine lines. Enjoy the added lifting effect and integrated SPF 50 sun protection. The result? A naturally perfect complexion that looks cared for and radiates long-lasting. Ideal for light skin and for anyone looking for an effective solution for a flawless appearance.<\/p>\n<p>Maquillaje y cuidado para un cutis radiante y fresco. Gracias a su consistencia resistente al agua, el maquillaje no se corre y dura 24 horas sin correrse. Gracias al maquillaje h\u00edbrido que combina cuidado y base de maquillaje, ya no necesitar\u00e1 corrector ni polvos. Alta cobertura y rendimiento para un cuidado y maquillaje de primera clase. Una base de maquillaje perfecta con alta cobertura. La base de maquillaje h\u00edbrida transpirable con cuidado le proporciona un aspecto juvenil y fresco.<\/p>\n<p><strong>Ingredientes:<\/strong><\/p>\n<p>Wasser (Aqua), Cyclopentasiloxan, Bienenwachs (Cera Alba), Stearyl Dimethicone, Isododecan, Cetyl Ethylhexanoat, mikrokristallines Wachs (Crea Microcristal-lina), Ceryl PEG\/PPG-10\/1 Dimethicone, Glyceryl Laurate, Glimmer, Dis-teardimonium, Hectorit , Methylparaben, Ethylparaben, Butylparaben, Tocopherylacetat, Ascorbylpalmitat, Chamomilla Recutita-Extrakt, Natriumhyaluronat, Kann enthalten\/kann enthalten: Eisenoxide (CI 177491, CI 177492, CI 177499), Titandioxid (CI 177891) ohne Tierversuche<\/p>\n<\/div>\n<\/div>","protected":false},"excerpt":{"rendered":"<p>Hybrid Make up No.2 Naturel Beige es para el tipo n\u00f3rdico. Si tienes una tez amarillenta o beige claro con un matiz rosado en la piel, esta base de maquillaje es perfecta para ti. Mira las fotos de las modelos que cargo en cada producto. \u00a1Puedes compararlo con tu cara!<\/p>\n<ul>\n<li><strong>Experimenta la simbiosis del cuidado y el maquillaje con Martina Otte Cosmetics\u00ae.<\/strong>Su compa\u00f1ero perfecto para cualquier ocasi\u00f3n: Resistente al agua, de larga duraci\u00f3n y con efecto antienvejecimiento.Martina Otte Cosmetics\u00ae ofrece bases de maquillaje de alta calidad, ricas en ingredientes activos que nutren tu piel a la vez que proporcionan un aspecto impecable.Ahorra tiempo y brillo - con nuestro innovador maquillaje h\u00edbrido, especialmente dise\u00f1ado para la mujer moderna.<strong>Hybrid Makeup de Martina Otte Cosmetics\u00ae: La combinaci\u00f3n perfecta de cuidado y color<\/strong>\n<p><strong>\u00bfQu\u00e9 es el maquillaje h\u00edbrido?<\/strong><\/p>\n<p>Imagina que el cuidado de tu piel y el maquillaje se fusionan en un solo producto. Eso es exactamente el maquillaje h\u00edbrido. Combina los beneficios de un innovador tratamiento para la piel con las propiedades cubrientes del maquillaje. \u00bfEl resultado? Una tez radiante que parece cuidada a la vez que cubre las imperfecciones.<\/p>\n<p><strong>\u00bfQu\u00e9 puede hacer Martina Otte Cosmetics\u00ae Hybrid Makeup?<\/strong><\/p>\n<p>Los productos h\u00edbridos de Martina Otte Cosmetics\u00ae est\u00e1n dise\u00f1ados no s\u00f3lo para dar color a tu piel, sino tambi\u00e9n para nutrirla y protegerla. Estos son algunos de los beneficios que puedes esperar:<\/p>\n<ul>\n<li><strong>Cobertura perfecta:<\/strong> Ya sean de tinte ligero o de cobertura total, nuestros productos h\u00edbridos se adaptan a sus necesidades y disimulan imperfecciones, rojeces y ojeras.<\/li>\n<li><strong>Cuidados Intensivos:<\/strong> Los ingredientes de alta calidad, como el \u00e1cido hialur\u00f3nico, las vitaminas y los antioxidantes, hidratan la piel, la protegen de las influencias ambientales y favorecen su regeneraci\u00f3n.<\/li>\n<li><strong>Acabado natural:<\/strong> Nuestros productos h\u00edbridos dejan un acabado uniforme y natural como si no llevaras maquillaje.<\/li>\n<li><strong>Efecto duradero:<\/strong> Disfrute de una tez fresca y radiante durante todo el d\u00eda.<\/li>\n<li><strong>Aplicaci\u00f3n multifuncional:<\/strong> Muchos de nuestros productos h\u00edbridos pueden utilizarse como base de maquillaje, corrector y crema ligera de d\u00eda.<\/li>\n<\/ul>\n<p><strong>\u00bfPor qu\u00e9 Hybrid Makeup by Martina Otte Cosmetics\u00ae?<\/strong><\/p>\n<ul>\n<li><strong>Soluciones individuales:<\/strong> Ofrecemos una variedad de productos h\u00edbridos para cada tipo de piel y necesidad.<\/li>\n<li><strong>M\u00e1xima calidad:<\/strong> Nuestros productos se elaboran con ingredientes de alta calidad cuidadosamente seleccionados.<\/li>\n<\/ul>\n<p>Conv\u00e9ncete y define tu propia belleza con el maquillaje h\u00edbrido de Martina Otte Cosmetics\u00ae.<\/li>\n<\/ul>","protected":false},"featured_media":151232,"template":"","meta":{"footnotes":""},"product_brand":[],"product_cat":[77],"product_tag":[149,174,743,140],"class_list":{"0":"post-145930","1":"product","2":"type-product","3":"status-publish","4":"has-post-thumbnail","6":"product_cat-uncategorized","7":"product_tag-anti-aging","8":"product_tag-anti-inflammatory","9":"product_tag-beauty","10":"product_tag-skin-care","11":"has-subscription-plans","13":"first","14":"instock","15":"sale","16":"taxable","17":"shipping-taxable","18":"purchasable","19":"product-type-simple"},"bundled_by":["97314","151262"],"bundle_stock_status":"instock","bundle_stock_quantity":null,"bundle_virtual":false,"bundle_layout":"","bundle_add_to_cart_form_location":"","bundle_editable_in_cart":false,"bundle_sold_individually_context":"","bundle_item_grouping":"","bundle_min_size":"","bundle_max_size":"","bundle_price":[],"bundled_items":[],"bundle_sell_ids":[],"group_of_quantity":0,"min_quantity":0,"max_quantity":"","exclude_order_quantity_value_rules":"no","exclude_category_quantity_rules":"no","combine_variations":"no","_links":{"self":[{"href":"https:\/\/2024.shoply.com\/es\/wp-json\/wp\/v2\/product\/145930","targetHints":{"allow":["GET"]}}],"collection":[{"href":"https:\/\/2024.shoply.com\/es\/wp-json\/wp\/v2\/product"}],"about":[{"href":"https:\/\/2024.shoply.com\/es\/wp-json\/wp\/v2\/types\/product"}],"version-history":[{"count":10,"href":"https:\/\/2024.shoply.com\/es\/wp-json\/wp\/v2\/product\/145930\/revisions"}],"predecessor-version":[{"id":151235,"href":"https:\/\/2024.shoply.com\/es\/wp-json\/wp\/v2\/product\/145930\/revisions\/151235"}],"wp:featuredmedia":[{"embeddable":true,"href":"https:\/\/2024.shoply.com\/es\/wp-json\/wp\/v2\/media\/151232"}],"wp:attachment":[{"href":"https:\/\/2024.shoply.com\/es\/wp-json\/wp\/v2\/media?parent=145930"}],"wp:term":[{"taxonomy":"product_brand","embeddable":true,"href":"https:\/\/2024.shoply.com\/es\/wp-json\/wp\/v2\/product_brand?post=145930"},{"taxonomy":"product_cat","embeddable":true,"href":"https:\/\/2024.shoply.com\/es\/wp-json\/wp\/v2\/product_cat?post=145930"},{"taxonomy":"product_tag","embeddable":true,"href":"https:\/\/2024.shoply.com\/es\/wp-json\/wp\/v2\/product_tag?post=145930"}],"curies":[{"name":"wp","href":"https:\/\/api.w.org\/{rel}","templated":true}]}}