{"id":147059,"date":"2025-02-26T12:17:01","date_gmt":"2025-02-26T17:17:01","guid":{"rendered":"https:\/\/shoply.com\/?post_type=product&#038;p=147059"},"modified":"2025-03-07T11:31:23","modified_gmt":"2025-03-07T16:31:23","slug":"perfekt-make-up-in-one-minute-no-5","status":"publish","type":"product","link":"https:\/\/2024.shoply.com\/es\/producto\/perfekt-make-up-in-one-minute-no-5\/","title":{"rendered":"maquillaje perfecto en un minuto No.5"},"content":{"rendered":"<div class=\"product-details__product-attributes\">\n<p>&nbsp;<\/p>\n<p>&nbsp;<\/p>\n<p>&nbsp;<\/p>\n<p>&nbsp;<\/p>\n<p>&nbsp;<\/p>\n<p><strong>Marca:<\/strong> Martina Otte Cosmetics<\/p>\n<p>Discover the secret to flawless skin! The All Cover Up Foundation No. 5 Brown Sugar by Martina Otte Cosmetics\u00ae perfects your complexion in just one minute. This specially developed, light-reflecting foundation is suitable for both face and body. The waterproof formula offers exceptional coverage while smoothing fine lines and concealing redness. Thanks to its intense nourishing effect, you don&#8217;t need additional powder. The sophisticated 4-in-1 effect combines the benefits of a concealer, neutralizer, and camouflage texture, instantly balancing irregularities without weighing down the skin. A velvety finish and integrated SPF 50 sunscreen complete this must-have. Ideal for darker skin types. Your new companion for a naturally perfect appearance! Makeup and skincare combine to give you a radiant and fresh complexion. Due to the waterproof consistency, the makeup is smudge-proof and lasts for 24 hours without transferring. Thanks to the hybrid makeup, which combines skincare and foundation, you no longer need concealer or powder. High coverage and yield for an extra-class skincare and makeup highlight. Perfectly primed with high coverage. The breathable hybrid foundation with skincare gives you a youthful and fresh look.<\/p>\n<p>Ingredientes:<\/p>\n<\/div>\n<div>\n<p><span style=\"font-weight: 400\">Agua (Aqua), Ciclopentasiloxano, Cera de abejas (Cera Alba), Estearil dimeticona, Isododecano, Etilhexanoato de cetilo, Cera microcristalina (Crea Microcristal-lina), Ceril PEG\/PPG-10\/1 dimeticona, Laurato de glicerilo, Mica, Dis-teardimonium, Hectorite, Methylparaben, Ethylparaben, Butylparaben, Tocopheryl Acetate, Ascorbyl Palmitate, Chamomilla Recutita Extract, Sodium Hyaluronte, May Contain\/peut Contenir: \u00d3xidos de hierro (CI 177491, CI 177492, CI 177499), Di\u00f3xido de titanio (CI 177891) sin crueldad<\/span><\/p>\n<\/div>","protected":false},"excerpt":{"rendered":"<p>Hybrid Make up No.5 Brown Sugar es para el tipo de piel ligeramente m\u00e1s oscura. Si tienes la piel ligeramente morena (o tipo moca) con un ligero tono rosa amarillento, este maquillaje es perfecto para ti. Las mujeres orientales, turcas y \u00e1rabes tambi\u00e9n pueden llevar este maquillaje a la perfecci\u00f3n. Mira las fotos de las modelos que cargo en cada producto. Puedes compararlo con tu cara.<\/p>\n<ul>\n<li style=\"font-weight: 400\">Experimenta la simbiosis del cuidado de la piel y el maquillaje con Martina Otte Cosmetics\u00ae. Su compa\u00f1ero perfecto para cualquier ocasi\u00f3n: Resistente al agua, de larga duraci\u00f3n y con efecto antiedad. Martina Otte Cosmetics\u00ae ofrece bases de maquillaje de alta calidad, ricas en ingredientes activos, que cuidan tu piel a la vez que te proporcionan un aspecto impecable. Ahorre tiempo y brillo - con nuestro innovador maquillaje h\u00edbrido, especialmente dise\u00f1ado para la mujer moderna.Hybrid Makeup by Martina Otte Cosmetics\u00ae: La combinaci\u00f3n perfecta de cuidado y color \u00bfQu\u00e9 es el maquillaje h\u00edbrido? Imagina que el cuidado de tu piel y el maquillaje se fusionan en un solo producto. Eso es exactamente el maquillaje h\u00edbrido. Combina los beneficios de un innovador cuidado de la piel con las propiedades cubrientes del maquillaje. \u00bfEl resultado? Un cutis radiante que parece nutrido y cubre las imperfecciones al mismo tiempo. \u00bfQu\u00e9 puede hacer el maquillaje h\u00edbrido Martina Otte Cosmetics\u00ae? Los productos h\u00edbridos de Martina Otte Cosmetics\u00ae est\u00e1n dise\u00f1ados no s\u00f3lo para dar color a tu piel, sino tambi\u00e9n para cuidarla y protegerla. Estos son algunos de los beneficios que puedes esperar: Cobertura perfecta: Ya sea un ligero matiz o una cobertura total, nuestros productos h\u00edbridos se adaptan a tus necesidades y disimulan imperfecciones, rojeces y ojeras. Cuidado intensivo: Ingredientes de alta calidad como el \u00e1cido hialur\u00f3nico, las vitaminas y los antioxidantes hidratan la piel, la protegen de las influencias medioambientales y favorecen su regeneraci\u00f3n. Acabado natural: Nuestros productos h\u00edbridos dejan un acabado uniforme y natural como si no llevaras maquillaje. Efecto duradero: Disfrute de un cutis fresco y radiante durante todo el d\u00eda. Aplicaci\u00f3n multifuncional: Muchos de nuestros productos h\u00edbridos pueden utilizarse como base de maquillaje, corrector y crema ligera de d\u00eda. \u00bfPor qu\u00e9 maquillaje h\u00edbrido de Martina Otte Cosmetics\u00ae? Soluciones individuales: Ofrecemos una variedad de productos h\u00edbridos para cada tipo de piel y necesidad. M\u00e1xima calidad: Nuestros productos est\u00e1n elaborados con ingredientes de alta calidad cuidadosamente seleccionados. Conv\u00e9nzase y defina su propia belleza con el maquillaje h\u00edbrido de Martina Otte Cosmetics\u00ae.<\/li>\n<\/ul>","protected":false},"featured_media":151244,"template":"","meta":{"footnotes":""},"product_brand":[],"product_cat":[77],"product_tag":[895,149,174,743,529,111,592,155,140],"class_list":{"0":"post-147059","1":"product","2":"type-product","3":"status-publish","4":"has-post-thumbnail","6":"product_cat-uncategorized","7":"product_tag-all-cover-up-foundation-no-5-brown-sugar-created-by-martina-otte-cosmetics","8":"product_tag-anti-aging","9":"product_tag-anti-inflammatory","10":"product_tag-beauty","11":"product_tag-breathable","12":"product_tag-care","13":"product_tag-high-quality","14":"product_tag-hyaluronic","15":"product_tag-skin-care","16":"product_shipping_class-shipping-class-2","17":"has-subscription-plans","19":"first","20":"instock","21":"sale","22":"taxable","23":"shipping-taxable","24":"purchasable","25":"product-type-simple"},"bundled_by":["97314","151262"],"bundle_stock_status":"instock","bundle_stock_quantity":null,"bundle_virtual":false,"bundle_layout":"","bundle_add_to_cart_form_location":"","bundle_editable_in_cart":false,"bundle_sold_individually_context":"","bundle_item_grouping":"","bundle_min_size":"","bundle_max_size":"","bundle_price":[],"bundled_items":[],"bundle_sell_ids":[],"group_of_quantity":0,"min_quantity":0,"max_quantity":"","exclude_order_quantity_value_rules":"no","exclude_category_quantity_rules":"no","combine_variations":"no","_links":{"self":[{"href":"https:\/\/2024.shoply.com\/es\/wp-json\/wp\/v2\/product\/147059","targetHints":{"allow":["GET"]}}],"collection":[{"href":"https:\/\/2024.shoply.com\/es\/wp-json\/wp\/v2\/product"}],"about":[{"href":"https:\/\/2024.shoply.com\/es\/wp-json\/wp\/v2\/types\/product"}],"version-history":[{"count":8,"href":"https:\/\/2024.shoply.com\/es\/wp-json\/wp\/v2\/product\/147059\/revisions"}],"predecessor-version":[{"id":151247,"href":"https:\/\/2024.shoply.com\/es\/wp-json\/wp\/v2\/product\/147059\/revisions\/151247"}],"wp:featuredmedia":[{"embeddable":true,"href":"https:\/\/2024.shoply.com\/es\/wp-json\/wp\/v2\/media\/151244"}],"wp:attachment":[{"href":"https:\/\/2024.shoply.com\/es\/wp-json\/wp\/v2\/media?parent=147059"}],"wp:term":[{"taxonomy":"product_brand","embeddable":true,"href":"https:\/\/2024.shoply.com\/es\/wp-json\/wp\/v2\/product_brand?post=147059"},{"taxonomy":"product_cat","embeddable":true,"href":"https:\/\/2024.shoply.com\/es\/wp-json\/wp\/v2\/product_cat?post=147059"},{"taxonomy":"product_tag","embeddable":true,"href":"https:\/\/2024.shoply.com\/es\/wp-json\/wp\/v2\/product_tag?post=147059"}],"curies":[{"name":"wp","href":"https:\/\/api.w.org\/{rel}","templated":true}]}}