{"id":147194,"date":"2025-02-26T14:40:19","date_gmt":"2025-02-26T19:40:19","guid":{"rendered":"https:\/\/shoply.com\/?post_type=product&#038;p=147194"},"modified":"2025-02-26T14:43:46","modified_gmt":"2025-02-26T19:43:46","slug":"a-lipstick-that-lasts-with-impeccable-coverage-miss-mauve","status":"publish","type":"product","link":"https:\/\/2024.shoply.com\/es\/producto\/a-lipstick-that-lasts-with-impeccable-coverage-miss-mauve\/","title":{"rendered":"Una barra de labios de larga duraci\u00f3n y cobertura impecable. Miss Malva"},"content":{"rendered":"<div class=\"product-details__product-attributes\"><span style=\"display: inline-block;width: 0px;overflow: hidden;line-height: 0\" class=\"mce_SELRES_start\"><\/span><\/p>\n<p>&nbsp;<\/p>\n<p>&nbsp;<\/p>\n<div class=\"details-product-attribute\">\n<p>Absolutamente, aqu\u00ed est\u00e1 la traducci\u00f3n al espa\u00f1ol:<\/p>\n<p><strong>Marca:<\/strong> Martina Otte Cosmetics<\/p>\n<p>\u00a1A\u00f1ade luminosidad a tus labios con Miss Mauve! Esta barra de labios de la colecci\u00f3n Heartbeat de Martina Otte Cosmetics\u00ae promete no s\u00f3lo una excelente cobertura, sino tambi\u00e9n una deliciosa experiencia de uso. Su exclusivo tono frambuesa con un toque de rosa crea un look fresco y vibrante. Caracter\u00edstica especial: el espejo integrado, combinable individualmente, permite una aplicaci\u00f3n sin esfuerzo en cualquier momento. Vegana, sin crueldad y sin parabenos, Miss Mauve ofrece una elecci\u00f3n responsable para su rutina de belleza. Ideal para el uso diario y para quienes desean a\u00f1adir un toque especial a su aspecto. Experimente c\u00f3mo Miss Mauve realza su luminosidad natural y aumenta su bienestar - \u00a1un producto imprescindible para toda mujer moderna! Los altos pigmentos de color y la cobertura crean unos labios bonitos y cuidados. Belleza limpia en tus labios con barras de labios veganas, sin parabenos y sin crueldad. Alta intensidad de color durante horas y cuidado que hace desaparecer las arrugas del labio pliss\u00e9. Agranda visualmente tus labios con un intenso potenciador del color. Labiales de larga duraci\u00f3n que agrandan visualmente los labios. Di adi\u00f3s a las arrugas de tus labios con las barras de labios altamente pigmentadas y nutritivas de Martina Otte Cosmetics\u00ae.<\/p>\n<\/div>\n<\/div>\n<div>\n<p><span style=\"font-weight: 400\">Ingredientes: Ozoquerita, Cera de L\u00ednea Microcristalina, Candelilla Sint\u00e9tica, Polietileno, S\u00edlice, AluDiisostearyl Malato, Bis-dtcl Yceryi, Poliisobuteno, Patmtato de Etilhexilo, Isononil Tsononanoato, Escualeno, Capr\u00edlico\/Cap, Tridecyl Trtmellttath, CI77492, CI 15850, CI 77510, CI 15985, CI 77891, Tocoferol, Aroma,\u00a0<\/span><\/p>\n<p><span style=\"font-weight: 400\">sin crueldad, parabenfrei, vegano<\/span><\/p>\n<\/div>","protected":false},"excerpt":{"rendered":"<h3><span style=\"display: inline-block;width: 0px;overflow: hidden;line-height: 0\" class=\"mce_SELRES_start\"><\/span><\/h3>\n<p>Un latido para tus labios \"Colecci\u00f3n Heartbeat - Un pulso para tu belleza\". Cada barra de labios cuenta una historia. Nuestra nueva Heartbeat Collection de Martina Otte Cosmetics\u00ae comienza un nuevo cap\u00edtulo. Con una fijaci\u00f3n m\u00e1xima y un cuidado cari\u00f1oso, estas barras de labios veganas, sin parabenos ni crueldad envuelven tus labios, d\u00e1ndoles una sensaci\u00f3n de ternura sin igual. Act\u00faan como un suave beso contra las molestas arrugas de los labios, dej\u00e1ndolos suaves y flexibles. Un latido para tus labios, una sonrisa para tu alma.<\/p>\n<p>Amor a primera aplicaci\u00f3n \"Descubre el amor a primera aplicaci\u00f3n\". Nuestra colecci\u00f3n Heartbeat es m\u00e1s que una barra de labios. Es una declaraci\u00f3n de amor a tus labios. Con cada aplicaci\u00f3n, sentir\u00e1s el cuidado intenso y la fijaci\u00f3n duradera. Las f\u00f3rmulas veganas miman tus labios y los hacen brillar con vitalidad. Di \"s\u00ed\" a los colores que hacen que tu coraz\u00f3n lata m\u00e1s r\u00e1pido y al cuidado que hace que tus labios sean completamente felices.<\/p>\n<p>Tu coraz\u00f3n late por el color \"Declara el color con la colecci\u00f3n Heartbeat\". Deja que tu coraz\u00f3n lata por el color y descubre la variada paleta de nuestras nuevas barras de labios. Cada tono cuenta su propia historia y subraya tu belleza individual. Las f\u00f3rmulas veganas proporcionan una conciencia tranquila, y la innovadora tecnolog\u00eda antiarrugas da a tus labios un aspecto juvenil. Atr\u00e9vete a declarar el color y haz que tus labios brillen.<\/p>","protected":false},"featured_media":147192,"template":"","meta":{"footnotes":""},"product_brand":[],"product_cat":[821,80,384],"product_tag":[149,743,111,112,851,592,155,480,398,113,525],"class_list":{"0":"post-147194","1":"product","2":"type-product","3":"status-publish","4":"has-post-thumbnail","6":"product_cat-beauty","7":"product_cat-beauty-health-supplements","8":"product_cat-cosmetics","9":"product_tag-anti-aging","10":"product_tag-beauty","11":"product_tag-care","12":"product_tag-cell-renewal","13":"product_tag-haltbarer-lippenstift-mit-perfekter-deckkraft-miss-mauve","14":"product_tag-high-quality","15":"product_tag-hyaluronic","16":"product_tag-new-arrivals","17":"product_tag-unique","18":"product_tag-vegan","19":"product_tag-womens","20":"product_shipping_class-shipping-class-2","21":"has-subscription-plans","23":"first","24":"instock","25":"sale","26":"taxable","27":"shipping-taxable","28":"purchasable","29":"product-type-simple"},"bundled_by":["97314","151262"],"bundle_stock_status":"instock","bundle_stock_quantity":null,"bundle_virtual":false,"bundle_layout":"","bundle_add_to_cart_form_location":"","bundle_editable_in_cart":false,"bundle_sold_individually_context":"","bundle_item_grouping":"","bundle_min_size":"","bundle_max_size":"","bundle_price":[],"bundled_items":[],"bundle_sell_ids":[],"group_of_quantity":0,"min_quantity":0,"max_quantity":"","exclude_order_quantity_value_rules":"no","exclude_category_quantity_rules":"no","combine_variations":"no","_links":{"self":[{"href":"https:\/\/2024.shoply.com\/es\/wp-json\/wp\/v2\/product\/147194","targetHints":{"allow":["GET"]}}],"collection":[{"href":"https:\/\/2024.shoply.com\/es\/wp-json\/wp\/v2\/product"}],"about":[{"href":"https:\/\/2024.shoply.com\/es\/wp-json\/wp\/v2\/types\/product"}],"version-history":[{"count":3,"href":"https:\/\/2024.shoply.com\/es\/wp-json\/wp\/v2\/product\/147194\/revisions"}],"predecessor-version":[{"id":147198,"href":"https:\/\/2024.shoply.com\/es\/wp-json\/wp\/v2\/product\/147194\/revisions\/147198"}],"wp:featuredmedia":[{"embeddable":true,"href":"https:\/\/2024.shoply.com\/es\/wp-json\/wp\/v2\/media\/147192"}],"wp:attachment":[{"href":"https:\/\/2024.shoply.com\/es\/wp-json\/wp\/v2\/media?parent=147194"}],"wp:term":[{"taxonomy":"product_brand","embeddable":true,"href":"https:\/\/2024.shoply.com\/es\/wp-json\/wp\/v2\/product_brand?post=147194"},{"taxonomy":"product_cat","embeddable":true,"href":"https:\/\/2024.shoply.com\/es\/wp-json\/wp\/v2\/product_cat?post=147194"},{"taxonomy":"product_tag","embeddable":true,"href":"https:\/\/2024.shoply.com\/es\/wp-json\/wp\/v2\/product_tag?post=147194"}],"curies":[{"name":"wp","href":"https:\/\/api.w.org\/{rel}","templated":true}]}}