{"id":29602,"date":"2024-08-19T21:08:37","date_gmt":"2024-08-19T21:08:37","guid":{"rendered":"https:\/\/shoply.com\/?post_type=product&#038;p=29602"},"modified":"2025-02-19T19:15:45","modified_gmt":"2025-02-20T00:15:45","slug":"chocolate-cardia-care-mix-in","status":"publish","type":"product","link":"https:\/\/2024.shoply.com\/es\/producto\/chocolate-cardia-care-mix-in\/","title":{"rendered":"Chocolate Cardia Care Mix-In"},"content":{"rendered":"<p>\u00a1Disfrute de los beneficios del chocolate sin az\u00facar ni calor\u00edas! Esta exclusiva caja de mix-in con sabor a chocolate (no incluye batido) es amiga de tu coraz\u00f3n, ya que favorece una mejor salud cardiovascular. Haz que tus batidos sean a\u00fan m\u00e1s deliciosos a la vez que cuidas de tu coraz\u00f3n.<\/p>\n<p><em><strong>Estas afirmaciones no han sido evaluadas por la Food and Drug Administration.\u00a0<\/strong><\/em><em><strong>Este producto no est\u00e1 destinado a diagnosticar, tratar, curar o prevenir ninguna enfermedad.<\/strong><\/em><\/p>","protected":false},"excerpt":{"rendered":"<p>Chocolate Cardia Care Mix-In - 15 porciones envasadas<\/p>\n<p>&nbsp;<\/p>","protected":false},"featured_media":29603,"template":"","meta":{"footnotes":""},"product_brand":[],"product_cat":[80],"product_tag":[],"class_list":{"0":"post-29602","1":"product","2":"type-product","3":"status-publish","4":"has-post-thumbnail","6":"product_cat-beauty-health-supplements","7":"product_shipping_class-shipping-class-1","8":"has-subscription-plans","10":"first","11":"instock","12":"taxable","13":"shipping-taxable","14":"purchasable","15":"product-type-simple"},"bundled_by":["29627","29621"],"bundle_stock_status":"instock","bundle_stock_quantity":null,"bundle_virtual":false,"bundle_layout":"","bundle_add_to_cart_form_location":"","bundle_editable_in_cart":false,"bundle_sold_individually_context":"","bundle_item_grouping":"","bundle_min_size":"","bundle_max_size":"","bundle_price":[],"bundled_items":[],"bundle_sell_ids":[],"group_of_quantity":0,"min_quantity":0,"max_quantity":"","exclude_order_quantity_value_rules":"no","exclude_category_quantity_rules":"no","combine_variations":"no","_links":{"self":[{"href":"https:\/\/2024.shoply.com\/es\/wp-json\/wp\/v2\/product\/29602","targetHints":{"allow":["GET"]}}],"collection":[{"href":"https:\/\/2024.shoply.com\/es\/wp-json\/wp\/v2\/product"}],"about":[{"href":"https:\/\/2024.shoply.com\/es\/wp-json\/wp\/v2\/types\/product"}],"version-history":[{"count":2,"href":"https:\/\/2024.shoply.com\/es\/wp-json\/wp\/v2\/product\/29602\/revisions"}],"predecessor-version":[{"id":143863,"href":"https:\/\/2024.shoply.com\/es\/wp-json\/wp\/v2\/product\/29602\/revisions\/143863"}],"wp:featuredmedia":[{"embeddable":true,"href":"https:\/\/2024.shoply.com\/es\/wp-json\/wp\/v2\/media\/29603"}],"wp:attachment":[{"href":"https:\/\/2024.shoply.com\/es\/wp-json\/wp\/v2\/media?parent=29602"}],"wp:term":[{"taxonomy":"product_brand","embeddable":true,"href":"https:\/\/2024.shoply.com\/es\/wp-json\/wp\/v2\/product_brand?post=29602"},{"taxonomy":"product_cat","embeddable":true,"href":"https:\/\/2024.shoply.com\/es\/wp-json\/wp\/v2\/product_cat?post=29602"},{"taxonomy":"product_tag","embeddable":true,"href":"https:\/\/2024.shoply.com\/es\/wp-json\/wp\/v2\/product_tag?post=29602"}],"curies":[{"name":"wp","href":"https:\/\/api.w.org\/{rel}","templated":true}]}}