{"id":29655,"date":"2024-08-19T22:47:05","date_gmt":"2024-08-19T22:47:05","guid":{"rendered":"https:\/\/shoply.com\/?post_type=product&#038;p=29655"},"modified":"2025-02-20T19:07:47","modified_gmt":"2025-02-21T00:07:47","slug":"ur-slumber-party","status":"publish","type":"product","link":"https:\/\/2024.shoply.com\/es\/producto\/ur-slumber-party\/","title":{"rendered":"Fiesta de pijamas UR"},"content":{"rendered":"<p>Rel\u00e1jese y desconecte antes de acostarse con nuestro somn\u00edfero en c\u00e1psulas. Dise\u00f1ado para promover un sue\u00f1o reparador y de calidad con ingredientes clave como la melatonina, la manzanilla y la ra\u00edz de valeriana combinados con MitoPrime\u00ae. Disfrute de m\u00e1s energ\u00eda y concentraci\u00f3n a lo largo del d\u00eda como resultado de una noche m\u00e1s reparadora.<\/p>\n<div style=\"width: 540px;\" class=\"wp-video\"><!--[if lt IE 9]><script>document.createElement('video');<\/script><![endif]-->\n<video class=\"wp-video-shortcode\" id=\"video-29655-1\" width=\"540\" height=\"960\" preload=\"metadata\" controls=\"controls\"><source type=\"video\/mp4\" src=\"https:\/\/shoply.com\/wp-content\/uploads\/2024\/10\/Ur-Slumber-Party-Nov-14th.mp4?_=1\" \/><a href=\"https:\/\/shoply.com\/wp-content\/uploads\/2024\/10\/Ur-Slumber-Party-Nov-14th.mp4\">https:\/\/shoply.com\/wp-content\/uploads\/2024\/10\/Ur-Slumber-Party-Nov-14th.mp4<\/a><\/video><\/div>\n<p><span style=\"font-size: 10pt;\">MitoPrime\u00ae es una marca registrada de NNB Nutrition.<\/span><\/p>\n<p><em><strong>Estas afirmaciones no han sido evaluadas por la Food and Drug Administration. <\/strong><\/em><em><strong>Este producto no est\u00e1 destinado a diagnosticar, tratar, curar o prevenir ninguna enfermedad.<\/strong><\/em><\/p>","protected":false},"excerpt":{"rendered":"<p>30 raciones<\/p>\n<p>&nbsp;<\/p>","protected":false},"featured_media":29656,"template":"","meta":{"footnotes":""},"product_brand":[],"product_cat":[80],"product_tag":[],"class_list":{"0":"post-29655","1":"product","2":"type-product","3":"status-publish","4":"has-post-thumbnail","6":"product_cat-beauty-health-supplements","7":"product_shipping_class-shipping-class-2","8":"has-subscription-plans","10":"first","11":"instock","12":"sale","13":"taxable","14":"shipping-taxable","15":"purchasable","16":"product-type-simple"},"bundled_by":["31070","97423"],"bundle_stock_status":"instock","bundle_stock_quantity":null,"bundle_virtual":false,"bundle_layout":"","bundle_add_to_cart_form_location":"","bundle_editable_in_cart":false,"bundle_sold_individually_context":"","bundle_item_grouping":"","bundle_min_size":"","bundle_max_size":"","bundle_price":[],"bundled_items":[],"bundle_sell_ids":[],"group_of_quantity":0,"min_quantity":0,"max_quantity":"","exclude_order_quantity_value_rules":"no","exclude_category_quantity_rules":"no","combine_variations":"no","_links":{"self":[{"href":"https:\/\/2024.shoply.com\/es\/wp-json\/wp\/v2\/product\/29655","targetHints":{"allow":["GET"]}}],"collection":[{"href":"https:\/\/2024.shoply.com\/es\/wp-json\/wp\/v2\/product"}],"about":[{"href":"https:\/\/2024.shoply.com\/es\/wp-json\/wp\/v2\/types\/product"}],"version-history":[{"count":3,"href":"https:\/\/2024.shoply.com\/es\/wp-json\/wp\/v2\/product\/29655\/revisions"}],"predecessor-version":[{"id":144054,"href":"https:\/\/2024.shoply.com\/es\/wp-json\/wp\/v2\/product\/29655\/revisions\/144054"}],"wp:featuredmedia":[{"embeddable":true,"href":"https:\/\/2024.shoply.com\/es\/wp-json\/wp\/v2\/media\/29656"}],"wp:attachment":[{"href":"https:\/\/2024.shoply.com\/es\/wp-json\/wp\/v2\/media?parent=29655"}],"wp:term":[{"taxonomy":"product_brand","embeddable":true,"href":"https:\/\/2024.shoply.com\/es\/wp-json\/wp\/v2\/product_brand?post=29655"},{"taxonomy":"product_cat","embeddable":true,"href":"https:\/\/2024.shoply.com\/es\/wp-json\/wp\/v2\/product_cat?post=29655"},{"taxonomy":"product_tag","embeddable":true,"href":"https:\/\/2024.shoply.com\/es\/wp-json\/wp\/v2\/product_tag?post=29655"}],"curies":[{"name":"wp","href":"https:\/\/api.w.org\/{rel}","templated":true}]}}