{"id":49803,"date":"2024-09-13T01:44:46","date_gmt":"2024-09-13T01:44:46","guid":{"rendered":"https:\/\/shoply.com\/?post_type=product&#038;p=49803"},"modified":"2025-02-03T14:49:18","modified_gmt":"2025-02-03T19:49:18","slug":"stelomare-stem-cells-telomeres-are-nrf2-5-bottle-pack-1-free-bottle","status":"publish","type":"product","link":"https:\/\/2024.shoply.com\/es\/producto\/stelomare-stem-cells-telomeres-are-nrf2-5-bottle-pack-1-free-bottle\/","title":{"rendered":"StelomARE - C\u00e9lulas Madre, Tel\u00f3meros, ARE\/Nrf2 (Pack de 5 Botellas + 1 Botella GRATIS)"},"content":{"rendered":"<h3>\u00bfQu\u00e9 es StelomARE\u2122?<\/h3>\n<p>StelomARE\u2122 fue desarrollado por el inventor del producto ARE m\u00e1s destacado del mundo, que ha superado los $2 MIL MILLONES en ventas y est\u00e1 avalado por m\u00e1s de 25 estudios revisados por expertos.<\/p>\n<p>StelomARE\u2122 es una formulaci\u00f3n integral que utiliza compuestos cl\u00ednicamente probados que, combinados en una proporci\u00f3n espec\u00edfica, act\u00faan de forma sin\u00e9rgica no s\u00f3lo para actuar eficazmente sobre las ARE, sino tambi\u00e9n sobre las C\u00e9lulas Madre y los Tel\u00f3meros.<\/p>\n<p>StelomARE\u2122 activa las c\u00e9lulas para que \"hablen\" entre ellas, provocando una potente respuesta en cascada en la que billones de c\u00e9lulas se regulan para superar el declive relacionado con la edad. De este modo, StelomARE\u2122 no consiste tanto en la suplementaci\u00f3n directa de ciertos compuestos, sino m\u00e1s bien en el uso de combinaciones y proporciones espec\u00edficas de compuestos para desencadenar m\u00faltiples respuestas gen\u00e9ticas en el cuerpo que tienen un valor mucho mayor. Investigado exhaustivamente desde 2012, pero tambi\u00e9n basado en 20 a\u00f1os de experiencia pionera en este campo,<\/p>\n<p>StelomARE\u2122 es la opci\u00f3n de suplementaci\u00f3n diet\u00e9tica independiente para el envejecimiento saludable y la longevidad en general.<\/p>","protected":false},"excerpt":{"rendered":"<p>StelomARE\u2122 ha sido meticulosamente dise\u00f1ado para defender y reparar las c\u00e9lulas madre, las c\u00e9lulas diferenciadas normales y los tel\u00f3meros, al tiempo que aumenta la producci\u00f3n\/proliferaci\u00f3n de los potentes antioxidantes internos del organismo, las enzimas protectoras de los tel\u00f3meros y las c\u00e9lulas madre autorrenovadoras.<\/p>\n<p><i><strong>Estas afirmaciones no han sido evaluadas por la Food and Drug Administration. Este producto no est\u00e1 destinado a diagnosticar, tratar, curar o prevenir ninguna enfermedad.<\/strong><\/i><\/p>\n<p>400 QV \/ 75 DB \/ 250 CV<\/p>","protected":false},"featured_media":75692,"template":"","meta":{"footnotes":""},"product_brand":[],"product_cat":[80],"product_tag":[149,174,132,112,131],"class_list":{"0":"post-49803","1":"product","2":"type-product","3":"status-publish","4":"has-post-thumbnail","6":"product_cat-beauty-health-supplements","7":"product_tag-anti-aging","8":"product_tag-anti-inflammatory","9":"product_tag-antioxidants","10":"product_tag-cell-renewal","11":"product_tag-stem-cells","12":"product_shipping_class-shipping-class-2","13":"has-subscription-plans","15":"first","16":"instock","17":"taxable","18":"shipping-taxable","19":"purchasable","20":"product-type-simple"},"bundled_by":[],"bundle_stock_status":"instock","bundle_stock_quantity":null,"bundle_virtual":false,"bundle_layout":"","bundle_add_to_cart_form_location":"","bundle_editable_in_cart":false,"bundle_sold_individually_context":"","bundle_item_grouping":"","bundle_min_size":"","bundle_max_size":"","bundle_price":[],"bundled_items":[],"bundle_sell_ids":[],"group_of_quantity":0,"min_quantity":0,"max_quantity":"","exclude_order_quantity_value_rules":"no","exclude_category_quantity_rules":"no","combine_variations":"no","_links":{"self":[{"href":"https:\/\/2024.shoply.com\/es\/wp-json\/wp\/v2\/product\/49803","targetHints":{"allow":["GET"]}}],"collection":[{"href":"https:\/\/2024.shoply.com\/es\/wp-json\/wp\/v2\/product"}],"about":[{"href":"https:\/\/2024.shoply.com\/es\/wp-json\/wp\/v2\/types\/product"}],"version-history":[{"count":1,"href":"https:\/\/2024.shoply.com\/es\/wp-json\/wp\/v2\/product\/49803\/revisions"}],"predecessor-version":[{"id":130436,"href":"https:\/\/2024.shoply.com\/es\/wp-json\/wp\/v2\/product\/49803\/revisions\/130436"}],"wp:featuredmedia":[{"embeddable":true,"href":"https:\/\/2024.shoply.com\/es\/wp-json\/wp\/v2\/media\/75692"}],"wp:attachment":[{"href":"https:\/\/2024.shoply.com\/es\/wp-json\/wp\/v2\/media?parent=49803"}],"wp:term":[{"taxonomy":"product_brand","embeddable":true,"href":"https:\/\/2024.shoply.com\/es\/wp-json\/wp\/v2\/product_brand?post=49803"},{"taxonomy":"product_cat","embeddable":true,"href":"https:\/\/2024.shoply.com\/es\/wp-json\/wp\/v2\/product_cat?post=49803"},{"taxonomy":"product_tag","embeddable":true,"href":"https:\/\/2024.shoply.com\/es\/wp-json\/wp\/v2\/product_tag?post=49803"}],"curies":[{"name":"wp","href":"https:\/\/api.w.org\/{rel}","templated":true}]}}