{"id":60460,"date":"2024-09-17T16:05:22","date_gmt":"2024-09-17T21:05:22","guid":{"rendered":"https:\/\/shoply.com\/?post_type=product&#038;p=60460"},"modified":"2025-02-20T17:22:19","modified_gmt":"2025-02-20T22:22:19","slug":"step-2-cell-renewal-shampoo-collagen-boost","status":"publish","type":"product","link":"https:\/\/2024.shoply.com\/es\/producto\/step-2-cell-renewal-shampoo-collagen-boost\/","title":{"rendered":"PASO 2 | Champ\u00fa Renovador Celular + BOOST COL\u00c1GENO"},"content":{"rendered":"<p class=\"\">Cell Renewal Shampoo + COLLAGEN BOOST es el 2\u00ba paso de nuestra marca Bo Stegall | The Collection\u2122 Cell Renewal Technology.<\/p>\n<p class=\"\"><strong>BOMBA <\/strong>Aplique una peque\u00f1a cantidad de STEP 2 Cell Renewal Shampoo en las palmas de las manos y fr\u00f3telas para activar los ingredientes org\u00e1nicos. Empiece por el cuero cabelludo y fr\u00f3telo a fondo durante 30 segundos. (Es posible que no note espuma en el primer lavado.) Contin\u00fae dispersando el producto desde la mitad de la hebra hasta las puntas del cabello. Aclara.<\/p>\n<p class=\"\"><strong>VUELVE A APLICAR<\/strong> con un segundo champ\u00fa masajeando de nuevo el cuero cabelludo durante 30 segundos. (Es posible que notes espuma en el segundo lavado.) Aclara.<\/p>\n<p class=\"\"><strong>CONTIN\u00daE<\/strong> con el Acondicionador Renovador Celular STEP 3 para equilibrar su pH.<\/p>\n<p>&nbsp;<\/p>\n<p>&nbsp;<\/p>\n<p><strong>MI CABELLO SE EST\u00c1 DEBILITANDO O CAYENDO.<\/strong><\/p>\n<p><iframe title=\"2) \u00a1Se me cae el pelo! \u00bfQu\u00e9 puedo hacer?\" width=\"500\" height=\"281\" src=\"https:\/\/www.youtube.com\/embed\/z3gqRLaXzhs?feature=oembed\" frameborder=\"0\" allow=\"accelerometer; autoplay; clipboard-write; encrypted-media; gyroscope; picture-in-picture; web-share\" referrerpolicy=\"strict-origin-when-cross-origin\" allowfullscreen><\/iframe><\/p>\n<p>&nbsp;<\/p>\n<p><strong>TENGO EL PELO SECO Y DA\u00d1ADO<\/strong><\/p>\n<p><iframe title=\"3) \u00a1Tengo el pelo seco y da\u00f1ado! \u00bfQu\u00e9 debo hacer?\" width=\"500\" height=\"281\" src=\"https:\/\/www.youtube.com\/embed\/-7EXsI1sX7Q?feature=oembed\" frameborder=\"0\" allow=\"accelerometer; autoplay; clipboard-write; encrypted-media; gyroscope; picture-in-picture; web-share\" referrerpolicy=\"strict-origin-when-cross-origin\" allowfullscreen><\/iframe><\/p>\n<p>&nbsp;<\/p>\n<p><strong>\u00a1MI PELO NO TIENE VOLUMEN!<\/strong><\/p>\n<p><iframe title=\"5) \u00a1Mi pelo no tiene volumen! \u00bfQu\u00e9 puedo hacer?\" width=\"500\" height=\"281\" src=\"https:\/\/www.youtube.com\/embed\/Iax6R0fgGIA?feature=oembed\" frameborder=\"0\" allow=\"accelerometer; autoplay; clipboard-write; encrypted-media; gyroscope; picture-in-picture; web-share\" referrerpolicy=\"strict-origin-when-cross-origin\" allowfullscreen><\/iframe><\/p>\n<p>&nbsp;<\/p>\n<p><strong>\u00a1TENGO LAS PUNTAS ABIERTAS!<\/strong><\/p>\n<p><iframe title=\"8) Tengo las puntas abiertas, \u00bfqu\u00e9 hago?\" width=\"500\" height=\"281\" src=\"https:\/\/www.youtube.com\/embed\/ZJk95Thr6p8?feature=oembed\" frameborder=\"0\" allow=\"accelerometer; autoplay; clipboard-write; encrypted-media; gyroscope; picture-in-picture; web-share\" referrerpolicy=\"strict-origin-when-cross-origin\" allowfullscreen><\/iframe><\/p>\n<p>&nbsp;<\/p>\n<p><strong>TENGO EL PELO Y EL CUERO CABELLUDO GRASO<\/strong><\/p>\n<p><iframe title=\"6) Tengo el cuero cabelludo graso \u00bfQu\u00e9 hago?\" width=\"500\" height=\"281\" src=\"https:\/\/www.youtube.com\/embed\/_z6gpZyDNRc?feature=oembed\" frameborder=\"0\" allow=\"accelerometer; autoplay; clipboard-write; encrypted-media; gyroscope; picture-in-picture; web-share\" referrerpolicy=\"strict-origin-when-cross-origin\" allowfullscreen><\/iframe><\/p>\n<p>&nbsp;<\/p>\n<p><strong>MI PELO ES RIZADO U ONDULADO<\/strong><\/p>\n<p><iframe title=\"4) Tengo el pelo rizado, \u00bfqu\u00e9 hago?\" width=\"500\" height=\"281\" src=\"https:\/\/www.youtube.com\/embed\/_2RLR4ekVVE?feature=oembed\" frameborder=\"0\" allow=\"accelerometer; autoplay; clipboard-write; encrypted-media; gyroscope; picture-in-picture; web-share\" referrerpolicy=\"strict-origin-when-cross-origin\" allowfullscreen><\/iframe><\/p>","protected":false},"excerpt":{"rendered":"<p>Cell Renewal Shampoo + COLLAGEN BOOST es el 2\u00ba paso de nuestra marca Bo Stegall | The Collection\u2122 Cell Renewal Technology.<\/p>\n<p class=\"\"><strong>1. EMBALAJE LLAVE\/MEJORA DE LA BOTELLA:<\/strong><\/p>\n<ul>\n<li>\n<p class=\"\">Se presenta en una bomba para facilitar su uso.<\/p>\n<\/li>\n<\/ul>\n<p class=\"\"><strong>2. CLAVE CIENCIA\/MEJORA F\u00d3RMULA:<\/strong><\/p>\n<ul>\n<li>\n<p class=\"\">Our advanced ingredients help your scalp and hair produce its own collagen through Collagen Synthesis<\/p>\n<\/li>\n<\/ul>\n<p><strong>\u00bfPOR D\u00d3NDE EMPIEZO CON BO STEGALL?<\/strong><\/p>\n<p>https:\/\/youtu.be\/P4oB0ALtszw?si=uIDmd4gWvDVM7cmJ<\/p>\n<ul id=\"yui_3_17_2_1_1726607047286_591\"><\/ul>","protected":false},"featured_media":61827,"template":"","meta":{"footnotes":""},"product_brand":[],"product_cat":[80],"product_tag":[149,174,112,141,110,185,131],"class_list":{"0":"post-60460","1":"product","2":"type-product","3":"status-publish","4":"has-post-thumbnail","6":"product_cat-beauty-health-supplements","7":"product_tag-anti-aging","8":"product_tag-anti-inflammatory","9":"product_tag-cell-renewal","10":"product_tag-collagen","11":"product_tag-hair","12":"product_tag-organic","13":"product_tag-stem-cells","14":"product_shipping_class-shipping-class-1","15":"has-subscription-plans","17":"first","18":"instock","19":"taxable","20":"shipping-taxable","21":"purchasable","22":"product-type-simple"},"bundled_by":[],"bundle_stock_status":"instock","bundle_stock_quantity":null,"bundle_virtual":false,"bundle_layout":"","bundle_add_to_cart_form_location":"","bundle_editable_in_cart":false,"bundle_sold_individually_context":"","bundle_item_grouping":"","bundle_min_size":"","bundle_max_size":"","bundle_price":[],"bundled_items":[],"bundle_sell_ids":[],"group_of_quantity":0,"min_quantity":0,"max_quantity":"","exclude_order_quantity_value_rules":"no","exclude_category_quantity_rules":"no","combine_variations":"no","_links":{"self":[{"href":"https:\/\/2024.shoply.com\/es\/wp-json\/wp\/v2\/product\/60460","targetHints":{"allow":["GET"]}}],"collection":[{"href":"https:\/\/2024.shoply.com\/es\/wp-json\/wp\/v2\/product"}],"about":[{"href":"https:\/\/2024.shoply.com\/es\/wp-json\/wp\/v2\/types\/product"}],"version-history":[{"count":2,"href":"https:\/\/2024.shoply.com\/es\/wp-json\/wp\/v2\/product\/60460\/revisions"}],"predecessor-version":[{"id":144021,"href":"https:\/\/2024.shoply.com\/es\/wp-json\/wp\/v2\/product\/60460\/revisions\/144021"}],"wp:featuredmedia":[{"embeddable":true,"href":"https:\/\/2024.shoply.com\/es\/wp-json\/wp\/v2\/media\/61827"}],"wp:attachment":[{"href":"https:\/\/2024.shoply.com\/es\/wp-json\/wp\/v2\/media?parent=60460"}],"wp:term":[{"taxonomy":"product_brand","embeddable":true,"href":"https:\/\/2024.shoply.com\/es\/wp-json\/wp\/v2\/product_brand?post=60460"},{"taxonomy":"product_cat","embeddable":true,"href":"https:\/\/2024.shoply.com\/es\/wp-json\/wp\/v2\/product_cat?post=60460"},{"taxonomy":"product_tag","embeddable":true,"href":"https:\/\/2024.shoply.com\/es\/wp-json\/wp\/v2\/product_tag?post=60460"}],"curies":[{"name":"wp","href":"https:\/\/api.w.org\/{rel}","templated":true}]}}