{"id":61959,"date":"2024-09-19T17:43:25","date_gmt":"2024-09-19T22:43:25","guid":{"rendered":"https:\/\/shoply.com\/?post_type=product&#038;p=61959"},"modified":"2025-02-20T18:23:55","modified_gmt":"2025-02-20T23:23:55","slug":"retouch-light-root-color-spray","status":"publish","type":"product","link":"https:\/\/2024.shoply.com\/es\/producto\/retouch-light-root-color-spray\/","title":{"rendered":"RETOUCH LIGHT | Root Color Spray"},"content":{"rendered":"<p class=\"\"><strong>ROOT TOUCH UP SPRAY | Casta\u00f1o claro<\/strong><\/p>\n<p class=\"\">Blends with the following hair colors: (Very Dark Blonde, Light Brown, Medium to Dark Brown, Red Brown)<\/p>\n<p class=\"\">Cubre instant\u00e1neamente tus ra\u00edces de la forma m\u00e1s segura con el Spray Retouch Color temporal de Bo Stegall | The Collection. El Color temporal no se desvanecer\u00e1 hasta que te laves el pelo.<\/p>\n<p class=\"\"><strong>INSTRUCCIONES:<\/strong><\/p>\n<p class=\"\"><strong>SHAKE WELL<\/strong> antes de cada uso. Aseg\u00farese de limpiar cualquier resto de producto de la boquilla de pulverizaci\u00f3n antes de usarla.<\/p>\n<p class=\"\"><strong>SPRAY<\/strong> peque\u00f1as r\u00e1fagas r\u00e1pidas a 10 cm del cabello seco directamente en las secciones que quieras cubrir.<\/p>\n<p class=\"\"><strong>NO<\/strong> Toque las zonas rociadas durante 10 minutos para que el spray se seque. Si te roc\u00edas la cara o el producto gotea por accidente, l\u00edmpialo r\u00e1pidamente para evitar manchas.<\/p>\n<p>&nbsp;<\/p>\n<p><strong>MI CABELLO SE EST\u00c1 DEBILITANDO O CAYENDO.<\/strong><\/p>\n<p><iframe title=\"2) \u00a1Se me cae el pelo! \u00bfQu\u00e9 puedo hacer?\" width=\"500\" height=\"281\" src=\"https:\/\/www.youtube.com\/embed\/z3gqRLaXzhs?feature=oembed\" frameborder=\"0\" allow=\"accelerometer; autoplay; clipboard-write; encrypted-media; gyroscope; picture-in-picture; web-share\" referrerpolicy=\"strict-origin-when-cross-origin\" allowfullscreen><\/iframe><\/p>\n<p>&nbsp;<\/p>\n<p><strong>TENGO EL PELO SECO Y DA\u00d1ADO<\/strong><\/p>\n<p><iframe title=\"3) \u00a1Tengo el pelo seco y da\u00f1ado! \u00bfQu\u00e9 debo hacer?\" width=\"500\" height=\"281\" src=\"https:\/\/www.youtube.com\/embed\/-7EXsI1sX7Q?feature=oembed\" frameborder=\"0\" allow=\"accelerometer; autoplay; clipboard-write; encrypted-media; gyroscope; picture-in-picture; web-share\" referrerpolicy=\"strict-origin-when-cross-origin\" allowfullscreen><\/iframe><\/p>\n<p>&nbsp;<\/p>\n<p><strong>\u00a1MI PELO NO TIENE VOLUMEN!<\/strong><\/p>\n<p><iframe title=\"5) \u00a1Mi pelo no tiene volumen! \u00bfQu\u00e9 puedo hacer?\" width=\"500\" height=\"281\" src=\"https:\/\/www.youtube.com\/embed\/Iax6R0fgGIA?feature=oembed\" frameborder=\"0\" allow=\"accelerometer; autoplay; clipboard-write; encrypted-media; gyroscope; picture-in-picture; web-share\" referrerpolicy=\"strict-origin-when-cross-origin\" allowfullscreen><\/iframe><\/p>\n<p>&nbsp;<\/p>\n<p><strong>\u00a1TENGO LAS PUNTAS ABIERTAS!<\/strong><\/p>\n<p><iframe title=\"8) Tengo las puntas abiertas, \u00bfqu\u00e9 hago?\" width=\"500\" height=\"281\" src=\"https:\/\/www.youtube.com\/embed\/ZJk95Thr6p8?feature=oembed\" frameborder=\"0\" allow=\"accelerometer; autoplay; clipboard-write; encrypted-media; gyroscope; picture-in-picture; web-share\" referrerpolicy=\"strict-origin-when-cross-origin\" allowfullscreen><\/iframe><\/p>\n<p>&nbsp;<\/p>\n<p><strong>TENGO EL PELO Y EL CUERO CABELLUDO GRASO<\/strong><\/p>\n<p><iframe title=\"6) Tengo el cuero cabelludo graso \u00bfQu\u00e9 hago?\" width=\"500\" height=\"281\" src=\"https:\/\/www.youtube.com\/embed\/_z6gpZyDNRc?feature=oembed\" frameborder=\"0\" allow=\"accelerometer; autoplay; clipboard-write; encrypted-media; gyroscope; picture-in-picture; web-share\" referrerpolicy=\"strict-origin-when-cross-origin\" allowfullscreen><\/iframe><\/p>\n<p>&nbsp;<\/p>\n<p><strong>MI PELO ES RIZADO U ONDULADO<\/strong><\/p>\n<p><iframe title=\"4) Tengo el pelo rizado, \u00bfqu\u00e9 hago?\" width=\"500\" height=\"281\" src=\"https:\/\/www.youtube.com\/embed\/_2RLR4ekVVE?feature=oembed\" frameborder=\"0\" allow=\"accelerometer; autoplay; clipboard-write; encrypted-media; gyroscope; picture-in-picture; web-share\" referrerpolicy=\"strict-origin-when-cross-origin\" allowfullscreen><\/iframe><\/p>","protected":false},"excerpt":{"rendered":"<p class=\"\"><strong>ROOT TOUCH UP SPRAY<\/strong> <strong>| Light Brown<\/strong><\/p>\n<p class=\"\">Blends with the following hair colors: (Very Dark Blonde, Light Brown, Medium to Dark Brown, Red Brown)<\/p>\n<p class=\"\">Cubre instant\u00e1neamente tus ra\u00edces de la forma m\u00e1s segura con el Spray Retouch Color temporal de Bo Stegall | The Collection. El Color temporal no se desvanecer\u00e1 hasta que te laves el pelo.<\/p>\n<p>&nbsp;<\/p>\n<p><strong>\u00bfPOR D\u00d3NDE EMPIEZO CON BO STEGALL?<\/strong><\/p>\n<p>https:\/\/youtu.be\/P4oB0ALtszw?si=uIDmd4gWvDVM7cmJ<\/p>","protected":false},"featured_media":61845,"template":"","meta":{"footnotes":""},"product_brand":[],"product_cat":[80],"product_tag":[149,112,141,110,185,131],"class_list":{"0":"post-61959","1":"product","2":"type-product","3":"status-publish","4":"has-post-thumbnail","6":"product_cat-beauty-health-supplements","7":"product_tag-anti-aging","8":"product_tag-cell-renewal","9":"product_tag-collagen","10":"product_tag-hair","11":"product_tag-organic","12":"product_tag-stem-cells","13":"product_shipping_class-shipping-class-1","14":"has-subscription-plans","16":"first","17":"instock","18":"taxable","19":"shipping-taxable","20":"purchasable","21":"product-type-simple"},"bundled_by":[],"bundle_stock_status":"instock","bundle_stock_quantity":null,"bundle_virtual":false,"bundle_layout":"","bundle_add_to_cart_form_location":"","bundle_editable_in_cart":false,"bundle_sold_individually_context":"","bundle_item_grouping":"","bundle_min_size":"","bundle_max_size":"","bundle_price":[],"bundled_items":[],"bundle_sell_ids":[],"group_of_quantity":0,"min_quantity":0,"max_quantity":"","exclude_order_quantity_value_rules":"no","exclude_category_quantity_rules":"no","combine_variations":"no","_links":{"self":[{"href":"https:\/\/2024.shoply.com\/es\/wp-json\/wp\/v2\/product\/61959","targetHints":{"allow":["GET"]}}],"collection":[{"href":"https:\/\/2024.shoply.com\/es\/wp-json\/wp\/v2\/product"}],"about":[{"href":"https:\/\/2024.shoply.com\/es\/wp-json\/wp\/v2\/types\/product"}],"version-history":[{"count":4,"href":"https:\/\/2024.shoply.com\/es\/wp-json\/wp\/v2\/product\/61959\/revisions"}],"predecessor-version":[{"id":139483,"href":"https:\/\/2024.shoply.com\/es\/wp-json\/wp\/v2\/product\/61959\/revisions\/139483"}],"wp:featuredmedia":[{"embeddable":true,"href":"https:\/\/2024.shoply.com\/es\/wp-json\/wp\/v2\/media\/61845"}],"wp:attachment":[{"href":"https:\/\/2024.shoply.com\/es\/wp-json\/wp\/v2\/media?parent=61959"}],"wp:term":[{"taxonomy":"product_brand","embeddable":true,"href":"https:\/\/2024.shoply.com\/es\/wp-json\/wp\/v2\/product_brand?post=61959"},{"taxonomy":"product_cat","embeddable":true,"href":"https:\/\/2024.shoply.com\/es\/wp-json\/wp\/v2\/product_cat?post=61959"},{"taxonomy":"product_tag","embeddable":true,"href":"https:\/\/2024.shoply.com\/es\/wp-json\/wp\/v2\/product_tag?post=61959"}],"curies":[{"name":"wp","href":"https:\/\/api.w.org\/{rel}","templated":true}]}}