{"id":61976,"date":"2024-09-19T18:22:05","date_gmt":"2024-09-19T23:22:05","guid":{"rendered":"https:\/\/shoply.com\/?post_type=product&#038;p=61976"},"modified":"2025-02-19T21:12:37","modified_gmt":"2025-02-20T02:12:37","slug":"superred-blow-dryer-brush","status":"publish","type":"product","link":"https:\/\/2024.shoply.com\/es\/producto\/superred-blow-dryer-brush\/","title":{"rendered":"SuperRED | Cepillo para secador"},"content":{"rendered":"<p><strong>LA PRIMERA<\/strong> <strong>Sal\u00f3n Profesional<\/strong> Cepillo secador con tecnolog\u00eda SuperRED para eliminar da\u00f1os. Calienta el cabello de adentro hacia afuera (no da\u00f1a la capa externa de la hebra capilar). Las cerdas del cepillo fueron dise\u00f1adas para desenredar el cabello y crear brillo. Crea un volumen extremo y suaviza el encrespamiento.<\/p>\n<p><strong>DIRECCIONES Y CARACTER\u00cdSTICAS<\/strong>:<\/p>\n<p><strong>SPRAY<\/strong> Paso 4 (Hydrovital Mist) como protector del calor tanto en cabello h\u00famedo como seco. Deje siempre que el cabello se seque hasta 60% antes de utilizar el CEPILLO SECADOR. Puede utilizarse en cabello seco 100% entre lavados.<\/p>\n<p>-Tecnolog\u00eda SuperRED (reduce los da\u00f1os causados por el calor)<\/p>\n<p>-Cerdas de cepillo dise\u00f1adas para desenredar el cabello y crear brillo<\/p>\n<p>-Cable giratorio de 360 grados<\/p>\n<p>-3 ajustes de calor: bajo (s\u00f3lo aire), medio y alto<\/p>\n<p>1 A\u00f1o de garant\u00eda (a partir de la fecha de compra): Se aplica al motor profesional<\/p>\n<p>&nbsp;<\/p>\n<p><strong>\u00bfPOR D\u00d3NDE EMPIEZO CON BO STEGALL?<\/strong><\/p>\n<p><iframe title=\"1) \u00bfCon qu\u00e9 productos empiezo? \u00a1Soy nuevo!\" width=\"500\" height=\"375\" src=\"https:\/\/www.youtube.com\/embed\/P4oB0ALtszw?feature=oembed\" frameborder=\"0\" allow=\"accelerometer; autoplay; clipboard-write; encrypted-media; gyroscope; picture-in-picture; web-share\" referrerpolicy=\"strict-origin-when-cross-origin\" allowfullscreen><\/iframe><\/p>\n<p>&nbsp;<\/p>\n<p><strong>MI CABELLO SE EST\u00c1 DEBILITANDO O CAYENDO.<\/strong><\/p>\n<p><iframe title=\"2) \u00a1Se me cae el pelo! \u00bfQu\u00e9 puedo hacer?\" width=\"500\" height=\"281\" src=\"https:\/\/www.youtube.com\/embed\/z3gqRLaXzhs?feature=oembed\" frameborder=\"0\" allow=\"accelerometer; autoplay; clipboard-write; encrypted-media; gyroscope; picture-in-picture; web-share\" referrerpolicy=\"strict-origin-when-cross-origin\" allowfullscreen><\/iframe><\/p>\n<p>&nbsp;<\/p>\n<p><strong>TENGO EL PELO SECO Y DA\u00d1ADO<\/strong><\/p>\n<p><iframe title=\"3) \u00a1Tengo el pelo seco y da\u00f1ado! \u00bfQu\u00e9 debo hacer?\" width=\"500\" height=\"281\" src=\"https:\/\/www.youtube.com\/embed\/-7EXsI1sX7Q?feature=oembed\" frameborder=\"0\" allow=\"accelerometer; autoplay; clipboard-write; encrypted-media; gyroscope; picture-in-picture; web-share\" referrerpolicy=\"strict-origin-when-cross-origin\" allowfullscreen><\/iframe><\/p>\n<p>&nbsp;<\/p>\n<p><strong>\u00a1TENGO LAS PUNTAS ABIERTAS!<\/strong><\/p>\n<p><iframe title=\"8) Tengo las puntas abiertas, \u00bfqu\u00e9 hago?\" width=\"500\" height=\"281\" src=\"https:\/\/www.youtube.com\/embed\/ZJk95Thr6p8?feature=oembed\" frameborder=\"0\" allow=\"accelerometer; autoplay; clipboard-write; encrypted-media; gyroscope; picture-in-picture; web-share\" referrerpolicy=\"strict-origin-when-cross-origin\" allowfullscreen><\/iframe><\/p>\n<p>&nbsp;<\/p>\n<p><strong>TENGO EL PELO Y EL CUERO CABELLUDO GRASO<\/strong><\/p>\n<p><iframe title=\"6) Tengo el cuero cabelludo graso \u00bfQu\u00e9 hago?\" width=\"500\" height=\"281\" src=\"https:\/\/www.youtube.com\/embed\/_z6gpZyDNRc?feature=oembed\" frameborder=\"0\" allow=\"accelerometer; autoplay; clipboard-write; encrypted-media; gyroscope; picture-in-picture; web-share\" referrerpolicy=\"strict-origin-when-cross-origin\" allowfullscreen><\/iframe><\/p>","protected":false},"excerpt":{"rendered":"<div id=\"yui_3_17_2_1_1726787435381_124\" class=\"product-excerpt\">\n<p>&nbsp;<\/p>\n<p class=\"\"><strong>PRIMERA VEZ<\/strong> Cepillo secador profesional de sal\u00f3n con tecnolog\u00eda SuperRED para eliminar los da\u00f1os causados por el calor. Crea un volumen extremo y suaviza el encrespamiento.<\/p>\n<p>&nbsp;<\/p>\n<p>https:\/\/youtu.be\/Iax6R0fgGIA?si=Uauc2vLFf-Nt2LbB<\/p>\n<\/div>\n<div id=\"yui_3_17_2_1_1726787435381_123\" class=\"product-quantity-input\">\n<section class=\"reviewsSection rCqlEvFxgmgdybsy8TUe\">\n<div id=\"reviews\" class=\"WcpuF9HkTJPlKpxShDMA\">\n<div class=\"ReviewTabsTitle\">\n<div aria-label=\"5,0 valoraci\u00f3n media del producto\"><\/div>\n<\/div>\n<\/div>\n<\/section>\n<\/div>","protected":false},"featured_media":61849,"template":"","meta":{"footnotes":""},"product_brand":[],"product_cat":[80],"product_tag":[149,112,141,110,185,131],"class_list":{"0":"post-61976","1":"product","2":"type-product","3":"status-publish","4":"has-post-thumbnail","6":"product_cat-beauty-health-supplements","7":"product_tag-anti-aging","8":"product_tag-cell-renewal","9":"product_tag-collagen","10":"product_tag-hair","11":"product_tag-organic","12":"product_tag-stem-cells","13":"product_shipping_class-shipping-class-2","14":"has-subscription-plans","16":"first","17":"instock","18":"taxable","19":"shipping-taxable","20":"purchasable","21":"product-type-simple"},"bundled_by":[],"bundle_stock_status":"instock","bundle_stock_quantity":null,"bundle_virtual":false,"bundle_layout":"","bundle_add_to_cart_form_location":"","bundle_editable_in_cart":false,"bundle_sold_individually_context":"","bundle_item_grouping":"","bundle_min_size":"","bundle_max_size":"","bundle_price":[],"bundled_items":[],"bundle_sell_ids":[],"group_of_quantity":0,"min_quantity":0,"max_quantity":"","exclude_order_quantity_value_rules":"no","exclude_category_quantity_rules":"no","combine_variations":"no","_links":{"self":[{"href":"https:\/\/2024.shoply.com\/es\/wp-json\/wp\/v2\/product\/61976","targetHints":{"allow":["GET"]}}],"collection":[{"href":"https:\/\/2024.shoply.com\/es\/wp-json\/wp\/v2\/product"}],"about":[{"href":"https:\/\/2024.shoply.com\/es\/wp-json\/wp\/v2\/types\/product"}],"version-history":[{"count":3,"href":"https:\/\/2024.shoply.com\/es\/wp-json\/wp\/v2\/product\/61976\/revisions"}],"predecessor-version":[{"id":139459,"href":"https:\/\/2024.shoply.com\/es\/wp-json\/wp\/v2\/product\/61976\/revisions\/139459"}],"wp:featuredmedia":[{"embeddable":true,"href":"https:\/\/2024.shoply.com\/es\/wp-json\/wp\/v2\/media\/61849"}],"wp:attachment":[{"href":"https:\/\/2024.shoply.com\/es\/wp-json\/wp\/v2\/media?parent=61976"}],"wp:term":[{"taxonomy":"product_brand","embeddable":true,"href":"https:\/\/2024.shoply.com\/es\/wp-json\/wp\/v2\/product_brand?post=61976"},{"taxonomy":"product_cat","embeddable":true,"href":"https:\/\/2024.shoply.com\/es\/wp-json\/wp\/v2\/product_cat?post=61976"},{"taxonomy":"product_tag","embeddable":true,"href":"https:\/\/2024.shoply.com\/es\/wp-json\/wp\/v2\/product_tag?post=61976"}],"curies":[{"name":"wp","href":"https:\/\/api.w.org\/{rel}","templated":true}]}}