{"id":63299,"date":"2024-09-22T13:27:17","date_gmt":"2024-09-22T18:27:17","guid":{"rendered":"https:\/\/shoply.com\/?post_type=product&#038;p=63299"},"modified":"2025-03-05T13:52:13","modified_gmt":"2025-03-05T18:52:13","slug":"hair-growth-kit","status":"publish","type":"product","link":"https:\/\/2024.shoply.com\/es\/producto\/hair-growth-kit\/","title":{"rendered":"KIT PARA EL CRECIMIENTO DEL CABELLO"},"content":{"rendered":"<h1 id=\"yui_3_17_2_1_1727029431626_516\"><strong id=\"yui_3_17_2_1_1727029431626_515\"><em id=\"yui_3_17_2_1_1727029431626_514\">LA SOLUCI\u00d3N INCLUYE:<\/em><\/strong><\/h1>\n<h1>ETAPA 1: TRATAMIENTO DE RENOVACI\u00d3N CELULAR<\/h1>\n<p class=\"\">-(Este es su Tratamiento Previo al Champ\u00fa)<\/p>\n<h1>PASO 2: CHAMP\u00da RENOVACI\u00d3N CELULAR<\/h1>\n<p class=\"\">-(Champ\u00fa dos veces frotando durante 30 segundos)<\/p>\n<h1>PASO 3: ACONDICIONADOR DE RENOVACI\u00d3N CELULAR<\/h1>\n<p class=\"\">-(Dejar el acondicionador sobre el cabello durante 60 segundos)<\/p>\n<h1>PASO 4: NIEBLA HYDROVITAL<\/h1>\n<p class=\"\">-(Nutrientes, Vitaminas y Bloqueador DHT)<\/p>\n<h1>MASCARILLA CAPILAR DE RENOVACI\u00d3N CELULAR<\/h1>\n<p class=\"\">-(Impulsa el crecimiento del cabello con cafe\u00edna y extracto de ginseng)<\/p>\n<p>&nbsp;<\/p>\n<p>&nbsp;<\/p>\n<p><strong>\u00bfPOR D\u00d3NDE EMPIEZO CON BO STEGALL?<\/strong><\/p>\n<p><iframe title=\"1) \u00bfCon qu\u00e9 productos empiezo? \u00a1Soy nuevo!\" width=\"500\" height=\"375\" src=\"https:\/\/www.youtube.com\/embed\/P4oB0ALtszw?feature=oembed\" frameborder=\"0\" allow=\"accelerometer; autoplay; clipboard-write; encrypted-media; gyroscope; picture-in-picture; web-share\" referrerpolicy=\"strict-origin-when-cross-origin\" allowfullscreen><\/iframe><\/p>\n<p>&nbsp;<\/p>\n<p><strong>TENGO EL PELO SECO Y DA\u00d1ADO<\/strong><\/p>\n<p><iframe title=\"3) \u00a1Tengo el pelo seco y da\u00f1ado! \u00bfQu\u00e9 debo hacer?\" width=\"500\" height=\"281\" src=\"https:\/\/www.youtube.com\/embed\/-7EXsI1sX7Q?feature=oembed\" frameborder=\"0\" allow=\"accelerometer; autoplay; clipboard-write; encrypted-media; gyroscope; picture-in-picture; web-share\" referrerpolicy=\"strict-origin-when-cross-origin\" allowfullscreen><\/iframe><\/p>\n<p>&nbsp;<\/p>\n<p><strong>\u00a1MI PELO NO TIENE VOLUMEN!<\/strong><\/p>\n<p><iframe title=\"5) \u00a1Mi pelo no tiene volumen! \u00bfQu\u00e9 puedo hacer?\" width=\"500\" height=\"281\" src=\"https:\/\/www.youtube.com\/embed\/Iax6R0fgGIA?feature=oembed\" frameborder=\"0\" allow=\"accelerometer; autoplay; clipboard-write; encrypted-media; gyroscope; picture-in-picture; web-share\" referrerpolicy=\"strict-origin-when-cross-origin\" allowfullscreen><\/iframe><\/p>\n<p>&nbsp;<\/p>\n<p><strong>\u00a1TENGO LAS PUNTAS ABIERTAS!<\/strong><\/p>\n<p><iframe title=\"8) Tengo las puntas abiertas, \u00bfqu\u00e9 hago?\" width=\"500\" height=\"281\" src=\"https:\/\/www.youtube.com\/embed\/ZJk95Thr6p8?feature=oembed\" frameborder=\"0\" allow=\"accelerometer; autoplay; clipboard-write; encrypted-media; gyroscope; picture-in-picture; web-share\" referrerpolicy=\"strict-origin-when-cross-origin\" allowfullscreen><\/iframe><\/p>\n<p>&nbsp;<\/p>\n<p><strong>TENGO EL PELO Y EL CUERO CABELLUDO GRASO<\/strong><\/p>\n<p><iframe title=\"6) Tengo el cuero cabelludo graso \u00bfQu\u00e9 hago?\" width=\"500\" height=\"281\" src=\"https:\/\/www.youtube.com\/embed\/_z6gpZyDNRc?feature=oembed\" frameborder=\"0\" allow=\"accelerometer; autoplay; clipboard-write; encrypted-media; gyroscope; picture-in-picture; web-share\" referrerpolicy=\"strict-origin-when-cross-origin\" allowfullscreen><\/iframe><\/p>\n<p>&nbsp;<\/p>\n<p><strong>MI PELO ES RIZADO U ONDULADO<\/strong><\/p>\n<p><iframe title=\"4) Tengo el pelo rizado, \u00bfqu\u00e9 hago?\" width=\"500\" height=\"281\" src=\"https:\/\/www.youtube.com\/embed\/_2RLR4ekVVE?feature=oembed\" frameborder=\"0\" allow=\"accelerometer; autoplay; clipboard-write; encrypted-media; gyroscope; picture-in-picture; web-share\" referrerpolicy=\"strict-origin-when-cross-origin\" allowfullscreen><\/iframe><\/p>","protected":false},"excerpt":{"rendered":"<p>\u00a1La alternativa de CIENCIA SEGURA para estimular el CRECIMIENTO del CABELLO y frenar la CAIDA DEL CABELLO! Nuestro ingrediente clave totalmente natural fue probado en ensayos de terceros para ser tan eficaz como la medicaci\u00f3n farmac\u00e9utica l\u00edder en p\u00e9rdida de cabello.<\/p>\n<p>&nbsp;<\/p>\n<p>https:\/\/youtu.be\/z3gqRLaXzhs?si=0pRLCfpCpf-2RkA_<\/p>","protected":false},"featured_media":108344,"template":"","meta":{"footnotes":""},"product_brand":[],"product_cat":[1053,80,201,407,386],"product_tag":[149,112,110,155,185,131],"class_list":{"0":"post-63299","1":"product","2":"type-product","3":"status-publish","4":"has-post-thumbnail","6":"product_cat-affiliate-bundle","7":"product_cat-beauty-health-supplements","8":"product_cat-gift-cards","9":"product_cat-gift-giving","10":"product_cat-skin-care","11":"product_tag-anti-aging","12":"product_tag-cell-renewal","13":"product_tag-hair","14":"product_tag-hyaluronic","15":"product_tag-organic","16":"product_tag-stem-cells","17":"product_shipping_class-shipping-class-1","18":"has-subscription-plans","20":"first","21":"instock","22":"taxable","23":"shipping-taxable","24":"purchasable","25":"product-type-simple"},"bundled_by":[],"bundle_stock_status":"instock","bundle_stock_quantity":null,"bundle_virtual":false,"bundle_layout":"","bundle_add_to_cart_form_location":"","bundle_editable_in_cart":false,"bundle_sold_individually_context":"","bundle_item_grouping":"","bundle_min_size":"","bundle_max_size":"","bundle_price":[],"bundled_items":[],"bundle_sell_ids":[],"group_of_quantity":0,"min_quantity":0,"max_quantity":"","exclude_order_quantity_value_rules":"no","exclude_category_quantity_rules":"no","combine_variations":"no","_links":{"self":[{"href":"https:\/\/2024.shoply.com\/es\/wp-json\/wp\/v2\/product\/63299","targetHints":{"allow":["GET"]}}],"collection":[{"href":"https:\/\/2024.shoply.com\/es\/wp-json\/wp\/v2\/product"}],"about":[{"href":"https:\/\/2024.shoply.com\/es\/wp-json\/wp\/v2\/types\/product"}],"version-history":[{"count":2,"href":"https:\/\/2024.shoply.com\/es\/wp-json\/wp\/v2\/product\/63299\/revisions"}],"predecessor-version":[{"id":143888,"href":"https:\/\/2024.shoply.com\/es\/wp-json\/wp\/v2\/product\/63299\/revisions\/143888"}],"wp:featuredmedia":[{"embeddable":true,"href":"https:\/\/2024.shoply.com\/es\/wp-json\/wp\/v2\/media\/108344"}],"wp:attachment":[{"href":"https:\/\/2024.shoply.com\/es\/wp-json\/wp\/v2\/media?parent=63299"}],"wp:term":[{"taxonomy":"product_brand","embeddable":true,"href":"https:\/\/2024.shoply.com\/es\/wp-json\/wp\/v2\/product_brand?post=63299"},{"taxonomy":"product_cat","embeddable":true,"href":"https:\/\/2024.shoply.com\/es\/wp-json\/wp\/v2\/product_cat?post=63299"},{"taxonomy":"product_tag","embeddable":true,"href":"https:\/\/2024.shoply.com\/es\/wp-json\/wp\/v2\/product_tag?post=63299"}],"curies":[{"name":"wp","href":"https:\/\/api.w.org\/{rel}","templated":true}]}}