{"id":63325,"date":"2025-01-24T15:33:43","date_gmt":"2025-01-24T20:33:43","guid":{"rendered":"https:\/\/shoply.com\/?post_type=product&#038;p=63325"},"modified":"2025-02-07T17:54:38","modified_gmt":"2025-02-07T22:54:38","slug":"liter-32-oz-cell-renewal-shampoo","status":"publish","type":"product","link":"https:\/\/2024.shoply.com\/es\/producto\/liter-32-oz-cell-renewal-shampoo\/","title":{"rendered":"LITRO (32 OZ) | CHAMP\u00da RENOVACI\u00d3N CELULAR"},"content":{"rendered":"<p class=\"\">LITER SIZED (32 0z) Cell Renewal Shampoo + COLLAGEN BOOST is the 2nd step in our trademarked Bo Stegall | The Collection\u2122 Cell Renewal Technology.<\/p>\n<p class=\"\"><strong>BOMBA <\/strong>Aplique una peque\u00f1a cantidad de STEP 2 Cell Renewal Shampoo en las palmas de las manos y fr\u00f3telas para activar los ingredientes org\u00e1nicos. Empiece por el cuero cabelludo y fr\u00f3telo a fondo durante 30 segundos. (Es posible que no note espuma en el primer lavado.) Contin\u00fae dispersando el producto desde la mitad de la hebra hasta las puntas del cabello. Aclara.<\/p>\n<p class=\"\"><strong>VUELVE A APLICAR<\/strong> con un segundo champ\u00fa masajeando de nuevo el cuero cabelludo durante 30 segundos. (Es posible que notes espuma en el segundo lavado.) Aclara.<\/p>\n<p class=\"\"><strong>CONTIN\u00daE<\/strong> con el Acondicionador Renovador Celular STEP 3 para equilibrar su pH.<\/p>\n<p>&nbsp;<\/p>\n<p>&nbsp;<\/p>\n<p><strong>MI CABELLO SE EST\u00c1 DEBILITANDO O CAYENDO.<\/strong><\/p>\n<p><iframe title=\"2) \u00a1Se me cae el pelo! \u00bfQu\u00e9 puedo hacer?\" width=\"500\" height=\"281\" src=\"https:\/\/www.youtube.com\/embed\/z3gqRLaXzhs?feature=oembed\" frameborder=\"0\" allow=\"accelerometer; autoplay; clipboard-write; encrypted-media; gyroscope; picture-in-picture; web-share\" referrerpolicy=\"strict-origin-when-cross-origin\" allowfullscreen><\/iframe><\/p>\n<p>&nbsp;<\/p>\n<p><strong>TENGO EL PELO SECO Y DA\u00d1ADO<\/strong><\/p>\n<p><iframe title=\"3) \u00a1Tengo el pelo seco y da\u00f1ado! \u00bfQu\u00e9 debo hacer?\" width=\"500\" height=\"281\" src=\"https:\/\/www.youtube.com\/embed\/-7EXsI1sX7Q?feature=oembed\" frameborder=\"0\" allow=\"accelerometer; autoplay; clipboard-write; encrypted-media; gyroscope; picture-in-picture; web-share\" referrerpolicy=\"strict-origin-when-cross-origin\" allowfullscreen><\/iframe><\/p>\n<p>&nbsp;<\/p>\n<p><strong>\u00a1MI PELO NO TIENE VOLUMEN!<\/strong><\/p>\n<p><iframe title=\"5) \u00a1Mi pelo no tiene volumen! \u00bfQu\u00e9 puedo hacer?\" width=\"500\" height=\"281\" src=\"https:\/\/www.youtube.com\/embed\/Iax6R0fgGIA?feature=oembed\" frameborder=\"0\" allow=\"accelerometer; autoplay; clipboard-write; encrypted-media; gyroscope; picture-in-picture; web-share\" referrerpolicy=\"strict-origin-when-cross-origin\" allowfullscreen><\/iframe><\/p>\n<p>&nbsp;<\/p>\n<p><strong>\u00a1TENGO LAS PUNTAS ABIERTAS!<\/strong><\/p>\n<p><iframe title=\"8) Tengo las puntas abiertas, \u00bfqu\u00e9 hago?\" width=\"500\" height=\"281\" src=\"https:\/\/www.youtube.com\/embed\/ZJk95Thr6p8?feature=oembed\" frameborder=\"0\" allow=\"accelerometer; autoplay; clipboard-write; encrypted-media; gyroscope; picture-in-picture; web-share\" referrerpolicy=\"strict-origin-when-cross-origin\" allowfullscreen><\/iframe><\/p>\n<p>&nbsp;<\/p>\n<p><strong>TENGO EL PELO Y EL CUERO CABELLUDO GRASO<\/strong><\/p>\n<p><iframe title=\"6) Tengo el cuero cabelludo graso \u00bfQu\u00e9 hago?\" width=\"500\" height=\"281\" src=\"https:\/\/www.youtube.com\/embed\/_z6gpZyDNRc?feature=oembed\" frameborder=\"0\" allow=\"accelerometer; autoplay; clipboard-write; encrypted-media; gyroscope; picture-in-picture; web-share\" referrerpolicy=\"strict-origin-when-cross-origin\" allowfullscreen><\/iframe><\/p>\n<p>&nbsp;<\/p>\n<p><strong>MI PELO ES RIZADO U ONDULADO<\/strong><\/p>\n<p><iframe title=\"4) Tengo el pelo rizado, \u00bfqu\u00e9 hago?\" width=\"500\" height=\"281\" src=\"https:\/\/www.youtube.com\/embed\/_2RLR4ekVVE?feature=oembed\" frameborder=\"0\" allow=\"accelerometer; autoplay; clipboard-write; encrypted-media; gyroscope; picture-in-picture; web-share\" referrerpolicy=\"strict-origin-when-cross-origin\" allowfullscreen><\/iframe><\/p>","protected":false},"excerpt":{"rendered":"<p>Cell Renewal Shampoo + COLLAGEN BOOST is the 2nd step in our trademarked Bo Stegall | The Collection\u2122 Cell Renewal Technology.<\/p>\n<p class=\"\"><strong>1. EMBALAJE LLAVE\/MEJORA DE LA BOTELLA:<\/strong><\/p>\n<ul>\n<li>\n<p class=\"\">Se presenta en una bomba para facilitar su uso.<\/p>\n<\/li>\n<\/ul>\n<p class=\"\"><strong>2. CLAVE CIENCIA\/MEJORA F\u00d3RMULA:<\/strong><\/p>\n<ul>\n<li>\n<p class=\"\">Nuestros avanzados ingredientes ayudan al cuero cabelludo y al cabello a producir su propio col\u00e1geno a trav\u00e9s de la S\u00edntesis de Col\u00e1geno.<\/p>\n<\/li>\n<\/ul>\n<p>106 QV \/ 42 DB \/ 22 CV<\/p>\n<p><strong>\u00bfPOR D\u00d3NDE EMPIEZO CON BO STEGALL?<\/strong><\/p>\n<p>https:\/\/youtu.be\/P4oB0ALtszw?si=uIDmd4gWvDVM7cmJ<\/p>","protected":false},"featured_media":124101,"template":"","meta":{"footnotes":""},"product_brand":[],"product_cat":[821,80,384,382,383],"product_tag":[149,174,132,743,112,110,185,131],"class_list":{"0":"post-63325","1":"product","2":"type-product","3":"status-publish","4":"has-post-thumbnail","6":"product_cat-beauty","7":"product_cat-beauty-health-supplements","8":"product_cat-cosmetics","9":"product_cat-health","10":"product_cat-personal-care","11":"product_tag-anti-aging","12":"product_tag-anti-inflammatory","13":"product_tag-antioxidants","14":"product_tag-beauty","15":"product_tag-cell-renewal","16":"product_tag-hair","17":"product_tag-organic","18":"product_tag-stem-cells","19":"has-subscription-plans","21":"first","22":"instock","23":"taxable","24":"shipping-taxable","25":"purchasable","26":"product-type-simple"},"bundled_by":[],"bundle_stock_status":"instock","bundle_stock_quantity":null,"bundle_virtual":false,"bundle_layout":"","bundle_add_to_cart_form_location":"","bundle_editable_in_cart":false,"bundle_sold_individually_context":"","bundle_item_grouping":"","bundle_min_size":"","bundle_max_size":"","bundle_price":[],"bundled_items":[],"bundle_sell_ids":[],"group_of_quantity":0,"min_quantity":0,"max_quantity":"","exclude_order_quantity_value_rules":"no","exclude_category_quantity_rules":"no","combine_variations":"no","_links":{"self":[{"href":"https:\/\/2024.shoply.com\/es\/wp-json\/wp\/v2\/product\/63325","targetHints":{"allow":["GET"]}}],"collection":[{"href":"https:\/\/2024.shoply.com\/es\/wp-json\/wp\/v2\/product"}],"about":[{"href":"https:\/\/2024.shoply.com\/es\/wp-json\/wp\/v2\/types\/product"}],"version-history":[{"count":1,"href":"https:\/\/2024.shoply.com\/es\/wp-json\/wp\/v2\/product\/63325\/revisions"}],"predecessor-version":[{"id":125986,"href":"https:\/\/2024.shoply.com\/es\/wp-json\/wp\/v2\/product\/63325\/revisions\/125986"}],"wp:featuredmedia":[{"embeddable":true,"href":"https:\/\/2024.shoply.com\/es\/wp-json\/wp\/v2\/media\/124101"}],"wp:attachment":[{"href":"https:\/\/2024.shoply.com\/es\/wp-json\/wp\/v2\/media?parent=63325"}],"wp:term":[{"taxonomy":"product_brand","embeddable":true,"href":"https:\/\/2024.shoply.com\/es\/wp-json\/wp\/v2\/product_brand?post=63325"},{"taxonomy":"product_cat","embeddable":true,"href":"https:\/\/2024.shoply.com\/es\/wp-json\/wp\/v2\/product_cat?post=63325"},{"taxonomy":"product_tag","embeddable":true,"href":"https:\/\/2024.shoply.com\/es\/wp-json\/wp\/v2\/product_tag?post=63325"}],"curies":[{"name":"wp","href":"https:\/\/api.w.org\/{rel}","templated":true}]}}