{"id":66867,"date":"2024-09-25T11:26:10","date_gmt":"2024-09-25T16:26:10","guid":{"rendered":"https:\/\/shoply.com\/?post_type=product&#038;p=66867"},"modified":"2025-03-13T22:14:12","modified_gmt":"2025-03-14T03:14:12","slug":"1-bottle-of-fierce-immunity","status":"publish","type":"product","link":"https:\/\/2024.shoply.com\/es\/producto\/1-bottle-of-fierce-immunity\/","title":{"rendered":"1 Botella de Inmunidad Feroz"},"content":{"rendered":"<p><strong><img fetchpriority=\"high\" decoding=\"async\" class=\"alignright wp-image-117140\" src=\"https:\/\/shoply.com\/wp-content\/uploads\/2025\/01\/fierce-feature-300x300.webp\" alt=\"\" width=\"500\" height=\"500\" srcset=\"https:\/\/2024.shoply.com\/wp-content\/uploads\/2025\/01\/fierce-feature-300x300.webp 300w, https:\/\/2024.shoply.com\/wp-content\/uploads\/2025\/01\/fierce-feature-800x800.webp 800w, https:\/\/2024.shoply.com\/wp-content\/uploads\/2025\/01\/fierce-feature-150x150.webp 150w, https:\/\/2024.shoply.com\/wp-content\/uploads\/2025\/01\/fierce-feature-768x768.webp 768w, https:\/\/2024.shoply.com\/wp-content\/uploads\/2025\/01\/fierce-feature-12x12.webp 12w, https:\/\/2024.shoply.com\/wp-content\/uploads\/2025\/01\/fierce-feature-430x430.webp 430w, https:\/\/2024.shoply.com\/wp-content\/uploads\/2025\/01\/fierce-feature-700x700.webp 700w, https:\/\/2024.shoply.com\/wp-content\/uploads\/2025\/01\/fierce-feature-50x50.webp 50w, https:\/\/2024.shoply.com\/wp-content\/uploads\/2025\/01\/fierce-feature.webp 1080w\" sizes=\"(max-width: 500px) 100vw, 500px\" \/><\/strong><\/p>\n<h2><strong>YOUR DAILY IMMUNE SUPPLEMENT<\/strong><\/h2>\n<h4>Fierce Immunity proporciona una potente mezcla de compuestos bioactivos que act\u00faan en sinergia para reforzar su sistema inmunitario. Cada ingrediente se obtiene con los m\u00e1s altos est\u00e1ndares y se selecciona meticulosamente para proporcionar un apoyo inmunol\u00f3gico superior y protecci\u00f3n contra los desaf\u00edos de salud de hoy en d\u00eda.<\/h4>\n<h2 class=\"richttl\"><strong>\u00bfQU\u00c9 HACE DIFERENTE A FIERCE IMMUNITY?<\/strong><\/h2>\n<h4 class=\"richttl\">Mientras que otras marcas se basan simplemente en ingredientes, Fierce Immunity va m\u00e1s all\u00e1 aprovechando el poder de\u00a0<b>Tecnolog\u00eda de IA<\/b>\u00a0y\u00a0<b>Inteligencia de enjambre.<\/b>\u00a0Esto nos permite formular la cantidad precisa de cada ingrediente bioactivo para sinergizar perfectamente con la respuesta inmunitaria natural de su organismo.<\/h4>\n<h4 class=\"richttl\">En lugar de conjeturas, utilizamos precisi\u00f3n basada en datos para crear una f\u00f3rmula que apoya y fortalece su sistema inmunol\u00f3gico con una precisi\u00f3n sin precedentes. No se trata de incluir las dosis m\u00e1s altas, sino de c\u00f3mo cada ingrediente sinergiza para proporcionar la protecci\u00f3n m\u00e1s eficaz y potente.<\/h4>\n<p>&nbsp;<\/p>\n<p><img decoding=\"async\" class=\"alignnone wp-image-117118 size-full\" src=\"https:\/\/shoply.com\/wp-content\/uploads\/2025\/01\/Screenshot-2025-01-06-at-5.22.49\u202fPM.webp\" alt=\"\" width=\"2526\" height=\"1170\" srcset=\"https:\/\/2024.shoply.com\/wp-content\/uploads\/2025\/01\/Screenshot-2025-01-06-at-5.22.49\u202fPM.webp 1920w, https:\/\/2024.shoply.com\/wp-content\/uploads\/2025\/01\/Screenshot-2025-01-06-at-5.22.49\u202fPM-400x185.webp 400w, https:\/\/2024.shoply.com\/wp-content\/uploads\/2025\/01\/Screenshot-2025-01-06-at-5.22.49\u202fPM-1300x602.webp 1300w, https:\/\/2024.shoply.com\/wp-content\/uploads\/2025\/01\/Screenshot-2025-01-06-at-5.22.49\u202fPM-768x356.webp 768w, https:\/\/2024.shoply.com\/wp-content\/uploads\/2025\/01\/Screenshot-2025-01-06-at-5.22.49\u202fPM-1536x711.webp 1536w, https:\/\/2024.shoply.com\/wp-content\/uploads\/2025\/01\/Screenshot-2025-01-06-at-5.22.49\u202fPM-18x8.webp 18w, https:\/\/2024.shoply.com\/wp-content\/uploads\/2025\/01\/Screenshot-2025-01-06-at-5.22.49\u202fPM-700x324.webp 700w, https:\/\/2024.shoply.com\/wp-content\/uploads\/2025\/01\/Screenshot-2025-01-06-at-5.22.49\u202fPM-150x69.webp 150w, https:\/\/2024.shoply.com\/wp-content\/uploads\/2025\/01\/Screenshot-2025-01-06-at-5.22.49\u202fPM-108x50.webp 108w\" sizes=\"(max-width: 2526px) 100vw, 2526px\" \/><\/p>\n<p>&nbsp;<br \/>\n<img decoding=\"async\" class=\"alignnone wp-image-117130 size-full\" src=\"https:\/\/shoply.com\/wp-content\/uploads\/2025\/01\/reviews-scaled.webp\" alt=\"\" width=\"1984\" height=\"2560\" srcset=\"https:\/\/2024.shoply.com\/wp-content\/uploads\/2025\/01\/reviews-scaled.webp 1488w, https:\/\/2024.shoply.com\/wp-content\/uploads\/2025\/01\/reviews-232x300.webp 232w, https:\/\/2024.shoply.com\/wp-content\/uploads\/2025\/01\/reviews-620x800.webp 620w, https:\/\/2024.shoply.com\/wp-content\/uploads\/2025\/01\/reviews-768x991.webp 768w, https:\/\/2024.shoply.com\/wp-content\/uploads\/2025\/01\/reviews-1190x1536.webp 1190w, https:\/\/2024.shoply.com\/wp-content\/uploads\/2025\/01\/reviews-9x12.webp 9w, https:\/\/2024.shoply.com\/wp-content\/uploads\/2025\/01\/reviews-700x903.webp 700w, https:\/\/2024.shoply.com\/wp-content\/uploads\/2025\/01\/reviews-150x194.webp 150w, https:\/\/2024.shoply.com\/wp-content\/uploads\/2025\/01\/reviews-39x50.webp 39w\" sizes=\"(max-width: 1984px) 100vw, 1984px\" \/><\/p>","protected":false},"excerpt":{"rendered":"<h3><strong>Inmunidad feroz<\/strong> is a powerful daily supplement designed to supercharge your immune system, increase your energy, and support your body\u2019s overall health. Packed with a blend of\u00a0<strong>science-backed ingredients<\/strong>, it\u2019s your ultimate defense against fatigue, stress, and toxins.<\/h3>\n<div style=\"width: 1280px;\" class=\"wp-video\"><!--[if lt IE 9]><script>document.createElement('video');<\/script><![endif]--><br \/>\n<video class=\"wp-video-shortcode\" id=\"video-66867-1\" width=\"1280\" height=\"720\" preload=\"metadata\" controls=\"controls\"><source type=\"video\/mp4\" src=\"https:\/\/shoply.com\/wp-content\/uploads\/2025\/03\/jp-open-border-noendcard.mp4?_=1\" \/><a href=\"https:\/\/shoply.com\/wp-content\/uploads\/2025\/03\/jp-open-border-noendcard.mp4\">https:\/\/shoply.com\/wp-content\/uploads\/2025\/03\/jp-open-border-noendcard.mp4<\/a><\/video><\/div>\n<p>&nbsp;<\/p>\n<p>Fierce Immunity contains <strong>Vitamina D<\/strong>,\u00a0<strong>Zinc<\/strong>,\u00a0<strong>Quercetin<\/strong>,\u00a0<strong>Hesperidin<\/strong>\u00a0y\u00a0<strong>L-Arginina<\/strong>, each carefully selected to work together and give you optimal immune support.<\/p>\n<p>Powered by\u00a0<strong>Swarm Intelligence,<\/strong>\u00a0Fierce Immunity combines these five ingredients to work in harmony, amplifying each other\u2019s effectiveness for a stronger, more focused, and energized you. It doesn\u2019t just protect your body\u2014it empowers it.<\/p>\n<p>Whether you\u2019re looking to fight off seasonal threats, elevate your daily performance, or simply support overall well-being, Fierce Immunity is your secret weapon to staying healthy, energized, and living a\u00a0<strong>fierce, unstoppable life<\/strong>.<\/p>\n<p><i><strong>Estas afirmaciones no han sido evaluadas por la Food and Drug Administration. Este producto no est\u00e1 destinado a diagnosticar, tratar, curar o prevenir ninguna enfermedad.<\/strong><\/i><\/p>","protected":false},"featured_media":66890,"template":"","meta":{"footnotes":""},"product_brand":[],"product_cat":[80],"product_tag":[149,174,278,163,162,167,115,1296,166],"class_list":{"0":"post-66867","1":"product","2":"type-product","3":"status-publish","4":"has-post-thumbnail","6":"product_cat-beauty-health-supplements","7":"product_tag-anti-aging","8":"product_tag-anti-inflammatory","9":"product_tag-health","10":"product_tag-immune","11":"product_tag-immunity","12":"product_tag-l-arginine","13":"product_tag-supplement","14":"product_tag-vitamin","15":"product_tag-zinc","16":"product_shipping_class-shipping-class-1","17":"has-subscription-plans","19":"first","20":"instock","21":"purchasable","22":"product-type-simple"},"bundled_by":[],"bundle_stock_status":"instock","bundle_stock_quantity":null,"bundle_virtual":false,"bundle_layout":"","bundle_add_to_cart_form_location":"","bundle_editable_in_cart":false,"bundle_sold_individually_context":"","bundle_item_grouping":"","bundle_min_size":"","bundle_max_size":"","bundle_price":[],"bundled_items":[],"bundle_sell_ids":[],"group_of_quantity":0,"min_quantity":0,"max_quantity":"","exclude_order_quantity_value_rules":"no","exclude_category_quantity_rules":"no","combine_variations":"no","_links":{"self":[{"href":"https:\/\/2024.shoply.com\/es\/wp-json\/wp\/v2\/product\/66867","targetHints":{"allow":["GET"]}}],"collection":[{"href":"https:\/\/2024.shoply.com\/es\/wp-json\/wp\/v2\/product"}],"about":[{"href":"https:\/\/2024.shoply.com\/es\/wp-json\/wp\/v2\/types\/product"}],"version-history":[{"count":10,"href":"https:\/\/2024.shoply.com\/es\/wp-json\/wp\/v2\/product\/66867\/revisions"}],"predecessor-version":[{"id":154447,"href":"https:\/\/2024.shoply.com\/es\/wp-json\/wp\/v2\/product\/66867\/revisions\/154447"}],"wp:featuredmedia":[{"embeddable":true,"href":"https:\/\/2024.shoply.com\/es\/wp-json\/wp\/v2\/media\/66890"}],"wp:attachment":[{"href":"https:\/\/2024.shoply.com\/es\/wp-json\/wp\/v2\/media?parent=66867"}],"wp:term":[{"taxonomy":"product_brand","embeddable":true,"href":"https:\/\/2024.shoply.com\/es\/wp-json\/wp\/v2\/product_brand?post=66867"},{"taxonomy":"product_cat","embeddable":true,"href":"https:\/\/2024.shoply.com\/es\/wp-json\/wp\/v2\/product_cat?post=66867"},{"taxonomy":"product_tag","embeddable":true,"href":"https:\/\/2024.shoply.com\/es\/wp-json\/wp\/v2\/product_tag?post=66867"}],"curies":[{"name":"wp","href":"https:\/\/api.w.org\/{rel}","templated":true}]}}