{"id":69336,"date":"2024-09-28T19:41:42","date_gmt":"2024-09-29T00:41:42","guid":{"rendered":"https:\/\/shoply.com\/?post_type=product&#038;p=69336"},"modified":"2025-02-28T04:54:22","modified_gmt":"2025-02-28T09:54:22","slug":"silky-lip-gloss","status":"publish","type":"product","link":"https:\/\/2024.shoply.com\/es\/producto\/silky-lip-gloss\/","title":{"rendered":"Brillo de labios sedoso"},"content":{"rendered":"<p><img fetchpriority=\"high\" decoding=\"async\" class=\"alignnone size-full wp-image-2113\" src=\"https:\/\/belleandcapri.com\/wp-content\/uploads\/2022\/11\/All_LavenderIcons.png\" alt=\"\" width=\"7584\" height=\"954\" \/><\/p>\n<h5>Ingredientes:<br \/>\n<strong>Claro<\/strong> &#8211; Diisostearyl Malate, Bis-Diglyceryl Polyacyladipate-2, Synthetic Beeswax, Simmondsia Chinensis (Jojoba) Seed Oil, Ethyl Macadamiate, Copernica Cerifera (Carnauba) Wax, C9-12 Alkane, Caprylyl Glycol, Persea Grattissima (Avocado) Oil, Argania Spinosa (Argan) Kernel Oil, Mentha Piperita (Peppermint) Oil, Rubus Fruticosus (Blackberry) Seed Oil, Undaria Pinnatifida Extract, sr-Hydrozoan Polypeptide-1, Ethylene\/Propylene\/Styrene Copolymer, Glyceryl Laurate, Glyceryl Undecylenate, Flavor, Tocopherol (Vitamin E), Caprylic\/Capric Triglyceride, Butylene\/Ethylene\/Styrene Copolymer, Pentaerythrityl Tetra-di-t-butyl Hydroxyhydrocinnamate, Potassium Sorbate<\/h5>\n<h5>Capri Rose &#8211; Diisostearyl Malate, Bis-Diglyceryl Polyacyladipate-2, Synthetic Beeswax, Simmondsia Chinensis (Jojoba) Seed Oil, Ethyl Macadamiate, Copernica Cerifera (Carnauba) Wax, C9-12 Alkane, Titanium Dioxide (CI 77891), Mica, Caprylyl Glycol, Persea Grattissima (Avocado) Oil, Argania Spinosa (Argan) Kernel Oil, Mentha Piperita (Peppermint) Oil, Rubus Fruticosus (Blackberry) Seed Oil, Undaria Pinnatifida Extract, sr-Hydrozoan Polypeptide-1, Ethylene\/Propylene\/Styrene Copolymer, Glyceryl Laurate, Glyceryl Undecylenate, Flavor, Tocopherol (Vitamin E), Iron Oxides (CI 77491, CI 77499), Caprylic\/Capric Triglyceride, Butylene\/Ethylene\/Styrene Copolymer, Pentaerythrityl Tetra-di-t-butyl Hydroxyhydrocinnamate, Potassium Sorbate<\/h5>\n<h5>Sandstone Belle &#8211; Diisostearyl Malate, Bis-Diglyceryl Polyacyladipate-2, Synthetic Beeswax, Simmondsia Chinensis (Jojoba) Seed Oil, Ethyl Macadamiate, Copernica Cerifera (Carnauba) Wax, C9-12 Alkane, Mica, Caprylyl Glycol, Persea Grattissima (Avocado) Oil, Argania Spinosa (Argan) Kernel Oil, Titanium Dioxide (CI 77891), Mentha Piperita (Peppermint) Oil, Rubus Fruticosus (Blackberry) Seed Oil, Undaria Pinnatifida Extract, sr-Hydrozoan Polypeptide-1, Iron Oxides (CI77491), Ethylene\/Propylene\/Styrene Copolymer, Glyceryl Laurate, Glyceryl Undecylenate, Flavor, Tocopherol (Vitamin E), Caprylic\/Capric Triglyceride, Butylene\/Ethylene\/Styrene Copolymer, Pentaerythrityl Tetra-di-t-butyl Hydroxyhydrocinnamate, Potassium Sorbate<\/h5>","protected":false},"excerpt":{"rendered":"<h5 class=\"p1\">Unos labios besables comienzan con nuestro Brillo de Labios Sedoso, una deliciosa fusi\u00f3n de ciencia y lujo para sus labios. Nuestro Brillo de Labios tiene una textura aterciopelada que, con un uso diario constante durante s\u00f3lo 2 semanas, act\u00faa m\u00e1gicamente para realzar y aumentar el volumen de los labios. Su f\u00f3rmula cremosa y no pegajosa, con un delicioso sabor a vainilla y menta, no s\u00f3lo hidrata, sino que tambi\u00e9n proporciona una sensaci\u00f3n de lujo.  Con una infusi\u00f3n del tr\u00edo nutritivo de aceite de semilla de mora, aceite de arg\u00e1n y aceite de jojoba, este brillo de labios no s\u00f3lo proporciona hidrataci\u00f3n, sino tambi\u00e9n protecci\u00f3n medioambiental y una dosis de antioxidantes.<\/h5>\n<h5 class=\"p1\"><img decoding=\"async\" class=\"alignnone size-full wp-image-1790\" src=\"https:\/\/belleandcapri.com\/wp-content\/uploads\/2022\/10\/Features-pink-line.jpg\" alt=\"\" width=\"1600\" height=\"134\" \/>- B\u00e1lsamo labial sedoso y no pegajoso<br \/>\n- Suaviza e hidrata los labios secos<br \/>\n- Ayuda a conseguir unos labios m\u00e1s carnosos<\/h5>\n<h5><img decoding=\"async\" class=\"alignnone size-full wp-image-1792\" src=\"https:\/\/belleandcapri.com\/wp-content\/uploads\/2022\/10\/Key-Acitves-pink-line.jpg\" alt=\"\" width=\"1600\" height=\"120\" \/><br \/>\n- Col\u00e1geno vegano<br \/>\n- Aceite de semilla de mora<br \/>\n- Wakame<\/h5>\n<p><img loading=\"lazy\" decoding=\"async\" class=\"alignnone size-full wp-image-1791\" src=\"https:\/\/belleandcapri.com\/wp-content\/uploads\/2022\/10\/How-to-benefit-pink-line.jpg\" alt=\"\" width=\"1600\" height=\"105\" \/><\/p>\n<h5>Aplicar directamente sobre los labios con el aplicador a lo largo del d\u00eda, seg\u00fan se desee.<\/h5>","protected":false},"featured_media":93231,"template":"","meta":{"footnotes":""},"product_brand":[],"product_cat":[821,80,835,407,382,383,386],"product_tag":[111,241,137,187,152,140,113],"class_list":{"0":"post-69336","1":"product","2":"type-product","3":"status-publish","4":"has-post-thumbnail","6":"product_cat-beauty","7":"product_cat-beauty-health-supplements","8":"product_cat-bundles","9":"product_cat-gift-giving","10":"product_cat-health","11":"product_cat-personal-care","12":"product_cat-skin-care","13":"product_tag-care","14":"product_tag-cosmetics","15":"product_tag-essentials","16":"product_tag-gluten-free","17":"product_tag-moisturizer","18":"product_tag-skin-care","19":"product_tag-vegan","20":"product_shipping_class-shipping-class-1","21":"has-subscription-plans","23":"first","24":"instock","25":"taxable","26":"shipping-taxable","27":"purchasable","28":"product-type-variable"},"bundled_by":[],"bundle_stock_status":"instock","bundle_stock_quantity":null,"bundle_virtual":false,"bundle_layout":"","bundle_add_to_cart_form_location":"","bundle_editable_in_cart":false,"bundle_sold_individually_context":"","bundle_item_grouping":"","bundle_min_size":"","bundle_max_size":"","bundle_price":[],"bundled_items":[],"bundle_sell_ids":[],"group_of_quantity":0,"min_quantity":0,"max_quantity":"","exclude_order_quantity_value_rules":"no","exclude_category_quantity_rules":"no","combine_variations":"no","_links":{"self":[{"href":"https:\/\/2024.shoply.com\/es\/wp-json\/wp\/v2\/product\/69336","targetHints":{"allow":["GET"]}}],"collection":[{"href":"https:\/\/2024.shoply.com\/es\/wp-json\/wp\/v2\/product"}],"about":[{"href":"https:\/\/2024.shoply.com\/es\/wp-json\/wp\/v2\/types\/product"}],"version-history":[{"count":1,"href":"https:\/\/2024.shoply.com\/es\/wp-json\/wp\/v2\/product\/69336\/revisions"}],"predecessor-version":[{"id":126177,"href":"https:\/\/2024.shoply.com\/es\/wp-json\/wp\/v2\/product\/69336\/revisions\/126177"}],"wp:featuredmedia":[{"embeddable":true,"href":"https:\/\/2024.shoply.com\/es\/wp-json\/wp\/v2\/media\/93231"}],"wp:attachment":[{"href":"https:\/\/2024.shoply.com\/es\/wp-json\/wp\/v2\/media?parent=69336"}],"wp:term":[{"taxonomy":"product_brand","embeddable":true,"href":"https:\/\/2024.shoply.com\/es\/wp-json\/wp\/v2\/product_brand?post=69336"},{"taxonomy":"product_cat","embeddable":true,"href":"https:\/\/2024.shoply.com\/es\/wp-json\/wp\/v2\/product_cat?post=69336"},{"taxonomy":"product_tag","embeddable":true,"href":"https:\/\/2024.shoply.com\/es\/wp-json\/wp\/v2\/product_tag?post=69336"}],"curies":[{"name":"wp","href":"https:\/\/api.w.org\/{rel}","templated":true}]}}