{"id":74387,"date":"2025-01-28T11:38:43","date_gmt":"2025-01-28T16:38:43","guid":{"rendered":"https:\/\/shoply.com\/?post_type=product&#038;p=74387"},"modified":"2025-02-07T15:18:24","modified_gmt":"2025-02-07T20:18:24","slug":"purple-caps-xtreme","status":"publish","type":"product","link":"https:\/\/2024.shoply.com\/es\/producto\/purple-caps-xtreme\/","title":{"rendered":"Purple Caps Xtreme"},"content":{"rendered":"<p>Nuestra salud depende en gran medida de lo fuerte que sea nuestro sistema. Purple Caps Xtreme\u2122 con Wellmune\u2122 junto con cofactores nutricionales clave ofrecen la m\u00e1xima protecci\u00f3n y apoyo, la clave #1 para la salud y la vitalidad.<\/p>","protected":false},"excerpt":{"rendered":"<p>Purple Caps Xtreme combina vitaminas esenciales como la A, B y D junto con ingredientes naturales como la U\u00f1a de Gato para ayudar a restaurar y mejorar su bienestar. Purple Caps Xtreme\u2122 est\u00e1n formuladas para apoyar el sistema del cuerpo. La mejora de la energ\u00eda, la vitalidad y la salud son algunos de los beneficios m\u00e1s comunes. Cofactores, probi\u00f3ticos esenciales e ingredientes totalmente naturales se suministran en una c\u00e1psula de base vegetal. Para ayudar a promover la salud celular m\u00e1xima, se ha incluido el extracto de baya de maqui para obtener beneficios antioxidantes significativos que pueden proteger nuestras c\u00e9lulas.<\/p>\n<p class=\"p1\"><span class=\"s1\">- Incluye una mezcla sin\u00e9rgica de probi\u00f3ticos que favorecen la digesti\u00f3n<\/span><\/p>\n<p class=\"p1\"><span class=\"s1\">- Aporta potentes antioxidantes<\/span><\/p>\n<p class=\"p1\"><span class=\"s1\">- Puede promover la energ\u00eda, sin cafe\u00edna<\/span><\/p>\n<p class=\"p1\"><span class=\"s1\">- Puede promover la energ\u00eda, sin cafe\u00edna<\/span><\/p>\n<p class=\"p1\"><span class=\"s1\">- Puede contribuir al crecimiento muscular y a la recuperaci\u00f3n tras el esfuerzo f\u00edsico (ejercicio)<\/span><\/p>\n<p class=\"p1\"><span class=\"s1\">- Puede ayudar a la producci\u00f3n y absorci\u00f3n de nutrientes<\/span><\/p>\n<p class=\"p1\"><span class=\"s1\">- Puede Favorece la producci\u00f3n de col\u00e1geno y la salud de la piel<\/span><\/p>\n<p class=\"p1\"><span class=\"s1\">- Apto para vegetarianos<\/span><\/p>\n<p>&nbsp;<\/p>","protected":false},"featured_media":74389,"template":"","meta":{"footnotes":""},"product_brand":[],"product_cat":[80],"product_tag":[],"class_list":{"0":"post-74387","1":"product","2":"type-product","3":"status-publish","4":"has-post-thumbnail","6":"product_cat-beauty-health-supplements","7":"product_shipping_class-shipping-class-1","9":"first","10":"instock","11":"taxable","12":"shipping-taxable","13":"purchasable","14":"product-type-simple"},"bundled_by":[],"bundle_stock_status":"instock","bundle_stock_quantity":null,"bundle_virtual":false,"bundle_layout":"","bundle_add_to_cart_form_location":"","bundle_editable_in_cart":false,"bundle_sold_individually_context":"","bundle_item_grouping":"","bundle_min_size":"","bundle_max_size":"","bundle_price":[],"bundled_items":[],"bundle_sell_ids":[],"group_of_quantity":0,"min_quantity":0,"max_quantity":"","exclude_order_quantity_value_rules":"no","exclude_category_quantity_rules":"no","combine_variations":"no","_links":{"self":[{"href":"https:\/\/2024.shoply.com\/es\/wp-json\/wp\/v2\/product\/74387","targetHints":{"allow":["GET"]}}],"collection":[{"href":"https:\/\/2024.shoply.com\/es\/wp-json\/wp\/v2\/product"}],"about":[{"href":"https:\/\/2024.shoply.com\/es\/wp-json\/wp\/v2\/types\/product"}],"version-history":[{"count":2,"href":"https:\/\/2024.shoply.com\/es\/wp-json\/wp\/v2\/product\/74387\/revisions"}],"predecessor-version":[{"id":139436,"href":"https:\/\/2024.shoply.com\/es\/wp-json\/wp\/v2\/product\/74387\/revisions\/139436"}],"wp:featuredmedia":[{"embeddable":true,"href":"https:\/\/2024.shoply.com\/es\/wp-json\/wp\/v2\/media\/74389"}],"wp:attachment":[{"href":"https:\/\/2024.shoply.com\/es\/wp-json\/wp\/v2\/media?parent=74387"}],"wp:term":[{"taxonomy":"product_brand","embeddable":true,"href":"https:\/\/2024.shoply.com\/es\/wp-json\/wp\/v2\/product_brand?post=74387"},{"taxonomy":"product_cat","embeddable":true,"href":"https:\/\/2024.shoply.com\/es\/wp-json\/wp\/v2\/product_cat?post=74387"},{"taxonomy":"product_tag","embeddable":true,"href":"https:\/\/2024.shoply.com\/es\/wp-json\/wp\/v2\/product_tag?post=74387"}],"curies":[{"name":"wp","href":"https:\/\/api.w.org\/{rel}","templated":true}]}}