{"id":75463,"date":"2024-10-10T12:44:31","date_gmt":"2024-10-10T17:44:31","guid":{"rendered":"https:\/\/shoply.com\/?post_type=product&#038;p=75463"},"modified":"2025-03-01T09:59:10","modified_gmt":"2025-03-01T14:59:10","slug":"prodovite-plus","status":"publish","type":"product","link":"https:\/\/2024.shoply.com\/es\/producto\/prodovite-plus\/","title":{"rendered":"Prodovite Plus"},"content":{"rendered":"<p><strong><span class=\"TextRun MacChromeBold SCXW141770470 BCX0\" lang=\"EN-US\" xml:lang=\"EN-US\"><span class=\"NormalTextRun SCXW141770470 BCX0\">Prodovita+<\/span><\/span><\/strong><span class=\"TextRun SCXW141770470 BCX0\" lang=\"EN-US\" xml:lang=\"EN-US\"><span class=\"NormalTextRun SCXW141770470 BCX0\"> es una versi\u00f3n avanzada en polvo del innovador complejo multinutriente de VNI, dise\u00f1ado para apoyar la salud general, la vitalidad y el bienestar. Mejorado con extracto de ar\u00e1ndano, <strong>Prodovita+<\/strong> ofrece una protecci\u00f3n antioxidante superior, por lo que es ideal para las personas que buscan mejorar su salud inmunol\u00f3gica, sus niveles de energ\u00eda y su funci\u00f3n cognitiva. Utilizando la tecnolog\u00eda patentada de VNI <\/span><strong><span class=\"NormalTextRun SCXW141770470 BCX0\">Prodosoma<\/span><\/strong><span class=\"NormalTextRun SCXW141770470 BCX0\"><strong>\u00ae<\/strong> tecnolog\u00eda de administraci\u00f3n de nutrientes, <strong>Prodovita+<\/strong> garantiza una absorci\u00f3n r\u00e1pida y completa para una eficacia m\u00e1xima.<\/span><\/span><span class=\"EOP SCXW141770470 BCX0\">\u00a0<\/span><\/p>\n<p><b>Beneficios para la salud<\/b><\/p>\n<ul>\n<li><b>Mayor protecci\u00f3n antioxidante<\/b>: La adici\u00f3n de extracto de ar\u00e1ndano ofrece una mayor protecci\u00f3n contra el estr\u00e9s oxidativo, favoreciendo la salud celular y ayudando a prevenir los da\u00f1os causados por los radicales libres.<\/li>\n<\/ul>\n<ul>\n<li><b>Apoyo al sistema inmunitario<\/b>: Con una combinaci\u00f3n de vitaminas, minerales y fitonutrientes, Prodovite+ refuerza el sistema inmunitario, ayudando a prevenir enfermedades y a mejorar la salud en general.<\/li>\n<\/ul>\n<ul>\n<li><b>Mayor energ\u00eda y vitalidad<\/b>: El complejo multinutriente asegura una energ\u00eda sostenida durante todo el d\u00eda, favoreciendo la claridad cognitiva y reduciendo la sensaci\u00f3n de fatiga.<\/li>\n<\/ul>\n<ul>\n<li><b>Salud cardiovascular y cognitiva<\/b>: El extracto de ar\u00e1ndano y otros antioxidantes favorecen la salud del coraz\u00f3n, mejoran el flujo sangu\u00edneo y potencian la funci\u00f3n cerebral, por lo que Prodovite+ es ideal para quienes desean mantener la agudeza mental y el bienestar cardiovascular.<\/li>\n<\/ul>\n<ul>\n<li><b>Apoyo nutricional integral<\/b>: Contin\u00faa proporcionando los amplios beneficios de la formulaci\u00f3n original de Prodovite, favoreciendo la salud cardiovascular, la funci\u00f3n inmunitaria y mucho m\u00e1s.<\/li>\n<\/ul>\n<ul>\n<li><b>Mayor claridad mental y concentraci\u00f3n<\/b>: Se sabe que los antioxidantes de los ar\u00e1ndanos benefician la salud del cerebro, mejorando potencialmente la memoria y las funciones cognitivas.<\/li>\n<\/ul>\n<p><b>\u00bfQui\u00e9n puede beneficiarse?<\/b><\/p>\n<p>Prodovite+ es ideal para:<\/p>\n<ul>\n<li>Personas que buscan un suplemento multinutriente completo y f\u00e1cil de usar para favorecer la salud y la vitalidad en general.<\/li>\n<\/ul>\n<ul>\n<li>Quienes buscan una mayor protecci\u00f3n antioxidante, especialmente para la salud cardiovascular y cognitiva.<\/li>\n<\/ul>\n<ul>\n<li>Cualquier persona que necesite un suplemento conveniente para mejorar la energ\u00eda, la inmunidad y el bienestar general.<\/li>\n<li>Cualquier persona que se enfrente a niveles elevados de estr\u00e9s f\u00edsico o ambiental.<\/li>\n<\/ul>\n<p><b>Uso recomendado<\/b><\/p>\n<p>Mezcle un sobre monodosis de Prodovite+ con agua o su bebida favorita y t\u00f3melo con el est\u00f3mago vac\u00edo. Para obtener los mejores resultados, t\u00f3melo por la ma\u00f1ana para empezar el d\u00eda con energ\u00eda sostenida y una absorci\u00f3n \u00f3ptima de nutrientes.<\/p>\n<p><img fetchpriority=\"high\" decoding=\"async\" class=\"alignnone size-full wp-image-83683\" src=\"https:\/\/shoply.com\/wp-content\/uploads\/2024\/10\/Prodovite-Supplement-Facts.webp\" alt=\"\" width=\"612\" height=\"792\" srcset=\"https:\/\/2024.shoply.com\/wp-content\/uploads\/2024\/10\/Prodovite-Supplement-Facts.webp 612w, https:\/\/2024.shoply.com\/wp-content\/uploads\/2024\/10\/Prodovite-Supplement-Facts-232x300.webp 232w, https:\/\/2024.shoply.com\/wp-content\/uploads\/2024\/10\/Prodovite-Supplement-Facts-9x12.webp 9w, https:\/\/2024.shoply.com\/wp-content\/uploads\/2024\/10\/Prodovite-Supplement-Facts-150x194.webp 150w, https:\/\/2024.shoply.com\/wp-content\/uploads\/2024\/10\/Prodovite-Supplement-Facts-39x50.webp 39w\" sizes=\"(max-width: 612px) 100vw, 612px\" \/><\/p>\n<p><em>Estas afirmaciones no han sido evaluadas por la Food and Drug Administration. Este producto no est\u00e1 destinado a diagnosticar, tratar, curar o prevenir ninguna enfermedad.<\/em><\/p>","protected":false},"excerpt":{"rendered":"<h2><span class=\"headline ng-star-inserted\">VITALIDAD<\/span><\/h2>\n<div>\n<p><strong>Multivitam\u00ednico Bot\u00e1nico Mineral en Polvo + Antioxidante Superfruit Power<\/strong><br \/>\n<strong>TECNOLOG\u00cdA PRODOSOME<\/strong><br \/>\n(bolsa de 30 raciones)<\/p>\n<p><strong>Alimente sus c\u00e9lulas. Potencia tus sistemas. Impulsa tu vida.<\/strong><br \/>\nNutrici\u00f3n esencial para potenciar su rendimiento a nivel celular.<\/p>\n<p><strong>Bot\u00e1nico. Herbal. Potente. Biodisponible.<\/strong><\/p>\n<p style=\"font-weight: 400\">66 QV \/ 26 DB \/ 14 CV<\/p>\n<p><span style=\"font-weight: 400\">64 QV \/ 16 DB \/ 32 CV<\/span><\/p>\n<\/div>","protected":false},"featured_media":76225,"template":"","meta":{"footnotes":""},"product_brand":[],"product_cat":[80],"product_tag":[132,175,240,278,115],"class_list":{"0":"post-75463","1":"product","2":"type-product","3":"status-publish","4":"has-post-thumbnail","6":"product_cat-beauty-health-supplements","7":"product_tag-antioxidants","8":"product_tag-cognition","9":"product_tag-core-nutrition","10":"product_tag-health","11":"product_tag-supplement","12":"product_shipping_class-shipping-class-1","13":"has-subscription-plans","15":"first","16":"instock","17":"sale","18":"taxable","19":"shipping-taxable","20":"purchasable","21":"product-type-simple"},"bundled_by":["75471","120228","120242"],"bundle_stock_status":"instock","bundle_stock_quantity":944,"bundle_virtual":false,"bundle_layout":"","bundle_add_to_cart_form_location":"","bundle_editable_in_cart":false,"bundle_sold_individually_context":"","bundle_item_grouping":"","bundle_min_size":"","bundle_max_size":"","bundle_price":[],"bundled_items":[],"bundle_sell_ids":[],"group_of_quantity":0,"min_quantity":0,"max_quantity":"","exclude_order_quantity_value_rules":"no","exclude_category_quantity_rules":"no","combine_variations":"no","_links":{"self":[{"href":"https:\/\/2024.shoply.com\/es\/wp-json\/wp\/v2\/product\/75463","targetHints":{"allow":["GET"]}}],"collection":[{"href":"https:\/\/2024.shoply.com\/es\/wp-json\/wp\/v2\/product"}],"about":[{"href":"https:\/\/2024.shoply.com\/es\/wp-json\/wp\/v2\/types\/product"}],"version-history":[{"count":3,"href":"https:\/\/2024.shoply.com\/es\/wp-json\/wp\/v2\/product\/75463\/revisions"}],"predecessor-version":[{"id":140619,"href":"https:\/\/2024.shoply.com\/es\/wp-json\/wp\/v2\/product\/75463\/revisions\/140619"}],"wp:featuredmedia":[{"embeddable":true,"href":"https:\/\/2024.shoply.com\/es\/wp-json\/wp\/v2\/media\/76225"}],"wp:attachment":[{"href":"https:\/\/2024.shoply.com\/es\/wp-json\/wp\/v2\/media?parent=75463"}],"wp:term":[{"taxonomy":"product_brand","embeddable":true,"href":"https:\/\/2024.shoply.com\/es\/wp-json\/wp\/v2\/product_brand?post=75463"},{"taxonomy":"product_cat","embeddable":true,"href":"https:\/\/2024.shoply.com\/es\/wp-json\/wp\/v2\/product_cat?post=75463"},{"taxonomy":"product_tag","embeddable":true,"href":"https:\/\/2024.shoply.com\/es\/wp-json\/wp\/v2\/product_tag?post=75463"}],"curies":[{"name":"wp","href":"https:\/\/api.w.org\/{rel}","templated":true}]}}