{"id":76014,"date":"2024-10-10T22:30:58","date_gmt":"2024-10-11T03:30:58","guid":{"rendered":"https:\/\/shoply.com\/?post_type=product&#038;p=76014"},"modified":"2025-02-20T19:48:15","modified_gmt":"2025-02-21T00:48:15","slug":"manifest-male-enhancement-testosterone-support","status":"publish","type":"product","link":"https:\/\/2024.shoply.com\/es\/producto\/manifest-male-enhancement-testosterone-support\/","title":{"rendered":"Manifiesto: Mejora Masculina y Apoyo a la Testosterona"},"content":{"rendered":"<div>Desata tu poder primario con esta potente mezcla de ingredientes naturales dise\u00f1ada para encender tu pasi\u00f3n y elevar tu rendimiento:<\/div>\n<div><strong>\u00a0<\/strong><\/div>\n<div><strong>Ingredientes clave<\/strong><\/div>\n<div><\/div>\n<ul>\n<li><strong>Ra\u00edz de Tongkat Ali<\/strong>: Conocida como \"la Viagra de la naturaleza\", esta hierba milenaria puede aumentar los niveles de testosterona y mejorar la libido[2]. Los estudios sugieren que puede mejorar significativamente la funci\u00f3n er\u00e9ctil y la satisfacci\u00f3n sexual[1].<\/li>\n<li><strong>Ra\u00edz de Maca<\/strong>: Este superalimento peruano es famoso por aumentar el deseo sexual y la resistencia[2]. Tambi\u00e9n puede ayudar a combatir la p\u00e9rdida de libido causada por ciertos medicamentos[1].<\/li>\n<li><strong>L-Arginina HCL<\/strong>: Este amino\u00e1cido es un precursor del \u00f3xido n\u00edtrico, que dilata los vasos sangu\u00edneos para mejorar la circulaci\u00f3n, algo crucial para conseguir y mantener la erecci\u00f3n[4].<\/li>\n<li><strong>Mezcla de ginseng<\/strong>: Se ha demostrado que el Panax ginseng mejora la funci\u00f3n er\u00e9ctil y la excitaci\u00f3n sexual[2]. Tambi\u00e9n puede aumentar la producci\u00f3n de \u00f3xido n\u00edtrico para mejorar el flujo sangu\u00edneo[2].<\/li>\n<\/ul>\n<p><strong>Mezcla de rendimiento patentada\u00a0<\/strong><\/p>\n<ul>\n<li><strong>Tribulus Terrestris:<\/strong> Puede aumentar los niveles de testosterona y mejorar el rendimiento sexual[1][2].<\/li>\n<li><strong>Extracto de ostra<\/strong>: Rico en zinc, esencial para la producci\u00f3n de testosterona y la salud del esperma[1].<\/li>\n<li><strong>Extracto de calabaza:<\/strong> Contiene nutrientes que favorecen la salud de la pr\u00f3stata y la funci\u00f3n urinaria.<\/li>\n<li><strong>Muira Puama:<\/strong> Afrodis\u00edaco tradicional amaz\u00f3nico que puede aumentar la libido y la funci\u00f3n er\u00e9ctil[3].<\/li>\n<\/ul>\n<div><\/div>\n<div>Nuestra f\u00f3rmula cuidadosamente elaborada tambi\u00e9n incluye<strong> Zinc, Boro,<\/strong> y otros potentes ingredientes bot\u00e1nicos para favorecer la vitalidad masculina en general. Experimente un vigor renovado, una resistencia mejorada y un rendimiento sexual m\u00e1ximo con esta mezcla completa de los potenciadores masculinos m\u00e1s potentes de la naturaleza.<\/div>\n<div><\/div>\n<div>No te conformes con menos de lo mejor. Reclama tu poder masculino y reaviva tu pasi\u00f3n hoy mismo.<\/div>\n<div><\/div>\n<p><strong>Importe:\u00a0<\/strong>60 comprimidos<\/p>\n<p><strong>Uso recomendado:\u00a0<\/strong>Como suplemento diet\u00e9tico, tomar dos (2) comprimidos una vez al d\u00eda. Para obtener los mejores resultados, tomar 20-30 minutos antes de una comida con un vaso de agua de 8 oz. o como lo indique su profesional de la salud.<\/p>\n<p><strong>Precauci\u00f3n:\u00a0<\/strong>No exceda la dosis recomendada. Las mujeres embarazadas o en per\u00edodo de lactancia, los ni\u00f1os menores de 18 a\u00f1os y las personas con problemas m\u00e9dicos conocidos deben consultar a un m\u00e9dico antes de tomar este o cualquier otro suplemento diet\u00e9tico.<strong>.<\/strong><\/p>\n<p><strong>Advertencia:<\/strong> Mantener fuera del alcance de los ni\u00f1os. No utilizar si el precinto de seguridad est\u00e1 da\u00f1ado o falta. Conservar en lugar fresco y seco.<\/p>\n<p>La Food and Drug Administration no ha evaluado estas afirmaciones. Este producto no est\u00e1 destinado a diagnosticar, tratar, curar o prevenir ninguna enfermedad.<\/p>","protected":false},"excerpt":{"rendered":"<p>D\u00e9 rienda suelta a su poder primitivo con esta potente mezcla de ingredientes naturales dise\u00f1ada para encender su pasi\u00f3n y elevar su rendimiento: Esta completa f\u00f3rmula combina hierbas y nutrientes de eficacia probada para favorecer la vitalidad masculina:<\/p>\n<ul class=\"marker:text-textOff list-disc pl-8\">\n<li>Ra\u00edz de Tongkat Ali: Puede potenciar la testosterona y aumentar la libido<\/li>\n<li>Ra\u00edz de Maca: Aumenta el deseo sexual y la resistencia<\/li>\n<li>L-Arginina: Mejora el flujo sangu\u00edneo para una mejor erecci\u00f3n<\/li>\n<li>Mezcla de ginseng: Mejora la funci\u00f3n er\u00e9ctil y la excitaci\u00f3n.<\/li>\n<li>Mezcla de alto rendimiento: Tribulus, Extracto de Ostra, Semilla de Calabaza y Muira Puama<\/li>\n<\/ul>\n<p>Tambi\u00e9n incluye Zinc, Boro y otros ingredientes bot\u00e1nicos para la salud masculina en general. Experimente un vigor renovado, una resistencia mejorada y un rendimiento sexual m\u00e1ximo. Recupere su poder masculino y reavive su pasi\u00f3n hoy mismo.<\/p>","protected":false},"featured_media":76030,"template":"","meta":{"footnotes":""},"product_brand":[],"product_cat":[80,738],"product_tag":[149,151],"class_list":{"0":"post-76014","1":"product","2":"type-product","3":"status-publish","4":"has-post-thumbnail","6":"product_cat-beauty-health-supplements","7":"product_cat-nutritional-supplements","8":"product_tag-anti-aging","9":"product_tag-energy","10":"product_shipping_class-shipping-class-1","11":"has-subscription-plans","13":"first","14":"instock","15":"sale","16":"taxable","17":"shipping-taxable","18":"purchasable","19":"product-type-simple"},"bundled_by":[],"bundle_stock_status":"instock","bundle_stock_quantity":null,"bundle_virtual":false,"bundle_layout":"","bundle_add_to_cart_form_location":"","bundle_editable_in_cart":false,"bundle_sold_individually_context":"","bundle_item_grouping":"","bundle_min_size":"","bundle_max_size":"","bundle_price":[],"bundled_items":[],"bundle_sell_ids":[],"group_of_quantity":0,"min_quantity":0,"max_quantity":"","exclude_order_quantity_value_rules":"no","exclude_category_quantity_rules":"no","combine_variations":"no","_links":{"self":[{"href":"https:\/\/2024.shoply.com\/es\/wp-json\/wp\/v2\/product\/76014","targetHints":{"allow":["GET"]}}],"collection":[{"href":"https:\/\/2024.shoply.com\/es\/wp-json\/wp\/v2\/product"}],"about":[{"href":"https:\/\/2024.shoply.com\/es\/wp-json\/wp\/v2\/types\/product"}],"version-history":[{"count":2,"href":"https:\/\/2024.shoply.com\/es\/wp-json\/wp\/v2\/product\/76014\/revisions"}],"predecessor-version":[{"id":139179,"href":"https:\/\/2024.shoply.com\/es\/wp-json\/wp\/v2\/product\/76014\/revisions\/139179"}],"wp:featuredmedia":[{"embeddable":true,"href":"https:\/\/2024.shoply.com\/es\/wp-json\/wp\/v2\/media\/76030"}],"wp:attachment":[{"href":"https:\/\/2024.shoply.com\/es\/wp-json\/wp\/v2\/media?parent=76014"}],"wp:term":[{"taxonomy":"product_brand","embeddable":true,"href":"https:\/\/2024.shoply.com\/es\/wp-json\/wp\/v2\/product_brand?post=76014"},{"taxonomy":"product_cat","embeddable":true,"href":"https:\/\/2024.shoply.com\/es\/wp-json\/wp\/v2\/product_cat?post=76014"},{"taxonomy":"product_tag","embeddable":true,"href":"https:\/\/2024.shoply.com\/es\/wp-json\/wp\/v2\/product_tag?post=76014"}],"curies":[{"name":"wp","href":"https:\/\/api.w.org\/{rel}","templated":true}]}}