{"id":76839,"date":"2024-10-13T09:03:29","date_gmt":"2024-10-13T14:03:29","guid":{"rendered":"https:\/\/shoply.com\/product\/instagram-for-social-sellers-2\/"},"modified":"2025-03-09T19:20:31","modified_gmt":"2025-03-10T00:20:31","slug":"instagram-for-social-sellers","status":"publish","type":"product","link":"https:\/\/2024.shoply.com\/es\/producto\/instagram-for-social-sellers\/","title":{"rendered":"Instagram | para vendedores sociales"},"content":{"rendered":"<p><iframe title=\"Overview: Instagram for Social Sellers with Lori Ervin\" width=\"500\" height=\"281\" src=\"https:\/\/www.youtube.com\/embed\/s77SrVD8c-U?feature=oembed\" frameborder=\"0\" allow=\"accelerometer; autoplay; clipboard-write; encrypted-media; gyroscope; picture-in-picture; web-share\" referrerpolicy=\"strict-origin-when-cross-origin\" allowfullscreen><\/iframe><\/p>\n<h3><\/h3>\n<h3><span style=\"color: #d2a399\">A course designed to teach you everything you need to know to grow a customer base, and use Instagram for your social selling business.<\/span><\/h3>\n<p>&nbsp;<\/p>\n<p>Listen, here&#8217;s what you need to know!<\/p>\n<p>&nbsp;<\/p>\n<p>Instagram has massive massive amounts of potential and it can do incredible things for your business.<\/p>\n<p>&nbsp;<\/p>\n<p>But! You aren&#8217;t going to grow Instagram in the same way as anyone else would, if you are in the Network Marketing industry.<\/p>\n<p>&nbsp;<\/p>\n<p>It&#8217;s not entirely different, the mechanics are still the same of course &#8211; but, we are going to tweak some of the strategies and I will teach you how to intentionally grow your account with your business in mind.<\/p>\n<p>&nbsp;<\/p>\n<p>And above all else &#8211; be MORE than just your products.<\/p>\n<p>But also drive people to your products.<\/p>\n<p>&nbsp;<\/p>\n<p>Complicated,\u00a0<em>right?<\/em><\/p>\n<p>&nbsp;<\/p>\n<p>No, not really. I am going to break it down for you and make it very simple. I promise.<\/p>\n<p>&nbsp;<\/p>\n<p><strong>Here&#8217;s what you will find inside this course:<\/strong><\/p>\n<p>&nbsp;<\/p>\n<h3><span style=\"color: #d2a399\">Module 1 &#8211; Getting Started on Instagram<\/span><\/h3>\n<ul>\n<li>Definir su marca<\/li>\n<li>TU estrategia para Instagram<\/li>\n<li>Su perfil<\/li>\n<li>Su cuadr\u00edcula<\/li>\n<li>Sus historias<\/li>\n<\/ul>\n<h3><\/h3>\n<h3><span style=\"color: #d2a399\">Module 2 &#8211; Next Steps<\/span><\/h3>\n<ul>\n<li>Lo m\u00e1s destacado<\/li>\n<li>Tipos de contenidos<\/li>\n<li>Primeros pasos con los carretes<\/li>\n<\/ul>\n<p>&nbsp;<\/p>\n<h3><span style=\"color: #d2a399\">Module 3 &#8211; Growing Your Account<\/span><\/h3>\n<ul>\n<li>Su estrategia de crecimiento<\/li>\n<\/ul>\n<p>&nbsp;<\/p>\n<p>There are also detailed workbooks attached to each module, that you will love.<\/p>","protected":false},"excerpt":{"rendered":"<p>https:\/\/youtu.be\/s77SrVD8c-U<\/p>\n<h3><\/h3>\n<p>Un curso dise\u00f1ado para ense\u00f1arte todo lo que necesitas saber para hacer crecer una base de clientes, publicar contenido incre\u00edble y utilizar Instagram para tu negocio de venta social.<\/p>\n<p>&nbsp;<\/p>\n<p>Scroll down for more details! I cannot wait to go on this journey with you!<\/p>\n<p>&nbsp;<\/p>","protected":false},"featured_media":141077,"template":"","meta":{"footnotes":""},"product_brand":[],"product_cat":[87],"product_tag":[],"class_list":{"0":"post-76839","1":"product","2":"type-product","3":"status-publish","4":"has-post-thumbnail","6":"product_cat-elearning","8":"first","9":"instock","10":"sale","11":"virtual","12":"sold-individually","13":"taxable","14":"purchasable","15":"product-type-simple"},"bundled_by":[],"bundle_stock_status":"instock","bundle_stock_quantity":null,"bundle_virtual":false,"bundle_layout":"","bundle_add_to_cart_form_location":"","bundle_editable_in_cart":false,"bundle_sold_individually_context":"","bundle_item_grouping":"","bundle_min_size":"","bundle_max_size":"","bundle_price":[],"bundled_items":[],"bundle_sell_ids":[],"group_of_quantity":0,"min_quantity":0,"max_quantity":"","exclude_order_quantity_value_rules":"no","exclude_category_quantity_rules":"no","combine_variations":"no","_links":{"self":[{"href":"https:\/\/2024.shoply.com\/es\/wp-json\/wp\/v2\/product\/76839","targetHints":{"allow":["GET"]}}],"collection":[{"href":"https:\/\/2024.shoply.com\/es\/wp-json\/wp\/v2\/product"}],"about":[{"href":"https:\/\/2024.shoply.com\/es\/wp-json\/wp\/v2\/types\/product"}],"version-history":[{"count":2,"href":"https:\/\/2024.shoply.com\/es\/wp-json\/wp\/v2\/product\/76839\/revisions"}],"predecessor-version":[{"id":147872,"href":"https:\/\/2024.shoply.com\/es\/wp-json\/wp\/v2\/product\/76839\/revisions\/147872"}],"wp:featuredmedia":[{"embeddable":true,"href":"https:\/\/2024.shoply.com\/es\/wp-json\/wp\/v2\/media\/141077"}],"wp:attachment":[{"href":"https:\/\/2024.shoply.com\/es\/wp-json\/wp\/v2\/media?parent=76839"}],"wp:term":[{"taxonomy":"product_brand","embeddable":true,"href":"https:\/\/2024.shoply.com\/es\/wp-json\/wp\/v2\/product_brand?post=76839"},{"taxonomy":"product_cat","embeddable":true,"href":"https:\/\/2024.shoply.com\/es\/wp-json\/wp\/v2\/product_cat?post=76839"},{"taxonomy":"product_tag","embeddable":true,"href":"https:\/\/2024.shoply.com\/es\/wp-json\/wp\/v2\/product_tag?post=76839"}],"curies":[{"name":"wp","href":"https:\/\/api.w.org\/{rel}","templated":true}]}}